{"id":1401,"date":"2025-04-03T03:45:53","date_gmt":"2025-04-03T03:45:53","guid":{"rendered":"https:\/\/www.rhimopower.com\/about-us\/"},"modified":"2026-04-01T08:11:44","modified_gmt":"2026-04-01T08:11:44","slug":"about-us","status":"publish","type":"page","link":"https:\/\/www.rhimopower.com\/es\/about-us\/","title":{"rendered":"Acerca de"},"content":{"rendered":"<div class=\"wp-block-uagb-container uagb-block-4c3875af alignfull uagb-is-root-container\"><div class=\"uagb-container-inner-blocks-wrap\">\n<div class=\"wp-block-uagb-advanced-heading uagb-block-36237826\"><h1 class=\"uagb-heading-text\">Acerca de Rhimo Power<\/h1><\/div>\n\n\n\n<p class=\"has-text-align-center has-ast-global-color-5-color has-text-color has-link-color wp-elements-870b95158928ffc523a0100daff132a2\">Fabricante l\u00edder de sistemas de alimentaci\u00f3n ininterrumpida (SAI) en China. Soluciones de alimentaci\u00f3n ininterrumpida para cada necesidad.<\/p>\n<\/div><\/div>\n\n\n\n<div class=\"wp-block-uagb-container uagb-block-5cf03063 alignfull uagb-is-root-container\"><div class=\"uagb-container-inner-blocks-wrap\">\n<div class=\"wp-block-uagb-image alignleft uagb-block-6d75d68d wp-block-uagb-image--layout-default wp-block-uagb-image--effect-static wp-block-uagb-image--align-left\"><figure class=\"wp-block-uagb-image__figure\"><img decoding=\"async\" srcset=\"https:\/\/www.rhimopower.com\/wp-content\/uploads\/2025\/07\/company-door-min-1024x768.jpg ,https:\/\/www.rhimopower.com\/wp-content\/uploads\/2025\/07\/company-door-min.jpg 780w, https:\/\/www.rhimopower.com\/wp-content\/uploads\/2025\/07\/company-door-min.jpg 360w\" sizes=\"auto, (max-width: 480px) 150px\" src=\"https:\/\/www.rhimopower.com\/wp-content\/uploads\/2025\/07\/company-door-min-1024x768.jpg\" alt=\"Puerta principal de la f\u00e1brica de UPS\" class=\"uag-image-2233\" width=\"575\" height=\"480\" title=\"puerta de la empresa min\" loading=\"lazy\" role=\"img\"\/><\/figure><\/div>\n\n\n\n<div class=\"wp-block-uagb-container uagb-block-05150e62\">\n<div class=\"wp-block-uagb-advanced-heading uagb-block-b0bb1952\"><div class=\"uagb-heading-text\">Sobre nosotros<\/div><\/div>\n\n\n\n<div class=\"wp-block-uagb-advanced-heading uagb-block-a2b3848d\"><h2 class=\"uagb-heading-text\">Quienes somos<\/h2><p class=\"uagb-desc-text\"><strong>Shanghai Rhimo Power Technology Co., Ltd.<\/strong>, ubicado en Kangqiao Caohejing, Nuevo Distrito de Pudong, Shanghai, es un fabricante profesional de fuentes de alimentaci\u00f3n que se especializa en el desarrollo, producci\u00f3n, operaci\u00f3n y servicio de productos de suministro de energ\u00eda como sistemas de alimentaci\u00f3n ininterrumpida (UPS) y sistemas de alimentaci\u00f3n de emergencia (EPS).<br><br>Fundada en respuesta a una creciente necesidad de soluciones de suministro de energ\u00eda estable, nuestra empresa ha evolucionado para cumplir y superar los est\u00e1ndares de la industria con nuestro equipo dedicado y s\u00f3lidos procesos de fabricaci\u00f3n.<\/p><\/div>\n<\/div>\n<\/div><\/div>\n\n\n\n<div class=\"wp-block-uagb-container uagb-block-f8e142c7 alignfull uagb-is-root-container\"><div class=\"uagb-container-inner-blocks-wrap\">\n<div class=\"wp-block-uagb-container uagb-block-3eb72bb1\">\n<div class=\"wp-block-uagb-container uagb-block-bda03e75\">\n<div class=\"wp-block-uagb-advanced-heading uagb-block-0081cd1e\"><h3 class=\"uagb-heading-text\"><strong>base de producci\u00f3n y centro de I+D<\/strong><\/h3><\/div>\n\n\n\n<p>La base de producci\u00f3n de la empresa se encuentra en la hermosa ciudad de Nantong, provincia de Jiangsu, y el centro de I+D se encuentra en el distrito de Jiangning, Nanjing. Sus sistemas UPS de respaldo se utilizan ampliamente en diversas industrias, como la petroqu\u00edmica, el transporte ferroviario, la generaci\u00f3n de energ\u00eda, el almacenamiento de energ\u00eda y los centros de datos.<\/p>\n<\/div>\n<\/div>\n\n\n\n<div class=\"wp-block-uagb-container uagb-block-34123e88\">\n<div class=\"wp-block-uagb-slider uagb-block-e563fa0f uagb-slider-container\"><div class=\"uagb-slides uagb-swiper\"><div class=\"swiper-wrapper\">\n<div class=\"wp-block-uagb-slider-child uagb-slider-child-wrap swiper-slide uagb-block-f4c6b96e\"><div class=\"swiper-content\">\n<div class=\"wp-block-uagb-container uagb-block-cf96bb9d\"><\/div>\n<\/div><\/div>\n\n\n\n<div class=\"wp-block-uagb-slider-child uagb-slider-child-wrap swiper-slide uagb-block-7081a4e0 h-full\"><div class=\"swiper-content\">\n<div class=\"wp-block-uagb-container uagb-block-f780f420\"><\/div>\n<\/div><\/div>\n\n\n\n<div class=\"wp-block-uagb-slider-child uagb-slider-child-wrap swiper-slide uagb-block-1d6594cb\"><div class=\"swiper-content\">\n<div class=\"wp-block-uagb-container uagb-block-ed7a3503\"><\/div>\n<\/div><\/div>\n\n\n\n<div class=\"wp-block-uagb-slider-child uagb-slider-child-wrap swiper-slide uagb-block-cdefea7d\"><div class=\"swiper-content\">\n<div class=\"wp-block-uagb-container uagb-block-94720eba\"><\/div>\n<\/div><\/div>\n\n\n\n<div class=\"wp-block-uagb-slider-child uagb-slider-child-wrap swiper-slide uagb-block-bcae951f\"><div class=\"swiper-content\">\n<div class=\"wp-block-uagb-container uagb-block-c22af5dd\"><\/div>\n<\/div><\/div>\n\n\n\n<div class=\"wp-block-uagb-slider-child uagb-slider-child-wrap swiper-slide uagb-block-8c7d265d\"><div class=\"swiper-content\">\n<div class=\"wp-block-uagb-container uagb-block-723289f9\"><\/div>\n<\/div><\/div>\n\n\n\n<div class=\"wp-block-uagb-slider-child uagb-slider-child-wrap swiper-slide uagb-block-957b8338\"><div class=\"swiper-content\">\n<div class=\"wp-block-uagb-container uagb-block-5b0300ac\"><\/div>\n<\/div><\/div>\n\n\n\n<div class=\"wp-block-uagb-slider-child uagb-slider-child-wrap swiper-slide uagb-block-301eb37a\"><div class=\"swiper-content\">\n<div class=\"wp-block-uagb-container uagb-block-8b8754c7\"><\/div>\n<\/div><\/div>\n<\/div><\/div><div class=\"swiper-pagination\"><\/div><div class=\"swiper-button-prev\"><\/div><div class=\"swiper-button-next\"><\/div><\/div>\n<\/div>\n<\/div><\/div>\n\n\n\n<div class=\"wp-block-uagb-container uagb-block-15f1e8b2 alignfull uagb-is-root-container\"><div class=\"uagb-container-inner-blocks-wrap\"><\/div><\/div>\n\n\n\n<div class=\"wp-block-uagb-container uagb-block-edae5b83 alignfull uagb-is-root-container\"><div class=\"uagb-container-inner-blocks-wrap\">\n<h2 class=\"wp-block-heading has-text-align-center\"><strong>Valores fundamentales<\/strong><\/h2>\n\n\n\n<p>La empresa se adhiere a los valores fundamentales de &nbsp;<strong>\u201cLa estrategia lidera, la operaci\u00f3n tiene \u00e9xito, la gerencia se sostiene\u201d<\/strong>&nbsp;Proporciona un entorno de suministro el\u00e9ctrico confiable, estable, de alta calidad, seguro e ininterrumpido, que satisface las necesidades de los clientes y del p\u00fablico en general. Adem\u00e1s, ofrece a los usuarios una gama completa de productos y soluciones para salas de equipos de centros de datos.<\/p>\n\n\n\n<div class=\"wp-block-uagb-image aligncenter uagb-block-37f6c2f8 wp-block-uagb-image--layout-default wp-block-uagb-image--effect-static wp-block-uagb-image--align-center\"><figure class=\"wp-block-uagb-image__figure\"><img decoding=\"async\" srcset=\"https:\/\/www.rhimopower.com\/wp-content\/uploads\/2025\/07\/team-min-1024x576.jpg ,https:\/\/www.rhimopower.com\/wp-content\/uploads\/2025\/07\/team-min.jpg 780w, https:\/\/www.rhimopower.com\/wp-content\/uploads\/2025\/07\/team-min.jpg 360w\" sizes=\"auto, (max-width: 480px) 150px\" src=\"https:\/\/www.rhimopower.com\/wp-content\/uploads\/2025\/07\/team-min-1024x576.jpg\" alt=\"trabajo en equipo\" class=\"uag-image-2235\" width=\"1200\" height=\"430\" title=\"equipo-min\" loading=\"lazy\" role=\"img\"\/><\/figure><\/div>\n\n\n\n<div class=\"wp-block-uagb-container uagb-block-0f0fe2b0\">\n<div class=\"wp-block-uagb-advanced-heading uagb-block-a7766e3a\"><h3 class=\"uagb-heading-text\">Prioridad estrat\u00e9gica<\/h3><p class=\"uagb-desc-text\">Priorizamos la planificaci\u00f3n estrat\u00e9gica para alinear nuestros objetivos con las necesidades de los clientes y los avances de la industria, garantizando el \u00e9xito y la innovaci\u00f3n a largo plazo.<\/p><\/div>\n\n\n\n<div class=\"wp-block-uagb-advanced-heading uagb-block-b78816fa\"><h3 class=\"uagb-heading-text\">Excelencia operativa<\/h3><p class=\"uagb-desc-text\">Nuestra dedicaci\u00f3n a la excelencia operativa nos impulsa a optimizar procesos, mejorar la calidad del producto y mejorar la prestaci\u00f3n del servicio para la satisfacci\u00f3n del cliente.<\/p><\/div>\n\n\n\n<div class=\"wp-block-uagb-advanced-heading uagb-block-a5c64964\"><h3 class=\"uagb-heading-text\">La gesti\u00f3n como base<\/h3><p class=\"uagb-desc-text\">Creemos que las pr\u00e1cticas de gesti\u00f3n s\u00f3lidas crean un entorno estable que fomenta el crecimiento, la eficiencia y la responsabilidad en toda nuestra organizaci\u00f3n.<\/p><\/div>\n<\/div>\n<\/div><\/div>\n\n\n\n<div class=\"wp-block-uagb-container uagb-block-9caa1a47 alignfull uagb-is-root-container\"><div class=\"uagb-container-inner-blocks-wrap\">\n<div class=\"wp-block-uagb-advanced-heading uagb-block-1ed0e64e\"><div class=\"uagb-heading-text\">Cont\u00e1ctenos hoy<\/div><\/div>\n\n\n\n<div class=\"wp-block-uagb-advanced-heading uagb-block-3a57683f\"><h2 class=\"uagb-heading-text\">Impulse su negocio sin interrupciones<\/h2><\/div>\n\n\n\n<div class=\"wp-block-uagb-buttons uagb-buttons__outer-wrap uagb-btn__default-btn uagb-btn-tablet__default-btn uagb-btn-mobile__default-btn uagb-block-9979be0d\"><div class=\"uagb-buttons__wrap uagb-buttons-layout-wrap\">\n<div class=\"wp-block-uagb-buttons-child uagb-buttons__outer-wrap uagb-block-84fd34e5 wp-block-button\"><div class=\"uagb-button__wrapper\"><a class=\"uagb-buttons-repeater wp-block-button__link\" aria-label=\"\" href=\"\/es\/contact\/\" rel=\"follow noopener\" target=\"_self\" role=\"button\"><div class=\"uagb-button__link\">Cont\u00e1ctanos<\/div><\/a><\/div><\/div>\n<\/div><\/div>\n\n\n\n<div class=\"wp-block-uagb-advanced-heading uagb-block-838a0a13\"><div class=\"uagb-separator\"><\/div><p class=\"uagb-heading-text\">Proteja sus sistemas cr\u00edticos con soluciones UPS confiables, escalables e inteligentes. Ya sea que gestione un centro de datos, un hospital, una unidad de salud, una f\u00e1brica o una oficina, nuestros sistemas UPS est\u00e1n dise\u00f1ados para mantener sus operaciones en funcionamiento las 24 horas, los 7 d\u00edas de la semana.<\/p><\/div>\n<\/div><\/div>","protected":false},"excerpt":{"rendered":"<p>About Rhimo Power Leading china uninterruptible power supply, ups systems manufacturer, Uninterrupted Power Solutions for Every Need About Us Who [&hellip;]<\/p>\n","protected":false},"author":1,"featured_media":0,"parent":0,"menu_order":0,"comment_status":"closed","ping_status":"closed","template":"","meta":{"_acf_changed":false,"_uag_custom_page_level_css":"","site-sidebar-layout":"no-sidebar","site-content-layout":"plain-container","ast-site-content-layout":"full-width-container","site-content-style":"unboxed","site-sidebar-style":"unboxed","ast-global-header-display":"","ast-banner-title-visibility":"","ast-main-header-display":"","ast-hfb-above-header-display":"","ast-hfb-below-header-display":"","ast-hfb-mobile-header-display":"","site-post-title":"disabled","ast-breadcrumbs-content":"","ast-featured-img":"","footer-sml-layout":"","theme-transparent-header-meta":"","adv-header-id-meta":"","stick-header-meta":"","header-above-stick-meta":"","header-main-stick-meta":"","header-below-stick-meta":"","astra-migrate-meta-layouts":"set","ast-page-background-enabled":"default","ast-page-background-meta":{"desktop":{"background-color":"var(--ast-global-color-4)","background-image":"","background-repeat":"repeat","background-position":"center center","background-size":"auto","background-attachment":"scroll","background-type":"","background-media":"","overlay-type":"","overlay-color":"","overlay-opacity":"","overlay-gradient":""},"tablet":{"background-color":"","background-image":"","background-repeat":"repeat","background-position":"center center","background-size":"auto","background-attachment":"scroll","background-type":"","background-media":"","overlay-type":"","overlay-color":"","overlay-opacity":"","overlay-gradient":""},"mobile":{"background-color":"","background-image":"","background-repeat":"repeat","background-position":"center center","background-size":"auto","background-attachment":"scroll","background-type":"","background-media":"","overlay-type":"","overlay-color":"","overlay-opacity":"","overlay-gradient":""}},"ast-content-background-meta":{"desktop":{"background-color":"var(--ast-global-color-5)","background-image":"","background-repeat":"repeat","background-position":"center center","background-size":"auto","background-attachment":"scroll","background-type":"","background-media":"","overlay-type":"","overlay-color":"","overlay-opacity":"","overlay-gradient":""},"tablet":{"background-color":"var(--ast-global-color-5)","background-image":"","background-repeat":"repeat","background-position":"center center","background-size":"auto","background-attachment":"scroll","background-type":"","background-media":"","overlay-type":"","overlay-color":"","overlay-opacity":"","overlay-gradient":""},"mobile":{"background-color":"var(--ast-global-color-5)","background-image":"","background-repeat":"repeat","background-position":"center center","background-size":"auto","background-attachment":"scroll","background-type":"","background-media":"","overlay-type":"","overlay-color":"","overlay-opacity":"","overlay-gradient":""}},"footnotes":""},"class_list":["post-1401","page","type-page","status-publish","hentry"],"acf":[],"yoast_head":"<!-- This site is optimized with the Yoast SEO plugin v27.3 - https:\/\/yoast.com\/product\/yoast-seo-wordpress\/ -->\n<title>About Rhimo Power | UPS Systems Manufacturer in China<\/title>\n<meta name=\"description\" content=\"Rhimo Power is a trusted UPS systems manufacturer in China, delivering reliable online UPS, modular UPS, batteries, and power protection solutions for global industries.\" \/>\n<meta name=\"robots\" content=\"index, follow, max-snippet:-1, max-image-preview:large, max-video-preview:-1\" \/>\n<link rel=\"canonical\" href=\"https:\/\/www.rhimopower.com\/es\/about-us\/\" \/>\n<meta property=\"og:locale\" content=\"es_ES\" \/>\n<meta property=\"og:type\" content=\"article\" \/>\n<meta property=\"og:title\" content=\"About Rhimo Power | UPS Systems Manufacturer in China\" \/>\n<meta property=\"og:description\" content=\"Rhimo Power is a trusted UPS systems manufacturer in China, delivering reliable online UPS, modular UPS, batteries, and power protection solutions for global industries.\" \/>\n<meta property=\"og:url\" content=\"https:\/\/www.rhimopower.com\/es\/about-us\/\" \/>\n<meta property=\"og:site_name\" content=\"RhimoPower\" \/>\n<meta property=\"article:modified_time\" content=\"2026-04-01T08:11:44+00:00\" \/>\n<meta property=\"og:image\" content=\"https:\/\/www.rhimopower.com\/wp-content\/uploads\/2025\/07\/company-door-min-1024x768.jpg\" \/>\n<meta name=\"twitter:card\" content=\"summary_large_image\" \/>\n<meta name=\"twitter:label1\" content=\"Tiempo de lectura\" \/>\n\t<meta name=\"twitter:data1\" content=\"4 minutos\" \/>\n<script type=\"application\/ld+json\" class=\"yoast-schema-graph\">{\"@context\":\"https:\\\/\\\/schema.org\",\"@graph\":[{\"@type\":\"WebPage\",\"@id\":\"https:\\\/\\\/www.rhimopower.com\\\/about-us\\\/\",\"url\":\"https:\\\/\\\/www.rhimopower.com\\\/about-us\\\/\",\"name\":\"About Rhimo Power | UPS Systems Manufacturer in China\",\"isPartOf\":{\"@id\":\"https:\\\/\\\/www.rhimopower.com\\\/#website\"},\"primaryImageOfPage\":{\"@id\":\"https:\\\/\\\/www.rhimopower.com\\\/about-us\\\/#primaryimage\"},\"image\":{\"@id\":\"https:\\\/\\\/www.rhimopower.com\\\/about-us\\\/#primaryimage\"},\"thumbnailUrl\":\"https:\\\/\\\/www.rhimopower.com\\\/wp-content\\\/uploads\\\/2025\\\/07\\\/company-door-min-1024x768.jpg\",\"datePublished\":\"2025-04-03T03:45:53+00:00\",\"dateModified\":\"2026-04-01T08:11:44+00:00\",\"description\":\"Rhimo Power is a trusted UPS systems manufacturer in China, delivering reliable online UPS, modular UPS, batteries, and power protection solutions for global industries.\",\"breadcrumb\":{\"@id\":\"https:\\\/\\\/www.rhimopower.com\\\/about-us\\\/#breadcrumb\"},\"inLanguage\":\"es\",\"potentialAction\":[{\"@type\":\"ReadAction\",\"target\":[\"https:\\\/\\\/www.rhimopower.com\\\/about-us\\\/\"]}]},{\"@type\":\"ImageObject\",\"inLanguage\":\"es\",\"@id\":\"https:\\\/\\\/www.rhimopower.com\\\/about-us\\\/#primaryimage\",\"url\":\"https:\\\/\\\/www.rhimopower.com\\\/wp-content\\\/uploads\\\/2025\\\/07\\\/company-door-min-1024x768.jpg\",\"contentUrl\":\"https:\\\/\\\/www.rhimopower.com\\\/wp-content\\\/uploads\\\/2025\\\/07\\\/company-door-min-1024x768.jpg\"},{\"@type\":\"BreadcrumbList\",\"@id\":\"https:\\\/\\\/www.rhimopower.com\\\/about-us\\\/#breadcrumb\",\"itemListElement\":[{\"@type\":\"ListItem\",\"position\":1,\"name\":\"Home\",\"item\":\"https:\\\/\\\/www.rhimopower.com\\\/\"},{\"@type\":\"ListItem\",\"position\":2,\"name\":\"About\"}]},{\"@type\":\"WebSite\",\"@id\":\"https:\\\/\\\/www.rhimopower.com\\\/#website\",\"url\":\"https:\\\/\\\/www.rhimopower.com\\\/\",\"name\":\"RhimoPower\",\"description\":\"\",\"publisher\":{\"@id\":\"https:\\\/\\\/www.rhimopower.com\\\/#organization\"},\"potentialAction\":[{\"@type\":\"SearchAction\",\"target\":{\"@type\":\"EntryPoint\",\"urlTemplate\":\"https:\\\/\\\/www.rhimopower.com\\\/?s={search_term_string}\"},\"query-input\":{\"@type\":\"PropertyValueSpecification\",\"valueRequired\":true,\"valueName\":\"search_term_string\"}}],\"inLanguage\":\"es\"},{\"@type\":\"Organization\",\"@id\":\"https:\\\/\\\/www.rhimopower.com\\\/#organization\",\"name\":\"RhimoPower\",\"url\":\"https:\\\/\\\/www.rhimopower.com\\\/\",\"logo\":{\"@type\":\"ImageObject\",\"inLanguage\":\"es\",\"@id\":\"https:\\\/\\\/www.rhimopower.com\\\/#\\\/schema\\\/logo\\\/image\\\/\",\"url\":\"https:\\\/\\\/www.rhimopower.com\\\/wp-content\\\/uploads\\\/2025\\\/04\\\/cropped-rhimo-logo.png\",\"contentUrl\":\"https:\\\/\\\/www.rhimopower.com\\\/wp-content\\\/uploads\\\/2025\\\/04\\\/cropped-rhimo-logo.png\",\"width\":1998,\"height\":667,\"caption\":\"RhimoPower\"},\"image\":{\"@id\":\"https:\\\/\\\/www.rhimopower.com\\\/#\\\/schema\\\/logo\\\/image\\\/\"}}]}<\/script>\n<!-- \/ Yoast SEO plugin. -->","yoast_head_json":{"title":"Acerca de Rhimo Power | Fabricante de sistemas UPS en China","description":"Rhimo Power es un fabricante de sistemas UPS de confianza en China, que ofrece sistemas UPS en l\u00ednea fiables, sistemas UPS modulares, bater\u00edas y soluciones de protecci\u00f3n de energ\u00eda para industrias de todo el mundo.","robots":{"index":"index","follow":"follow","max-snippet":"max-snippet:-1","max-image-preview":"max-image-preview:large","max-video-preview":"max-video-preview:-1"},"canonical":"https:\/\/www.rhimopower.com\/es\/about-us\/","og_locale":"es_ES","og_type":"article","og_title":"About Rhimo Power | UPS Systems Manufacturer in China","og_description":"Rhimo Power is a trusted UPS systems manufacturer in China, delivering reliable online UPS, modular UPS, batteries, and power protection solutions for global industries.","og_url":"https:\/\/www.rhimopower.com\/es\/about-us\/","og_site_name":"RhimoPower","article_modified_time":"2026-04-01T08:11:44+00:00","og_image":[{"url":"https:\/\/www.rhimopower.com\/wp-content\/uploads\/2025\/07\/company-door-min-1024x768.jpg","type":"","width":"","height":""}],"twitter_card":"summary_large_image","twitter_misc":{"Tiempo de lectura":"4 minutos"},"schema":{"@context":"https:\/\/schema.org","@graph":[{"@type":"WebPage","@id":"https:\/\/www.rhimopower.com\/about-us\/","url":"https:\/\/www.rhimopower.com\/about-us\/","name":"Acerca de Rhimo Power | Fabricante de sistemas UPS en China","isPartOf":{"@id":"https:\/\/www.rhimopower.com\/#website"},"primaryImageOfPage":{"@id":"https:\/\/www.rhimopower.com\/about-us\/#primaryimage"},"image":{"@id":"https:\/\/www.rhimopower.com\/about-us\/#primaryimage"},"thumbnailUrl":"https:\/\/www.rhimopower.com\/wp-content\/uploads\/2025\/07\/company-door-min-1024x768.jpg","datePublished":"2025-04-03T03:45:53+00:00","dateModified":"2026-04-01T08:11:44+00:00","description":"Rhimo Power es un fabricante de sistemas UPS de confianza en China, que ofrece sistemas UPS en l\u00ednea fiables, sistemas UPS modulares, bater\u00edas y soluciones de protecci\u00f3n de energ\u00eda para industrias de todo el mundo.","breadcrumb":{"@id":"https:\/\/www.rhimopower.com\/about-us\/#breadcrumb"},"inLanguage":"es","potentialAction":[{"@type":"ReadAction","target":["https:\/\/www.rhimopower.com\/about-us\/"]}]},{"@type":"ImageObject","inLanguage":"es","@id":"https:\/\/www.rhimopower.com\/about-us\/#primaryimage","url":"https:\/\/www.rhimopower.com\/wp-content\/uploads\/2025\/07\/company-door-min-1024x768.jpg","contentUrl":"https:\/\/www.rhimopower.com\/wp-content\/uploads\/2025\/07\/company-door-min-1024x768.jpg"},{"@type":"BreadcrumbList","@id":"https:\/\/www.rhimopower.com\/about-us\/#breadcrumb","itemListElement":[{"@type":"ListItem","position":1,"name":"Home","item":"https:\/\/www.rhimopower.com\/"},{"@type":"ListItem","position":2,"name":"About"}]},{"@type":"WebSite","@id":"https:\/\/www.rhimopower.com\/#website","url":"https:\/\/www.rhimopower.com\/","name":"RhimoPower","description":"","publisher":{"@id":"https:\/\/www.rhimopower.com\/#organization"},"potentialAction":[{"@type":"SearchAction","target":{"@type":"EntryPoint","urlTemplate":"https:\/\/www.rhimopower.com\/?s={search_term_string}"},"query-input":{"@type":"PropertyValueSpecification","valueRequired":true,"valueName":"search_term_string"}}],"inLanguage":"es"},{"@type":"Organization","@id":"https:\/\/www.rhimopower.com\/#organization","name":"RhimoPower","url":"https:\/\/www.rhimopower.com\/","logo":{"@type":"ImageObject","inLanguage":"es","@id":"https:\/\/www.rhimopower.com\/#\/schema\/logo\/image\/","url":"https:\/\/www.rhimopower.com\/wp-content\/uploads\/2025\/04\/cropped-rhimo-logo.png","contentUrl":"https:\/\/www.rhimopower.com\/wp-content\/uploads\/2025\/04\/cropped-rhimo-logo.png","width":1998,"height":667,"caption":"RhimoPower"},"image":{"@id":"https:\/\/www.rhimopower.com\/#\/schema\/logo\/image\/"}}]}},"uagb_featured_image_src":{"full":false,"thumbnail":false,"medium":false,"medium_large":false,"large":false,"1536x1536":false,"2048x2048":false,"trp-custom-language-flag":false,"woocommerce_thumbnail":false,"woocommerce_single":false,"woocommerce_gallery_thumbnail":false},"uagb_author_info":{"display_name":"Rebecca Lee","author_link":"https:\/\/www.rhimopower.com\/es\/author\/rebecca-lee\/"},"uagb_comment_info":0,"uagb_excerpt":"About Rhimo Power Leading china uninterruptible power supply, ups systems manufacturer, Uninterrupted Power Solutions for Every Need About Us Who [&hellip;]","_links":{"self":[{"href":"https:\/\/www.rhimopower.com\/es\/wp-json\/wp\/v2\/pages\/1401","targetHints":{"allow":["GET"]}}],"collection":[{"href":"https:\/\/www.rhimopower.com\/es\/wp-json\/wp\/v2\/pages"}],"about":[{"href":"https:\/\/www.rhimopower.com\/es\/wp-json\/wp\/v2\/types\/page"}],"author":[{"embeddable":true,"href":"https:\/\/www.rhimopower.com\/es\/wp-json\/wp\/v2\/users\/1"}],"replies":[{"embeddable":true,"href":"https:\/\/www.rhimopower.com\/es\/wp-json\/wp\/v2\/comments?post=1401"}],"version-history":[{"count":18,"href":"https:\/\/www.rhimopower.com\/es\/wp-json\/wp\/v2\/pages\/1401\/revisions"}],"predecessor-version":[{"id":2236,"href":"https:\/\/www.rhimopower.com\/es\/wp-json\/wp\/v2\/pages\/1401\/revisions\/2236"}],"wp:attachment":[{"href":"https:\/\/www.rhimopower.com\/es\/wp-json\/wp\/v2\/media?parent=1401"}],"curies":[{"name":"wp","href":"https:\/\/api.w.org\/{rel}","templated":true}]}}