{"id":1402,"date":"2025-04-03T03:45:53","date_gmt":"2025-04-03T03:45:53","guid":{"rendered":"https:\/\/www.rhimopower.com\/services\/"},"modified":"2026-04-01T07:41:02","modified_gmt":"2026-04-01T07:41:02","slug":"uninterruptible-power-supply-solutions","status":"publish","type":"page","link":"https:\/\/www.rhimopower.com\/es\/uninterruptible-power-supply-solutions\/","title":{"rendered":"Soluciones de suministro de energ\u00eda ininterrumpida"},"content":{"rendered":"<div class=\"wp-block-uagb-container uagb-block-4c3875af alignfull uagb-is-root-container\"><div class=\"uagb-container-inner-blocks-wrap\">\n<div class=\"wp-block-uagb-advanced-heading uagb-block-36237826\"><h1 class=\"uagb-heading-text\">Soluciones de alimentaci\u00f3n ininterrumpida para industrias cr\u00edticas<\/h1><\/div>\n\n\n\n<p class=\"has-ast-global-color-4-color has-text-color has-link-color wp-elements-2148d15d3466e275072e4d7d6ca8e8c7\">Proteja sus operaciones cr\u00edticas con nuestras confiables soluciones UPS. Ofrecemos sistemas de alimentaci\u00f3n ininterrumpida (SAI) personalizados para centros de salud, centros de datos, telecomunicaciones, instalaciones industriales y m\u00e1s. Ya sea que necesite respaldo para equipos sensibles o protecci\u00f3n energ\u00e9tica integral para toda su operaci\u00f3n, nuestros sistemas UPS personalizados garantizan un rendimiento impecable, un tiempo de inactividad m\u00ednimo y total tranquilidad.<\/p>\n<\/div><\/div>\n\n\n\n<div class=\"wp-block-uagb-container uagb-block-003c6e56 alignfull uagb-is-root-container\"><div class=\"uagb-container-inner-blocks-wrap\">\n<p class=\"pt-5 px-5\">Las soluciones de alimentaci\u00f3n ininterrumpida (UPS) proporcionan energ\u00eda de respaldo confiable para proteger la infraestructura cr\u00edtica contra cortes de energ\u00eda y fluctuaciones de voltaje. Empresas como centros de datos, hospitales, plantas de fabricaci\u00f3n y redes de telecomunicaciones dependen de un suministro el\u00e9ctrico estable para mantener sus operaciones. Nuestros sistemas UPS personalizados ofrecen protecci\u00f3n escalable y de alta eficiencia, dise\u00f1ados para entornos cr\u00edticos, garantizando la disponibilidad continua y la seguridad de los equipos.<\/p>\n<\/div><\/div>\n\n\n\n<div id=\"upsSolutionForDataCenter\" class=\"wp-block-uagb-container uagb-block-ku2linnr alignfull uagb-is-root-container\"><div class=\"uagb-container-inner-blocks-wrap\">\n<div class=\"wp-block-uagb-info-box uagb-block-wvuf7gao uagb-infobox__content-wrap  uagb-infobox-icon-above-title uagb-infobox-image-valign-top\"><div class=\"uagb-ifb-content\"><div class=\"uagb-ifb-title-wrap\"><p class=\"uagb-ifb-title-prefix\">Soluciones UPS<\/p><h2 class=\"uagb-ifb-title\">Centros de datos e infraestructura de TI<\/h2><\/div><\/div><\/div>\n\n\n\n<div class=\"wp-block-uagb-container uagb-block-gm8umjfx alignfull uagb-is-root-container\"><div class=\"uagb-container-inner-blocks-wrap\">\n<div class=\"wp-block-uagb-image alignleft uagb-block-jp9pfvgn wp-block-uagb-image--layout-default wp-block-uagb-image--effect-static wp-block-uagb-image--align-left\"><figure class=\"wp-block-uagb-image__figure\"><img decoding=\"async\" srcset=\"https:\/\/www.rhimopower.com\/wp-content\/uploads\/2025\/04\/ups-solutions-in-it-and-datacenter.jpg ,https:\/\/www.rhimopower.com\/wp-content\/uploads\/2025\/04\/ups-solutions-in-it-and-datacenter.jpg 780w, https:\/\/www.rhimopower.com\/wp-content\/uploads\/2025\/04\/ups-solutions-in-it-and-datacenter.jpg 360w\" sizes=\"auto, (max-width: 480px) 150px\" src=\"https:\/\/www.rhimopower.com\/wp-content\/uploads\/2025\/04\/ups-solutions-in-it-and-datacenter.jpg\" alt=\"Soluciones UPS en TI y centros de datos\" class=\"uag-image-1818\" width=\"564\" height=\"423\" title=\"Soluciones UPS para TI y centros de datos\" loading=\"lazy\" role=\"img\"\/><\/figure><\/div>\n\n\n\n<div class=\"wp-block-uagb-container uagb-block-74nm2ety\">\n<div class=\"wp-block-uagb-info-box uagb-block-rpaqi3ug uagb-infobox__content-wrap  uagb-infobox-icon-above-title uagb-infobox-image-valign-top\"><div class=\"uagb-ifb-content\"><div class=\"uagb-ifb-title-wrap\"><h3 class=\"uagb-ifb-title\">UPS de alta disponibilidad para centros de datos y salas de servidores<\/h3><\/div><p class=\"uagb-ifb-desc\">El tiempo de inactividad puede costar miles de d\u00f3lares por minuto. Nuestras soluciones UPS para centros de datos ofrecen una transici\u00f3n fluida durante interrupciones del suministro el\u00e9ctrico, protegiendo servidores, matrices de almacenamiento y equipos de red. Los dise\u00f1os modulares permiten una escalabilidad flexible a medida que crece su infraestructura.<\/p><\/div><\/div>\n\n\n\n<div class=\"wp-block-uagb-container uag-hide-tab uag-hide-mob uagb-block-4b6ad18b\">\n<h4 class=\"wp-block-heading\"><strong>Caracter\u00edsticas del caso de uso:<\/strong><\/h4>\n\n\n\n<ul class=\"wp-block-list mt-0\">\n<li>Sistemas UPS montados en rack para eficiencia de espacio<\/li>\n\n\n\n<li>Paquetes de bater\u00edas intercambiables en caliente<\/li>\n\n\n\n<li>Alertas de monitoreo y mantenimiento remoto<\/li>\n<\/ul>\n<\/div>\n\n\n\n<p>Obtenga m\u00e1s informaci\u00f3n en <a href=\"\/es\/ups-for-data-center-data-center-ups-systems\/\">UPS del centro de datos<\/a><\/p>\n<\/div>\n<\/div><\/div>\n<\/div><\/div>\n\n\n\n<div id=\"upsSolutionForHealthcare\" class=\"wp-block-uagb-container !bg-neutral-100 uagb-block-e22370a1 alignfull uagb-is-root-container\"><div class=\"uagb-container-inner-blocks-wrap\">\n<div class=\"wp-block-uagb-info-box uagb-block-2f677af2 uagb-infobox__content-wrap  uagb-infobox-icon-above-title uagb-infobox-image-valign-top\"><div class=\"uagb-ifb-content\"><div class=\"uagb-ifb-title-wrap\"><p class=\"uagb-ifb-title-prefix\">Soluciones UPS<\/p><h2 class=\"uagb-ifb-title\">Instalaciones m\u00e9dicas y de atenci\u00f3n sanitaria<\/h2><\/div><\/div><\/div>\n\n\n\n<div class=\"wp-block-uagb-container uagb-block-5439c80c alignfull uagb-is-root-container\"><div class=\"uagb-container-inner-blocks-wrap\">\n<div class=\"wp-block-uagb-image alignleft uagb-block-e334d0a2 wp-block-uagb-image--layout-default wp-block-uagb-image--effect-static wp-block-uagb-image--align-left\"><figure class=\"wp-block-uagb-image__figure\"><img decoding=\"async\" srcset=\"https:\/\/www.rhimopower.com\/wp-content\/uploads\/2025\/04\/ups-for-healthcare-medical-facilities-1024x512.jpg ,https:\/\/www.rhimopower.com\/wp-content\/uploads\/2025\/04\/ups-for-healthcare-medical-facilities.jpg 780w, https:\/\/www.rhimopower.com\/wp-content\/uploads\/2025\/04\/ups-for-healthcare-medical-facilities.jpg 360w\" sizes=\"auto, (max-width: 480px) 150px\" src=\"https:\/\/www.rhimopower.com\/wp-content\/uploads\/2025\/04\/ups-for-healthcare-medical-facilities-1024x512.jpg\" alt=\"ups para centros de salud y m\u00e9dicos\" class=\"uag-image-1813\" width=\"564\" height=\"423\" title=\"ups-para-centros-m\u00e9dicos-de-asistencia-sanitaria\" loading=\"lazy\" role=\"img\"\/><\/figure><\/div>\n\n\n\n<div class=\"wp-block-uagb-container uagb-block-26e9c124\">\n<div class=\"wp-block-uagb-info-box uagb-block-11eea9f0 uagb-infobox__content-wrap  uagb-infobox-icon-above-title uagb-infobox-image-valign-top\"><div class=\"uagb-ifb-content\"><div class=\"uagb-ifb-title-wrap\"><h3 class=\"uagb-ifb-title\">Sistema de respaldo de energ\u00eda cr\u00edtico para hospitales y cl\u00ednicas<\/h3><\/div><p class=\"uagb-ifb-desc\">En el sector sanitario, la energ\u00eda continua es fundamental. Nuestros sistemas UPS proporcionan respaldo de emergencia para equipos de soporte vital, m\u00e1quinas de diagn\u00f3stico y servidores inform\u00e1ticos, garantizando as\u00ed que la atenci\u00f3n al paciente nunca se vea comprometida, incluso durante cortes de suministro inesperados.<\/p><\/div><\/div>\n\n\n\n<div class=\"wp-block-uagb-container uag-hide-tab uag-hide-mob uagb-block-2facacb9\">\n<h4 class=\"wp-block-heading\"><strong>Caracter\u00edsticas del caso de uso:<\/strong><\/h4>\n\n\n\n<ul class=\"wp-block-list mt-0\">\n<li>Configuraciones de UPS redundantes para quir\u00f3fanos<\/li>\n\n\n\n<li>Acondicionamiento de energ\u00eda para equipos de im\u00e1genes sensibles (resonancia magn\u00e9tica, esc\u00e1neres de tomograf\u00eda computarizada)<\/li>\n\n\n\n<li>Sistemas de gesti\u00f3n de bater\u00edas para un tiempo de funcionamiento prolongado<\/li>\n<\/ul>\n<\/div>\n<\/div>\n<\/div><\/div>\n<\/div><\/div>\n\n\n\n<div id=\"upsSolutionForIndustrialPlants\" class=\"wp-block-uagb-container uagb-block-9d801844 alignfull uagb-is-root-container\"><div class=\"uagb-container-inner-blocks-wrap\">\n<div class=\"wp-block-uagb-info-box uagb-block-86b71717 uagb-infobox__content-wrap  uagb-infobox-icon-above-title uagb-infobox-image-valign-top\"><div class=\"uagb-ifb-content\"><div class=\"uagb-ifb-title-wrap\"><p class=\"uagb-ifb-title-prefix\">Soluciones UPS<\/p><h2 class=\"uagb-ifb-title\">Plantas industriales y de fabricaci\u00f3n<\/h2><\/div><\/div><\/div>\n\n\n\n<div class=\"wp-block-uagb-container uagb-block-422921ef alignfull uagb-is-root-container\"><div class=\"uagb-container-inner-blocks-wrap\">\n<div class=\"wp-block-uagb-image alignleft uagb-block-8b197da2 wp-block-uagb-image--layout-default wp-block-uagb-image--effect-static wp-block-uagb-image--align-left\"><figure class=\"wp-block-uagb-image__figure\"><img decoding=\"async\" srcset=\"https:\/\/www.rhimopower.com\/wp-content\/uploads\/2025\/04\/ups-solution-in-industry-manufacturing.jpg ,https:\/\/www.rhimopower.com\/wp-content\/uploads\/2025\/04\/ups-solution-in-industry-manufacturing.jpg 780w, https:\/\/www.rhimopower.com\/wp-content\/uploads\/2025\/04\/ups-solution-in-industry-manufacturing.jpg 360w\" sizes=\"auto, (max-width: 480px) 150px\" src=\"https:\/\/www.rhimopower.com\/wp-content\/uploads\/2025\/04\/ups-solution-in-industry-manufacturing.jpg\" alt=\"Soluci\u00f3n UPS en la industria manufacturera\" class=\"uag-image-1821\" width=\"564\" height=\"423\" title=\"Soluci\u00f3n UPS en la industria manufacturera\" loading=\"lazy\" role=\"img\"\/><\/figure><\/div>\n\n\n\n<div class=\"wp-block-uagb-container uagb-block-f2c82e80\">\n<div class=\"wp-block-uagb-info-box uagb-block-5b46c49d uagb-infobox__content-wrap  uagb-infobox-icon-above-title uagb-infobox-image-valign-top\"><div class=\"uagb-ifb-content\"><div class=\"uagb-ifb-title-wrap\"><h3 class=\"uagb-ifb-title\">UPS de grado industrial para operaciones de f\u00e1brica<\/h3><\/div><p class=\"uagb-ifb-desc\">Los procesos de fabricaci\u00f3n dependen de una energ\u00eda estable para mantener la productividad y evitar costosos tiempos de inactividad de las m\u00e1quinas. Nuestras robustas soluciones SAI industriales est\u00e1n dise\u00f1adas para soportar entornos hostiles y proporcionar energ\u00eda de respaldo a sistemas de automatizaci\u00f3n, transportadores y maquinaria CNC.<\/p><\/div><\/div>\n\n\n\n<div class=\"wp-block-uagb-container uag-hide-tab uag-hide-mob uagb-block-faf7292f\">\n<h4 class=\"wp-block-heading\"><strong>Caracter\u00edsticas del caso de uso:<\/strong><\/h4>\n\n\n\n<ul class=\"wp-block-list mt-0\">\n<li>Dise\u00f1os resistentes al polvo y a las vibraciones.<\/li>\n\n\n\n<li>Opciones de respaldo de larga duraci\u00f3n para l\u00edneas de producci\u00f3n cr\u00edticas<\/li>\n\n\n\n<li>Integraci\u00f3n con redes de automatizaci\u00f3n industrial (PLC, SCADA)<\/li>\n<\/ul>\n<\/div>\n<\/div>\n<\/div><\/div>\n<\/div><\/div>\n\n\n\n<div class=\"wp-block-uagb-container uagb-block-9caa1a47 alignfull uagb-is-root-container\"><div class=\"uagb-container-inner-blocks-wrap\">\n<div class=\"wp-block-uagb-advanced-heading uagb-block-1ed0e64e\"><div class=\"uagb-heading-text\">Cont\u00e1ctenos hoy<\/div><\/div>\n\n\n\n<div class=\"wp-block-uagb-advanced-heading uagb-block-3a57683f\"><h2 class=\"uagb-heading-text\">Impulse su negocio sin interrupciones<\/h2><\/div>\n\n\n\n<div class=\"wp-block-uagb-buttons uagb-buttons__outer-wrap uagb-btn__default-btn uagb-btn-tablet__default-btn uagb-btn-mobile__default-btn uagb-block-9979be0d\"><div class=\"uagb-buttons__wrap uagb-buttons-layout-wrap\">\n<div class=\"wp-block-uagb-buttons-child uagb-buttons__outer-wrap uagb-block-84fd34e5 wp-block-button\"><div class=\"uagb-button__wrapper\"><a class=\"uagb-buttons-repeater wp-block-button__link\" aria-label=\"\" href=\"\/es\/contact\/\" rel=\"follow noopener\" target=\"_self\" role=\"button\"><div class=\"uagb-button__link\">Cont\u00e1ctanos<\/div><\/a><\/div><\/div>\n<\/div><\/div>\n\n\n\n<div class=\"wp-block-uagb-advanced-heading uagb-block-838a0a13\"><div class=\"uagb-separator\"><\/div><p class=\"uagb-heading-text\">Proteja sus sistemas cr\u00edticos con soluciones UPS confiables, escalables e inteligentes. Ya sea que gestione un centro de datos, un hospital, una unidad de salud, una f\u00e1brica o una oficina, nuestros sistemas UPS est\u00e1n dise\u00f1ados para mantener sus operaciones en funcionamiento las 24 horas, los 7 d\u00edas de la semana.<\/p><\/div>\n<\/div><\/div>","protected":false},"excerpt":{"rendered":"<p>Uninterruptible Power Supply Solutions for Critical Industries Protect your critical operations with our reliable UPS solutions. We provide custom uninterruptible [&hellip;]<\/p>\n","protected":false},"author":1,"featured_media":0,"parent":0,"menu_order":0,"comment_status":"closed","ping_status":"closed","template":"","meta":{"_acf_changed":false,"_uag_custom_page_level_css":"","site-sidebar-layout":"no-sidebar","site-content-layout":"plain-container","ast-site-content-layout":"full-width-container","site-content-style":"unboxed","site-sidebar-style":"unboxed","ast-global-header-display":"","ast-banner-title-visibility":"","ast-main-header-display":"","ast-hfb-above-header-display":"","ast-hfb-below-header-display":"","ast-hfb-mobile-header-display":"","site-post-title":"disabled","ast-breadcrumbs-content":"","ast-featured-img":"","footer-sml-layout":"","theme-transparent-header-meta":"","adv-header-id-meta":"","stick-header-meta":"","header-above-stick-meta":"","header-main-stick-meta":"","header-below-stick-meta":"","astra-migrate-meta-layouts":"set","ast-page-background-enabled":"default","ast-page-background-meta":{"desktop":{"background-color":"var(--ast-global-color-4)","background-image":"","background-repeat":"repeat","background-position":"center center","background-size":"auto","background-attachment":"scroll","background-type":"","background-media":"","overlay-type":"","overlay-color":"","overlay-opacity":"","overlay-gradient":""},"tablet":{"background-color":"","background-image":"","background-repeat":"repeat","background-position":"center center","background-size":"auto","background-attachment":"scroll","background-type":"","background-media":"","overlay-type":"","overlay-color":"","overlay-opacity":"","overlay-gradient":""},"mobile":{"background-color":"","background-image":"","background-repeat":"repeat","background-position":"center center","background-size":"auto","background-attachment":"scroll","background-type":"","background-media":"","overlay-type":"","overlay-color":"","overlay-opacity":"","overlay-gradient":""}},"ast-content-background-meta":{"desktop":{"background-color":"var(--ast-global-color-5)","background-image":"","background-repeat":"repeat","background-position":"center center","background-size":"auto","background-attachment":"scroll","background-type":"","background-media":"","overlay-type":"","overlay-color":"","overlay-opacity":"","overlay-gradient":""},"tablet":{"background-color":"var(--ast-global-color-5)","background-image":"","background-repeat":"repeat","background-position":"center center","background-size":"auto","background-attachment":"scroll","background-type":"","background-media":"","overlay-type":"","overlay-color":"","overlay-opacity":"","overlay-gradient":""},"mobile":{"background-color":"var(--ast-global-color-5)","background-image":"","background-repeat":"repeat","background-position":"center center","background-size":"auto","background-attachment":"scroll","background-type":"","background-media":"","overlay-type":"","overlay-color":"","overlay-opacity":"","overlay-gradient":""}},"footnotes":""},"class_list":["post-1402","page","type-page","status-publish","hentry"],"acf":[],"yoast_head":"<!-- This site is optimized with the Yoast SEO plugin v27.3 - https:\/\/yoast.com\/product\/yoast-seo-wordpress\/ -->\n<title>Uninterruptible power supply solutions | UPS for Data Centers, Healthcare &amp; Industry<\/title>\n<meta name=\"description\" content=\"Discover reliable uninterruptible power supply solutions for data centers, hospitals, and industrial facilities. Ensure continuous operation with scalable UPS backup systems.\" \/>\n<meta name=\"robots\" content=\"index, follow, max-snippet:-1, max-image-preview:large, max-video-preview:-1\" \/>\n<link rel=\"canonical\" href=\"https:\/\/www.rhimopower.com\/es\/uninterruptible-power-supply-solutions\/\" \/>\n<meta property=\"og:locale\" content=\"es_ES\" \/>\n<meta property=\"og:type\" content=\"article\" \/>\n<meta property=\"og:title\" content=\"Uninterruptible power supply solutions | UPS for Data Centers, Healthcare &amp; Industry\" \/>\n<meta property=\"og:description\" content=\"Discover reliable uninterruptible power supply solutions for data centers, hospitals, and industrial facilities. Ensure continuous operation with scalable UPS backup systems.\" \/>\n<meta property=\"og:url\" content=\"https:\/\/www.rhimopower.com\/es\/uninterruptible-power-supply-solutions\/\" \/>\n<meta property=\"og:site_name\" content=\"RhimoPower\" \/>\n<meta property=\"article:modified_time\" content=\"2026-04-01T07:41:02+00:00\" \/>\n<meta property=\"og:image\" content=\"https:\/\/www.rhimopower.com\/wp-content\/uploads\/2025\/04\/ups-solutions-in-it-and-datacenter.jpg\" \/>\n<meta name=\"twitter:card\" content=\"summary_large_image\" \/>\n<meta name=\"twitter:label1\" content=\"Tiempo de lectura\" \/>\n\t<meta name=\"twitter:data1\" content=\"3 minutos\" \/>\n<script type=\"application\/ld+json\" class=\"yoast-schema-graph\">{\"@context\":\"https:\\\/\\\/schema.org\",\"@graph\":[{\"@type\":\"WebPage\",\"@id\":\"https:\\\/\\\/www.rhimopower.com\\\/uninterruptible-power-supply-solutions\\\/\",\"url\":\"https:\\\/\\\/www.rhimopower.com\\\/uninterruptible-power-supply-solutions\\\/\",\"name\":\"Uninterruptible power supply solutions | UPS for Data Centers, Healthcare & Industry\",\"isPartOf\":{\"@id\":\"https:\\\/\\\/www.rhimopower.com\\\/#website\"},\"primaryImageOfPage\":{\"@id\":\"https:\\\/\\\/www.rhimopower.com\\\/uninterruptible-power-supply-solutions\\\/#primaryimage\"},\"image\":{\"@id\":\"https:\\\/\\\/www.rhimopower.com\\\/uninterruptible-power-supply-solutions\\\/#primaryimage\"},\"thumbnailUrl\":\"https:\\\/\\\/www.rhimopower.com\\\/wp-content\\\/uploads\\\/2025\\\/04\\\/ups-solutions-in-it-and-datacenter.jpg\",\"datePublished\":\"2025-04-03T03:45:53+00:00\",\"dateModified\":\"2026-04-01T07:41:02+00:00\",\"description\":\"Discover reliable uninterruptible power supply solutions for data centers, hospitals, and industrial facilities. Ensure continuous operation with scalable UPS backup systems.\",\"breadcrumb\":{\"@id\":\"https:\\\/\\\/www.rhimopower.com\\\/uninterruptible-power-supply-solutions\\\/#breadcrumb\"},\"inLanguage\":\"es\",\"potentialAction\":[{\"@type\":\"ReadAction\",\"target\":[\"https:\\\/\\\/www.rhimopower.com\\\/uninterruptible-power-supply-solutions\\\/\"]}]},{\"@type\":\"ImageObject\",\"inLanguage\":\"es\",\"@id\":\"https:\\\/\\\/www.rhimopower.com\\\/uninterruptible-power-supply-solutions\\\/#primaryimage\",\"url\":\"https:\\\/\\\/www.rhimopower.com\\\/wp-content\\\/uploads\\\/2025\\\/04\\\/ups-solutions-in-it-and-datacenter.jpg\",\"contentUrl\":\"https:\\\/\\\/www.rhimopower.com\\\/wp-content\\\/uploads\\\/2025\\\/04\\\/ups-solutions-in-it-and-datacenter.jpg\"},{\"@type\":\"BreadcrumbList\",\"@id\":\"https:\\\/\\\/www.rhimopower.com\\\/uninterruptible-power-supply-solutions\\\/#breadcrumb\",\"itemListElement\":[{\"@type\":\"ListItem\",\"position\":1,\"name\":\"Home\",\"item\":\"https:\\\/\\\/www.rhimopower.com\\\/\"},{\"@type\":\"ListItem\",\"position\":2,\"name\":\"Uninterruptible power supply solutions\"}]},{\"@type\":\"WebSite\",\"@id\":\"https:\\\/\\\/www.rhimopower.com\\\/#website\",\"url\":\"https:\\\/\\\/www.rhimopower.com\\\/\",\"name\":\"RhimoPower\",\"description\":\"\",\"publisher\":{\"@id\":\"https:\\\/\\\/www.rhimopower.com\\\/#organization\"},\"potentialAction\":[{\"@type\":\"SearchAction\",\"target\":{\"@type\":\"EntryPoint\",\"urlTemplate\":\"https:\\\/\\\/www.rhimopower.com\\\/?s={search_term_string}\"},\"query-input\":{\"@type\":\"PropertyValueSpecification\",\"valueRequired\":true,\"valueName\":\"search_term_string\"}}],\"inLanguage\":\"es\"},{\"@type\":\"Organization\",\"@id\":\"https:\\\/\\\/www.rhimopower.com\\\/#organization\",\"name\":\"RhimoPower\",\"url\":\"https:\\\/\\\/www.rhimopower.com\\\/\",\"logo\":{\"@type\":\"ImageObject\",\"inLanguage\":\"es\",\"@id\":\"https:\\\/\\\/www.rhimopower.com\\\/#\\\/schema\\\/logo\\\/image\\\/\",\"url\":\"https:\\\/\\\/www.rhimopower.com\\\/wp-content\\\/uploads\\\/2025\\\/04\\\/cropped-rhimo-logo.png\",\"contentUrl\":\"https:\\\/\\\/www.rhimopower.com\\\/wp-content\\\/uploads\\\/2025\\\/04\\\/cropped-rhimo-logo.png\",\"width\":1998,\"height\":667,\"caption\":\"RhimoPower\"},\"image\":{\"@id\":\"https:\\\/\\\/www.rhimopower.com\\\/#\\\/schema\\\/logo\\\/image\\\/\"}}]}<\/script>\n<!-- \/ Yoast SEO plugin. -->","yoast_head_json":{"title":"Soluciones de alimentaci\u00f3n ininterrumpida | UPS para centros de datos, sanidad e industria","description":"Descubra soluciones fiables de alimentaci\u00f3n ininterrumpida para centros de datos, hospitales e instalaciones industriales. Asegure la continuidad operativa con sistemas de alimentaci\u00f3n ininterrumpida (UPS) escalables.","robots":{"index":"index","follow":"follow","max-snippet":"max-snippet:-1","max-image-preview":"max-image-preview:large","max-video-preview":"max-video-preview:-1"},"canonical":"https:\/\/www.rhimopower.com\/es\/uninterruptible-power-supply-solutions\/","og_locale":"es_ES","og_type":"article","og_title":"Uninterruptible power supply solutions | UPS for Data Centers, Healthcare & Industry","og_description":"Discover reliable uninterruptible power supply solutions for data centers, hospitals, and industrial facilities. Ensure continuous operation with scalable UPS backup systems.","og_url":"https:\/\/www.rhimopower.com\/es\/uninterruptible-power-supply-solutions\/","og_site_name":"RhimoPower","article_modified_time":"2026-04-01T07:41:02+00:00","og_image":[{"url":"https:\/\/www.rhimopower.com\/wp-content\/uploads\/2025\/04\/ups-solutions-in-it-and-datacenter.jpg","type":"","width":"","height":""}],"twitter_card":"summary_large_image","twitter_misc":{"Tiempo de lectura":"3 minutos"},"schema":{"@context":"https:\/\/schema.org","@graph":[{"@type":"WebPage","@id":"https:\/\/www.rhimopower.com\/uninterruptible-power-supply-solutions\/","url":"https:\/\/www.rhimopower.com\/uninterruptible-power-supply-solutions\/","name":"Soluciones de alimentaci\u00f3n ininterrumpida | UPS para centros de datos, sanidad e industria","isPartOf":{"@id":"https:\/\/www.rhimopower.com\/#website"},"primaryImageOfPage":{"@id":"https:\/\/www.rhimopower.com\/uninterruptible-power-supply-solutions\/#primaryimage"},"image":{"@id":"https:\/\/www.rhimopower.com\/uninterruptible-power-supply-solutions\/#primaryimage"},"thumbnailUrl":"https:\/\/www.rhimopower.com\/wp-content\/uploads\/2025\/04\/ups-solutions-in-it-and-datacenter.jpg","datePublished":"2025-04-03T03:45:53+00:00","dateModified":"2026-04-01T07:41:02+00:00","description":"Descubra soluciones fiables de alimentaci\u00f3n ininterrumpida para centros de datos, hospitales e instalaciones industriales. Asegure la continuidad operativa con sistemas de alimentaci\u00f3n ininterrumpida (UPS) escalables.","breadcrumb":{"@id":"https:\/\/www.rhimopower.com\/uninterruptible-power-supply-solutions\/#breadcrumb"},"inLanguage":"es","potentialAction":[{"@type":"ReadAction","target":["https:\/\/www.rhimopower.com\/uninterruptible-power-supply-solutions\/"]}]},{"@type":"ImageObject","inLanguage":"es","@id":"https:\/\/www.rhimopower.com\/uninterruptible-power-supply-solutions\/#primaryimage","url":"https:\/\/www.rhimopower.com\/wp-content\/uploads\/2025\/04\/ups-solutions-in-it-and-datacenter.jpg","contentUrl":"https:\/\/www.rhimopower.com\/wp-content\/uploads\/2025\/04\/ups-solutions-in-it-and-datacenter.jpg"},{"@type":"BreadcrumbList","@id":"https:\/\/www.rhimopower.com\/uninterruptible-power-supply-solutions\/#breadcrumb","itemListElement":[{"@type":"ListItem","position":1,"name":"Home","item":"https:\/\/www.rhimopower.com\/"},{"@type":"ListItem","position":2,"name":"Uninterruptible power supply solutions"}]},{"@type":"WebSite","@id":"https:\/\/www.rhimopower.com\/#website","url":"https:\/\/www.rhimopower.com\/","name":"RhimoPower","description":"","publisher":{"@id":"https:\/\/www.rhimopower.com\/#organization"},"potentialAction":[{"@type":"SearchAction","target":{"@type":"EntryPoint","urlTemplate":"https:\/\/www.rhimopower.com\/?s={search_term_string}"},"query-input":{"@type":"PropertyValueSpecification","valueRequired":true,"valueName":"search_term_string"}}],"inLanguage":"es"},{"@type":"Organization","@id":"https:\/\/www.rhimopower.com\/#organization","name":"RhimoPower","url":"https:\/\/www.rhimopower.com\/","logo":{"@type":"ImageObject","inLanguage":"es","@id":"https:\/\/www.rhimopower.com\/#\/schema\/logo\/image\/","url":"https:\/\/www.rhimopower.com\/wp-content\/uploads\/2025\/04\/cropped-rhimo-logo.png","contentUrl":"https:\/\/www.rhimopower.com\/wp-content\/uploads\/2025\/04\/cropped-rhimo-logo.png","width":1998,"height":667,"caption":"RhimoPower"},"image":{"@id":"https:\/\/www.rhimopower.com\/#\/schema\/logo\/image\/"}}]}},"uagb_featured_image_src":{"full":false,"thumbnail":false,"medium":false,"medium_large":false,"large":false,"1536x1536":false,"2048x2048":false,"trp-custom-language-flag":false,"woocommerce_thumbnail":false,"woocommerce_single":false,"woocommerce_gallery_thumbnail":false},"uagb_author_info":{"display_name":"Rebecca Lee","author_link":"https:\/\/www.rhimopower.com\/es\/author\/rebecca-lee\/"},"uagb_comment_info":0,"uagb_excerpt":"Uninterruptible Power Supply Solutions for Critical Industries Protect your critical operations with our reliable UPS solutions. We provide custom uninterruptible [&hellip;]","_links":{"self":[{"href":"https:\/\/www.rhimopower.com\/es\/wp-json\/wp\/v2\/pages\/1402","targetHints":{"allow":["GET"]}}],"collection":[{"href":"https:\/\/www.rhimopower.com\/es\/wp-json\/wp\/v2\/pages"}],"about":[{"href":"https:\/\/www.rhimopower.com\/es\/wp-json\/wp\/v2\/types\/page"}],"author":[{"embeddable":true,"href":"https:\/\/www.rhimopower.com\/es\/wp-json\/wp\/v2\/users\/1"}],"replies":[{"embeddable":true,"href":"https:\/\/www.rhimopower.com\/es\/wp-json\/wp\/v2\/comments?post=1402"}],"version-history":[{"count":26,"href":"https:\/\/www.rhimopower.com\/es\/wp-json\/wp\/v2\/pages\/1402\/revisions"}],"predecessor-version":[{"id":3353,"href":"https:\/\/www.rhimopower.com\/es\/wp-json\/wp\/v2\/pages\/1402\/revisions\/3353"}],"wp:attachment":[{"href":"https:\/\/www.rhimopower.com\/es\/wp-json\/wp\/v2\/media?parent=1402"}],"curies":[{"name":"wp","href":"https:\/\/api.w.org\/{rel}","templated":true}]}}