{"id":2192,"date":"2025-06-23T02:23:22","date_gmt":"2025-06-23T02:23:22","guid":{"rendered":"https:\/\/www.rhimopower.com\/?page_id=2192"},"modified":"2025-06-23T02:41:12","modified_gmt":"2025-06-23T02:41:12","slug":"ups-for-data-center-data-center-ups-systems","status":"publish","type":"page","link":"https:\/\/www.rhimopower.com\/es\/ups-for-data-center-data-center-ups-systems\/","title":{"rendered":"UPS para centros de datos, sistemas UPS para centros de datos"},"content":{"rendered":"<p><\/p>\n\n\n\n<div class=\"wp-block-uagb-container uagb-block-gusbgvcp alignfull uagb-is-root-container\"><div class=\"uagb-container-inner-blocks-wrap\">\n<div class=\"wp-block-uagb-info-box uagb-block-ktzw7ocw uagb-infobox__content-wrap  uagb-infobox-icon-above-title uagb-infobox-image-valign-top\"><div class=\"uagb-ifb-content\"><div class=\"uagb-ifb-title-wrap\"><h1 class=\"uagb-ifb-title\">UPS del centro de datos<\/h1><\/div><\/div><\/div>\n\n\n\n<div class=\"wp-block-uagb-info-box uagb-block-k2konefx uagb-infobox__content-wrap  uagb-infobox-icon-above-title uagb-infobox-image-valign-top\"><div class=\"uagb-ifb-content\"><div class=\"uagb-ifb-title-wrap\"><\/div><p class=\"uagb-ifb-desc\">Los sistemas UPS del centro de datos Rhimopower brindan energ\u00eda continua y confiable, lo que garantiza que sus datos se mantengan seguros y que sus operaciones nunca se apaguen, las 24 horas del d\u00eda, los 7 d\u00edas de la semana, los 365 d\u00edas del a\u00f1o.<\/p><\/div><\/div>\n<\/div><\/div>\n\n\n\n<div class=\"wp-block-uagb-container uagb-block-mbqg0exe alignfull uagb-is-root-container\"><div class=\"uagb-container-inner-blocks-wrap\">\n<div class=\"wp-block-uagb-info-box uagb-block-b8zsyrjz uagb-infobox__content-wrap  uagb-infobox-icon-above-title uagb-infobox-image-valign-top\"><div class=\"uagb-ifb-content\"><div class=\"uagb-ifb-title-wrap\"><h2 class=\"uagb-ifb-title\">Garantice energ\u00eda ininterrumpida para su centro de datos<\/h2><\/div><p class=\"uagb-ifb-desc\">Los sistemas de alimentaci\u00f3n ininterrumpida (SAI) son esenciales para la estabilidad de las operaciones cr\u00edticas de los centros de datos. En RhimoPower, reconocemos que incluso un breve periodo de inactividad puede provocar p\u00e9rdidas financieras significativas y un da\u00f1o a la reputaci\u00f3n.<br>Nuestras soluciones UPS est\u00e1n dise\u00f1adas para una integraci\u00f3n perfecta y brindan energ\u00eda limpia y confiable para mantener su infraestructura en funcionamiento, incluso cuando falla la fuente de energ\u00eda principal.<\/p><\/div><\/div>\n\n\n\n<div class=\"wp-block-uagb-image alignleft uagb-block-yohighth wp-block-uagb-image--layout-default wp-block-uagb-image--effect-static wp-block-uagb-image--align-left\"><figure class=\"wp-block-uagb-image__figure\"><img decoding=\"async\" srcset=\"https:\/\/www.rhimopower.com\/wp-content\/uploads\/2025\/05\/double-conversion-tower-ups-rhomo-rm33-10-80k-h-4-min-972x1024.jpg ,https:\/\/www.rhimopower.com\/wp-content\/uploads\/2025\/05\/double-conversion-tower-ups-rhomo-rm33-10-80k-h-4-min.jpg 780w, https:\/\/www.rhimopower.com\/wp-content\/uploads\/2025\/05\/double-conversion-tower-ups-rhomo-rm33-10-80k-h-4-min.jpg 360w\" sizes=\"auto, (max-width: 480px) 150px\" src=\"https:\/\/www.rhimopower.com\/wp-content\/uploads\/2025\/05\/double-conversion-tower-ups-rhomo-rm33-10-80k-h-4-min-972x1024.jpg\" alt=\"SAI de torre de doble conversi\u00f3n Rhomo RM33-10-80K\" class=\"uag-image-2054\" width=\"564\" height=\"450\" title=\"UPS de torre de doble conversi\u00f3n Rhomo RM33 de 10 a 80\u00a0000 h y 4 min\" loading=\"lazy\" role=\"img\"\/><\/figure><\/div>\n<\/div><\/div>\n\n\n\n<div class=\"wp-block-uagb-container uagb-block-nax3zuk1 alignfull uagb-is-root-container\"><div class=\"uagb-container-inner-blocks-wrap\">\n<p>Nuestra soluci\u00f3n para centros de datos abarca sistemas de alimentaci\u00f3n ininterrumpida (SAI), sistemas de refrigeraci\u00f3n de precisi\u00f3n, gesti\u00f3n de infraestructura de centros de datos (DCIM) y racks y accesorios. Como socio de confianza durante todo el ciclo de vida del centro de datos, desde la consultor\u00eda y el dise\u00f1o hasta la instalaci\u00f3n, la operaci\u00f3n y el mantenimiento, RhimoPower ofrece soluciones optimizadas y llave en mano, adaptadas a las necesidades del cliente. Ya sea para centros de datos locales o prefabricados, RhimoPower garantiza rendimiento, eficiencia y fiabilidad en cada etapa.<\/p>\n<\/div><\/div>\n\n\n\n<div class=\"wp-block-uagb-container uagb-block-nqcko8vi alignfull uagb-is-root-container\"><div class=\"uagb-container-inner-blocks-wrap\">\n<div class=\"wp-block-uagb-info-box uagb-block-b09kxwp9 uagb-infobox__content-wrap  uagb-infobox-icon-above-title uagb-infobox-image-valign-top\"><div class=\"uagb-ifb-content\"><div class=\"uagb-ifb-title-wrap\"><h2 class=\"uagb-ifb-title\">Solicitar una cotizaci\u00f3n<\/h2><\/div><\/div><\/div>\n\n\n\n<div class=\"wp-block-uagb-container uagb-block-0ak9uz1o\">\n<div class=\"wp-block-uagb-buttons uagb-buttons__outer-wrap uagb-btn__default-btn uagb-btn-tablet__default-btn uagb-btn-mobile__default-btn uagb-block-uvvbym5v\"><div class=\"uagb-buttons__wrap uagb-buttons-layout-wrap\">\n<div class=\"wp-block-uagb-buttons-child uagb-buttons__outer-wrap uagb-block-ssxdth1a wp-block-button\"><div class=\"uagb-button__wrapper\"><a class=\"uagb-buttons-repeater wp-block-button__link\" aria-label=\"\" href=\"\/es\/contact\/\" rel=\"follow noopener\" target=\"_self\" role=\"button\"><div class=\"uagb-button__link\">Cont\u00e1ctanos<\/div><\/a><\/div><\/div>\n<\/div><\/div>\n\n\n\n<div class=\"wp-block-uagb-info-box uagb-block-vvxxewxe uagb-infobox__content-wrap  uagb-infobox-icon-above-title uagb-infobox-image-valign-top\"><div class=\"uagb-ifb-content\"><div class=\"uagb-ifb-title-wrap\"><\/div><p class=\"uagb-ifb-desc\">RhimoPower ofrece protecci\u00f3n energ\u00e9tica confiable para aplicaciones cr\u00edticas con una gama completa de soluciones SAI: aut\u00f3nomas o modulares, monof\u00e1sicas o trif\u00e1sicas, y escalables a megavatios. Dise\u00f1ados para alta eficiencia y redundancia, nuestros sistemas SAI garantizan m\u00e1xima disponibilidad y resiliencia para operaciones siempre activas.<\/p><\/div><\/div>\n<\/div>\n<\/div><\/div>","protected":false},"excerpt":{"rendered":"<p>Our data center solution encompassing uninterruptible power supplies (UPS), precision cooling systems, data center infrastructure management (DCIM), and racks &amp; [&hellip;]<\/p>\n","protected":false},"author":1,"featured_media":0,"parent":0,"menu_order":0,"comment_status":"closed","ping_status":"closed","template":"","meta":{"_acf_changed":false,"_uag_custom_page_level_css":"","site-sidebar-layout":"default","site-content-layout":"","ast-site-content-layout":"default","site-content-style":"default","site-sidebar-style":"default","ast-global-header-display":"","ast-banner-title-visibility":"","ast-main-header-display":"","ast-hfb-above-header-display":"","ast-hfb-below-header-display":"","ast-hfb-mobile-header-display":"","site-post-title":"disabled","ast-breadcrumbs-content":"","ast-featured-img":"","footer-sml-layout":"","theme-transparent-header-meta":"","adv-header-id-meta":"","stick-header-meta":"","header-above-stick-meta":"","header-main-stick-meta":"","header-below-stick-meta":"","astra-migrate-meta-layouts":"set","ast-page-background-enabled":"default","ast-page-background-meta":{"desktop":{"background-color":"var(--ast-global-color-4)","background-image":"","background-repeat":"repeat","background-position":"center center","background-size":"auto","background-attachment":"scroll","background-type":"","background-media":"","overlay-type":"","overlay-color":"","overlay-opacity":"","overlay-gradient":""},"tablet":{"background-color":"","background-image":"","background-repeat":"repeat","background-position":"center center","background-size":"auto","background-attachment":"scroll","background-type":"","background-media":"","overlay-type":"","overlay-color":"","overlay-opacity":"","overlay-gradient":""},"mobile":{"background-color":"","background-image":"","background-repeat":"repeat","background-position":"center center","background-size":"auto","background-attachment":"scroll","background-type":"","background-media":"","overlay-type":"","overlay-color":"","overlay-opacity":"","overlay-gradient":""}},"ast-content-background-meta":{"desktop":{"background-color":"var(--ast-global-color-5)","background-image":"","background-repeat":"repeat","background-position":"center center","background-size":"auto","background-attachment":"scroll","background-type":"","background-media":"","overlay-type":"","overlay-color":"","overlay-opacity":"","overlay-gradient":""},"tablet":{"background-color":"var(--ast-global-color-5)","background-image":"","background-repeat":"repeat","background-position":"center center","background-size":"auto","background-attachment":"scroll","background-type":"","background-media":"","overlay-type":"","overlay-color":"","overlay-opacity":"","overlay-gradient":""},"mobile":{"background-color":"var(--ast-global-color-5)","background-image":"","background-repeat":"repeat","background-position":"center center","background-size":"auto","background-attachment":"scroll","background-type":"","background-media":"","overlay-type":"","overlay-color":"","overlay-opacity":"","overlay-gradient":""}},"footnotes":""},"class_list":["post-2192","page","type-page","status-publish","hentry"],"acf":[],"yoast_head":"<!-- This site is optimized with the Yoast SEO plugin v27.3 - https:\/\/yoast.com\/product\/yoast-seo-wordpress\/ -->\n<title>UPS for data center, data center ups systems - RhimoPower<\/title>\n<meta name=\"description\" content=\"Ensure 24\/7 uptime with RhimoPower&#039;s high-performance UPS systems for data centers. Scalable, efficient, and engineered for mission-critical reliability.\" \/>\n<meta name=\"robots\" content=\"index, follow, max-snippet:-1, max-image-preview:large, max-video-preview:-1\" \/>\n<link rel=\"canonical\" href=\"https:\/\/www.rhimopower.com\/es\/ups-for-data-center-data-center-ups-systems\/\" \/>\n<meta property=\"og:locale\" content=\"es_ES\" \/>\n<meta property=\"og:type\" content=\"article\" \/>\n<meta property=\"og:title\" content=\"UPS for data center, data center ups systems - RhimoPower\" \/>\n<meta property=\"og:description\" content=\"Ensure 24\/7 uptime with RhimoPower&#039;s high-performance UPS systems for data centers. Scalable, efficient, and engineered for mission-critical reliability.\" \/>\n<meta property=\"og:url\" content=\"https:\/\/www.rhimopower.com\/es\/ups-for-data-center-data-center-ups-systems\/\" \/>\n<meta property=\"og:site_name\" content=\"RhimoPower\" \/>\n<meta property=\"article:modified_time\" content=\"2025-06-23T02:41:12+00:00\" \/>\n<meta property=\"og:image\" content=\"https:\/\/www.rhimopower.com\/wp-content\/uploads\/2025\/05\/double-conversion-tower-ups-rhomo-rm33-10-80k-h-4-min-972x1024.jpg\" \/>\n<meta name=\"twitter:card\" content=\"summary_large_image\" \/>\n<meta name=\"twitter:label1\" content=\"Tiempo de lectura\" \/>\n\t<meta name=\"twitter:data1\" content=\"2 minutos\" \/>\n<script type=\"application\/ld+json\" class=\"yoast-schema-graph\">{\"@context\":\"https:\\\/\\\/schema.org\",\"@graph\":[{\"@type\":\"WebPage\",\"@id\":\"https:\\\/\\\/www.rhimopower.com\\\/ups-for-data-center-data-center-ups-systems\\\/\",\"url\":\"https:\\\/\\\/www.rhimopower.com\\\/ups-for-data-center-data-center-ups-systems\\\/\",\"name\":\"UPS for data center, data center ups systems - RhimoPower\",\"isPartOf\":{\"@id\":\"https:\\\/\\\/www.rhimopower.com\\\/#website\"},\"primaryImageOfPage\":{\"@id\":\"https:\\\/\\\/www.rhimopower.com\\\/ups-for-data-center-data-center-ups-systems\\\/#primaryimage\"},\"image\":{\"@id\":\"https:\\\/\\\/www.rhimopower.com\\\/ups-for-data-center-data-center-ups-systems\\\/#primaryimage\"},\"thumbnailUrl\":\"https:\\\/\\\/www.rhimopower.com\\\/wp-content\\\/uploads\\\/2025\\\/05\\\/double-conversion-tower-ups-rhomo-rm33-10-80k-h-4-min-972x1024.jpg\",\"datePublished\":\"2025-06-23T02:23:22+00:00\",\"dateModified\":\"2025-06-23T02:41:12+00:00\",\"description\":\"Ensure 24\\\/7 uptime with RhimoPower's high-performance UPS systems for data centers. Scalable, efficient, and engineered for mission-critical reliability.\",\"breadcrumb\":{\"@id\":\"https:\\\/\\\/www.rhimopower.com\\\/ups-for-data-center-data-center-ups-systems\\\/#breadcrumb\"},\"inLanguage\":\"es\",\"potentialAction\":[{\"@type\":\"ReadAction\",\"target\":[\"https:\\\/\\\/www.rhimopower.com\\\/ups-for-data-center-data-center-ups-systems\\\/\"]}]},{\"@type\":\"ImageObject\",\"inLanguage\":\"es\",\"@id\":\"https:\\\/\\\/www.rhimopower.com\\\/ups-for-data-center-data-center-ups-systems\\\/#primaryimage\",\"url\":\"https:\\\/\\\/www.rhimopower.com\\\/wp-content\\\/uploads\\\/2025\\\/05\\\/double-conversion-tower-ups-rhomo-rm33-10-80k-h-4-min-972x1024.jpg\",\"contentUrl\":\"https:\\\/\\\/www.rhimopower.com\\\/wp-content\\\/uploads\\\/2025\\\/05\\\/double-conversion-tower-ups-rhomo-rm33-10-80k-h-4-min-972x1024.jpg\"},{\"@type\":\"BreadcrumbList\",\"@id\":\"https:\\\/\\\/www.rhimopower.com\\\/ups-for-data-center-data-center-ups-systems\\\/#breadcrumb\",\"itemListElement\":[{\"@type\":\"ListItem\",\"position\":1,\"name\":\"Home\",\"item\":\"https:\\\/\\\/www.rhimopower.com\\\/\"},{\"@type\":\"ListItem\",\"position\":2,\"name\":\"UPS for data center, data center ups systems\"}]},{\"@type\":\"WebSite\",\"@id\":\"https:\\\/\\\/www.rhimopower.com\\\/#website\",\"url\":\"https:\\\/\\\/www.rhimopower.com\\\/\",\"name\":\"RhimoPower\",\"description\":\"\",\"publisher\":{\"@id\":\"https:\\\/\\\/www.rhimopower.com\\\/#organization\"},\"potentialAction\":[{\"@type\":\"SearchAction\",\"target\":{\"@type\":\"EntryPoint\",\"urlTemplate\":\"https:\\\/\\\/www.rhimopower.com\\\/?s={search_term_string}\"},\"query-input\":{\"@type\":\"PropertyValueSpecification\",\"valueRequired\":true,\"valueName\":\"search_term_string\"}}],\"inLanguage\":\"es\"},{\"@type\":\"Organization\",\"@id\":\"https:\\\/\\\/www.rhimopower.com\\\/#organization\",\"name\":\"RhimoPower\",\"url\":\"https:\\\/\\\/www.rhimopower.com\\\/\",\"logo\":{\"@type\":\"ImageObject\",\"inLanguage\":\"es\",\"@id\":\"https:\\\/\\\/www.rhimopower.com\\\/#\\\/schema\\\/logo\\\/image\\\/\",\"url\":\"https:\\\/\\\/www.rhimopower.com\\\/wp-content\\\/uploads\\\/2025\\\/04\\\/cropped-rhimo-logo.png\",\"contentUrl\":\"https:\\\/\\\/www.rhimopower.com\\\/wp-content\\\/uploads\\\/2025\\\/04\\\/cropped-rhimo-logo.png\",\"width\":1998,\"height\":667,\"caption\":\"RhimoPower\"},\"image\":{\"@id\":\"https:\\\/\\\/www.rhimopower.com\\\/#\\\/schema\\\/logo\\\/image\\\/\"}}]}<\/script>\n<!-- \/ Yoast SEO plugin. -->","yoast_head_json":{"title":"Sistemas UPS para centros de datos - RhimoPower","description":"Garantice un funcionamiento continuo con los sistemas UPS de alto rendimiento de RhimoPower para centros de datos. Escalables, eficientes y dise\u00f1ados para una confiabilidad cr\u00edtica.","robots":{"index":"index","follow":"follow","max-snippet":"max-snippet:-1","max-image-preview":"max-image-preview:large","max-video-preview":"max-video-preview:-1"},"canonical":"https:\/\/www.rhimopower.com\/es\/ups-for-data-center-data-center-ups-systems\/","og_locale":"es_ES","og_type":"article","og_title":"UPS for data center, data center ups systems - RhimoPower","og_description":"Ensure 24\/7 uptime with RhimoPower's high-performance UPS systems for data centers. Scalable, efficient, and engineered for mission-critical reliability.","og_url":"https:\/\/www.rhimopower.com\/es\/ups-for-data-center-data-center-ups-systems\/","og_site_name":"RhimoPower","article_modified_time":"2025-06-23T02:41:12+00:00","og_image":[{"url":"https:\/\/www.rhimopower.com\/wp-content\/uploads\/2025\/05\/double-conversion-tower-ups-rhomo-rm33-10-80k-h-4-min-972x1024.jpg","type":"","width":"","height":""}],"twitter_card":"summary_large_image","twitter_misc":{"Tiempo de lectura":"2 minutos"},"schema":{"@context":"https:\/\/schema.org","@graph":[{"@type":"WebPage","@id":"https:\/\/www.rhimopower.com\/ups-for-data-center-data-center-ups-systems\/","url":"https:\/\/www.rhimopower.com\/ups-for-data-center-data-center-ups-systems\/","name":"Sistemas UPS para centros de datos - RhimoPower","isPartOf":{"@id":"https:\/\/www.rhimopower.com\/#website"},"primaryImageOfPage":{"@id":"https:\/\/www.rhimopower.com\/ups-for-data-center-data-center-ups-systems\/#primaryimage"},"image":{"@id":"https:\/\/www.rhimopower.com\/ups-for-data-center-data-center-ups-systems\/#primaryimage"},"thumbnailUrl":"https:\/\/www.rhimopower.com\/wp-content\/uploads\/2025\/05\/double-conversion-tower-ups-rhomo-rm33-10-80k-h-4-min-972x1024.jpg","datePublished":"2025-06-23T02:23:22+00:00","dateModified":"2025-06-23T02:41:12+00:00","description":"Garantice un funcionamiento continuo con los sistemas UPS de alto rendimiento de RhimoPower para centros de datos. Escalables, eficientes y dise\u00f1ados para una confiabilidad cr\u00edtica.","breadcrumb":{"@id":"https:\/\/www.rhimopower.com\/ups-for-data-center-data-center-ups-systems\/#breadcrumb"},"inLanguage":"es","potentialAction":[{"@type":"ReadAction","target":["https:\/\/www.rhimopower.com\/ups-for-data-center-data-center-ups-systems\/"]}]},{"@type":"ImageObject","inLanguage":"es","@id":"https:\/\/www.rhimopower.com\/ups-for-data-center-data-center-ups-systems\/#primaryimage","url":"https:\/\/www.rhimopower.com\/wp-content\/uploads\/2025\/05\/double-conversion-tower-ups-rhomo-rm33-10-80k-h-4-min-972x1024.jpg","contentUrl":"https:\/\/www.rhimopower.com\/wp-content\/uploads\/2025\/05\/double-conversion-tower-ups-rhomo-rm33-10-80k-h-4-min-972x1024.jpg"},{"@type":"BreadcrumbList","@id":"https:\/\/www.rhimopower.com\/ups-for-data-center-data-center-ups-systems\/#breadcrumb","itemListElement":[{"@type":"ListItem","position":1,"name":"Home","item":"https:\/\/www.rhimopower.com\/"},{"@type":"ListItem","position":2,"name":"UPS for data center, data center ups systems"}]},{"@type":"WebSite","@id":"https:\/\/www.rhimopower.com\/#website","url":"https:\/\/www.rhimopower.com\/","name":"RhimoPower","description":"","publisher":{"@id":"https:\/\/www.rhimopower.com\/#organization"},"potentialAction":[{"@type":"SearchAction","target":{"@type":"EntryPoint","urlTemplate":"https:\/\/www.rhimopower.com\/?s={search_term_string}"},"query-input":{"@type":"PropertyValueSpecification","valueRequired":true,"valueName":"search_term_string"}}],"inLanguage":"es"},{"@type":"Organization","@id":"https:\/\/www.rhimopower.com\/#organization","name":"RhimoPower","url":"https:\/\/www.rhimopower.com\/","logo":{"@type":"ImageObject","inLanguage":"es","@id":"https:\/\/www.rhimopower.com\/#\/schema\/logo\/image\/","url":"https:\/\/www.rhimopower.com\/wp-content\/uploads\/2025\/04\/cropped-rhimo-logo.png","contentUrl":"https:\/\/www.rhimopower.com\/wp-content\/uploads\/2025\/04\/cropped-rhimo-logo.png","width":1998,"height":667,"caption":"RhimoPower"},"image":{"@id":"https:\/\/www.rhimopower.com\/#\/schema\/logo\/image\/"}}]}},"uagb_featured_image_src":{"full":false,"thumbnail":false,"medium":false,"medium_large":false,"large":false,"1536x1536":false,"2048x2048":false,"trp-custom-language-flag":false,"woocommerce_thumbnail":false,"woocommerce_single":false,"woocommerce_gallery_thumbnail":false},"uagb_author_info":{"display_name":"Rebecca Lee","author_link":"https:\/\/www.rhimopower.com\/es\/author\/rebecca-lee\/"},"uagb_comment_info":0,"uagb_excerpt":"Our data center solution encompassing uninterruptible power supplies (UPS), precision cooling systems, data center infrastructure management (DCIM), and racks &amp; [&hellip;]","_links":{"self":[{"href":"https:\/\/www.rhimopower.com\/es\/wp-json\/wp\/v2\/pages\/2192","targetHints":{"allow":["GET"]}}],"collection":[{"href":"https:\/\/www.rhimopower.com\/es\/wp-json\/wp\/v2\/pages"}],"about":[{"href":"https:\/\/www.rhimopower.com\/es\/wp-json\/wp\/v2\/types\/page"}],"author":[{"embeddable":true,"href":"https:\/\/www.rhimopower.com\/es\/wp-json\/wp\/v2\/users\/1"}],"replies":[{"embeddable":true,"href":"https:\/\/www.rhimopower.com\/es\/wp-json\/wp\/v2\/comments?post=2192"}],"version-history":[{"count":4,"href":"https:\/\/www.rhimopower.com\/es\/wp-json\/wp\/v2\/pages\/2192\/revisions"}],"predecessor-version":[{"id":2200,"href":"https:\/\/www.rhimopower.com\/es\/wp-json\/wp\/v2\/pages\/2192\/revisions\/2200"}],"wp:attachment":[{"href":"https:\/\/www.rhimopower.com\/es\/wp-json\/wp\/v2\/media?parent=2192"}],"curies":[{"name":"wp","href":"https:\/\/api.w.org\/{rel}","templated":true}]}}