{"id":1982,"date":"2025-05-16T03:51:07","date_gmt":"2025-05-16T03:51:07","guid":{"rendered":"https:\/\/www.rhimopower.com\/?post_type=product&#038;p=1982"},"modified":"2025-05-16T03:51:42","modified_gmt":"2025-05-16T03:51:42","slug":"snmp-card","status":"publish","type":"product","link":"https:\/\/www.rhimopower.com\/es\/producto\/snmp-card\/","title":{"rendered":"Tarjeta SNMP"},"content":{"rendered":"<p>La tarjeta SNMP (Protocolo Simple de Administraci\u00f3n de Red) permite la monitorizaci\u00f3n y gesti\u00f3n remotas de su sistema SAI a trav\u00e9s de una red. Permite actualizaciones de estado en tiempo real, notificaciones de eventos y gesti\u00f3n de energ\u00eda mediante un navegador web o un software de gesti\u00f3n de red, ideal para centros de datos y entornos de TI.<\/p>","protected":false},"excerpt":{"rendered":"<ul>\n<li>Se pueden controlar y monitorear varias unidades UPS a trav\u00e9s de la interfaz RJ-45.<\/li>\n<li>Muestra datos del UPS (voltaje, frecuencia, nivel de carga, capacidad de la bater\u00eda) en una interfaz gr\u00e1fica din\u00e1mica y en tiempo real.<\/li>\n<li>Las notificaciones de advertencia se pueden enviar a trav\u00e9s de alarmas audibles y visuales, transmisiones, mensajeros m\u00f3viles, trampas SNMP y correos electr\u00f3nicos.<\/li>\n<li>Los datos hist\u00f3ricos se pueden almacenar en la base de datos de la computadora terminal y el firmware se puede actualizar f\u00e1cilmente.<\/li>\n<\/ul>","protected":false},"featured_media":1983,"template":"","meta":{"_acf_changed":false,"_uag_custom_page_level_css":"","site-sidebar-layout":"default","site-content-layout":"","ast-site-content-layout":"default","site-content-style":"default","site-sidebar-style":"default","ast-global-header-display":"","ast-banner-title-visibility":"","ast-main-header-display":"","ast-hfb-above-header-display":"","ast-hfb-below-header-display":"","ast-hfb-mobile-header-display":"","site-post-title":"","ast-breadcrumbs-content":"","ast-featured-img":"","footer-sml-layout":"","theme-transparent-header-meta":"default","adv-header-id-meta":"","stick-header-meta":"","header-above-stick-meta":"","header-main-stick-meta":"","header-below-stick-meta":"","astra-migrate-meta-layouts":"set","ast-page-background-enabled":"default","ast-page-background-meta":{"desktop":{"background-color":"var(--ast-global-color-4)","background-image":"","background-repeat":"repeat","background-position":"center center","background-size":"auto","background-attachment":"scroll","background-type":"","background-media":"","overlay-type":"","overlay-color":"","overlay-opacity":"","overlay-gradient":""},"tablet":{"background-color":"","background-image":"","background-repeat":"repeat","background-position":"center center","background-size":"auto","background-attachment":"scroll","background-type":"","background-media":"","overlay-type":"","overlay-color":"","overlay-opacity":"","overlay-gradient":""},"mobile":{"background-color":"","background-image":"","background-repeat":"repeat","background-position":"center center","background-size":"auto","background-attachment":"scroll","background-type":"","background-media":"","overlay-type":"","overlay-color":"","overlay-opacity":"","overlay-gradient":""}},"ast-content-background-meta":{"desktop":{"background-color":"var(--ast-global-color-5)","background-image":"","background-repeat":"repeat","background-position":"center center","background-size":"auto","background-attachment":"scroll","background-type":"","background-media":"","overlay-type":"","overlay-color":"","overlay-opacity":"","overlay-gradient":""},"tablet":{"background-color":"var(--ast-global-color-5)","background-image":"","background-repeat":"repeat","background-position":"center center","background-size":"auto","background-attachment":"scroll","background-type":"","background-media":"","overlay-type":"","overlay-color":"","overlay-opacity":"","overlay-gradient":""},"mobile":{"background-color":"var(--ast-global-color-5)","background-image":"","background-repeat":"repeat","background-position":"center center","background-size":"auto","background-attachment":"scroll","background-type":"","background-media":"","overlay-type":"","overlay-color":"","overlay-opacity":"","overlay-gradient":""}}},"product_brand":[],"product_cat":[26],"product_tag":[],"class_list":{"0":"post-1982","1":"product","2":"type-product","3":"status-publish","4":"has-post-thumbnail","6":"product_cat-ups-accessories","7":"desktop-align-left","8":"tablet-align-left","9":"mobile-align-left","11":"first","12":"instock","13":"shipping-taxable","14":"product-type-simple"},"acf":{"product_specifications":""},"yoast_head":"<!-- This site is optimized with the Yoast SEO plugin v27.3 - https:\/\/yoast.com\/product\/yoast-seo-wordpress\/ -->\n<title>SNMP card - RhimoPower<\/title>\n<meta name=\"robots\" content=\"index, follow, max-snippet:-1, max-image-preview:large, max-video-preview:-1\" \/>\n<link rel=\"canonical\" href=\"https:\/\/www.rhimopower.com\/es\/producto\/snmp-card\/\" \/>\n<meta property=\"og:locale\" content=\"es_ES\" \/>\n<meta property=\"og:type\" content=\"article\" \/>\n<meta property=\"og:title\" content=\"SNMP card - RhimoPower\" \/>\n<meta property=\"og:description\" content=\"Multiple UPS units can be controlled and monitored via the RJ - 45 interface.  It displays UPS data (voltage, frequency, load level, battery capacity) in a real-time and dynamic graphical interface.  Warning notifications can be sent through audible and visual alarms, broadcasts, mobile messengers, SNMP traps, and emails.  Historical data can be stored in the database of the terminal computer, and the firmware can be easiRM updated.\" \/>\n<meta property=\"og:url\" content=\"https:\/\/www.rhimopower.com\/es\/producto\/snmp-card\/\" \/>\n<meta property=\"og:site_name\" content=\"RhimoPower\" \/>\n<meta property=\"article:modified_time\" content=\"2025-05-16T03:51:42+00:00\" \/>\n<meta property=\"og:image\" content=\"https:\/\/www.rhimopower.com\/wp-content\/uploads\/2025\/05\/snmp-card-min.png\" \/>\n\t<meta property=\"og:image:width\" content=\"543\" \/>\n\t<meta property=\"og:image:height\" content=\"531\" \/>\n\t<meta property=\"og:image:type\" content=\"image\/png\" \/>\n<meta name=\"twitter:card\" content=\"summary_large_image\" \/>\n<meta name=\"twitter:label1\" content=\"Tiempo de lectura\" \/>\n\t<meta name=\"twitter:data1\" content=\"1 minuto\" \/>\n<script type=\"application\/ld+json\" class=\"yoast-schema-graph\">{\"@context\":\"https:\\\/\\\/schema.org\",\"@graph\":[{\"@type\":\"WebPage\",\"@id\":\"https:\\\/\\\/www.rhimopower.com\\\/product\\\/snmp-card\\\/\",\"url\":\"https:\\\/\\\/www.rhimopower.com\\\/product\\\/snmp-card\\\/\",\"name\":\"SNMP card - RhimoPower\",\"isPartOf\":{\"@id\":\"https:\\\/\\\/www.rhimopower.com\\\/#website\"},\"primaryImageOfPage\":{\"@id\":\"https:\\\/\\\/www.rhimopower.com\\\/product\\\/snmp-card\\\/#primaryimage\"},\"image\":{\"@id\":\"https:\\\/\\\/www.rhimopower.com\\\/product\\\/snmp-card\\\/#primaryimage\"},\"thumbnailUrl\":\"https:\\\/\\\/www.rhimopower.com\\\/wp-content\\\/uploads\\\/2025\\\/05\\\/snmp-card-min.png\",\"datePublished\":\"2025-05-16T03:51:07+00:00\",\"dateModified\":\"2025-05-16T03:51:42+00:00\",\"breadcrumb\":{\"@id\":\"https:\\\/\\\/www.rhimopower.com\\\/product\\\/snmp-card\\\/#breadcrumb\"},\"inLanguage\":\"es\",\"potentialAction\":[{\"@type\":\"ReadAction\",\"target\":[\"https:\\\/\\\/www.rhimopower.com\\\/product\\\/snmp-card\\\/\"]}]},{\"@type\":\"ImageObject\",\"inLanguage\":\"es\",\"@id\":\"https:\\\/\\\/www.rhimopower.com\\\/product\\\/snmp-card\\\/#primaryimage\",\"url\":\"https:\\\/\\\/www.rhimopower.com\\\/wp-content\\\/uploads\\\/2025\\\/05\\\/snmp-card-min.png\",\"contentUrl\":\"https:\\\/\\\/www.rhimopower.com\\\/wp-content\\\/uploads\\\/2025\\\/05\\\/snmp-card-min.png\",\"width\":543,\"height\":531,\"caption\":\"SNPM card\"},{\"@type\":\"BreadcrumbList\",\"@id\":\"https:\\\/\\\/www.rhimopower.com\\\/product\\\/snmp-card\\\/#breadcrumb\",\"itemListElement\":[{\"@type\":\"ListItem\",\"position\":1,\"name\":\"Home\",\"item\":\"https:\\\/\\\/www.rhimopower.com\\\/\"},{\"@type\":\"ListItem\",\"position\":2,\"name\":\"Products\",\"item\":\"https:\\\/\\\/www.rhimopower.com\\\/products\\\/\"},{\"@type\":\"ListItem\",\"position\":3,\"name\":\"SNMP card\"}]},{\"@type\":\"WebSite\",\"@id\":\"https:\\\/\\\/www.rhimopower.com\\\/#website\",\"url\":\"https:\\\/\\\/www.rhimopower.com\\\/\",\"name\":\"RhimoPower\",\"description\":\"\",\"publisher\":{\"@id\":\"https:\\\/\\\/www.rhimopower.com\\\/#organization\"},\"potentialAction\":[{\"@type\":\"SearchAction\",\"target\":{\"@type\":\"EntryPoint\",\"urlTemplate\":\"https:\\\/\\\/www.rhimopower.com\\\/?s={search_term_string}\"},\"query-input\":{\"@type\":\"PropertyValueSpecification\",\"valueRequired\":true,\"valueName\":\"search_term_string\"}}],\"inLanguage\":\"es\"},{\"@type\":\"Organization\",\"@id\":\"https:\\\/\\\/www.rhimopower.com\\\/#organization\",\"name\":\"RhimoPower\",\"url\":\"https:\\\/\\\/www.rhimopower.com\\\/\",\"logo\":{\"@type\":\"ImageObject\",\"inLanguage\":\"es\",\"@id\":\"https:\\\/\\\/www.rhimopower.com\\\/#\\\/schema\\\/logo\\\/image\\\/\",\"url\":\"https:\\\/\\\/www.rhimopower.com\\\/wp-content\\\/uploads\\\/2025\\\/04\\\/cropped-rhimo-logo.png\",\"contentUrl\":\"https:\\\/\\\/www.rhimopower.com\\\/wp-content\\\/uploads\\\/2025\\\/04\\\/cropped-rhimo-logo.png\",\"width\":1998,\"height\":667,\"caption\":\"RhimoPower\"},\"image\":{\"@id\":\"https:\\\/\\\/www.rhimopower.com\\\/#\\\/schema\\\/logo\\\/image\\\/\"}}]}<\/script>\n<!-- \/ Yoast SEO plugin. -->","yoast_head_json":{"title":"Tarjeta SNMP - RhimoPower","robots":{"index":"index","follow":"follow","max-snippet":"max-snippet:-1","max-image-preview":"max-image-preview:large","max-video-preview":"max-video-preview:-1"},"canonical":"https:\/\/www.rhimopower.com\/es\/producto\/snmp-card\/","og_locale":"es_ES","og_type":"article","og_title":"SNMP card - RhimoPower","og_description":"Multiple UPS units can be controlled and monitored via the RJ - 45 interface.  It displays UPS data (voltage, frequency, load level, battery capacity) in a real-time and dynamic graphical interface.  Warning notifications can be sent through audible and visual alarms, broadcasts, mobile messengers, SNMP traps, and emails.  Historical data can be stored in the database of the terminal computer, and the firmware can be easiRM updated.","og_url":"https:\/\/www.rhimopower.com\/es\/producto\/snmp-card\/","og_site_name":"RhimoPower","article_modified_time":"2025-05-16T03:51:42+00:00","og_image":[{"width":543,"height":531,"url":"https:\/\/www.rhimopower.com\/wp-content\/uploads\/2025\/05\/snmp-card-min.png","type":"image\/png"}],"twitter_card":"summary_large_image","twitter_misc":{"Tiempo de lectura":"1 minuto"},"schema":{"@context":"https:\/\/schema.org","@graph":[{"@type":"WebPage","@id":"https:\/\/www.rhimopower.com\/product\/snmp-card\/","url":"https:\/\/www.rhimopower.com\/product\/snmp-card\/","name":"Tarjeta SNMP - RhimoPower","isPartOf":{"@id":"https:\/\/www.rhimopower.com\/#website"},"primaryImageOfPage":{"@id":"https:\/\/www.rhimopower.com\/product\/snmp-card\/#primaryimage"},"image":{"@id":"https:\/\/www.rhimopower.com\/product\/snmp-card\/#primaryimage"},"thumbnailUrl":"https:\/\/www.rhimopower.com\/wp-content\/uploads\/2025\/05\/snmp-card-min.png","datePublished":"2025-05-16T03:51:07+00:00","dateModified":"2025-05-16T03:51:42+00:00","breadcrumb":{"@id":"https:\/\/www.rhimopower.com\/product\/snmp-card\/#breadcrumb"},"inLanguage":"es","potentialAction":[{"@type":"ReadAction","target":["https:\/\/www.rhimopower.com\/product\/snmp-card\/"]}]},{"@type":"ImageObject","inLanguage":"es","@id":"https:\/\/www.rhimopower.com\/product\/snmp-card\/#primaryimage","url":"https:\/\/www.rhimopower.com\/wp-content\/uploads\/2025\/05\/snmp-card-min.png","contentUrl":"https:\/\/www.rhimopower.com\/wp-content\/uploads\/2025\/05\/snmp-card-min.png","width":543,"height":531,"caption":"SNPM card"},{"@type":"BreadcrumbList","@id":"https:\/\/www.rhimopower.com\/product\/snmp-card\/#breadcrumb","itemListElement":[{"@type":"ListItem","position":1,"name":"Home","item":"https:\/\/www.rhimopower.com\/"},{"@type":"ListItem","position":2,"name":"Products","item":"https:\/\/www.rhimopower.com\/products\/"},{"@type":"ListItem","position":3,"name":"SNMP card"}]},{"@type":"WebSite","@id":"https:\/\/www.rhimopower.com\/#website","url":"https:\/\/www.rhimopower.com\/","name":"RhimoPower","description":"","publisher":{"@id":"https:\/\/www.rhimopower.com\/#organization"},"potentialAction":[{"@type":"SearchAction","target":{"@type":"EntryPoint","urlTemplate":"https:\/\/www.rhimopower.com\/?s={search_term_string}"},"query-input":{"@type":"PropertyValueSpecification","valueRequired":true,"valueName":"search_term_string"}}],"inLanguage":"es"},{"@type":"Organization","@id":"https:\/\/www.rhimopower.com\/#organization","name":"RhimoPower","url":"https:\/\/www.rhimopower.com\/","logo":{"@type":"ImageObject","inLanguage":"es","@id":"https:\/\/www.rhimopower.com\/#\/schema\/logo\/image\/","url":"https:\/\/www.rhimopower.com\/wp-content\/uploads\/2025\/04\/cropped-rhimo-logo.png","contentUrl":"https:\/\/www.rhimopower.com\/wp-content\/uploads\/2025\/04\/cropped-rhimo-logo.png","width":1998,"height":667,"caption":"RhimoPower"},"image":{"@id":"https:\/\/www.rhimopower.com\/#\/schema\/logo\/image\/"}}]}},"uagb_featured_image_src":{"full":["https:\/\/www.rhimopower.com\/wp-content\/uploads\/2025\/05\/snmp-card-min.png",543,531,false],"thumbnail":["https:\/\/www.rhimopower.com\/wp-content\/uploads\/2025\/05\/snmp-card-min-150x150.png",150,150,true],"medium":["https:\/\/www.rhimopower.com\/wp-content\/uploads\/2025\/05\/snmp-card-min-300x293.png",300,293,true],"medium_large":["https:\/\/www.rhimopower.com\/wp-content\/uploads\/2025\/05\/snmp-card-min.png",543,531,false],"large":["https:\/\/www.rhimopower.com\/wp-content\/uploads\/2025\/05\/snmp-card-min.png",543,531,false],"1536x1536":["https:\/\/www.rhimopower.com\/wp-content\/uploads\/2025\/05\/snmp-card-min.png",543,531,false],"2048x2048":["https:\/\/www.rhimopower.com\/wp-content\/uploads\/2025\/05\/snmp-card-min.png",543,531,false],"trp-custom-language-flag":["https:\/\/www.rhimopower.com\/wp-content\/uploads\/2025\/05\/snmp-card-min.png",12,12,false],"woocommerce_thumbnail":["https:\/\/www.rhimopower.com\/wp-content\/uploads\/2025\/05\/snmp-card-min-300x300.png",300,300,true],"woocommerce_single":["https:\/\/www.rhimopower.com\/wp-content\/uploads\/2025\/05\/snmp-card-min.png",543,531,false],"woocommerce_gallery_thumbnail":["https:\/\/www.rhimopower.com\/wp-content\/uploads\/2025\/05\/snmp-card-min-100x100.png",100,100,true]},"uagb_author_info":{"display_name":"Rebecca Lee","author_link":"https:\/\/www.rhimopower.com\/es\/author\/"},"uagb_comment_info":0,"uagb_excerpt":"Multiple UPS units can be controlled and monitored via the RJ - 45 interface. It displays UPS data (voltage, frequency, load level, battery capacity) in a real-time and dynamic graphical interface. Warning notifications can be sent through audible and visual alarms, broadcasts, mobile messengers, SNMP traps, and emails. Historical data can be stored in the&hellip;","_links":{"self":[{"href":"https:\/\/www.rhimopower.com\/es\/wp-json\/wp\/v2\/product\/1982","targetHints":{"allow":["GET"]}}],"collection":[{"href":"https:\/\/www.rhimopower.com\/es\/wp-json\/wp\/v2\/product"}],"about":[{"href":"https:\/\/www.rhimopower.com\/es\/wp-json\/wp\/v2\/types\/product"}],"wp:featuredmedia":[{"embeddable":true,"href":"https:\/\/www.rhimopower.com\/es\/wp-json\/wp\/v2\/media\/1983"}],"wp:attachment":[{"href":"https:\/\/www.rhimopower.com\/es\/wp-json\/wp\/v2\/media?parent=1982"}],"wp:term":[{"taxonomy":"product_brand","embeddable":true,"href":"https:\/\/www.rhimopower.com\/es\/wp-json\/wp\/v2\/product_brand?post=1982"},{"taxonomy":"product_cat","embeddable":true,"href":"https:\/\/www.rhimopower.com\/es\/wp-json\/wp\/v2\/product_cat?post=1982"},{"taxonomy":"product_tag","embeddable":true,"href":"https:\/\/www.rhimopower.com\/es\/wp-json\/wp\/v2\/product_tag?post=1982"}],"curies":[{"name":"wp","href":"https:\/\/api.w.org\/{rel}","templated":true}]}}