{"id":2128,"date":"2025-06-03T05:42:06","date_gmt":"2025-06-03T05:42:06","guid":{"rendered":"https:\/\/www.rhimopower.com\/?post_type=product&#038;p=2128"},"modified":"2025-12-09T01:46:46","modified_gmt":"2025-12-09T01:46:46","slug":"smart-modular-ups-rm-fm-series-100-1200kva","status":"publish","type":"product","link":"https:\/\/www.rhimopower.com\/es\/producto\/smart-modular-ups-rm-fm-series-100-1200kva\/","title":{"rendered":"SAI modular inteligente serie RM FM 100-1200 KVA"},"content":{"rendered":"<h2>SOLICITUD<\/h2>\n<p>Este producto ha sido ampliamente utilizado en diversas industrias, como gobierno, finanzas, telecomunicaciones, educaci\u00f3n, transporte, meteorolog\u00eda, radiodifusi\u00f3n, comercio e impuestos, atenci\u00f3n m\u00e9dica, energ\u00eda y energ\u00eda el\u00e9ctrica.<\/p>\n<h3>Caracter\u00edsticas del producto<\/h3>\n<ul>\n<li>Control digital completo con DSP: todas las etapas de conversi\u00f3n de energ\u00eda, incluidas la rectificaci\u00f3n, la inversi\u00f3n, la carga y la descarga, est\u00e1n completamente controladas digitalmente.<\/li>\n<li>Protecci\u00f3n a nivel de componentes para una confiabilidad extrema y una mejor adaptabilidad ambiental.<\/li>\n<li>Pantalla t\u00e1ctil LCD a color ultragrande: pantalla t\u00e1ctil LCD de 10 pulgadas con interfaz gr\u00e1fica para una f\u00e1cil operaci\u00f3n e interacci\u00f3n f\u00e1cil de usar.<\/li>\n<li>Autodiagn\u00f3stico del sistema inteligente con amplios registros de fallas y almacenamiento de datos hist\u00f3ricos de gran capacidad.<\/li>\n<li>La capacidad m\u00e1xima admite hasta 3,2 MW, lo que lo convierte en la opci\u00f3n \u00f3ptima para centros de datos ultra grandes.<\/li>\n<\/ul>","protected":false},"excerpt":{"rendered":"<p>El SAI Modular es una soluci\u00f3n de protecci\u00f3n el\u00e9ctrica escalable y de alto rendimiento, dise\u00f1ada para aplicaciones cr\u00edticas. Con control digital DSP completo, protecci\u00f3n avanzada a nivel de componentes y una pantalla t\u00e1ctil a color de 10 pulgadas intuitiva, garantiza m\u00e1xima fiabilidad y facilidad de uso. Con autodiagn\u00f3stico inteligente, configuraciones flexibles de bater\u00eda y compatibilidad con capacidades de hasta 3,2 MW, es ideal para centros de datos, gobierno, finanzas, telecomunicaciones, sanidad y otros entornos exigentes.<\/p>\n<p>RANGO DE POTENCIA<\/p>\n<p><strong class=\"power-range\">100-1200 kVA<\/strong><\/p>\n<p>FASE DE POTENCIA<\/p>\n<p><strong class=\"power-phase\">Fase 3\/3<\/strong><\/p>\n<p>&nbsp;<\/p>","protected":false},"featured_media":2735,"template":"","meta":{"_acf_changed":false,"_uag_custom_page_level_css":"","site-sidebar-layout":"default","site-content-layout":"","ast-site-content-layout":"default","site-content-style":"default","site-sidebar-style":"default","ast-global-header-display":"","ast-banner-title-visibility":"","ast-main-header-display":"","ast-hfb-above-header-display":"","ast-hfb-below-header-display":"","ast-hfb-mobile-header-display":"","site-post-title":"","ast-breadcrumbs-content":"","ast-featured-img":"","footer-sml-layout":"","theme-transparent-header-meta":"default","adv-header-id-meta":"","stick-header-meta":"","header-above-stick-meta":"","header-main-stick-meta":"","header-below-stick-meta":"","astra-migrate-meta-layouts":"set","ast-page-background-enabled":"default","ast-page-background-meta":{"desktop":{"background-color":"var(--ast-global-color-4)","background-image":"","background-repeat":"repeat","background-position":"center center","background-size":"auto","background-attachment":"scroll","background-type":"","background-media":"","overlay-type":"","overlay-color":"","overlay-opacity":"","overlay-gradient":""},"tablet":{"background-color":"","background-image":"","background-repeat":"repeat","background-position":"center center","background-size":"auto","background-attachment":"scroll","background-type":"","background-media":"","overlay-type":"","overlay-color":"","overlay-opacity":"","overlay-gradient":""},"mobile":{"background-color":"","background-image":"","background-repeat":"repeat","background-position":"center center","background-size":"auto","background-attachment":"scroll","background-type":"","background-media":"","overlay-type":"","overlay-color":"","overlay-opacity":"","overlay-gradient":""}},"ast-content-background-meta":{"desktop":{"background-color":"var(--ast-global-color-5)","background-image":"","background-repeat":"repeat","background-position":"center center","background-size":"auto","background-attachment":"scroll","background-type":"","background-media":"","overlay-type":"","overlay-color":"","overlay-opacity":"","overlay-gradient":""},"tablet":{"background-color":"var(--ast-global-color-5)","background-image":"","background-repeat":"repeat","background-position":"center center","background-size":"auto","background-attachment":"scroll","background-type":"","background-media":"","overlay-type":"","overlay-color":"","overlay-opacity":"","overlay-gradient":""},"mobile":{"background-color":"var(--ast-global-color-5)","background-image":"","background-repeat":"repeat","background-position":"center center","background-size":"auto","background-attachment":"scroll","background-type":"","background-media":"","overlay-type":"","overlay-color":"","overlay-opacity":"","overlay-gradient":""}}},"product_brand":[],"product_cat":[24],"product_tag":[],"class_list":{"0":"post-2128","1":"product","2":"type-product","3":"status-publish","4":"has-post-thumbnail","6":"product_cat-modular-ups","7":"desktop-align-left","8":"tablet-align-left","9":"mobile-align-left","11":"first","12":"instock","13":"shipping-taxable","14":"product-type-simple"},"acf":{"product_specifications":"<div class=\"container mx-auto p-4\">\r\n<table class=\"w-full border-collapse border border-gray-300 text-sm\">\r\n<thead>\r\n<tr class=\"bg-green-100 text-center\">\r\n<th class=\"border border-gray-300 p-2\" colspan=\"2\">Model<\/th>\r\n<th class=\"border border-gray-300 p-2\">RM600\/100<\/th>\r\n<th class=\"border border-gray-300 p-2\">RM800\/100<\/th>\r\n<th class=\"border border-gray-300 p-2\">RM1000\/100<\/th>\r\n<th class=\"border border-gray-300 p-2\">RM1200\/100<\/th>\r\n<\/tr>\r\n<\/thead>\r\n<tbody>\r\n<tr>\r\n<td class=\"border border-gray-300 p-2 bg-green-50\" colspan=\"2\">Capacity<\/td>\r\n<td class=\"border border-gray-300 p-2\">600kVA\/600kW<\/td>\r\n<td class=\"border border-gray-300 p-2\">800kVA\/800kW<\/td>\r\n<td class=\"border border-gray-300 p-2\">1000kVA\/1000kW<\/td>\r\n<td class=\"border border-gray-300 p-2\">1200kVA\/1200kW<\/td>\r\n<\/tr>\r\n<tr>\r\n<td class=\"border border-gray-300 p-2 bg-green-50\" rowspan=\"7\">Main Input<\/td>\r\n<td class=\"border border-gray-300 p-2 bg-green-50\">Input Phases<\/td>\r\n<td class=\"border border-gray-300 p-2\" colspan=\"4\">3-phase + N + PE<\/td>\r\n<\/tr>\r\n<tr>\r\n<td class=\"border border-gray-300 p-2 bg-green-50\">Input Voltage<\/td>\r\n<td class=\"border border-gray-300 p-2\" colspan=\"4\">380\/400\/415VAC (line) \/ 220\/230\/240VAC (phase)<\/td>\r\n<\/tr>\r\n<tr>\r\n<td class=\"border border-gray-300 p-2 bg-green-50\">Input Frequency<\/td>\r\n<td class=\"border border-gray-300 p-2\" colspan=\"4\">50\/60Hz<\/td>\r\n<\/tr>\r\n<tr>\r\n<td class=\"border border-gray-300 p-2 bg-green-50\">Power Factor<\/td>\r\n<td class=\"border border-gray-300 p-2\" colspan=\"4\">&gt;0.99<\/td>\r\n<\/tr>\r\n<tr>\r\n<td class=\"border border-gray-300 p-2 bg-green-50\">Current THD<\/td>\r\n<td class=\"border border-gray-300 p-2\" colspan=\"4\">THDi &lt; 3% (100% linear load)<\/td>\r\n<\/tr>\r\n<tr>\r\n<td class=\"border border-gray-300 p-2 bg-green-50\">Voltage Range<\/td>\r\n<td class=\"border border-gray-300 p-2\" colspan=\"4\">304-478VAC (line) full load; 304-228VAC (line) linear derating from 100% to 50% load<\/td>\r\n<\/tr>\r\n<tr>\r\n<td class=\"border border-gray-300 p-2 bg-green-50\">Frequency Range<\/td>\r\n<td class=\"border border-gray-300 p-2\" colspan=\"4\">40-70Hz<\/td>\r\n<\/tr>\r\n<tr>\r\n<td class=\"border border-gray-300 p-2 bg-green-50\" rowspan=\"2\">Battery<\/td>\r\n<td class=\"border border-gray-300 p-2 bg-green-50\">Battery Voltage<\/td>\r\n<td class=\"border border-gray-300 p-2\" colspan=\"4\">3-wire: \u00b1240VDC (30-50 cells configurable)\r\nOptional 2-wire: 480VDC (30-50 cells configurable)<\/td>\r\n<\/tr>\r\n<tr>\r\n<td class=\"border border-gray-300 p-2 bg-green-50\">Charging Power<\/td>\r\n<td class=\"border border-gray-300 p-2\" colspan=\"4\">20% of rated power<\/td>\r\n<\/tr>\r\n<tr>\r\n<td class=\"border border-gray-300 p-2 bg-green-50\" rowspan=\"3\">Bypass<\/td>\r\n<td class=\"border border-gray-300 p-2 bg-green-50\">Bypass Voltage<\/td>\r\n<td class=\"border border-gray-300 p-2\" colspan=\"4\">380\/400\/415VAC (line); 220\/230\/240VAC (phase)<\/td>\r\n<\/tr>\r\n<tr>\r\n<td class=\"border border-gray-300 p-2 bg-green-50\">Voltage Range<\/td>\r\n<td class=\"border border-gray-300 p-2\" colspan=\"4\">Configurable, default -20%~+15%; upper limit: +10%, +15%, +20%, +25%; lower limit: -10%, -15%, -20%, -30%, -40%<\/td>\r\n<\/tr>\r\n<tr>\r\n<td class=\"border border-gray-300 p-2 bg-green-50\">Overload Capacity<\/td>\r\n<td class=\"border border-gray-300 p-2\" colspan=\"4\">110% continuous\r\n101%\u2264load&lt;125%, \u22645min\r\n125%\u2264load&lt;150%, \u22641min\r\n&gt;150%, 1s<\/td>\r\n<\/tr>\r\n<tr>\r\n<td class=\"border border-gray-300 p-2 bg-green-50\" rowspan=\"13\">Output<\/td>\r\n<td class=\"border border-gray-300 p-2 bg-green-50\">Rated Output Voltage<\/td>\r\n<td class=\"border border-gray-300 p-2\" colspan=\"4\">380\/400\/415VAC (line); 220\/230\/240VAC (phase)<\/td>\r\n<\/tr>\r\n<tr>\r\n<td class=\"border border-gray-300 p-2 bg-green-50\">Rated Frequency<\/td>\r\n<td class=\"border border-gray-300 p-2\" colspan=\"4\">50\/60Hz<\/td>\r\n<\/tr>\r\n<tr>\r\n<td class=\"border border-gray-300 p-2 bg-green-50\">Output Power Factor<\/td>\r\n<td class=\"border border-gray-300 p-2\" colspan=\"4\">1<\/td>\r\n<\/tr>\r\n<tr>\r\n<td class=\"border border-gray-300 p-2 bg-green-50\">Voltage Accuracy<\/td>\r\n<td class=\"border border-gray-300 p-2\" colspan=\"4\">\u00b11.0%<\/td>\r\n<\/tr>\r\n<tr>\r\n<td class=\"border border-gray-300 p-2 bg-green-50\">Output Dynamic Response<\/td>\r\n<td class=\"border border-gray-300 p-2\" colspan=\"4\">&lt;5% (20%~80%~20% step load)<\/td>\r\n<\/tr>\r\n<tr>\r\n<td class=\"border border-gray-300 p-2 bg-green-50\">Recovery Time<\/td>\r\n<td class=\"border border-gray-300 p-2\" colspan=\"4\">&lt;20ms (0%~100%~0% step load)<\/td>\r\n<\/tr>\r\n<tr>\r\n<td class=\"border border-gray-300 p-2 bg-green-50\">THDu<\/td>\r\n<td class=\"border border-gray-300 p-2\" colspan=\"4\">1% (linear load); &lt;5% (non-linear load)<\/td>\r\n<\/tr>\r\n<tr>\r\n<td class=\"border border-gray-300 p-2 bg-green-50\">Inverter Overload<\/td>\r\n<td class=\"border border-gray-300 p-2\" colspan=\"4\">110% for 1 hour, then bypass\r\n125% for 10 minutes, then bypass\r\n150% for 1 minute, then bypass\r\n&gt;150%, 200ms then bypass<\/td>\r\n<\/tr>\r\n<tr>\r\n<td class=\"border border-gray-300 p-2 bg-green-50\">Frequency Accuracy<\/td>\r\n<td class=\"border border-gray-300 p-2\" colspan=\"4\">\u00b10.1%<\/td>\r\n<\/tr>\r\n<tr>\r\n<td class=\"border border-gray-300 p-2 bg-green-50\">Tracking Range<\/td>\r\n<td class=\"border border-gray-300 p-2\" colspan=\"4\">Configurable, \u00b10.5Hz~\u00b15Hz, default \u00b13Hz<\/td>\r\n<\/tr>\r\n<tr>\r\n<td class=\"border border-gray-300 p-2 bg-green-50\">Tracking Rate<\/td>\r\n<td class=\"border border-gray-300 p-2\" colspan=\"4\">Configurable, 0.5Hz\/s~3Hz\/s, default 0.5Hz\/s<\/td>\r\n<\/tr>\r\n<tr>\r\n<td class=\"border border-gray-300 p-2 bg-green-50\">Crest Factor<\/td>\r\n<td class=\"border border-gray-300 p-2\" colspan=\"4\">3:1<\/td>\r\n<\/tr>\r\n<tr>\r\n<td class=\"border border-gray-300 p-2 bg-green-50\">Phase Accuracy<\/td>\r\n<td class=\"border border-gray-300 p-2\" colspan=\"4\">120\u00b0 \u00b1 0.5\u00b0<\/td>\r\n<\/tr>\r\n<tr>\r\n<td class=\"border border-gray-300 p-2 bg-green-50\" rowspan=\"9\">System<\/td>\r\n<td class=\"border border-gray-300 p-2 bg-green-50\">Efficiency<\/td>\r\n<td class=\"border border-gray-300 p-2\" colspan=\"4\">AC mode &gt;97%; Battery mode &gt;97%<\/td>\r\n<\/tr>\r\n<tr>\r\n<td class=\"border border-gray-300 p-2 bg-green-50\">Display<\/td>\r\n<td class=\"border border-gray-300 p-2\" colspan=\"4\">LCD + LED + 10\" color touchscreen<\/td>\r\n<\/tr>\r\n<tr>\r\n<td class=\"border border-gray-300 p-2 bg-green-50\">Safety Standards<\/td>\r\n<td class=\"border border-gray-300 p-2\" colspan=\"4\">IEC62040-1, IEC60950-1<\/td>\r\n<\/tr>\r\n<tr>\r\n<td class=\"border border-gray-300 p-2 bg-green-50\">EMC<\/td>\r\n<td class=\"border border-gray-300 p-2\" colspan=\"4\">IEC62040-2; IEC62040-2(2ESD); IEC61000-4-3 (RS); IEC61000-4-4 (EFT); IEC61000-4-5 (Surge)<\/td>\r\n<\/tr>\r\n<tr>\r\n<td class=\"border border-gray-300 p-2 bg-green-50\">Protection Level<\/td>\r\n<td class=\"border border-gray-300 p-2\" colspan=\"4\">IP20<\/td>\r\n<\/tr>\r\n<tr>\r\n<td class=\"border border-gray-300 p-2 bg-green-50\">Standard Interfaces<\/td>\r\n<td class=\"border border-gray-300 p-2\" colspan=\"4\">USB, RS232, RS485, Dry contact card, Battery cold start, Anti-theft net<\/td>\r\n<\/tr>\r\n<tr>\r\n<td class=\"border border-gray-300 p-2 bg-green-50\">Optional Accessories<\/td>\r\n<td class=\"border border-gray-300 p-2\" colspan=\"4\">SNMP card, Extended dry contact card, Parallel kit, Surge protection, APP\/WiFi\/Bluetooth<\/td>\r\n<\/tr>\r\n<tr>\r\n<td class=\"border border-gray-300 p-2 bg-green-50\">Operating Environment<\/td>\r\n<td class=\"border border-gray-300 p-2\" colspan=\"4\">0\u201340\u00b0C (operating); -25\u00b0C to 70\u00b0C (storage); 0\u201395% RH (non-condensing)<\/td>\r\n<\/tr>\r\n<tr>\r\n<td class=\"border border-gray-300 p-2 bg-green-50\">Noise (dB) at 1m<\/td>\r\n<td class=\"border border-gray-300 p-2\" colspan=\"4\">72dB @ 100% load, 68dB @ 45% load<\/td>\r\n<\/tr>\r\n<tr>\r\n<td class=\"border border-gray-300 p-2 bg-green-50\" rowspan=\"2\">Dimensions<\/td>\r\n<td class=\"border border-gray-300 p-2 bg-green-50\">Cabinet (W*D*H) mm<\/td>\r\n<td class=\"border border-gray-300 p-2\" colspan=\"2\">800\u00d71000\u00d72000<\/td>\r\n<td class=\"border border-gray-300 p-2\" colspan=\"2\">1200\u00d71100\u00d72000<\/td>\r\n<\/tr>\r\n<tr>\r\n<td class=\"border border-gray-300 p-2 bg-green-50\">Module (W*D*H) mm<\/td>\r\n<td class=\"border border-gray-300 p-2\" colspan=\"4\">475\u00d7705\u00d7140<\/td>\r\n<\/tr>\r\n<\/tbody>\r\n<\/table>\r\n<\/div>"},"yoast_head":"<!-- This site is optimized with the Yoast SEO plugin v27.3 - https:\/\/yoast.com\/product\/yoast-seo-wordpress\/ -->\n<title>Smart Modular UPS RM FM series 100-1200KVA - RhimoPower<\/title>\n<meta name=\"robots\" content=\"index, follow, max-snippet:-1, max-image-preview:large, max-video-preview:-1\" \/>\n<link rel=\"canonical\" href=\"https:\/\/www.rhimopower.com\/es\/producto\/smart-modular-ups-rm-fm-series-100-1200kva\/\" \/>\n<meta property=\"og:locale\" content=\"es_ES\" \/>\n<meta property=\"og:type\" content=\"article\" \/>\n<meta property=\"og:title\" content=\"Smart Modular UPS RM FM series 100-1200KVA - RhimoPower\" \/>\n<meta property=\"og:description\" content=\"The Modular UPS is a high-performance, scalable power protection solution designed for critical applications. Featuring full DSP digital control, advanced component-level protection, and a user-friendly 10-inch color touchscreen, it ensures maximum reliability and ease of use. With intelligent self-diagnostics, flexible battery configurations, and support for capacities up to 3.2MW, it is ideal for data centers, government, finance, telecom, healthcare, and other demanding environments.  POWER RANGE  100-1200kva  POWER PHASE  3\/3 phase  &nbsp;\" \/>\n<meta property=\"og:url\" content=\"https:\/\/www.rhimopower.com\/es\/producto\/smart-modular-ups-rm-fm-series-100-1200kva\/\" \/>\n<meta property=\"og:site_name\" content=\"RhimoPower\" \/>\n<meta property=\"article:modified_time\" content=\"2025-12-09T01:46:46+00:00\" \/>\n<meta property=\"og:image\" content=\"https:\/\/www.rhimopower.com\/wp-content\/uploads\/2025\/06\/smart-modular-ups-rm-fm-series-100-1200kva.jpg\" \/>\n\t<meta property=\"og:image:width\" content=\"1000\" \/>\n\t<meta property=\"og:image:height\" content=\"1000\" \/>\n\t<meta property=\"og:image:type\" content=\"image\/jpeg\" \/>\n<meta name=\"twitter:card\" content=\"summary_large_image\" \/>\n<meta name=\"twitter:label1\" content=\"Tiempo de lectura\" \/>\n\t<meta name=\"twitter:data1\" content=\"1 minuto\" \/>\n<script type=\"application\/ld+json\" class=\"yoast-schema-graph\">{\"@context\":\"https:\\\/\\\/schema.org\",\"@graph\":[{\"@type\":\"WebPage\",\"@id\":\"https:\\\/\\\/www.rhimopower.com\\\/product\\\/smart-modular-ups-rm-fm-series-100-1200kva\\\/\",\"url\":\"https:\\\/\\\/www.rhimopower.com\\\/product\\\/smart-modular-ups-rm-fm-series-100-1200kva\\\/\",\"name\":\"Smart Modular UPS RM FM series 100-1200KVA - RhimoPower\",\"isPartOf\":{\"@id\":\"https:\\\/\\\/www.rhimopower.com\\\/#website\"},\"primaryImageOfPage\":{\"@id\":\"https:\\\/\\\/www.rhimopower.com\\\/product\\\/smart-modular-ups-rm-fm-series-100-1200kva\\\/#primaryimage\"},\"image\":{\"@id\":\"https:\\\/\\\/www.rhimopower.com\\\/product\\\/smart-modular-ups-rm-fm-series-100-1200kva\\\/#primaryimage\"},\"thumbnailUrl\":\"https:\\\/\\\/www.rhimopower.com\\\/wp-content\\\/uploads\\\/2025\\\/06\\\/smart-modular-ups-rm-fm-series-100-1200kva.jpg\",\"datePublished\":\"2025-06-03T05:42:06+00:00\",\"dateModified\":\"2025-12-09T01:46:46+00:00\",\"breadcrumb\":{\"@id\":\"https:\\\/\\\/www.rhimopower.com\\\/product\\\/smart-modular-ups-rm-fm-series-100-1200kva\\\/#breadcrumb\"},\"inLanguage\":\"es\",\"potentialAction\":[{\"@type\":\"ReadAction\",\"target\":[\"https:\\\/\\\/www.rhimopower.com\\\/product\\\/smart-modular-ups-rm-fm-series-100-1200kva\\\/\"]}]},{\"@type\":\"ImageObject\",\"inLanguage\":\"es\",\"@id\":\"https:\\\/\\\/www.rhimopower.com\\\/product\\\/smart-modular-ups-rm-fm-series-100-1200kva\\\/#primaryimage\",\"url\":\"https:\\\/\\\/www.rhimopower.com\\\/wp-content\\\/uploads\\\/2025\\\/06\\\/smart-modular-ups-rm-fm-series-100-1200kva.jpg\",\"contentUrl\":\"https:\\\/\\\/www.rhimopower.com\\\/wp-content\\\/uploads\\\/2025\\\/06\\\/smart-modular-ups-rm-fm-series-100-1200kva.jpg\",\"width\":1000,\"height\":1000,\"caption\":\"smart modular ups 100-1200 kva\"},{\"@type\":\"BreadcrumbList\",\"@id\":\"https:\\\/\\\/www.rhimopower.com\\\/product\\\/smart-modular-ups-rm-fm-series-100-1200kva\\\/#breadcrumb\",\"itemListElement\":[{\"@type\":\"ListItem\",\"position\":1,\"name\":\"Home\",\"item\":\"https:\\\/\\\/www.rhimopower.com\\\/\"},{\"@type\":\"ListItem\",\"position\":2,\"name\":\"Products\",\"item\":\"https:\\\/\\\/www.rhimopower.com\\\/products\\\/\"},{\"@type\":\"ListItem\",\"position\":3,\"name\":\"Smart Modular UPS RM FM series 100-1200KVA\"}]},{\"@type\":\"WebSite\",\"@id\":\"https:\\\/\\\/www.rhimopower.com\\\/#website\",\"url\":\"https:\\\/\\\/www.rhimopower.com\\\/\",\"name\":\"RhimoPower\",\"description\":\"\",\"publisher\":{\"@id\":\"https:\\\/\\\/www.rhimopower.com\\\/#organization\"},\"potentialAction\":[{\"@type\":\"SearchAction\",\"target\":{\"@type\":\"EntryPoint\",\"urlTemplate\":\"https:\\\/\\\/www.rhimopower.com\\\/?s={search_term_string}\"},\"query-input\":{\"@type\":\"PropertyValueSpecification\",\"valueRequired\":true,\"valueName\":\"search_term_string\"}}],\"inLanguage\":\"es\"},{\"@type\":\"Organization\",\"@id\":\"https:\\\/\\\/www.rhimopower.com\\\/#organization\",\"name\":\"RhimoPower\",\"url\":\"https:\\\/\\\/www.rhimopower.com\\\/\",\"logo\":{\"@type\":\"ImageObject\",\"inLanguage\":\"es\",\"@id\":\"https:\\\/\\\/www.rhimopower.com\\\/#\\\/schema\\\/logo\\\/image\\\/\",\"url\":\"https:\\\/\\\/www.rhimopower.com\\\/wp-content\\\/uploads\\\/2025\\\/04\\\/cropped-rhimo-logo.png\",\"contentUrl\":\"https:\\\/\\\/www.rhimopower.com\\\/wp-content\\\/uploads\\\/2025\\\/04\\\/cropped-rhimo-logo.png\",\"width\":1998,\"height\":667,\"caption\":\"RhimoPower\"},\"image\":{\"@id\":\"https:\\\/\\\/www.rhimopower.com\\\/#\\\/schema\\\/logo\\\/image\\\/\"}}]}<\/script>\n<!-- \/ Yoast SEO plugin. -->","yoast_head_json":{"title":"SAI modular inteligente serie RM FM 100-1200 kVA - RhimoPower","robots":{"index":"index","follow":"follow","max-snippet":"max-snippet:-1","max-image-preview":"max-image-preview:large","max-video-preview":"max-video-preview:-1"},"canonical":"https:\/\/www.rhimopower.com\/es\/producto\/smart-modular-ups-rm-fm-series-100-1200kva\/","og_locale":"es_ES","og_type":"article","og_title":"Smart Modular UPS RM FM series 100-1200KVA - RhimoPower","og_description":"The Modular UPS is a high-performance, scalable power protection solution designed for critical applications. Featuring full DSP digital control, advanced component-level protection, and a user-friendly 10-inch color touchscreen, it ensures maximum reliability and ease of use. With intelligent self-diagnostics, flexible battery configurations, and support for capacities up to 3.2MW, it is ideal for data centers, government, finance, telecom, healthcare, and other demanding environments.  POWER RANGE  100-1200kva  POWER PHASE  3\/3 phase  &nbsp;","og_url":"https:\/\/www.rhimopower.com\/es\/producto\/smart-modular-ups-rm-fm-series-100-1200kva\/","og_site_name":"RhimoPower","article_modified_time":"2025-12-09T01:46:46+00:00","og_image":[{"width":1000,"height":1000,"url":"https:\/\/www.rhimopower.com\/wp-content\/uploads\/2025\/06\/smart-modular-ups-rm-fm-series-100-1200kva.jpg","type":"image\/jpeg"}],"twitter_card":"summary_large_image","twitter_misc":{"Tiempo de lectura":"1 minuto"},"schema":{"@context":"https:\/\/schema.org","@graph":[{"@type":"WebPage","@id":"https:\/\/www.rhimopower.com\/product\/smart-modular-ups-rm-fm-series-100-1200kva\/","url":"https:\/\/www.rhimopower.com\/product\/smart-modular-ups-rm-fm-series-100-1200kva\/","name":"SAI modular inteligente serie RM FM 100-1200 kVA - RhimoPower","isPartOf":{"@id":"https:\/\/www.rhimopower.com\/#website"},"primaryImageOfPage":{"@id":"https:\/\/www.rhimopower.com\/product\/smart-modular-ups-rm-fm-series-100-1200kva\/#primaryimage"},"image":{"@id":"https:\/\/www.rhimopower.com\/product\/smart-modular-ups-rm-fm-series-100-1200kva\/#primaryimage"},"thumbnailUrl":"https:\/\/www.rhimopower.com\/wp-content\/uploads\/2025\/06\/smart-modular-ups-rm-fm-series-100-1200kva.jpg","datePublished":"2025-06-03T05:42:06+00:00","dateModified":"2025-12-09T01:46:46+00:00","breadcrumb":{"@id":"https:\/\/www.rhimopower.com\/product\/smart-modular-ups-rm-fm-series-100-1200kva\/#breadcrumb"},"inLanguage":"es","potentialAction":[{"@type":"ReadAction","target":["https:\/\/www.rhimopower.com\/product\/smart-modular-ups-rm-fm-series-100-1200kva\/"]}]},{"@type":"ImageObject","inLanguage":"es","@id":"https:\/\/www.rhimopower.com\/product\/smart-modular-ups-rm-fm-series-100-1200kva\/#primaryimage","url":"https:\/\/www.rhimopower.com\/wp-content\/uploads\/2025\/06\/smart-modular-ups-rm-fm-series-100-1200kva.jpg","contentUrl":"https:\/\/www.rhimopower.com\/wp-content\/uploads\/2025\/06\/smart-modular-ups-rm-fm-series-100-1200kva.jpg","width":1000,"height":1000,"caption":"smart modular ups 100-1200 kva"},{"@type":"BreadcrumbList","@id":"https:\/\/www.rhimopower.com\/product\/smart-modular-ups-rm-fm-series-100-1200kva\/#breadcrumb","itemListElement":[{"@type":"ListItem","position":1,"name":"Home","item":"https:\/\/www.rhimopower.com\/"},{"@type":"ListItem","position":2,"name":"Products","item":"https:\/\/www.rhimopower.com\/products\/"},{"@type":"ListItem","position":3,"name":"Smart Modular UPS RM FM series 100-1200KVA"}]},{"@type":"WebSite","@id":"https:\/\/www.rhimopower.com\/#website","url":"https:\/\/www.rhimopower.com\/","name":"RhimoPower","description":"","publisher":{"@id":"https:\/\/www.rhimopower.com\/#organization"},"potentialAction":[{"@type":"SearchAction","target":{"@type":"EntryPoint","urlTemplate":"https:\/\/www.rhimopower.com\/?s={search_term_string}"},"query-input":{"@type":"PropertyValueSpecification","valueRequired":true,"valueName":"search_term_string"}}],"inLanguage":"es"},{"@type":"Organization","@id":"https:\/\/www.rhimopower.com\/#organization","name":"RhimoPower","url":"https:\/\/www.rhimopower.com\/","logo":{"@type":"ImageObject","inLanguage":"es","@id":"https:\/\/www.rhimopower.com\/#\/schema\/logo\/image\/","url":"https:\/\/www.rhimopower.com\/wp-content\/uploads\/2025\/04\/cropped-rhimo-logo.png","contentUrl":"https:\/\/www.rhimopower.com\/wp-content\/uploads\/2025\/04\/cropped-rhimo-logo.png","width":1998,"height":667,"caption":"RhimoPower"},"image":{"@id":"https:\/\/www.rhimopower.com\/#\/schema\/logo\/image\/"}}]}},"uagb_featured_image_src":{"full":["https:\/\/www.rhimopower.com\/wp-content\/uploads\/2025\/06\/smart-modular-ups-rm-fm-series-100-1200kva.jpg",1000,1000,false],"thumbnail":["https:\/\/www.rhimopower.com\/wp-content\/uploads\/2025\/06\/smart-modular-ups-rm-fm-series-100-1200kva-150x150.jpg",150,150,true],"medium":["https:\/\/www.rhimopower.com\/wp-content\/uploads\/2025\/06\/smart-modular-ups-rm-fm-series-100-1200kva-300x300.jpg",300,300,true],"medium_large":["https:\/\/www.rhimopower.com\/wp-content\/uploads\/2025\/06\/smart-modular-ups-rm-fm-series-100-1200kva-768x768.jpg",768,768,true],"large":["https:\/\/www.rhimopower.com\/wp-content\/uploads\/2025\/06\/smart-modular-ups-rm-fm-series-100-1200kva.jpg",1000,1000,false],"1536x1536":["https:\/\/www.rhimopower.com\/wp-content\/uploads\/2025\/06\/smart-modular-ups-rm-fm-series-100-1200kva.jpg",1000,1000,false],"2048x2048":["https:\/\/www.rhimopower.com\/wp-content\/uploads\/2025\/06\/smart-modular-ups-rm-fm-series-100-1200kva.jpg",1000,1000,false],"trp-custom-language-flag":["https:\/\/www.rhimopower.com\/wp-content\/uploads\/2025\/06\/smart-modular-ups-rm-fm-series-100-1200kva-12x12.jpg",12,12,true],"woocommerce_thumbnail":["https:\/\/www.rhimopower.com\/wp-content\/uploads\/2025\/06\/smart-modular-ups-rm-fm-series-100-1200kva-300x300.jpg",300,300,true],"woocommerce_single":["https:\/\/www.rhimopower.com\/wp-content\/uploads\/2025\/06\/smart-modular-ups-rm-fm-series-100-1200kva-600x600.jpg",600,600,true],"woocommerce_gallery_thumbnail":["https:\/\/www.rhimopower.com\/wp-content\/uploads\/2025\/06\/smart-modular-ups-rm-fm-series-100-1200kva-100x100.jpg",100,100,true]},"uagb_author_info":{"display_name":"Rebecca Lee","author_link":"https:\/\/www.rhimopower.com\/es\/author\/"},"uagb_comment_info":0,"uagb_excerpt":"The Modular UPS is a high-performance, scalable power protection solution designed for critical applications. Featuring full DSP digital control, advanced component-level protection, and a user-friendly 10-inch color touchscreen, it ensures maximum reliability and ease of use. With intelligent self-diagnostics, flexible battery configurations, and support for capacities up to 3.2MW, it is ideal for data centers,&hellip;","_links":{"self":[{"href":"https:\/\/www.rhimopower.com\/es\/wp-json\/wp\/v2\/product\/2128","targetHints":{"allow":["GET"]}}],"collection":[{"href":"https:\/\/www.rhimopower.com\/es\/wp-json\/wp\/v2\/product"}],"about":[{"href":"https:\/\/www.rhimopower.com\/es\/wp-json\/wp\/v2\/types\/product"}],"wp:featuredmedia":[{"embeddable":true,"href":"https:\/\/www.rhimopower.com\/es\/wp-json\/wp\/v2\/media\/2735"}],"wp:attachment":[{"href":"https:\/\/www.rhimopower.com\/es\/wp-json\/wp\/v2\/media?parent=2128"}],"wp:term":[{"taxonomy":"product_brand","embeddable":true,"href":"https:\/\/www.rhimopower.com\/es\/wp-json\/wp\/v2\/product_brand?post=2128"},{"taxonomy":"product_cat","embeddable":true,"href":"https:\/\/www.rhimopower.com\/es\/wp-json\/wp\/v2\/product_cat?post=2128"},{"taxonomy":"product_tag","embeddable":true,"href":"https:\/\/www.rhimopower.com\/es\/wp-json\/wp\/v2\/product_tag?post=2128"}],"curies":[{"name":"wp","href":"https:\/\/api.w.org\/{rel}","templated":true}]}}