{"id":1401,"date":"2025-04-03T03:45:53","date_gmt":"2025-04-03T03:45:53","guid":{"rendered":"https:\/\/www.rhimopower.com\/about-us\/"},"modified":"2026-04-01T08:11:44","modified_gmt":"2026-04-01T08:11:44","slug":"about-us","status":"publish","type":"page","link":"https:\/\/www.rhimopower.com\/fr\/about-us\/","title":{"rendered":"\u00c0 propos"},"content":{"rendered":"<div class=\"wp-block-uagb-container uagb-block-4c3875af alignfull uagb-is-root-container\"><div class=\"uagb-container-inner-blocks-wrap\">\n<div class=\"wp-block-uagb-advanced-heading uagb-block-36237826\"><h1 class=\"uagb-heading-text\">\u00c0 propos de Rhimo Power<\/h1><\/div>\n\n\n\n<p class=\"has-text-align-center has-ast-global-color-5-color has-text-color has-link-color wp-elements-870b95158928ffc523a0100daff132a2\">Fabricant leader en Chine de syst\u00e8mes d&#039;alimentation sans interruption (UPS), solutions d&#039;alimentation sans interruption pour tous vos besoins<\/p>\n<\/div><\/div>\n\n\n\n<div class=\"wp-block-uagb-container uagb-block-5cf03063 alignfull uagb-is-root-container\"><div class=\"uagb-container-inner-blocks-wrap\">\n<div class=\"wp-block-uagb-image alignleft uagb-block-6d75d68d wp-block-uagb-image--layout-default wp-block-uagb-image--effect-static wp-block-uagb-image--align-left\"><figure class=\"wp-block-uagb-image__figure\"><img decoding=\"async\" srcset=\"https:\/\/www.rhimopower.com\/wp-content\/uploads\/2025\/07\/company-door-min-1024x768.jpg ,https:\/\/www.rhimopower.com\/wp-content\/uploads\/2025\/07\/company-door-min.jpg 780w, https:\/\/www.rhimopower.com\/wp-content\/uploads\/2025\/07\/company-door-min.jpg 360w\" sizes=\"auto, (max-width: 480px) 150px\" src=\"https:\/\/www.rhimopower.com\/wp-content\/uploads\/2025\/07\/company-door-min-1024x768.jpg\" alt=\"porte d&#039;entr\u00e9e de l&#039;usine UPS\" class=\"uag-image-2233\" width=\"575\" height=\"480\" title=\"porte d&#039;entreprise min\" loading=\"lazy\" role=\"img\"\/><\/figure><\/div>\n\n\n\n<div class=\"wp-block-uagb-container uagb-block-05150e62\">\n<div class=\"wp-block-uagb-advanced-heading uagb-block-b0bb1952\"><div class=\"uagb-heading-text\">\u00c0 propos de nous<\/div><\/div>\n\n\n\n<div class=\"wp-block-uagb-advanced-heading uagb-block-a2b3848d\"><h2 class=\"uagb-heading-text\">Qui sommes-nous ?<\/h2><p class=\"uagb-desc-text\"><strong>Shanghai Rhimo Power Technology Co., Ltd.<\/strong>, situ\u00e9e \u00e0 Kangqiao Caohejing, dans le nouveau district de Pudong \u00e0 Shanghai, est un fabricant professionnel d&#039;alimentations \u00e9lectriques sp\u00e9cialis\u00e9 dans le d\u00e9veloppement, la production, l&#039;exploitation et le service de produits d&#039;alimentation \u00e9lectrique tels que les alimentations sans interruption (UPS) et les alimentations de secours (EPS).<br><br>Fond\u00e9e pour r\u00e9pondre \u00e0 un besoin croissant de solutions d&#039;alimentation \u00e9lectrique stables, notre entreprise a \u00e9volu\u00e9 pour respecter et d\u00e9passer les normes de l&#039;industrie gr\u00e2ce \u00e0 notre \u00e9quipe d\u00e9vou\u00e9e et \u00e0 nos processus de fabrication robustes.<\/p><\/div>\n<\/div>\n<\/div><\/div>\n\n\n\n<div class=\"wp-block-uagb-container uagb-block-f8e142c7 alignfull uagb-is-root-container\"><div class=\"uagb-container-inner-blocks-wrap\">\n<div class=\"wp-block-uagb-container uagb-block-3eb72bb1\">\n<div class=\"wp-block-uagb-container uagb-block-bda03e75\">\n<div class=\"wp-block-uagb-advanced-heading uagb-block-0081cd1e\"><h3 class=\"uagb-heading-text\"><strong>base de production et centre de R&amp;D<\/strong><\/h3><\/div>\n\n\n\n<p>L&#039;usine de production de l&#039;entreprise est situ\u00e9e dans la magnifique ville de Nantong, province du Jiangsu, et son centre de recherche et d\u00e9veloppement dans le district de Jiangning, \u00e0 Nanjing. Ses syst\u00e8mes d&#039;alimentation sans coupure (UPS) sont largement utilis\u00e9s dans divers secteurs, notamment la p\u00e9trochimie, le transport ferroviaire, la production d&#039;\u00e9lectricit\u00e9, le stockage d&#039;\u00e9nergie et les centres de donn\u00e9es.<\/p>\n<\/div>\n<\/div>\n\n\n\n<div class=\"wp-block-uagb-container uagb-block-34123e88\">\n<div class=\"wp-block-uagb-slider uagb-block-e563fa0f uagb-slider-container\"><div class=\"uagb-slides uagb-swiper\"><div class=\"swiper-wrapper\">\n<div class=\"wp-block-uagb-slider-child uagb-slider-child-wrap swiper-slide uagb-block-f4c6b96e\"><div class=\"swiper-content\">\n<div class=\"wp-block-uagb-container uagb-block-cf96bb9d\"><\/div>\n<\/div><\/div>\n\n\n\n<div class=\"wp-block-uagb-slider-child uagb-slider-child-wrap swiper-slide uagb-block-7081a4e0 h-full\"><div class=\"swiper-content\">\n<div class=\"wp-block-uagb-container uagb-block-f780f420\"><\/div>\n<\/div><\/div>\n\n\n\n<div class=\"wp-block-uagb-slider-child uagb-slider-child-wrap swiper-slide uagb-block-1d6594cb\"><div class=\"swiper-content\">\n<div class=\"wp-block-uagb-container uagb-block-ed7a3503\"><\/div>\n<\/div><\/div>\n\n\n\n<div class=\"wp-block-uagb-slider-child uagb-slider-child-wrap swiper-slide uagb-block-cdefea7d\"><div class=\"swiper-content\">\n<div class=\"wp-block-uagb-container uagb-block-94720eba\"><\/div>\n<\/div><\/div>\n\n\n\n<div class=\"wp-block-uagb-slider-child uagb-slider-child-wrap swiper-slide uagb-block-bcae951f\"><div class=\"swiper-content\">\n<div class=\"wp-block-uagb-container uagb-block-c22af5dd\"><\/div>\n<\/div><\/div>\n\n\n\n<div class=\"wp-block-uagb-slider-child uagb-slider-child-wrap swiper-slide uagb-block-8c7d265d\"><div class=\"swiper-content\">\n<div class=\"wp-block-uagb-container uagb-block-723289f9\"><\/div>\n<\/div><\/div>\n\n\n\n<div class=\"wp-block-uagb-slider-child uagb-slider-child-wrap swiper-slide uagb-block-957b8338\"><div class=\"swiper-content\">\n<div class=\"wp-block-uagb-container uagb-block-5b0300ac\"><\/div>\n<\/div><\/div>\n\n\n\n<div class=\"wp-block-uagb-slider-child uagb-slider-child-wrap swiper-slide uagb-block-301eb37a\"><div class=\"swiper-content\">\n<div class=\"wp-block-uagb-container uagb-block-8b8754c7\"><\/div>\n<\/div><\/div>\n<\/div><\/div><div class=\"swiper-pagination\"><\/div><div class=\"swiper-button-prev\"><\/div><div class=\"swiper-button-next\"><\/div><\/div>\n<\/div>\n<\/div><\/div>\n\n\n\n<div class=\"wp-block-uagb-container uagb-block-15f1e8b2 alignfull uagb-is-root-container\"><div class=\"uagb-container-inner-blocks-wrap\"><\/div><\/div>\n\n\n\n<div class=\"wp-block-uagb-container uagb-block-edae5b83 alignfull uagb-is-root-container\"><div class=\"uagb-container-inner-blocks-wrap\">\n<h2 class=\"wp-block-heading has-text-align-center\"><strong>Valeurs fondamentales<\/strong><\/h2>\n\n\n\n<p>L&#039;entreprise adh\u00e8re aux valeurs fondamentales de &nbsp;<strong>\u00ab La strat\u00e9gie guide, l\u2019op\u00e9ration r\u00e9ussit, la gestion assure la p\u00e9rennit\u00e9 \u00bb<\/strong>&nbsp;Elle fournit un environnement \u00e9lectrique fiable, stable, de haute qualit\u00e9, s\u00fbr et continu, r\u00e9pondant aux besoins de ses clients et du public. Elle propose \u00e9galement une gamme compl\u00e8te de produits et de solutions pour salles d&#039;\u00e9quipements de centres de donn\u00e9es.<\/p>\n\n\n\n<div class=\"wp-block-uagb-image aligncenter uagb-block-37f6c2f8 wp-block-uagb-image--layout-default wp-block-uagb-image--effect-static wp-block-uagb-image--align-center\"><figure class=\"wp-block-uagb-image__figure\"><img decoding=\"async\" srcset=\"https:\/\/www.rhimopower.com\/wp-content\/uploads\/2025\/07\/team-min-1024x576.jpg ,https:\/\/www.rhimopower.com\/wp-content\/uploads\/2025\/07\/team-min.jpg 780w, https:\/\/www.rhimopower.com\/wp-content\/uploads\/2025\/07\/team-min.jpg 360w\" sizes=\"auto, (max-width: 480px) 150px\" src=\"https:\/\/www.rhimopower.com\/wp-content\/uploads\/2025\/07\/team-min-1024x576.jpg\" alt=\"travail d&#039;\u00e9quipe\" class=\"uag-image-2235\" width=\"1200\" height=\"430\" title=\"\u00e9quipe-min\" loading=\"lazy\" role=\"img\"\/><\/figure><\/div>\n\n\n\n<div class=\"wp-block-uagb-container uagb-block-0f0fe2b0\">\n<div class=\"wp-block-uagb-advanced-heading uagb-block-a7766e3a\"><h3 class=\"uagb-heading-text\">Priorit\u00e9 strat\u00e9gique<\/h3><p class=\"uagb-desc-text\">Nous privil\u00e9gions la planification strat\u00e9gique afin d&#039;aligner nos objectifs sur les besoins des clients et les avanc\u00e9es du secteur, garantissant ainsi un succ\u00e8s et une innovation \u00e0 long terme.<\/p><\/div>\n\n\n\n<div class=\"wp-block-uagb-advanced-heading uagb-block-b78816fa\"><h3 class=\"uagb-heading-text\">Excellence op\u00e9rationnelle<\/h3><p class=\"uagb-desc-text\">Notre engagement envers l&#039;excellence op\u00e9rationnelle nous pousse \u00e0 optimiser les processus, \u00e0 am\u00e9liorer la qualit\u00e9 des produits et \u00e0 optimiser la prestation de services pour la satisfaction de nos clients.<\/p><\/div>\n\n\n\n<div class=\"wp-block-uagb-advanced-heading uagb-block-a5c64964\"><h3 class=\"uagb-heading-text\">Le management comme fondement<\/h3><p class=\"uagb-desc-text\">Nous sommes convaincus que des pratiques de gestion rigoureuses cr\u00e9ent un environnement stable qui favorise la croissance, l&#039;efficacit\u00e9 et la responsabilisation au sein de notre organisation.<\/p><\/div>\n<\/div>\n<\/div><\/div>\n\n\n\n<div class=\"wp-block-uagb-container uagb-block-9caa1a47 alignfull uagb-is-root-container\"><div class=\"uagb-container-inner-blocks-wrap\">\n<div class=\"wp-block-uagb-advanced-heading uagb-block-1ed0e64e\"><div class=\"uagb-heading-text\">Contactez-nous aujourd&#039;hui<\/div><\/div>\n\n\n\n<div class=\"wp-block-uagb-advanced-heading uagb-block-3a57683f\"><h2 class=\"uagb-heading-text\">Alimentez votre entreprise sans interruption<\/h2><\/div>\n\n\n\n<div class=\"wp-block-uagb-buttons uagb-buttons__outer-wrap uagb-btn__default-btn uagb-btn-tablet__default-btn uagb-btn-mobile__default-btn uagb-block-9979be0d\"><div class=\"uagb-buttons__wrap uagb-buttons-layout-wrap\">\n<div class=\"wp-block-uagb-buttons-child uagb-buttons__outer-wrap uagb-block-84fd34e5 wp-block-button\"><div class=\"uagb-button__wrapper\"><a class=\"uagb-buttons-repeater wp-block-button__link\" aria-label=\"\" href=\"\/fr\/contact\/\" rel=\"follow noopener\" target=\"_self\" role=\"button\"><div class=\"uagb-button__link\">Contactez-nous<\/div><\/a><\/div><\/div>\n<\/div><\/div>\n\n\n\n<div class=\"wp-block-uagb-advanced-heading uagb-block-838a0a13\"><div class=\"uagb-separator\"><\/div><p class=\"uagb-heading-text\">Prot\u00e9gez vos syst\u00e8mes critiques avec des solutions UPS fiables, \u00e9volutives et intelligentes. Que vous dirigiez un centre de donn\u00e9es, un h\u00f4pital, un \u00e9tablissement de sant\u00e9, une usine ou un bureau, nos syst\u00e8mes UPS sont con\u00e7us pour assurer le bon fonctionnement de vos op\u00e9rations 24h\/24 et 7j\/7.<\/p><\/div>\n<\/div><\/div>","protected":false},"excerpt":{"rendered":"<p>About Rhimo Power Leading china uninterruptible power supply, ups systems manufacturer, Uninterrupted Power Solutions for Every Need About Us Who [&hellip;]<\/p>\n","protected":false},"author":1,"featured_media":0,"parent":0,"menu_order":0,"comment_status":"closed","ping_status":"closed","template":"","meta":{"_acf_changed":false,"_uag_custom_page_level_css":"","site-sidebar-layout":"no-sidebar","site-content-layout":"plain-container","ast-site-content-layout":"full-width-container","site-content-style":"unboxed","site-sidebar-style":"unboxed","ast-global-header-display":"","ast-banner-title-visibility":"","ast-main-header-display":"","ast-hfb-above-header-display":"","ast-hfb-below-header-display":"","ast-hfb-mobile-header-display":"","site-post-title":"disabled","ast-breadcrumbs-content":"","ast-featured-img":"","footer-sml-layout":"","theme-transparent-header-meta":"","adv-header-id-meta":"","stick-header-meta":"","header-above-stick-meta":"","header-main-stick-meta":"","header-below-stick-meta":"","astra-migrate-meta-layouts":"set","ast-page-background-enabled":"default","ast-page-background-meta":{"desktop":{"background-color":"var(--ast-global-color-4)","background-image":"","background-repeat":"repeat","background-position":"center center","background-size":"auto","background-attachment":"scroll","background-type":"","background-media":"","overlay-type":"","overlay-color":"","overlay-opacity":"","overlay-gradient":""},"tablet":{"background-color":"","background-image":"","background-repeat":"repeat","background-position":"center center","background-size":"auto","background-attachment":"scroll","background-type":"","background-media":"","overlay-type":"","overlay-color":"","overlay-opacity":"","overlay-gradient":""},"mobile":{"background-color":"","background-image":"","background-repeat":"repeat","background-position":"center center","background-size":"auto","background-attachment":"scroll","background-type":"","background-media":"","overlay-type":"","overlay-color":"","overlay-opacity":"","overlay-gradient":""}},"ast-content-background-meta":{"desktop":{"background-color":"var(--ast-global-color-5)","background-image":"","background-repeat":"repeat","background-position":"center center","background-size":"auto","background-attachment":"scroll","background-type":"","background-media":"","overlay-type":"","overlay-color":"","overlay-opacity":"","overlay-gradient":""},"tablet":{"background-color":"var(--ast-global-color-5)","background-image":"","background-repeat":"repeat","background-position":"center center","background-size":"auto","background-attachment":"scroll","background-type":"","background-media":"","overlay-type":"","overlay-color":"","overlay-opacity":"","overlay-gradient":""},"mobile":{"background-color":"var(--ast-global-color-5)","background-image":"","background-repeat":"repeat","background-position":"center center","background-size":"auto","background-attachment":"scroll","background-type":"","background-media":"","overlay-type":"","overlay-color":"","overlay-opacity":"","overlay-gradient":""}},"footnotes":""},"class_list":["post-1401","page","type-page","status-publish","hentry"],"acf":[],"yoast_head":"<!-- This site is optimized with the Yoast SEO plugin v27.3 - https:\/\/yoast.com\/product\/yoast-seo-wordpress\/ -->\n<title>About Rhimo Power | UPS Systems Manufacturer in China<\/title>\n<meta name=\"description\" content=\"Rhimo Power is a trusted UPS systems manufacturer in China, delivering reliable online UPS, modular UPS, batteries, and power protection solutions for global industries.\" \/>\n<meta name=\"robots\" content=\"index, follow, max-snippet:-1, max-image-preview:large, max-video-preview:-1\" \/>\n<link rel=\"canonical\" href=\"https:\/\/www.rhimopower.com\/fr\/about-us\/\" \/>\n<meta property=\"og:locale\" content=\"fr_FR\" \/>\n<meta property=\"og:type\" content=\"article\" \/>\n<meta property=\"og:title\" content=\"About Rhimo Power | UPS Systems Manufacturer in China\" \/>\n<meta property=\"og:description\" content=\"Rhimo Power is a trusted UPS systems manufacturer in China, delivering reliable online UPS, modular UPS, batteries, and power protection solutions for global industries.\" \/>\n<meta property=\"og:url\" content=\"https:\/\/www.rhimopower.com\/fr\/about-us\/\" \/>\n<meta property=\"og:site_name\" content=\"RhimoPower\" \/>\n<meta property=\"article:modified_time\" content=\"2026-04-01T08:11:44+00:00\" \/>\n<meta property=\"og:image\" content=\"https:\/\/www.rhimopower.com\/wp-content\/uploads\/2025\/07\/company-door-min-1024x768.jpg\" \/>\n<meta name=\"twitter:card\" content=\"summary_large_image\" \/>\n<meta name=\"twitter:label1\" content=\"Dur\u00e9e de lecture estim\u00e9e\" \/>\n\t<meta name=\"twitter:data1\" content=\"4 minutes\" \/>\n<script type=\"application\/ld+json\" class=\"yoast-schema-graph\">{\"@context\":\"https:\\\/\\\/schema.org\",\"@graph\":[{\"@type\":\"WebPage\",\"@id\":\"https:\\\/\\\/www.rhimopower.com\\\/about-us\\\/\",\"url\":\"https:\\\/\\\/www.rhimopower.com\\\/about-us\\\/\",\"name\":\"About Rhimo Power | UPS Systems Manufacturer in China\",\"isPartOf\":{\"@id\":\"https:\\\/\\\/www.rhimopower.com\\\/#website\"},\"primaryImageOfPage\":{\"@id\":\"https:\\\/\\\/www.rhimopower.com\\\/about-us\\\/#primaryimage\"},\"image\":{\"@id\":\"https:\\\/\\\/www.rhimopower.com\\\/about-us\\\/#primaryimage\"},\"thumbnailUrl\":\"https:\\\/\\\/www.rhimopower.com\\\/wp-content\\\/uploads\\\/2025\\\/07\\\/company-door-min-1024x768.jpg\",\"datePublished\":\"2025-04-03T03:45:53+00:00\",\"dateModified\":\"2026-04-01T08:11:44+00:00\",\"description\":\"Rhimo Power is a trusted UPS systems manufacturer in China, delivering reliable online UPS, modular UPS, batteries, and power protection solutions for global industries.\",\"breadcrumb\":{\"@id\":\"https:\\\/\\\/www.rhimopower.com\\\/about-us\\\/#breadcrumb\"},\"inLanguage\":\"fr-FR\",\"potentialAction\":[{\"@type\":\"ReadAction\",\"target\":[\"https:\\\/\\\/www.rhimopower.com\\\/about-us\\\/\"]}]},{\"@type\":\"ImageObject\",\"inLanguage\":\"fr-FR\",\"@id\":\"https:\\\/\\\/www.rhimopower.com\\\/about-us\\\/#primaryimage\",\"url\":\"https:\\\/\\\/www.rhimopower.com\\\/wp-content\\\/uploads\\\/2025\\\/07\\\/company-door-min-1024x768.jpg\",\"contentUrl\":\"https:\\\/\\\/www.rhimopower.com\\\/wp-content\\\/uploads\\\/2025\\\/07\\\/company-door-min-1024x768.jpg\"},{\"@type\":\"BreadcrumbList\",\"@id\":\"https:\\\/\\\/www.rhimopower.com\\\/about-us\\\/#breadcrumb\",\"itemListElement\":[{\"@type\":\"ListItem\",\"position\":1,\"name\":\"Home\",\"item\":\"https:\\\/\\\/www.rhimopower.com\\\/\"},{\"@type\":\"ListItem\",\"position\":2,\"name\":\"About\"}]},{\"@type\":\"WebSite\",\"@id\":\"https:\\\/\\\/www.rhimopower.com\\\/#website\",\"url\":\"https:\\\/\\\/www.rhimopower.com\\\/\",\"name\":\"RhimoPower\",\"description\":\"\",\"publisher\":{\"@id\":\"https:\\\/\\\/www.rhimopower.com\\\/#organization\"},\"potentialAction\":[{\"@type\":\"SearchAction\",\"target\":{\"@type\":\"EntryPoint\",\"urlTemplate\":\"https:\\\/\\\/www.rhimopower.com\\\/?s={search_term_string}\"},\"query-input\":{\"@type\":\"PropertyValueSpecification\",\"valueRequired\":true,\"valueName\":\"search_term_string\"}}],\"inLanguage\":\"fr-FR\"},{\"@type\":\"Organization\",\"@id\":\"https:\\\/\\\/www.rhimopower.com\\\/#organization\",\"name\":\"RhimoPower\",\"url\":\"https:\\\/\\\/www.rhimopower.com\\\/\",\"logo\":{\"@type\":\"ImageObject\",\"inLanguage\":\"fr-FR\",\"@id\":\"https:\\\/\\\/www.rhimopower.com\\\/#\\\/schema\\\/logo\\\/image\\\/\",\"url\":\"https:\\\/\\\/www.rhimopower.com\\\/wp-content\\\/uploads\\\/2025\\\/04\\\/cropped-rhimo-logo.png\",\"contentUrl\":\"https:\\\/\\\/www.rhimopower.com\\\/wp-content\\\/uploads\\\/2025\\\/04\\\/cropped-rhimo-logo.png\",\"width\":1998,\"height\":667,\"caption\":\"RhimoPower\"},\"image\":{\"@id\":\"https:\\\/\\\/www.rhimopower.com\\\/#\\\/schema\\\/logo\\\/image\\\/\"}}]}<\/script>\n<!-- \/ Yoast SEO plugin. -->","yoast_head_json":{"title":"\u00c0 propos de Rhimo Power | Fabricant de syst\u00e8mes d&#039;alimentation sans coupure (UPS) en Chine","description":"Rhimo Power est un fabricant de syst\u00e8mes UPS de confiance en Chine, fournissant des syst\u00e8mes UPS en ligne fiables, des syst\u00e8mes UPS modulaires, des batteries et des solutions de protection \u00e9lectrique pour les industries du monde entier.","robots":{"index":"index","follow":"follow","max-snippet":"max-snippet:-1","max-image-preview":"max-image-preview:large","max-video-preview":"max-video-preview:-1"},"canonical":"https:\/\/www.rhimopower.com\/fr\/about-us\/","og_locale":"fr_FR","og_type":"article","og_title":"About Rhimo Power | UPS Systems Manufacturer in China","og_description":"Rhimo Power is a trusted UPS systems manufacturer in China, delivering reliable online UPS, modular UPS, batteries, and power protection solutions for global industries.","og_url":"https:\/\/www.rhimopower.com\/fr\/about-us\/","og_site_name":"RhimoPower","article_modified_time":"2026-04-01T08:11:44+00:00","og_image":[{"url":"https:\/\/www.rhimopower.com\/wp-content\/uploads\/2025\/07\/company-door-min-1024x768.jpg","type":"","width":"","height":""}],"twitter_card":"summary_large_image","twitter_misc":{"Dur\u00e9e de lecture estim\u00e9e":"4 minutes"},"schema":{"@context":"https:\/\/schema.org","@graph":[{"@type":"WebPage","@id":"https:\/\/www.rhimopower.com\/about-us\/","url":"https:\/\/www.rhimopower.com\/about-us\/","name":"\u00c0 propos de Rhimo Power | Fabricant de syst\u00e8mes d&#039;alimentation sans coupure (UPS) en Chine","isPartOf":{"@id":"https:\/\/www.rhimopower.com\/#website"},"primaryImageOfPage":{"@id":"https:\/\/www.rhimopower.com\/about-us\/#primaryimage"},"image":{"@id":"https:\/\/www.rhimopower.com\/about-us\/#primaryimage"},"thumbnailUrl":"https:\/\/www.rhimopower.com\/wp-content\/uploads\/2025\/07\/company-door-min-1024x768.jpg","datePublished":"2025-04-03T03:45:53+00:00","dateModified":"2026-04-01T08:11:44+00:00","description":"Rhimo Power est un fabricant de syst\u00e8mes UPS de confiance en Chine, fournissant des syst\u00e8mes UPS en ligne fiables, des syst\u00e8mes UPS modulaires, des batteries et des solutions de protection \u00e9lectrique pour les industries du monde entier.","breadcrumb":{"@id":"https:\/\/www.rhimopower.com\/about-us\/#breadcrumb"},"inLanguage":"fr-FR","potentialAction":[{"@type":"ReadAction","target":["https:\/\/www.rhimopower.com\/about-us\/"]}]},{"@type":"ImageObject","inLanguage":"fr-FR","@id":"https:\/\/www.rhimopower.com\/about-us\/#primaryimage","url":"https:\/\/www.rhimopower.com\/wp-content\/uploads\/2025\/07\/company-door-min-1024x768.jpg","contentUrl":"https:\/\/www.rhimopower.com\/wp-content\/uploads\/2025\/07\/company-door-min-1024x768.jpg"},{"@type":"BreadcrumbList","@id":"https:\/\/www.rhimopower.com\/about-us\/#breadcrumb","itemListElement":[{"@type":"ListItem","position":1,"name":"Home","item":"https:\/\/www.rhimopower.com\/"},{"@type":"ListItem","position":2,"name":"About"}]},{"@type":"WebSite","@id":"https:\/\/www.rhimopower.com\/#website","url":"https:\/\/www.rhimopower.com\/","name":"RhimoPower","description":"","publisher":{"@id":"https:\/\/www.rhimopower.com\/#organization"},"potentialAction":[{"@type":"SearchAction","target":{"@type":"EntryPoint","urlTemplate":"https:\/\/www.rhimopower.com\/?s={search_term_string}"},"query-input":{"@type":"PropertyValueSpecification","valueRequired":true,"valueName":"search_term_string"}}],"inLanguage":"fr-FR"},{"@type":"Organization","@id":"https:\/\/www.rhimopower.com\/#organization","name":"RhimoPower","url":"https:\/\/www.rhimopower.com\/","logo":{"@type":"ImageObject","inLanguage":"fr-FR","@id":"https:\/\/www.rhimopower.com\/#\/schema\/logo\/image\/","url":"https:\/\/www.rhimopower.com\/wp-content\/uploads\/2025\/04\/cropped-rhimo-logo.png","contentUrl":"https:\/\/www.rhimopower.com\/wp-content\/uploads\/2025\/04\/cropped-rhimo-logo.png","width":1998,"height":667,"caption":"RhimoPower"},"image":{"@id":"https:\/\/www.rhimopower.com\/#\/schema\/logo\/image\/"}}]}},"uagb_featured_image_src":{"full":false,"thumbnail":false,"medium":false,"medium_large":false,"large":false,"1536x1536":false,"2048x2048":false,"trp-custom-language-flag":false,"woocommerce_thumbnail":false,"woocommerce_single":false,"woocommerce_gallery_thumbnail":false},"uagb_author_info":{"display_name":"Rebecca Lee","author_link":"https:\/\/www.rhimopower.com\/fr\/author\/rebecca-lee\/"},"uagb_comment_info":0,"uagb_excerpt":"About Rhimo Power Leading china uninterruptible power supply, ups systems manufacturer, Uninterrupted Power Solutions for Every Need About Us Who [&hellip;]","_links":{"self":[{"href":"https:\/\/www.rhimopower.com\/fr\/wp-json\/wp\/v2\/pages\/1401","targetHints":{"allow":["GET"]}}],"collection":[{"href":"https:\/\/www.rhimopower.com\/fr\/wp-json\/wp\/v2\/pages"}],"about":[{"href":"https:\/\/www.rhimopower.com\/fr\/wp-json\/wp\/v2\/types\/page"}],"author":[{"embeddable":true,"href":"https:\/\/www.rhimopower.com\/fr\/wp-json\/wp\/v2\/users\/1"}],"replies":[{"embeddable":true,"href":"https:\/\/www.rhimopower.com\/fr\/wp-json\/wp\/v2\/comments?post=1401"}],"version-history":[{"count":18,"href":"https:\/\/www.rhimopower.com\/fr\/wp-json\/wp\/v2\/pages\/1401\/revisions"}],"predecessor-version":[{"id":2236,"href":"https:\/\/www.rhimopower.com\/fr\/wp-json\/wp\/v2\/pages\/1401\/revisions\/2236"}],"wp:attachment":[{"href":"https:\/\/www.rhimopower.com\/fr\/wp-json\/wp\/v2\/media?parent=1401"}],"curies":[{"name":"wp","href":"https:\/\/api.w.org\/{rel}","templated":true}]}}