{"id":2192,"date":"2025-06-23T02:23:22","date_gmt":"2025-06-23T02:23:22","guid":{"rendered":"https:\/\/www.rhimopower.com\/?page_id=2192"},"modified":"2025-06-23T02:41:12","modified_gmt":"2025-06-23T02:41:12","slug":"ups-for-data-center-data-center-ups-systems","status":"publish","type":"page","link":"https:\/\/www.rhimopower.com\/fr\/ups-for-data-center-data-center-ups-systems\/","title":{"rendered":"Onduleur pour centre de donn\u00e9es, syst\u00e8mes d&#039;alimentation sans interruption pour centre de donn\u00e9es"},"content":{"rendered":"<p><\/p>\n\n\n\n<div class=\"wp-block-uagb-container uagb-block-gusbgvcp alignfull uagb-is-root-container\"><div class=\"uagb-container-inner-blocks-wrap\">\n<div class=\"wp-block-uagb-info-box uagb-block-ktzw7ocw uagb-infobox__content-wrap  uagb-infobox-icon-above-title uagb-infobox-image-valign-top\"><div class=\"uagb-ifb-content\"><div class=\"uagb-ifb-title-wrap\"><h1 class=\"uagb-ifb-title\">Onduleur pour centre de donn\u00e9es<\/h1><\/div><\/div><\/div>\n\n\n\n<div class=\"wp-block-uagb-info-box uagb-block-k2konefx uagb-infobox__content-wrap  uagb-infobox-icon-above-title uagb-infobox-image-valign-top\"><div class=\"uagb-ifb-content\"><div class=\"uagb-ifb-title-wrap\"><\/div><p class=\"uagb-ifb-desc\">Les syst\u00e8mes UPS pour centres de donn\u00e9es Rhimopower fournissent une alimentation continue et fiable, garantissant la s\u00e9curit\u00e9 de vos donn\u00e9es et la p\u00e9rennit\u00e9 de vos op\u00e9rations, 24h\/24, 7j\/7 et 365j\/an.<\/p><\/div><\/div>\n<\/div><\/div>\n\n\n\n<div class=\"wp-block-uagb-container uagb-block-mbqg0exe alignfull uagb-is-root-container\"><div class=\"uagb-container-inner-blocks-wrap\">\n<div class=\"wp-block-uagb-info-box uagb-block-b8zsyrjz uagb-infobox__content-wrap  uagb-infobox-icon-above-title uagb-infobox-image-valign-top\"><div class=\"uagb-ifb-content\"><div class=\"uagb-ifb-title-wrap\"><h2 class=\"uagb-ifb-title\">Assurez une alimentation \u00e9lectrique ininterrompue pour votre centre de donn\u00e9es<\/h2><\/div><p class=\"uagb-ifb-desc\">Les syst\u00e8mes d&#039;alimentation sans interruption (ASI) sont essentiels \u00e0 la stabilit\u00e9 des op\u00e9rations critiques des centres de donn\u00e9es. Chez RhimoPower, nous savons que m\u00eame une br\u00e8ve interruption peut entra\u00eener des pertes financi\u00e8res importantes et nuire \u00e0 la r\u00e9putation de l&#039;entreprise.<br>Nos solutions UPS sont con\u00e7ues pour une int\u00e9gration transparente, fournissant une alimentation propre et fiable pour maintenir votre infrastructure en fonctionnement, m\u00eame en cas de panne de la source d&#039;alimentation principale.<\/p><\/div><\/div>\n\n\n\n<div class=\"wp-block-uagb-image alignleft uagb-block-yohighth wp-block-uagb-image--layout-default wp-block-uagb-image--effect-static wp-block-uagb-image--align-left\"><figure class=\"wp-block-uagb-image__figure\"><img decoding=\"async\" srcset=\"https:\/\/www.rhimopower.com\/wp-content\/uploads\/2025\/05\/double-conversion-tower-ups-rhomo-rm33-10-80k-h-4-min-972x1024.jpg ,https:\/\/www.rhimopower.com\/wp-content\/uploads\/2025\/05\/double-conversion-tower-ups-rhomo-rm33-10-80k-h-4-min.jpg 780w, https:\/\/www.rhimopower.com\/wp-content\/uploads\/2025\/05\/double-conversion-tower-ups-rhomo-rm33-10-80k-h-4-min.jpg 360w\" sizes=\"auto, (max-width: 480px) 150px\" src=\"https:\/\/www.rhimopower.com\/wp-content\/uploads\/2025\/05\/double-conversion-tower-ups-rhomo-rm33-10-80k-h-4-min-972x1024.jpg\" alt=\"Onduleur tour double conversion Rhomo RM33-10-80K\" class=\"uag-image-2054\" width=\"564\" height=\"450\" title=\"tours-de-conversion-double-rhomo-rm33-10-80k-h-4-min\" loading=\"lazy\" role=\"img\"\/><\/figure><\/div>\n<\/div><\/div>\n\n\n\n<div class=\"wp-block-uagb-container uagb-block-nax3zuk1 alignfull uagb-is-root-container\"><div class=\"uagb-container-inner-blocks-wrap\">\n<p>Notre solution pour datacenters comprend des onduleurs (UPS), des syst\u00e8mes de refroidissement de pr\u00e9cision, des solutions de gestion de l&#039;infrastructure des datacenters (DCIM), ainsi que des racks et accessoires. Partenaire de confiance tout au long du cycle de vie d&#039;un datacenter, du conseil et de la conception \u00e0 l&#039;installation, l&#039;exploitation et la maintenance, RhimoPower propose des solutions optimis\u00e9es et cl\u00e9s en main, adapt\u00e9es aux besoins de ses clients. Que ce soit pour des datacenters sur site ou pr\u00e9fabriqu\u00e9s, RhimoPower garantit performance, efficacit\u00e9 et fiabilit\u00e9 \u00e0 chaque \u00e9tape.<\/p>\n<\/div><\/div>\n\n\n\n<div class=\"wp-block-uagb-container uagb-block-nqcko8vi alignfull uagb-is-root-container\"><div class=\"uagb-container-inner-blocks-wrap\">\n<div class=\"wp-block-uagb-info-box uagb-block-b09kxwp9 uagb-infobox__content-wrap  uagb-infobox-icon-above-title uagb-infobox-image-valign-top\"><div class=\"uagb-ifb-content\"><div class=\"uagb-ifb-title-wrap\"><h2 class=\"uagb-ifb-title\">Demander un devis<\/h2><\/div><\/div><\/div>\n\n\n\n<div class=\"wp-block-uagb-container uagb-block-0ak9uz1o\">\n<div class=\"wp-block-uagb-buttons uagb-buttons__outer-wrap uagb-btn__default-btn uagb-btn-tablet__default-btn uagb-btn-mobile__default-btn uagb-block-uvvbym5v\"><div class=\"uagb-buttons__wrap uagb-buttons-layout-wrap\">\n<div class=\"wp-block-uagb-buttons-child uagb-buttons__outer-wrap uagb-block-ssxdth1a wp-block-button\"><div class=\"uagb-button__wrapper\"><a class=\"uagb-buttons-repeater wp-block-button__link\" aria-label=\"\" href=\"\/fr\/contact\/\" rel=\"follow noopener\" target=\"_self\" role=\"button\"><div class=\"uagb-button__link\">Contactez-nous<\/div><\/a><\/div><\/div>\n<\/div><\/div>\n\n\n\n<div class=\"wp-block-uagb-info-box uagb-block-vvxxewxe uagb-infobox__content-wrap  uagb-infobox-icon-above-title uagb-infobox-image-valign-top\"><div class=\"uagb-ifb-content\"><div class=\"uagb-ifb-title-wrap\"><\/div><p class=\"uagb-ifb-desc\">RhimoPower offre une protection \u00e9lectrique fiable pour les applications critiques gr\u00e2ce \u00e0 une gamme compl\u00e8te d&#039;onduleurs\u00a0: autonomes ou modulaires, monophas\u00e9s ou triphas\u00e9s, et \u00e9volutifs jusqu&#039;\u00e0 des capacit\u00e9s de plusieurs m\u00e9gawatts. Con\u00e7us pour un rendement \u00e9lev\u00e9 et une redondance optimale, nos onduleurs garantissent une disponibilit\u00e9 et une r\u00e9silience maximales pour un fonctionnement continu.<\/p><\/div><\/div>\n<\/div>\n<\/div><\/div>","protected":false},"excerpt":{"rendered":"<p>Our data center solution encompassing uninterruptible power supplies (UPS), precision cooling systems, data center infrastructure management (DCIM), and racks &amp; [&hellip;]<\/p>\n","protected":false},"author":1,"featured_media":0,"parent":0,"menu_order":0,"comment_status":"closed","ping_status":"closed","template":"","meta":{"_acf_changed":false,"_uag_custom_page_level_css":"","site-sidebar-layout":"default","site-content-layout":"","ast-site-content-layout":"default","site-content-style":"default","site-sidebar-style":"default","ast-global-header-display":"","ast-banner-title-visibility":"","ast-main-header-display":"","ast-hfb-above-header-display":"","ast-hfb-below-header-display":"","ast-hfb-mobile-header-display":"","site-post-title":"disabled","ast-breadcrumbs-content":"","ast-featured-img":"","footer-sml-layout":"","theme-transparent-header-meta":"","adv-header-id-meta":"","stick-header-meta":"","header-above-stick-meta":"","header-main-stick-meta":"","header-below-stick-meta":"","astra-migrate-meta-layouts":"set","ast-page-background-enabled":"default","ast-page-background-meta":{"desktop":{"background-color":"var(--ast-global-color-4)","background-image":"","background-repeat":"repeat","background-position":"center center","background-size":"auto","background-attachment":"scroll","background-type":"","background-media":"","overlay-type":"","overlay-color":"","overlay-opacity":"","overlay-gradient":""},"tablet":{"background-color":"","background-image":"","background-repeat":"repeat","background-position":"center center","background-size":"auto","background-attachment":"scroll","background-type":"","background-media":"","overlay-type":"","overlay-color":"","overlay-opacity":"","overlay-gradient":""},"mobile":{"background-color":"","background-image":"","background-repeat":"repeat","background-position":"center center","background-size":"auto","background-attachment":"scroll","background-type":"","background-media":"","overlay-type":"","overlay-color":"","overlay-opacity":"","overlay-gradient":""}},"ast-content-background-meta":{"desktop":{"background-color":"var(--ast-global-color-5)","background-image":"","background-repeat":"repeat","background-position":"center center","background-size":"auto","background-attachment":"scroll","background-type":"","background-media":"","overlay-type":"","overlay-color":"","overlay-opacity":"","overlay-gradient":""},"tablet":{"background-color":"var(--ast-global-color-5)","background-image":"","background-repeat":"repeat","background-position":"center center","background-size":"auto","background-attachment":"scroll","background-type":"","background-media":"","overlay-type":"","overlay-color":"","overlay-opacity":"","overlay-gradient":""},"mobile":{"background-color":"var(--ast-global-color-5)","background-image":"","background-repeat":"repeat","background-position":"center center","background-size":"auto","background-attachment":"scroll","background-type":"","background-media":"","overlay-type":"","overlay-color":"","overlay-opacity":"","overlay-gradient":""}},"footnotes":""},"class_list":["post-2192","page","type-page","status-publish","hentry"],"acf":[],"yoast_head":"<!-- This site is optimized with the Yoast SEO plugin v27.3 - https:\/\/yoast.com\/product\/yoast-seo-wordpress\/ -->\n<title>UPS for data center, data center ups systems - RhimoPower<\/title>\n<meta name=\"description\" content=\"Ensure 24\/7 uptime with RhimoPower&#039;s high-performance UPS systems for data centers. Scalable, efficient, and engineered for mission-critical reliability.\" \/>\n<meta name=\"robots\" content=\"index, follow, max-snippet:-1, max-image-preview:large, max-video-preview:-1\" \/>\n<link rel=\"canonical\" href=\"https:\/\/www.rhimopower.com\/fr\/ups-for-data-center-data-center-ups-systems\/\" \/>\n<meta property=\"og:locale\" content=\"fr_FR\" \/>\n<meta property=\"og:type\" content=\"article\" \/>\n<meta property=\"og:title\" content=\"UPS for data center, data center ups systems - RhimoPower\" \/>\n<meta property=\"og:description\" content=\"Ensure 24\/7 uptime with RhimoPower&#039;s high-performance UPS systems for data centers. Scalable, efficient, and engineered for mission-critical reliability.\" \/>\n<meta property=\"og:url\" content=\"https:\/\/www.rhimopower.com\/fr\/ups-for-data-center-data-center-ups-systems\/\" \/>\n<meta property=\"og:site_name\" content=\"RhimoPower\" \/>\n<meta property=\"article:modified_time\" content=\"2025-06-23T02:41:12+00:00\" \/>\n<meta property=\"og:image\" content=\"https:\/\/www.rhimopower.com\/wp-content\/uploads\/2025\/05\/double-conversion-tower-ups-rhomo-rm33-10-80k-h-4-min-972x1024.jpg\" \/>\n<meta name=\"twitter:card\" content=\"summary_large_image\" \/>\n<meta name=\"twitter:label1\" content=\"Dur\u00e9e de lecture estim\u00e9e\" \/>\n\t<meta name=\"twitter:data1\" content=\"2 minutes\" \/>\n<script type=\"application\/ld+json\" class=\"yoast-schema-graph\">{\"@context\":\"https:\\\/\\\/schema.org\",\"@graph\":[{\"@type\":\"WebPage\",\"@id\":\"https:\\\/\\\/www.rhimopower.com\\\/ups-for-data-center-data-center-ups-systems\\\/\",\"url\":\"https:\\\/\\\/www.rhimopower.com\\\/ups-for-data-center-data-center-ups-systems\\\/\",\"name\":\"UPS for data center, data center ups systems - RhimoPower\",\"isPartOf\":{\"@id\":\"https:\\\/\\\/www.rhimopower.com\\\/#website\"},\"primaryImageOfPage\":{\"@id\":\"https:\\\/\\\/www.rhimopower.com\\\/ups-for-data-center-data-center-ups-systems\\\/#primaryimage\"},\"image\":{\"@id\":\"https:\\\/\\\/www.rhimopower.com\\\/ups-for-data-center-data-center-ups-systems\\\/#primaryimage\"},\"thumbnailUrl\":\"https:\\\/\\\/www.rhimopower.com\\\/wp-content\\\/uploads\\\/2025\\\/05\\\/double-conversion-tower-ups-rhomo-rm33-10-80k-h-4-min-972x1024.jpg\",\"datePublished\":\"2025-06-23T02:23:22+00:00\",\"dateModified\":\"2025-06-23T02:41:12+00:00\",\"description\":\"Ensure 24\\\/7 uptime with RhimoPower's high-performance UPS systems for data centers. Scalable, efficient, and engineered for mission-critical reliability.\",\"breadcrumb\":{\"@id\":\"https:\\\/\\\/www.rhimopower.com\\\/ups-for-data-center-data-center-ups-systems\\\/#breadcrumb\"},\"inLanguage\":\"fr-FR\",\"potentialAction\":[{\"@type\":\"ReadAction\",\"target\":[\"https:\\\/\\\/www.rhimopower.com\\\/ups-for-data-center-data-center-ups-systems\\\/\"]}]},{\"@type\":\"ImageObject\",\"inLanguage\":\"fr-FR\",\"@id\":\"https:\\\/\\\/www.rhimopower.com\\\/ups-for-data-center-data-center-ups-systems\\\/#primaryimage\",\"url\":\"https:\\\/\\\/www.rhimopower.com\\\/wp-content\\\/uploads\\\/2025\\\/05\\\/double-conversion-tower-ups-rhomo-rm33-10-80k-h-4-min-972x1024.jpg\",\"contentUrl\":\"https:\\\/\\\/www.rhimopower.com\\\/wp-content\\\/uploads\\\/2025\\\/05\\\/double-conversion-tower-ups-rhomo-rm33-10-80k-h-4-min-972x1024.jpg\"},{\"@type\":\"BreadcrumbList\",\"@id\":\"https:\\\/\\\/www.rhimopower.com\\\/ups-for-data-center-data-center-ups-systems\\\/#breadcrumb\",\"itemListElement\":[{\"@type\":\"ListItem\",\"position\":1,\"name\":\"Home\",\"item\":\"https:\\\/\\\/www.rhimopower.com\\\/\"},{\"@type\":\"ListItem\",\"position\":2,\"name\":\"UPS for data center, data center ups systems\"}]},{\"@type\":\"WebSite\",\"@id\":\"https:\\\/\\\/www.rhimopower.com\\\/#website\",\"url\":\"https:\\\/\\\/www.rhimopower.com\\\/\",\"name\":\"RhimoPower\",\"description\":\"\",\"publisher\":{\"@id\":\"https:\\\/\\\/www.rhimopower.com\\\/#organization\"},\"potentialAction\":[{\"@type\":\"SearchAction\",\"target\":{\"@type\":\"EntryPoint\",\"urlTemplate\":\"https:\\\/\\\/www.rhimopower.com\\\/?s={search_term_string}\"},\"query-input\":{\"@type\":\"PropertyValueSpecification\",\"valueRequired\":true,\"valueName\":\"search_term_string\"}}],\"inLanguage\":\"fr-FR\"},{\"@type\":\"Organization\",\"@id\":\"https:\\\/\\\/www.rhimopower.com\\\/#organization\",\"name\":\"RhimoPower\",\"url\":\"https:\\\/\\\/www.rhimopower.com\\\/\",\"logo\":{\"@type\":\"ImageObject\",\"inLanguage\":\"fr-FR\",\"@id\":\"https:\\\/\\\/www.rhimopower.com\\\/#\\\/schema\\\/logo\\\/image\\\/\",\"url\":\"https:\\\/\\\/www.rhimopower.com\\\/wp-content\\\/uploads\\\/2025\\\/04\\\/cropped-rhimo-logo.png\",\"contentUrl\":\"https:\\\/\\\/www.rhimopower.com\\\/wp-content\\\/uploads\\\/2025\\\/04\\\/cropped-rhimo-logo.png\",\"width\":1998,\"height\":667,\"caption\":\"RhimoPower\"},\"image\":{\"@id\":\"https:\\\/\\\/www.rhimopower.com\\\/#\\\/schema\\\/logo\\\/image\\\/\"}}]}<\/script>\n<!-- \/ Yoast SEO plugin. -->","yoast_head_json":{"title":"Onduleurs pour centres de donn\u00e9es, syst\u00e8mes d&#039;alimentation sans interruption pour centres de donn\u00e9es - RhimoPower","description":"Assurez une disponibilit\u00e9 24h\/24 et 7j\/7 gr\u00e2ce aux onduleurs hautes performances de RhimoPower pour centres de donn\u00e9es. \u00c9volutifs, efficaces et con\u00e7us pour une fiabilit\u00e9 optimale, ils sont essentiels \u00e0 votre activit\u00e9.","robots":{"index":"index","follow":"follow","max-snippet":"max-snippet:-1","max-image-preview":"max-image-preview:large","max-video-preview":"max-video-preview:-1"},"canonical":"https:\/\/www.rhimopower.com\/fr\/ups-for-data-center-data-center-ups-systems\/","og_locale":"fr_FR","og_type":"article","og_title":"UPS for data center, data center ups systems - RhimoPower","og_description":"Ensure 24\/7 uptime with RhimoPower's high-performance UPS systems for data centers. Scalable, efficient, and engineered for mission-critical reliability.","og_url":"https:\/\/www.rhimopower.com\/fr\/ups-for-data-center-data-center-ups-systems\/","og_site_name":"RhimoPower","article_modified_time":"2025-06-23T02:41:12+00:00","og_image":[{"url":"https:\/\/www.rhimopower.com\/wp-content\/uploads\/2025\/05\/double-conversion-tower-ups-rhomo-rm33-10-80k-h-4-min-972x1024.jpg","type":"","width":"","height":""}],"twitter_card":"summary_large_image","twitter_misc":{"Dur\u00e9e de lecture estim\u00e9e":"2 minutes"},"schema":{"@context":"https:\/\/schema.org","@graph":[{"@type":"WebPage","@id":"https:\/\/www.rhimopower.com\/ups-for-data-center-data-center-ups-systems\/","url":"https:\/\/www.rhimopower.com\/ups-for-data-center-data-center-ups-systems\/","name":"Onduleurs pour centres de donn\u00e9es, syst\u00e8mes d&#039;alimentation sans interruption pour centres de donn\u00e9es - RhimoPower","isPartOf":{"@id":"https:\/\/www.rhimopower.com\/#website"},"primaryImageOfPage":{"@id":"https:\/\/www.rhimopower.com\/ups-for-data-center-data-center-ups-systems\/#primaryimage"},"image":{"@id":"https:\/\/www.rhimopower.com\/ups-for-data-center-data-center-ups-systems\/#primaryimage"},"thumbnailUrl":"https:\/\/www.rhimopower.com\/wp-content\/uploads\/2025\/05\/double-conversion-tower-ups-rhomo-rm33-10-80k-h-4-min-972x1024.jpg","datePublished":"2025-06-23T02:23:22+00:00","dateModified":"2025-06-23T02:41:12+00:00","description":"Assurez une disponibilit\u00e9 24h\/24 et 7j\/7 gr\u00e2ce aux onduleurs hautes performances de RhimoPower pour centres de donn\u00e9es. \u00c9volutifs, efficaces et con\u00e7us pour une fiabilit\u00e9 optimale, ils sont essentiels \u00e0 votre activit\u00e9.","breadcrumb":{"@id":"https:\/\/www.rhimopower.com\/ups-for-data-center-data-center-ups-systems\/#breadcrumb"},"inLanguage":"fr-FR","potentialAction":[{"@type":"ReadAction","target":["https:\/\/www.rhimopower.com\/ups-for-data-center-data-center-ups-systems\/"]}]},{"@type":"ImageObject","inLanguage":"fr-FR","@id":"https:\/\/www.rhimopower.com\/ups-for-data-center-data-center-ups-systems\/#primaryimage","url":"https:\/\/www.rhimopower.com\/wp-content\/uploads\/2025\/05\/double-conversion-tower-ups-rhomo-rm33-10-80k-h-4-min-972x1024.jpg","contentUrl":"https:\/\/www.rhimopower.com\/wp-content\/uploads\/2025\/05\/double-conversion-tower-ups-rhomo-rm33-10-80k-h-4-min-972x1024.jpg"},{"@type":"BreadcrumbList","@id":"https:\/\/www.rhimopower.com\/ups-for-data-center-data-center-ups-systems\/#breadcrumb","itemListElement":[{"@type":"ListItem","position":1,"name":"Home","item":"https:\/\/www.rhimopower.com\/"},{"@type":"ListItem","position":2,"name":"UPS for data center, data center ups systems"}]},{"@type":"WebSite","@id":"https:\/\/www.rhimopower.com\/#website","url":"https:\/\/www.rhimopower.com\/","name":"RhimoPower","description":"","publisher":{"@id":"https:\/\/www.rhimopower.com\/#organization"},"potentialAction":[{"@type":"SearchAction","target":{"@type":"EntryPoint","urlTemplate":"https:\/\/www.rhimopower.com\/?s={search_term_string}"},"query-input":{"@type":"PropertyValueSpecification","valueRequired":true,"valueName":"search_term_string"}}],"inLanguage":"fr-FR"},{"@type":"Organization","@id":"https:\/\/www.rhimopower.com\/#organization","name":"RhimoPower","url":"https:\/\/www.rhimopower.com\/","logo":{"@type":"ImageObject","inLanguage":"fr-FR","@id":"https:\/\/www.rhimopower.com\/#\/schema\/logo\/image\/","url":"https:\/\/www.rhimopower.com\/wp-content\/uploads\/2025\/04\/cropped-rhimo-logo.png","contentUrl":"https:\/\/www.rhimopower.com\/wp-content\/uploads\/2025\/04\/cropped-rhimo-logo.png","width":1998,"height":667,"caption":"RhimoPower"},"image":{"@id":"https:\/\/www.rhimopower.com\/#\/schema\/logo\/image\/"}}]}},"uagb_featured_image_src":{"full":false,"thumbnail":false,"medium":false,"medium_large":false,"large":false,"1536x1536":false,"2048x2048":false,"trp-custom-language-flag":false,"woocommerce_thumbnail":false,"woocommerce_single":false,"woocommerce_gallery_thumbnail":false},"uagb_author_info":{"display_name":"Rebecca Lee","author_link":"https:\/\/www.rhimopower.com\/fr\/author\/rebecca-lee\/"},"uagb_comment_info":0,"uagb_excerpt":"Our data center solution encompassing uninterruptible power supplies (UPS), precision cooling systems, data center infrastructure management (DCIM), and racks &amp; [&hellip;]","_links":{"self":[{"href":"https:\/\/www.rhimopower.com\/fr\/wp-json\/wp\/v2\/pages\/2192","targetHints":{"allow":["GET"]}}],"collection":[{"href":"https:\/\/www.rhimopower.com\/fr\/wp-json\/wp\/v2\/pages"}],"about":[{"href":"https:\/\/www.rhimopower.com\/fr\/wp-json\/wp\/v2\/types\/page"}],"author":[{"embeddable":true,"href":"https:\/\/www.rhimopower.com\/fr\/wp-json\/wp\/v2\/users\/1"}],"replies":[{"embeddable":true,"href":"https:\/\/www.rhimopower.com\/fr\/wp-json\/wp\/v2\/comments?post=2192"}],"version-history":[{"count":4,"href":"https:\/\/www.rhimopower.com\/fr\/wp-json\/wp\/v2\/pages\/2192\/revisions"}],"predecessor-version":[{"id":2200,"href":"https:\/\/www.rhimopower.com\/fr\/wp-json\/wp\/v2\/pages\/2192\/revisions\/2200"}],"wp:attachment":[{"href":"https:\/\/www.rhimopower.com\/fr\/wp-json\/wp\/v2\/media?parent=2192"}],"curies":[{"name":"wp","href":"https:\/\/api.w.org\/{rel}","templated":true}]}}