{"id":8,"date":"2025-04-01T09:15:12","date_gmt":"2025-04-01T09:15:12","guid":{"rendered":"https:\/\/www.rhimopower.com\/cart\/"},"modified":"2025-04-03T09:20:50","modified_gmt":"2025-04-03T09:20:50","slug":"cart","status":"publish","type":"page","link":"https:\/\/www.rhimopower.com\/fr\/cart\/","title":{"rendered":"Panier"},"content":{"rendered":"<div data-block-name=\"woocommerce\/cart\" class=\"wp-block-woocommerce-cart alignwide is-loading\">\n<div data-block-name=\"woocommerce\/filled-cart-block\" class=\"wp-block-woocommerce-filled-cart-block\">\n<div data-block-name=\"woocommerce\/cart-items-block\" class=\"wp-block-woocommerce-cart-items-block\">\n<div data-block-name=\"woocommerce\/cart-line-items-block\" class=\"wp-block-woocommerce-cart-line-items-block\"><\/div>\n\n\n\n<div data-block-name=\"woocommerce\/cart-cross-sells-block\" class=\"wp-block-woocommerce-cart-cross-sells-block\">\n<h2 class=\"wp-block-heading has-large-font-size\">Vous pourriez \u00eatre int\u00e9ress\u00e9 par\u2026<\/h2>\n\n\n\n<div data-block-name=\"woocommerce\/cart-cross-sells-products-block\" class=\"wp-block-woocommerce-cart-cross-sells-products-block\"><\/div>\n<\/div>\n<\/div>\n\n\n\n<div data-block-name=\"woocommerce\/cart-totals-block\" class=\"wp-block-woocommerce-cart-totals-block\">\n<div data-block-name=\"woocommerce\/cart-order-summary-block\" class=\"wp-block-woocommerce-cart-order-summary-block\">\n<div data-block-name=\"woocommerce\/cart-order-summary-heading-block\" class=\"wp-block-woocommerce-cart-order-summary-heading-block\"><\/div><div data-block-name=\"woocommerce\/cart-order-summary-coupon-form-block\" class=\"wp-block-woocommerce-cart-order-summary-coupon-form-block\"><\/div><div data-block-name=\"woocommerce\/cart-order-summary-totals-block\" class=\"wp-block-woocommerce-cart-order-summary-totals-block\">\n<div data-block-name=\"woocommerce\/cart-order-summary-subtotal-block\" class=\"wp-block-woocommerce-cart-order-summary-subtotal-block\"><\/div>\n<div data-block-name=\"woocommerce\/cart-order-summary-discount-block\" class=\"wp-block-woocommerce-cart-order-summary-discount-block\"><\/div>\n<div data-block-name=\"woocommerce\/cart-order-summary-fee-block\" class=\"wp-block-woocommerce-cart-order-summary-fee-block\"><\/div>\n<div data-block-name=\"woocommerce\/cart-order-summary-shipping-block\" class=\"wp-block-woocommerce-cart-order-summary-shipping-block\"><\/div>\n<div data-block-name=\"woocommerce\/cart-order-summary-taxes-block\" class=\"wp-block-woocommerce-cart-order-summary-taxes-block\"><\/div><\/div>\n<\/div>\n\n\n\n<div data-block-name=\"woocommerce\/cart-express-payment-block\" class=\"wp-block-woocommerce-cart-express-payment-block\"><\/div>\n\n\n\n<div data-block-name=\"woocommerce\/proceed-to-checkout-block\" class=\"wp-block-woocommerce-proceed-to-checkout-block\"><\/div>\n\n\n\n<div data-block-name=\"woocommerce\/cart-accepted-payment-methods-block\" class=\"wp-block-woocommerce-cart-accepted-payment-methods-block\"><\/div>\n<\/div>\n<\/div>\n\n\n\n<div data-block-name=\"woocommerce\/empty-cart-block\" class=\"wp-block-woocommerce-empty-cart-block\">\n<h2 class=\"wp-block-heading has-text-align-center with-empty-cart-icon wc-block-cart__empty-cart__title\">Votre panier est actuellement vide !<\/h2>\n\n\n\n<hr class=\"wp-block-separator has-alpha-channel-opacity is-style-dots\"\/>\n\n\n\n<h2 class=\"wp-block-heading has-text-align-center\">Nouveau en magasin<\/h2>\n\n\n<div data-block-name=\"woocommerce\/product-new\" data-columns=\"4\" data-rows=\"1\" class=\"wc-block-grid wp-block-product-new wp-block-woocommerce-product-new wc-block-product-new has-4-columns\"><ul class=\"wc-block-grid__products\"><li class=\"wc-block-grid__product\">\n\t\t\t\t<a href=\"https:\/\/www.rhimopower.com\/fr\/produit\/uninterruptible-power-supply-for-healthcare-hospital-ups-6-10-kva\/\" class=\"wc-block-grid__product-link\">\n\t\t\t\t\t\n\t\t\t\t\t<div class=\"wc-block-grid__product-image\"><img loading=\"lazy\" decoding=\"async\" width=\"300\" height=\"300\" src=\"https:\/\/www.rhimopower.com\/wp-content\/uploads\/2025\/11\/uninterruptible-power-supply-for-healthcare-hospital-ups-300x300.jpg\" class=\"attachment-woocommerce_thumbnail size-woocommerce_thumbnail\" alt=\"Alimentation sans interruption (UPS) pour le secteur de la sant\u00e9, h\u00f4pitaux (6-10 kVA).\" srcset=\"https:\/\/www.rhimopower.com\/wp-content\/uploads\/2025\/11\/uninterruptible-power-supply-for-healthcare-hospital-ups-300x300.jpg 300w, https:\/\/www.rhimopower.com\/wp-content\/uploads\/2025\/11\/uninterruptible-power-supply-for-healthcare-hospital-ups-150x150.jpg 150w, https:\/\/www.rhimopower.com\/wp-content\/uploads\/2025\/11\/uninterruptible-power-supply-for-healthcare-hospital-ups-768x768.jpg 768w, https:\/\/www.rhimopower.com\/wp-content\/uploads\/2025\/11\/uninterruptible-power-supply-for-healthcare-hospital-ups-12x12.jpg 12w, https:\/\/www.rhimopower.com\/wp-content\/uploads\/2025\/11\/uninterruptible-power-supply-for-healthcare-hospital-ups-600x600.jpg 600w, https:\/\/www.rhimopower.com\/wp-content\/uploads\/2025\/11\/uninterruptible-power-supply-for-healthcare-hospital-ups-100x100.jpg 100w, https:\/\/www.rhimopower.com\/wp-content\/uploads\/2025\/11\/uninterruptible-power-supply-for-healthcare-hospital-ups.jpg 1000w\" sizes=\"auto, (max-width: 300px) 100vw, 300px\" \/><\/div>\n\t\t\t\t\t<div class=\"wc-block-grid__product-title\">Alimentation sans interruption (UPS) pour le secteur de la sant\u00e9, h\u00f4pitaux (6-10 kVA).<\/div>\n\t\t\t\t<\/a>\n\t\t\t\t<div class=\"wc-block-grid__product-price price\"><\/div>\n\t\t\t\t\n\t\t\t\t<div class=\"wp-block-button wc-block-grid__product-add-to-cart\"><a href=\"https:\/\/www.rhimopower.com\/fr\/produit\/uninterruptible-power-supply-for-healthcare-hospital-ups-6-10-kva\/\" aria-label=\"En savoir plus sur \u00ab\u00a0Alimentation sans interruption pour le secteur de la sant\u00e9, onduleurs hospitaliers 6-10 kVA\u00a0\u00bb\" data-quantity=\"1\" data-product_id=\"2616\" data-product_sku=\"\" data-price=\"0\" rel=\"nofollow\" class=\"wp-block-button__link  add_to_cart_button\">Lire la suite<\/a><\/div>\n\t\t\t<\/li><li class=\"wc-block-grid__product\">\n\t\t\t\t<a href=\"https:\/\/www.rhimopower.com\/fr\/produit\/medical-grade-ups-medical-grade-battery-backup-1-3kva-h\/\" class=\"wc-block-grid__product-link\">\n\t\t\t\t\t\n\t\t\t\t\t<div class=\"wc-block-grid__product-image\"><img loading=\"lazy\" decoding=\"async\" width=\"300\" height=\"300\" src=\"https:\/\/www.rhimopower.com\/wp-content\/uploads\/2025\/11\/medical-grade-ups-medical-grade-battery-backup-300x300.jpg\" class=\"attachment-woocommerce_thumbnail size-woocommerce_thumbnail\" alt=\"Onduleur de qualit\u00e9 m\u00e9dicale, batterie de secours de qualit\u00e9 m\u00e9dicale\" srcset=\"https:\/\/www.rhimopower.com\/wp-content\/uploads\/2025\/11\/medical-grade-ups-medical-grade-battery-backup-300x300.jpg 300w, https:\/\/www.rhimopower.com\/wp-content\/uploads\/2025\/11\/medical-grade-ups-medical-grade-battery-backup-150x150.jpg 150w, https:\/\/www.rhimopower.com\/wp-content\/uploads\/2025\/11\/medical-grade-ups-medical-grade-battery-backup-768x768.jpg 768w, https:\/\/www.rhimopower.com\/wp-content\/uploads\/2025\/11\/medical-grade-ups-medical-grade-battery-backup-12x12.jpg 12w, https:\/\/www.rhimopower.com\/wp-content\/uploads\/2025\/11\/medical-grade-ups-medical-grade-battery-backup-600x600.jpg 600w, https:\/\/www.rhimopower.com\/wp-content\/uploads\/2025\/11\/medical-grade-ups-medical-grade-battery-backup-100x100.jpg 100w, https:\/\/www.rhimopower.com\/wp-content\/uploads\/2025\/11\/medical-grade-ups-medical-grade-battery-backup.jpg 1000w\" sizes=\"auto, (max-width: 300px) 100vw, 300px\" \/><\/div>\n\t\t\t\t\t<div class=\"wc-block-grid__product-title\">Onduleur de qualit\u00e9 m\u00e9dicale, batterie de secours de qualit\u00e9 m\u00e9dicale 1-3 kVA-H<\/div>\n\t\t\t\t<\/a>\n\t\t\t\t<div class=\"wc-block-grid__product-price price\"><\/div>\n\t\t\t\t\n\t\t\t\t<div class=\"wp-block-button wc-block-grid__product-add-to-cart\"><a href=\"https:\/\/www.rhimopower.com\/fr\/produit\/medical-grade-ups-medical-grade-battery-backup-1-3kva-h\/\" aria-label=\"En savoir plus sur \u00ab\u00a0Medical grade ups, batterie de secours de qualit\u00e9 m\u00e9dicale 1-3KVA-H\u00a0\u00bb\" data-quantity=\"1\" data-product_id=\"2614\" data-product_sku=\"\" data-price=\"0\" rel=\"nofollow\" class=\"wp-block-button__link  add_to_cart_button\">Lire la suite<\/a><\/div>\n\t\t\t<\/li><li class=\"wc-block-grid__product\">\n\t\t\t\t<a href=\"https:\/\/www.rhimopower.com\/fr\/produit\/high-voltage-lithium-battery-pack-400v-industrial-lithium-ion-battery-solutions\/\" class=\"wc-block-grid__product-link\">\n\t\t\t\t\t\n\t\t\t\t\t<div class=\"wc-block-grid__product-image\"><img loading=\"lazy\" decoding=\"async\" width=\"300\" height=\"300\" src=\"https:\/\/www.rhimopower.com\/wp-content\/uploads\/2025\/08\/high-voltage-lithium-battery-pack-400v-1-300x300.jpg\" class=\"attachment-woocommerce_thumbnail size-woocommerce_thumbnail\" alt=\"batterie haute tension 400 V au lithium\" srcset=\"https:\/\/www.rhimopower.com\/wp-content\/uploads\/2025\/08\/high-voltage-lithium-battery-pack-400v-1-300x300.jpg 300w, https:\/\/www.rhimopower.com\/wp-content\/uploads\/2025\/08\/high-voltage-lithium-battery-pack-400v-1-150x150.jpg 150w, https:\/\/www.rhimopower.com\/wp-content\/uploads\/2025\/08\/high-voltage-lithium-battery-pack-400v-1-768x768.jpg 768w, https:\/\/www.rhimopower.com\/wp-content\/uploads\/2025\/08\/high-voltage-lithium-battery-pack-400v-1-600x600.jpg 600w, https:\/\/www.rhimopower.com\/wp-content\/uploads\/2025\/08\/high-voltage-lithium-battery-pack-400v-1-100x100.jpg 100w, https:\/\/www.rhimopower.com\/wp-content\/uploads\/2025\/08\/high-voltage-lithium-battery-pack-400v-1.jpg 1000w\" sizes=\"auto, (max-width: 300px) 100vw, 300px\" \/><\/div>\n\t\t\t\t\t<div class=\"wc-block-grid__product-title\">Pack de batteries lithium-ion haute tension 400 V \u2013 Solutions de batteries lithium-ion industrielles<\/div>\n\t\t\t\t<\/a>\n\t\t\t\t<div class=\"wc-block-grid__product-price price\"><\/div>\n\t\t\t\t\n\t\t\t\t<div class=\"wp-block-button wc-block-grid__product-add-to-cart\"><a href=\"https:\/\/www.rhimopower.com\/fr\/produit\/high-voltage-lithium-battery-pack-400v-industrial-lithium-ion-battery-solutions\/\" aria-label=\"En savoir plus sur \u00ab\u00a0Batterie lithium haute tension 400\u00a0V\u00a0\u2013 Solutions de batteries lithium-ion industrielles\u00a0\u00bb\" data-quantity=\"1\" data-product_id=\"2387\" data-product_sku=\"\" data-price=\"0\" rel=\"nofollow\" class=\"wp-block-button__link  add_to_cart_button\">Lire la suite<\/a><\/div>\n\t\t\t<\/li><li class=\"wc-block-grid__product\">\n\t\t\t\t<a href=\"https:\/\/www.rhimopower.com\/fr\/produit\/industrial-grade-all-in-one-battery-and-inverter-5kwh-10kwh\/\" class=\"wc-block-grid__product-link\">\n\t\t\t\t\t\n\t\t\t\t\t<div class=\"wc-block-grid__product-image\"><img loading=\"lazy\" decoding=\"async\" width=\"300\" height=\"300\" src=\"https:\/\/www.rhimopower.com\/wp-content\/uploads\/2025\/08\/all-in-one-battery-and-inverter-1-min-300x300.jpg\" class=\"attachment-woocommerce_thumbnail size-woocommerce_thumbnail\" alt=\"batterie et onduleur tout-en-un\" srcset=\"https:\/\/www.rhimopower.com\/wp-content\/uploads\/2025\/08\/all-in-one-battery-and-inverter-1-min-300x300.jpg 300w, https:\/\/www.rhimopower.com\/wp-content\/uploads\/2025\/08\/all-in-one-battery-and-inverter-1-min-150x150.jpg 150w, https:\/\/www.rhimopower.com\/wp-content\/uploads\/2025\/08\/all-in-one-battery-and-inverter-1-min-100x100.jpg 100w\" sizes=\"auto, (max-width: 300px) 100vw, 300px\" \/><\/div>\n\t\t\t\t\t<div class=\"wc-block-grid__product-title\">Batterie et onduleur tout-en-un de qualit\u00e9 industrielle 5 kWh 10 kWh<\/div>\n\t\t\t\t<\/a>\n\t\t\t\t<div class=\"wc-block-grid__product-price price\"><\/div>\n\t\t\t\t\n\t\t\t\t<div class=\"wp-block-button wc-block-grid__product-add-to-cart\"><a href=\"https:\/\/www.rhimopower.com\/fr\/produit\/industrial-grade-all-in-one-battery-and-inverter-5kwh-10kwh\/\" aria-label=\"En savoir plus sur \u00ab Batterie et onduleur tout-en-un de qualit\u00e9 industrielle 5 kWh 10 kWh \u00bb\" data-quantity=\"1\" data-product_id=\"2375\" data-product_sku=\"\" data-price=\"0\" rel=\"nofollow\" class=\"wp-block-button__link  add_to_cart_button\">Lire la suite<\/a><\/div>\n\t\t\t<\/li><\/ul><\/div><\/div>\n<\/div>","protected":false},"excerpt":{"rendered":"","protected":false},"author":1,"featured_media":0,"parent":0,"menu_order":0,"comment_status":"closed","ping_status":"closed","template":"","meta":{"_acf_changed":false,"_uag_custom_page_level_css":"","site-sidebar-layout":"default","site-content-layout":"","ast-site-content-layout":"","site-content-style":"default","site-sidebar-style":"default","ast-global-header-display":"","ast-banner-title-visibility":"","ast-main-header-display":"","ast-hfb-above-header-display":"","ast-hfb-below-header-display":"","ast-hfb-mobile-header-display":"","site-post-title":"","ast-breadcrumbs-content":"","ast-featured-img":"","footer-sml-layout":"","theme-transparent-header-meta":"","adv-header-id-meta":"","stick-header-meta":"","header-above-stick-meta":"","header-main-stick-meta":"","header-below-stick-meta":"","astra-migrate-meta-layouts":"default","ast-page-background-enabled":"default","ast-page-background-meta":{"desktop":{"background-color":"var(--ast-global-color-4)","background-image":"","background-repeat":"repeat","background-position":"center center","background-size":"auto","background-attachment":"scroll","background-type":"","background-media":"","overlay-type":"","overlay-color":"","overlay-opacity":"","overlay-gradient":""},"tablet":{"background-color":"","background-image":"","background-repeat":"repeat","background-position":"center center","background-size":"auto","background-attachment":"scroll","background-type":"","background-media":"","overlay-type":"","overlay-color":"","overlay-opacity":"","overlay-gradient":""},"mobile":{"background-color":"","background-image":"","background-repeat":"repeat","background-position":"center center","background-size":"auto","background-attachment":"scroll","background-type":"","background-media":"","overlay-type":"","overlay-color":"","overlay-opacity":"","overlay-gradient":""}},"ast-content-background-meta":{"desktop":{"background-color":"var(--ast-global-color-5)","background-image":"","background-repeat":"repeat","background-position":"center center","background-size":"auto","background-attachment":"scroll","background-type":"","background-media":"","overlay-type":"","overlay-color":"","overlay-opacity":"","overlay-gradient":""},"tablet":{"background-color":"var(--ast-global-color-5)","background-image":"","background-repeat":"repeat","background-position":"center center","background-size":"auto","background-attachment":"scroll","background-type":"","background-media":"","overlay-type":"","overlay-color":"","overlay-opacity":"","overlay-gradient":""},"mobile":{"background-color":"var(--ast-global-color-5)","background-image":"","background-repeat":"repeat","background-position":"center center","background-size":"auto","background-attachment":"scroll","background-type":"","background-media":"","overlay-type":"","overlay-color":"","overlay-opacity":"","overlay-gradient":""}},"footnotes":""},"class_list":["post-8","page","type-page","status-publish","hentry"],"acf":[],"yoast_head":"<!-- This site is optimized with the Yoast SEO plugin v27.3 - https:\/\/yoast.com\/product\/yoast-seo-wordpress\/ -->\n<title>Cart - RhimoPower<\/title>\n<meta name=\"robots\" content=\"index, follow, max-snippet:-1, max-image-preview:large, max-video-preview:-1\" \/>\n<link rel=\"canonical\" href=\"https:\/\/www.rhimopower.com\/fr\/cart\/\" \/>\n<meta property=\"og:locale\" content=\"fr_FR\" \/>\n<meta property=\"og:type\" content=\"article\" \/>\n<meta property=\"og:title\" content=\"Cart - RhimoPower\" \/>\n<meta property=\"og:url\" content=\"https:\/\/www.rhimopower.com\/fr\/cart\/\" \/>\n<meta property=\"og:site_name\" content=\"RhimoPower\" \/>\n<meta property=\"article:modified_time\" content=\"2025-04-03T09:20:50+00:00\" \/>\n<meta name=\"twitter:card\" content=\"summary_large_image\" \/>\n<script type=\"application\/ld+json\" class=\"yoast-schema-graph\">{\"@context\":\"https:\\\/\\\/schema.org\",\"@graph\":[{\"@type\":\"WebPage\",\"@id\":\"https:\\\/\\\/www.rhimopower.com\\\/cart\\\/\",\"url\":\"https:\\\/\\\/www.rhimopower.com\\\/cart\\\/\",\"name\":\"Cart - RhimoPower\",\"isPartOf\":{\"@id\":\"https:\\\/\\\/www.rhimopower.com\\\/#website\"},\"datePublished\":\"2025-04-01T09:15:12+00:00\",\"dateModified\":\"2025-04-03T09:20:50+00:00\",\"breadcrumb\":{\"@id\":\"https:\\\/\\\/www.rhimopower.com\\\/cart\\\/#breadcrumb\"},\"inLanguage\":\"fr-FR\",\"potentialAction\":[{\"@type\":\"ReadAction\",\"target\":[\"https:\\\/\\\/www.rhimopower.com\\\/cart\\\/\"]}]},{\"@type\":\"BreadcrumbList\",\"@id\":\"https:\\\/\\\/www.rhimopower.com\\\/cart\\\/#breadcrumb\",\"itemListElement\":[{\"@type\":\"ListItem\",\"position\":1,\"name\":\"Home\",\"item\":\"https:\\\/\\\/www.rhimopower.com\\\/\"},{\"@type\":\"ListItem\",\"position\":2,\"name\":\"Cart\"}]},{\"@type\":\"WebSite\",\"@id\":\"https:\\\/\\\/www.rhimopower.com\\\/#website\",\"url\":\"https:\\\/\\\/www.rhimopower.com\\\/\",\"name\":\"RhimoPower\",\"description\":\"\",\"publisher\":{\"@id\":\"https:\\\/\\\/www.rhimopower.com\\\/#organization\"},\"potentialAction\":[{\"@type\":\"SearchAction\",\"target\":{\"@type\":\"EntryPoint\",\"urlTemplate\":\"https:\\\/\\\/www.rhimopower.com\\\/?s={search_term_string}\"},\"query-input\":{\"@type\":\"PropertyValueSpecification\",\"valueRequired\":true,\"valueName\":\"search_term_string\"}}],\"inLanguage\":\"fr-FR\"},{\"@type\":\"Organization\",\"@id\":\"https:\\\/\\\/www.rhimopower.com\\\/#organization\",\"name\":\"RhimoPower\",\"url\":\"https:\\\/\\\/www.rhimopower.com\\\/\",\"logo\":{\"@type\":\"ImageObject\",\"inLanguage\":\"fr-FR\",\"@id\":\"https:\\\/\\\/www.rhimopower.com\\\/#\\\/schema\\\/logo\\\/image\\\/\",\"url\":\"https:\\\/\\\/www.rhimopower.com\\\/wp-content\\\/uploads\\\/2025\\\/04\\\/cropped-rhimo-logo.png\",\"contentUrl\":\"https:\\\/\\\/www.rhimopower.com\\\/wp-content\\\/uploads\\\/2025\\\/04\\\/cropped-rhimo-logo.png\",\"width\":1998,\"height\":667,\"caption\":\"RhimoPower\"},\"image\":{\"@id\":\"https:\\\/\\\/www.rhimopower.com\\\/#\\\/schema\\\/logo\\\/image\\\/\"}}]}<\/script>\n<!-- \/ Yoast SEO plugin. -->","yoast_head_json":{"title":"Panier - RhimoPower","robots":{"index":"index","follow":"follow","max-snippet":"max-snippet:-1","max-image-preview":"max-image-preview:large","max-video-preview":"max-video-preview:-1"},"canonical":"https:\/\/www.rhimopower.com\/fr\/cart\/","og_locale":"fr_FR","og_type":"article","og_title":"Cart - RhimoPower","og_url":"https:\/\/www.rhimopower.com\/fr\/cart\/","og_site_name":"RhimoPower","article_modified_time":"2025-04-03T09:20:50+00:00","twitter_card":"summary_large_image","schema":{"@context":"https:\/\/schema.org","@graph":[{"@type":"WebPage","@id":"https:\/\/www.rhimopower.com\/cart\/","url":"https:\/\/www.rhimopower.com\/cart\/","name":"Panier - RhimoPower","isPartOf":{"@id":"https:\/\/www.rhimopower.com\/#website"},"datePublished":"2025-04-01T09:15:12+00:00","dateModified":"2025-04-03T09:20:50+00:00","breadcrumb":{"@id":"https:\/\/www.rhimopower.com\/cart\/#breadcrumb"},"inLanguage":"fr-FR","potentialAction":[{"@type":"ReadAction","target":["https:\/\/www.rhimopower.com\/cart\/"]}]},{"@type":"BreadcrumbList","@id":"https:\/\/www.rhimopower.com\/cart\/#breadcrumb","itemListElement":[{"@type":"ListItem","position":1,"name":"Home","item":"https:\/\/www.rhimopower.com\/"},{"@type":"ListItem","position":2,"name":"Cart"}]},{"@type":"WebSite","@id":"https:\/\/www.rhimopower.com\/#website","url":"https:\/\/www.rhimopower.com\/","name":"RhimoPower","description":"","publisher":{"@id":"https:\/\/www.rhimopower.com\/#organization"},"potentialAction":[{"@type":"SearchAction","target":{"@type":"EntryPoint","urlTemplate":"https:\/\/www.rhimopower.com\/?s={search_term_string}"},"query-input":{"@type":"PropertyValueSpecification","valueRequired":true,"valueName":"search_term_string"}}],"inLanguage":"fr-FR"},{"@type":"Organization","@id":"https:\/\/www.rhimopower.com\/#organization","name":"RhimoPower","url":"https:\/\/www.rhimopower.com\/","logo":{"@type":"ImageObject","inLanguage":"fr-FR","@id":"https:\/\/www.rhimopower.com\/#\/schema\/logo\/image\/","url":"https:\/\/www.rhimopower.com\/wp-content\/uploads\/2025\/04\/cropped-rhimo-logo.png","contentUrl":"https:\/\/www.rhimopower.com\/wp-content\/uploads\/2025\/04\/cropped-rhimo-logo.png","width":1998,"height":667,"caption":"RhimoPower"},"image":{"@id":"https:\/\/www.rhimopower.com\/#\/schema\/logo\/image\/"}}]}},"uagb_featured_image_src":{"full":false,"thumbnail":false,"medium":false,"medium_large":false,"large":false,"1536x1536":false,"2048x2048":false,"trp-custom-language-flag":false,"woocommerce_thumbnail":false,"woocommerce_single":false,"woocommerce_gallery_thumbnail":false},"uagb_author_info":{"display_name":"Rebecca Lee","author_link":"https:\/\/www.rhimopower.com\/fr\/author\/rebecca-lee\/"},"uagb_comment_info":0,"uagb_excerpt":null,"_links":{"self":[{"href":"https:\/\/www.rhimopower.com\/fr\/wp-json\/wp\/v2\/pages\/8","targetHints":{"allow":["GET"]}}],"collection":[{"href":"https:\/\/www.rhimopower.com\/fr\/wp-json\/wp\/v2\/pages"}],"about":[{"href":"https:\/\/www.rhimopower.com\/fr\/wp-json\/wp\/v2\/types\/page"}],"author":[{"embeddable":true,"href":"https:\/\/www.rhimopower.com\/fr\/wp-json\/wp\/v2\/users\/1"}],"replies":[{"embeddable":true,"href":"https:\/\/www.rhimopower.com\/fr\/wp-json\/wp\/v2\/comments?post=8"}],"version-history":[{"count":1,"href":"https:\/\/www.rhimopower.com\/fr\/wp-json\/wp\/v2\/pages\/8\/revisions"}],"predecessor-version":[{"id":12,"href":"https:\/\/www.rhimopower.com\/fr\/wp-json\/wp\/v2\/pages\/8\/revisions\/12"}],"wp:attachment":[{"href":"https:\/\/www.rhimopower.com\/fr\/wp-json\/wp\/v2\/media?parent=8"}],"curies":[{"name":"wp","href":"https:\/\/api.w.org\/{rel}","templated":true}]}}