{"id":1982,"date":"2025-05-16T03:51:07","date_gmt":"2025-05-16T03:51:07","guid":{"rendered":"https:\/\/www.rhimopower.com\/?post_type=product&#038;p=1982"},"modified":"2025-05-16T03:51:42","modified_gmt":"2025-05-16T03:51:42","slug":"snmp-card","status":"publish","type":"product","link":"https:\/\/www.rhimopower.com\/fr\/produit\/snmp-card\/","title":{"rendered":"carte SNMP"},"content":{"rendered":"<p>La carte SNMP (Simple Network Management Protocol) permet la surveillance et la gestion \u00e0 distance de votre onduleur via un r\u00e9seau. Elle permet de recevoir des mises \u00e0 jour d&#039;\u00e9tat en temps r\u00e9el, des notifications d&#039;\u00e9v\u00e9nements et de g\u00e9rer l&#039;alimentation via un navigateur web ou un logiciel de gestion r\u00e9seau, ce qui est id\u00e9al pour les centres de donn\u00e9es et les environnements informatiques.<\/p>","protected":false},"excerpt":{"rendered":"<ul>\n<li>Plusieurs unit\u00e9s UPS peuvent \u00eatre contr\u00f4l\u00e9es et surveill\u00e9es via l\u2019interface RJ-45.<\/li>\n<li>Il affiche les donn\u00e9es de l&#039;onduleur (tension, fr\u00e9quence, niveau de charge, capacit\u00e9 de la batterie) dans une interface graphique dynamique et en temps r\u00e9el.<\/li>\n<li>Les notifications d&#039;avertissement peuvent \u00eatre envoy\u00e9es via des alarmes sonores et visuelles, des diffusions, des messageries mobiles, des interruptions SNMP et des e-mails.<\/li>\n<li>Les donn\u00e9es historiques peuvent \u00eatre stock\u00e9es dans la base de donn\u00e9es de l&#039;ordinateur terminal et le micrologiciel peut \u00eatre facilement mis \u00e0 jour.<\/li>\n<\/ul>","protected":false},"featured_media":1983,"template":"","meta":{"_acf_changed":false,"_uag_custom_page_level_css":"","site-sidebar-layout":"default","site-content-layout":"","ast-site-content-layout":"default","site-content-style":"default","site-sidebar-style":"default","ast-global-header-display":"","ast-banner-title-visibility":"","ast-main-header-display":"","ast-hfb-above-header-display":"","ast-hfb-below-header-display":"","ast-hfb-mobile-header-display":"","site-post-title":"","ast-breadcrumbs-content":"","ast-featured-img":"","footer-sml-layout":"","theme-transparent-header-meta":"default","adv-header-id-meta":"","stick-header-meta":"","header-above-stick-meta":"","header-main-stick-meta":"","header-below-stick-meta":"","astra-migrate-meta-layouts":"set","ast-page-background-enabled":"default","ast-page-background-meta":{"desktop":{"background-color":"var(--ast-global-color-4)","background-image":"","background-repeat":"repeat","background-position":"center center","background-size":"auto","background-attachment":"scroll","background-type":"","background-media":"","overlay-type":"","overlay-color":"","overlay-opacity":"","overlay-gradient":""},"tablet":{"background-color":"","background-image":"","background-repeat":"repeat","background-position":"center center","background-size":"auto","background-attachment":"scroll","background-type":"","background-media":"","overlay-type":"","overlay-color":"","overlay-opacity":"","overlay-gradient":""},"mobile":{"background-color":"","background-image":"","background-repeat":"repeat","background-position":"center center","background-size":"auto","background-attachment":"scroll","background-type":"","background-media":"","overlay-type":"","overlay-color":"","overlay-opacity":"","overlay-gradient":""}},"ast-content-background-meta":{"desktop":{"background-color":"var(--ast-global-color-5)","background-image":"","background-repeat":"repeat","background-position":"center center","background-size":"auto","background-attachment":"scroll","background-type":"","background-media":"","overlay-type":"","overlay-color":"","overlay-opacity":"","overlay-gradient":""},"tablet":{"background-color":"var(--ast-global-color-5)","background-image":"","background-repeat":"repeat","background-position":"center center","background-size":"auto","background-attachment":"scroll","background-type":"","background-media":"","overlay-type":"","overlay-color":"","overlay-opacity":"","overlay-gradient":""},"mobile":{"background-color":"var(--ast-global-color-5)","background-image":"","background-repeat":"repeat","background-position":"center center","background-size":"auto","background-attachment":"scroll","background-type":"","background-media":"","overlay-type":"","overlay-color":"","overlay-opacity":"","overlay-gradient":""}}},"product_brand":[],"product_cat":[26],"product_tag":[],"class_list":{"0":"post-1982","1":"product","2":"type-product","3":"status-publish","4":"has-post-thumbnail","6":"product_cat-ups-accessories","7":"desktop-align-left","8":"tablet-align-left","9":"mobile-align-left","11":"first","12":"instock","13":"shipping-taxable","14":"product-type-simple"},"acf":{"product_specifications":""},"yoast_head":"<!-- This site is optimized with the Yoast SEO plugin v27.3 - https:\/\/yoast.com\/product\/yoast-seo-wordpress\/ -->\n<title>SNMP card - RhimoPower<\/title>\n<meta name=\"robots\" content=\"index, follow, max-snippet:-1, max-image-preview:large, max-video-preview:-1\" \/>\n<link rel=\"canonical\" href=\"https:\/\/www.rhimopower.com\/fr\/produit\/snmp-card\/\" \/>\n<meta property=\"og:locale\" content=\"fr_FR\" \/>\n<meta property=\"og:type\" content=\"article\" \/>\n<meta property=\"og:title\" content=\"SNMP card - RhimoPower\" \/>\n<meta property=\"og:description\" content=\"Multiple UPS units can be controlled and monitored via the RJ - 45 interface.  It displays UPS data (voltage, frequency, load level, battery capacity) in a real-time and dynamic graphical interface.  Warning notifications can be sent through audible and visual alarms, broadcasts, mobile messengers, SNMP traps, and emails.  Historical data can be stored in the database of the terminal computer, and the firmware can be easiRM updated.\" \/>\n<meta property=\"og:url\" content=\"https:\/\/www.rhimopower.com\/fr\/produit\/snmp-card\/\" \/>\n<meta property=\"og:site_name\" content=\"RhimoPower\" \/>\n<meta property=\"article:modified_time\" content=\"2025-05-16T03:51:42+00:00\" \/>\n<meta property=\"og:image\" content=\"https:\/\/www.rhimopower.com\/wp-content\/uploads\/2025\/05\/snmp-card-min.png\" \/>\n\t<meta property=\"og:image:width\" content=\"543\" \/>\n\t<meta property=\"og:image:height\" content=\"531\" \/>\n\t<meta property=\"og:image:type\" content=\"image\/png\" \/>\n<meta name=\"twitter:card\" content=\"summary_large_image\" \/>\n<meta name=\"twitter:label1\" content=\"Dur\u00e9e de lecture estim\u00e9e\" \/>\n\t<meta name=\"twitter:data1\" content=\"1 minute\" \/>\n<script type=\"application\/ld+json\" class=\"yoast-schema-graph\">{\"@context\":\"https:\\\/\\\/schema.org\",\"@graph\":[{\"@type\":\"WebPage\",\"@id\":\"https:\\\/\\\/www.rhimopower.com\\\/product\\\/snmp-card\\\/\",\"url\":\"https:\\\/\\\/www.rhimopower.com\\\/product\\\/snmp-card\\\/\",\"name\":\"SNMP card - RhimoPower\",\"isPartOf\":{\"@id\":\"https:\\\/\\\/www.rhimopower.com\\\/#website\"},\"primaryImageOfPage\":{\"@id\":\"https:\\\/\\\/www.rhimopower.com\\\/product\\\/snmp-card\\\/#primaryimage\"},\"image\":{\"@id\":\"https:\\\/\\\/www.rhimopower.com\\\/product\\\/snmp-card\\\/#primaryimage\"},\"thumbnailUrl\":\"https:\\\/\\\/www.rhimopower.com\\\/wp-content\\\/uploads\\\/2025\\\/05\\\/snmp-card-min.png\",\"datePublished\":\"2025-05-16T03:51:07+00:00\",\"dateModified\":\"2025-05-16T03:51:42+00:00\",\"breadcrumb\":{\"@id\":\"https:\\\/\\\/www.rhimopower.com\\\/product\\\/snmp-card\\\/#breadcrumb\"},\"inLanguage\":\"fr-FR\",\"potentialAction\":[{\"@type\":\"ReadAction\",\"target\":[\"https:\\\/\\\/www.rhimopower.com\\\/product\\\/snmp-card\\\/\"]}]},{\"@type\":\"ImageObject\",\"inLanguage\":\"fr-FR\",\"@id\":\"https:\\\/\\\/www.rhimopower.com\\\/product\\\/snmp-card\\\/#primaryimage\",\"url\":\"https:\\\/\\\/www.rhimopower.com\\\/wp-content\\\/uploads\\\/2025\\\/05\\\/snmp-card-min.png\",\"contentUrl\":\"https:\\\/\\\/www.rhimopower.com\\\/wp-content\\\/uploads\\\/2025\\\/05\\\/snmp-card-min.png\",\"width\":543,\"height\":531,\"caption\":\"SNPM card\"},{\"@type\":\"BreadcrumbList\",\"@id\":\"https:\\\/\\\/www.rhimopower.com\\\/product\\\/snmp-card\\\/#breadcrumb\",\"itemListElement\":[{\"@type\":\"ListItem\",\"position\":1,\"name\":\"Home\",\"item\":\"https:\\\/\\\/www.rhimopower.com\\\/\"},{\"@type\":\"ListItem\",\"position\":2,\"name\":\"Products\",\"item\":\"https:\\\/\\\/www.rhimopower.com\\\/products\\\/\"},{\"@type\":\"ListItem\",\"position\":3,\"name\":\"SNMP card\"}]},{\"@type\":\"WebSite\",\"@id\":\"https:\\\/\\\/www.rhimopower.com\\\/#website\",\"url\":\"https:\\\/\\\/www.rhimopower.com\\\/\",\"name\":\"RhimoPower\",\"description\":\"\",\"publisher\":{\"@id\":\"https:\\\/\\\/www.rhimopower.com\\\/#organization\"},\"potentialAction\":[{\"@type\":\"SearchAction\",\"target\":{\"@type\":\"EntryPoint\",\"urlTemplate\":\"https:\\\/\\\/www.rhimopower.com\\\/?s={search_term_string}\"},\"query-input\":{\"@type\":\"PropertyValueSpecification\",\"valueRequired\":true,\"valueName\":\"search_term_string\"}}],\"inLanguage\":\"fr-FR\"},{\"@type\":\"Organization\",\"@id\":\"https:\\\/\\\/www.rhimopower.com\\\/#organization\",\"name\":\"RhimoPower\",\"url\":\"https:\\\/\\\/www.rhimopower.com\\\/\",\"logo\":{\"@type\":\"ImageObject\",\"inLanguage\":\"fr-FR\",\"@id\":\"https:\\\/\\\/www.rhimopower.com\\\/#\\\/schema\\\/logo\\\/image\\\/\",\"url\":\"https:\\\/\\\/www.rhimopower.com\\\/wp-content\\\/uploads\\\/2025\\\/04\\\/cropped-rhimo-logo.png\",\"contentUrl\":\"https:\\\/\\\/www.rhimopower.com\\\/wp-content\\\/uploads\\\/2025\\\/04\\\/cropped-rhimo-logo.png\",\"width\":1998,\"height\":667,\"caption\":\"RhimoPower\"},\"image\":{\"@id\":\"https:\\\/\\\/www.rhimopower.com\\\/#\\\/schema\\\/logo\\\/image\\\/\"}}]}<\/script>\n<!-- \/ Yoast SEO plugin. -->","yoast_head_json":{"title":"Carte SNMP - RhimoPower","robots":{"index":"index","follow":"follow","max-snippet":"max-snippet:-1","max-image-preview":"max-image-preview:large","max-video-preview":"max-video-preview:-1"},"canonical":"https:\/\/www.rhimopower.com\/fr\/produit\/snmp-card\/","og_locale":"fr_FR","og_type":"article","og_title":"SNMP card - RhimoPower","og_description":"Multiple UPS units can be controlled and monitored via the RJ - 45 interface.  It displays UPS data (voltage, frequency, load level, battery capacity) in a real-time and dynamic graphical interface.  Warning notifications can be sent through audible and visual alarms, broadcasts, mobile messengers, SNMP traps, and emails.  Historical data can be stored in the database of the terminal computer, and the firmware can be easiRM updated.","og_url":"https:\/\/www.rhimopower.com\/fr\/produit\/snmp-card\/","og_site_name":"RhimoPower","article_modified_time":"2025-05-16T03:51:42+00:00","og_image":[{"width":543,"height":531,"url":"https:\/\/www.rhimopower.com\/wp-content\/uploads\/2025\/05\/snmp-card-min.png","type":"image\/png"}],"twitter_card":"summary_large_image","twitter_misc":{"Dur\u00e9e de lecture estim\u00e9e":"1 minute"},"schema":{"@context":"https:\/\/schema.org","@graph":[{"@type":"WebPage","@id":"https:\/\/www.rhimopower.com\/product\/snmp-card\/","url":"https:\/\/www.rhimopower.com\/product\/snmp-card\/","name":"Carte SNMP - RhimoPower","isPartOf":{"@id":"https:\/\/www.rhimopower.com\/#website"},"primaryImageOfPage":{"@id":"https:\/\/www.rhimopower.com\/product\/snmp-card\/#primaryimage"},"image":{"@id":"https:\/\/www.rhimopower.com\/product\/snmp-card\/#primaryimage"},"thumbnailUrl":"https:\/\/www.rhimopower.com\/wp-content\/uploads\/2025\/05\/snmp-card-min.png","datePublished":"2025-05-16T03:51:07+00:00","dateModified":"2025-05-16T03:51:42+00:00","breadcrumb":{"@id":"https:\/\/www.rhimopower.com\/product\/snmp-card\/#breadcrumb"},"inLanguage":"fr-FR","potentialAction":[{"@type":"ReadAction","target":["https:\/\/www.rhimopower.com\/product\/snmp-card\/"]}]},{"@type":"ImageObject","inLanguage":"fr-FR","@id":"https:\/\/www.rhimopower.com\/product\/snmp-card\/#primaryimage","url":"https:\/\/www.rhimopower.com\/wp-content\/uploads\/2025\/05\/snmp-card-min.png","contentUrl":"https:\/\/www.rhimopower.com\/wp-content\/uploads\/2025\/05\/snmp-card-min.png","width":543,"height":531,"caption":"SNPM card"},{"@type":"BreadcrumbList","@id":"https:\/\/www.rhimopower.com\/product\/snmp-card\/#breadcrumb","itemListElement":[{"@type":"ListItem","position":1,"name":"Home","item":"https:\/\/www.rhimopower.com\/"},{"@type":"ListItem","position":2,"name":"Products","item":"https:\/\/www.rhimopower.com\/products\/"},{"@type":"ListItem","position":3,"name":"SNMP card"}]},{"@type":"WebSite","@id":"https:\/\/www.rhimopower.com\/#website","url":"https:\/\/www.rhimopower.com\/","name":"RhimoPower","description":"","publisher":{"@id":"https:\/\/www.rhimopower.com\/#organization"},"potentialAction":[{"@type":"SearchAction","target":{"@type":"EntryPoint","urlTemplate":"https:\/\/www.rhimopower.com\/?s={search_term_string}"},"query-input":{"@type":"PropertyValueSpecification","valueRequired":true,"valueName":"search_term_string"}}],"inLanguage":"fr-FR"},{"@type":"Organization","@id":"https:\/\/www.rhimopower.com\/#organization","name":"RhimoPower","url":"https:\/\/www.rhimopower.com\/","logo":{"@type":"ImageObject","inLanguage":"fr-FR","@id":"https:\/\/www.rhimopower.com\/#\/schema\/logo\/image\/","url":"https:\/\/www.rhimopower.com\/wp-content\/uploads\/2025\/04\/cropped-rhimo-logo.png","contentUrl":"https:\/\/www.rhimopower.com\/wp-content\/uploads\/2025\/04\/cropped-rhimo-logo.png","width":1998,"height":667,"caption":"RhimoPower"},"image":{"@id":"https:\/\/www.rhimopower.com\/#\/schema\/logo\/image\/"}}]}},"uagb_featured_image_src":{"full":["https:\/\/www.rhimopower.com\/wp-content\/uploads\/2025\/05\/snmp-card-min.png",543,531,false],"thumbnail":["https:\/\/www.rhimopower.com\/wp-content\/uploads\/2025\/05\/snmp-card-min-150x150.png",150,150,true],"medium":["https:\/\/www.rhimopower.com\/wp-content\/uploads\/2025\/05\/snmp-card-min-300x293.png",300,293,true],"medium_large":["https:\/\/www.rhimopower.com\/wp-content\/uploads\/2025\/05\/snmp-card-min.png",543,531,false],"large":["https:\/\/www.rhimopower.com\/wp-content\/uploads\/2025\/05\/snmp-card-min.png",543,531,false],"1536x1536":["https:\/\/www.rhimopower.com\/wp-content\/uploads\/2025\/05\/snmp-card-min.png",543,531,false],"2048x2048":["https:\/\/www.rhimopower.com\/wp-content\/uploads\/2025\/05\/snmp-card-min.png",543,531,false],"trp-custom-language-flag":["https:\/\/www.rhimopower.com\/wp-content\/uploads\/2025\/05\/snmp-card-min.png",12,12,false],"woocommerce_thumbnail":["https:\/\/www.rhimopower.com\/wp-content\/uploads\/2025\/05\/snmp-card-min-300x300.png",300,300,true],"woocommerce_single":["https:\/\/www.rhimopower.com\/wp-content\/uploads\/2025\/05\/snmp-card-min.png",543,531,false],"woocommerce_gallery_thumbnail":["https:\/\/www.rhimopower.com\/wp-content\/uploads\/2025\/05\/snmp-card-min-100x100.png",100,100,true]},"uagb_author_info":{"display_name":"Rebecca Lee","author_link":"https:\/\/www.rhimopower.com\/fr\/author\/"},"uagb_comment_info":0,"uagb_excerpt":"Multiple UPS units can be controlled and monitored via the RJ - 45 interface. It displays UPS data (voltage, frequency, load level, battery capacity) in a real-time and dynamic graphical interface. Warning notifications can be sent through audible and visual alarms, broadcasts, mobile messengers, SNMP traps, and emails. Historical data can be stored in the\u2026","_links":{"self":[{"href":"https:\/\/www.rhimopower.com\/fr\/wp-json\/wp\/v2\/product\/1982","targetHints":{"allow":["GET"]}}],"collection":[{"href":"https:\/\/www.rhimopower.com\/fr\/wp-json\/wp\/v2\/product"}],"about":[{"href":"https:\/\/www.rhimopower.com\/fr\/wp-json\/wp\/v2\/types\/product"}],"wp:featuredmedia":[{"embeddable":true,"href":"https:\/\/www.rhimopower.com\/fr\/wp-json\/wp\/v2\/media\/1983"}],"wp:attachment":[{"href":"https:\/\/www.rhimopower.com\/fr\/wp-json\/wp\/v2\/media?parent=1982"}],"wp:term":[{"taxonomy":"product_brand","embeddable":true,"href":"https:\/\/www.rhimopower.com\/fr\/wp-json\/wp\/v2\/product_brand?post=1982"},{"taxonomy":"product_cat","embeddable":true,"href":"https:\/\/www.rhimopower.com\/fr\/wp-json\/wp\/v2\/product_cat?post=1982"},{"taxonomy":"product_tag","embeddable":true,"href":"https:\/\/www.rhimopower.com\/fr\/wp-json\/wp\/v2\/product_tag?post=1982"}],"curies":[{"name":"wp","href":"https:\/\/api.w.org\/{rel}","templated":true}]}}