{"id":1984,"date":"2025-05-16T03:56:48","date_gmt":"2025-05-16T03:56:48","guid":{"rendered":"https:\/\/www.rhimopower.com\/?post_type=product&#038;p=1984"},"modified":"2025-05-16T03:58:36","modified_gmt":"2025-05-16T03:58:36","slug":"dry-contact-card","status":"publish","type":"product","link":"https:\/\/www.rhimopower.com\/fr\/produit\/dry-contact-card\/","title":{"rendered":"Carte de contact s\u00e8che"},"content":{"rendered":"<p>Une carte \u00e0 contacts secs assure la signalisation par relais pour les syst\u00e8mes d&#039;alimentation sans coupure (UPS), permettant la communication avec des dispositifs externes tels que les alarmes, les syst\u00e8mes de gestion technique du b\u00e2timent (GTB) ou les syst\u00e8mes de s\u00e9curit\u00e9. Elle fournit des alertes d&#039;\u00e9tat en temps r\u00e9el pour des \u00e9v\u00e9nements comme une panne de courant, le passage en mode batterie ou un d\u00e9faut de l&#039;UPS gr\u00e2ce \u00e0 des contacts secs\u00a0; elle est id\u00e9ale pour la surveillance int\u00e9gr\u00e9e des installations.<\/p>","protected":false},"excerpt":{"rendered":"<p>La carte de communication AS-400 fournit des signaux de contact, permettant la surveillance \u00e0 distance de l&#039;onduleur. Afin de s&#039;adapter aux exigences de diff\u00e9rents environnements, cette carte AS-400 permet de configurer l&#039;\u00e9tat du signal (circuit ouvert ou circuit ferm\u00e9) des contacts secs via des cavaliers. Les environnements concern\u00e9s sont les suivants\u00a0:<\/p>\n<ul>\n<li>Serveurs IBM, ordinateurs personnels et stations de travail.<\/li>\n<li>\u00c9quipements industriels pour applications de contr\u00f4le automatique et de communication.<\/li>\n<\/ul>","protected":false},"featured_media":1985,"template":"","meta":{"_acf_changed":false,"_uag_custom_page_level_css":"","site-sidebar-layout":"default","site-content-layout":"","ast-site-content-layout":"default","site-content-style":"default","site-sidebar-style":"default","ast-global-header-display":"","ast-banner-title-visibility":"","ast-main-header-display":"","ast-hfb-above-header-display":"","ast-hfb-below-header-display":"","ast-hfb-mobile-header-display":"","site-post-title":"","ast-breadcrumbs-content":"","ast-featured-img":"","footer-sml-layout":"","theme-transparent-header-meta":"default","adv-header-id-meta":"","stick-header-meta":"","header-above-stick-meta":"","header-main-stick-meta":"","header-below-stick-meta":"","astra-migrate-meta-layouts":"set","ast-page-background-enabled":"default","ast-page-background-meta":{"desktop":{"background-color":"var(--ast-global-color-4)","background-image":"","background-repeat":"repeat","background-position":"center center","background-size":"auto","background-attachment":"scroll","background-type":"","background-media":"","overlay-type":"","overlay-color":"","overlay-opacity":"","overlay-gradient":""},"tablet":{"background-color":"","background-image":"","background-repeat":"repeat","background-position":"center center","background-size":"auto","background-attachment":"scroll","background-type":"","background-media":"","overlay-type":"","overlay-color":"","overlay-opacity":"","overlay-gradient":""},"mobile":{"background-color":"","background-image":"","background-repeat":"repeat","background-position":"center center","background-size":"auto","background-attachment":"scroll","background-type":"","background-media":"","overlay-type":"","overlay-color":"","overlay-opacity":"","overlay-gradient":""}},"ast-content-background-meta":{"desktop":{"background-color":"var(--ast-global-color-5)","background-image":"","background-repeat":"repeat","background-position":"center center","background-size":"auto","background-attachment":"scroll","background-type":"","background-media":"","overlay-type":"","overlay-color":"","overlay-opacity":"","overlay-gradient":""},"tablet":{"background-color":"var(--ast-global-color-5)","background-image":"","background-repeat":"repeat","background-position":"center center","background-size":"auto","background-attachment":"scroll","background-type":"","background-media":"","overlay-type":"","overlay-color":"","overlay-opacity":"","overlay-gradient":""},"mobile":{"background-color":"var(--ast-global-color-5)","background-image":"","background-repeat":"repeat","background-position":"center center","background-size":"auto","background-attachment":"scroll","background-type":"","background-media":"","overlay-type":"","overlay-color":"","overlay-opacity":"","overlay-gradient":""}}},"product_brand":[],"product_cat":[26],"product_tag":[],"class_list":{"0":"post-1984","1":"product","2":"type-product","3":"status-publish","4":"has-post-thumbnail","6":"product_cat-ups-accessories","7":"desktop-align-left","8":"tablet-align-left","9":"mobile-align-left","11":"first","12":"instock","13":"shipping-taxable","14":"product-type-simple"},"acf":{"product_specifications":""},"yoast_head":"<!-- This site is optimized with the Yoast SEO plugin v27.3 - https:\/\/yoast.com\/product\/yoast-seo-wordpress\/ -->\n<title>Dry contact card - RhimoPower<\/title>\n<meta name=\"robots\" content=\"index, follow, max-snippet:-1, max-image-preview:large, max-video-preview:-1\" \/>\n<link rel=\"canonical\" href=\"https:\/\/www.rhimopower.com\/fr\/produit\/dry-contact-card\/\" \/>\n<meta property=\"og:locale\" content=\"fr_FR\" \/>\n<meta property=\"og:type\" content=\"article\" \/>\n<meta property=\"og:title\" content=\"Dry contact card - RhimoPower\" \/>\n<meta property=\"og:description\" content=\"The AS-400 communication card provides contact signals, enabling remote monitoring of the UPS. To meet the requirements of different environments, this AS-400 card can set the signal status (open circuit or closed circuit) of the dry contacts through jumper pins. The applicable environments are as follows:   IBM servers, personal computers, and workstation devices.  Industrial equipment for automatic control and communication applications.\" \/>\n<meta property=\"og:url\" content=\"https:\/\/www.rhimopower.com\/fr\/produit\/dry-contact-card\/\" \/>\n<meta property=\"og:site_name\" content=\"RhimoPower\" \/>\n<meta property=\"article:modified_time\" content=\"2025-05-16T03:58:36+00:00\" \/>\n<meta property=\"og:image\" content=\"https:\/\/www.rhimopower.com\/wp-content\/uploads\/2025\/05\/dry-contact-card-min.png\" \/>\n\t<meta property=\"og:image:width\" content=\"545\" \/>\n\t<meta property=\"og:image:height\" content=\"552\" \/>\n\t<meta property=\"og:image:type\" content=\"image\/png\" \/>\n<meta name=\"twitter:card\" content=\"summary_large_image\" \/>\n<meta name=\"twitter:label1\" content=\"Dur\u00e9e de lecture estim\u00e9e\" \/>\n\t<meta name=\"twitter:data1\" content=\"1 minute\" \/>\n<script type=\"application\/ld+json\" class=\"yoast-schema-graph\">{\"@context\":\"https:\\\/\\\/schema.org\",\"@graph\":[{\"@type\":\"WebPage\",\"@id\":\"https:\\\/\\\/www.rhimopower.com\\\/product\\\/dry-contact-card\\\/\",\"url\":\"https:\\\/\\\/www.rhimopower.com\\\/product\\\/dry-contact-card\\\/\",\"name\":\"Dry contact card - RhimoPower\",\"isPartOf\":{\"@id\":\"https:\\\/\\\/www.rhimopower.com\\\/#website\"},\"primaryImageOfPage\":{\"@id\":\"https:\\\/\\\/www.rhimopower.com\\\/product\\\/dry-contact-card\\\/#primaryimage\"},\"image\":{\"@id\":\"https:\\\/\\\/www.rhimopower.com\\\/product\\\/dry-contact-card\\\/#primaryimage\"},\"thumbnailUrl\":\"https:\\\/\\\/www.rhimopower.com\\\/wp-content\\\/uploads\\\/2025\\\/05\\\/dry-contact-card-min.png\",\"datePublished\":\"2025-05-16T03:56:48+00:00\",\"dateModified\":\"2025-05-16T03:58:36+00:00\",\"breadcrumb\":{\"@id\":\"https:\\\/\\\/www.rhimopower.com\\\/product\\\/dry-contact-card\\\/#breadcrumb\"},\"inLanguage\":\"fr-FR\",\"potentialAction\":[{\"@type\":\"ReadAction\",\"target\":[\"https:\\\/\\\/www.rhimopower.com\\\/product\\\/dry-contact-card\\\/\"]}]},{\"@type\":\"ImageObject\",\"inLanguage\":\"fr-FR\",\"@id\":\"https:\\\/\\\/www.rhimopower.com\\\/product\\\/dry-contact-card\\\/#primaryimage\",\"url\":\"https:\\\/\\\/www.rhimopower.com\\\/wp-content\\\/uploads\\\/2025\\\/05\\\/dry-contact-card-min.png\",\"contentUrl\":\"https:\\\/\\\/www.rhimopower.com\\\/wp-content\\\/uploads\\\/2025\\\/05\\\/dry-contact-card-min.png\",\"width\":545,\"height\":552},{\"@type\":\"BreadcrumbList\",\"@id\":\"https:\\\/\\\/www.rhimopower.com\\\/product\\\/dry-contact-card\\\/#breadcrumb\",\"itemListElement\":[{\"@type\":\"ListItem\",\"position\":1,\"name\":\"Home\",\"item\":\"https:\\\/\\\/www.rhimopower.com\\\/\"},{\"@type\":\"ListItem\",\"position\":2,\"name\":\"Products\",\"item\":\"https:\\\/\\\/www.rhimopower.com\\\/products\\\/\"},{\"@type\":\"ListItem\",\"position\":3,\"name\":\"Dry contact card\"}]},{\"@type\":\"WebSite\",\"@id\":\"https:\\\/\\\/www.rhimopower.com\\\/#website\",\"url\":\"https:\\\/\\\/www.rhimopower.com\\\/\",\"name\":\"RhimoPower\",\"description\":\"\",\"publisher\":{\"@id\":\"https:\\\/\\\/www.rhimopower.com\\\/#organization\"},\"potentialAction\":[{\"@type\":\"SearchAction\",\"target\":{\"@type\":\"EntryPoint\",\"urlTemplate\":\"https:\\\/\\\/www.rhimopower.com\\\/?s={search_term_string}\"},\"query-input\":{\"@type\":\"PropertyValueSpecification\",\"valueRequired\":true,\"valueName\":\"search_term_string\"}}],\"inLanguage\":\"fr-FR\"},{\"@type\":\"Organization\",\"@id\":\"https:\\\/\\\/www.rhimopower.com\\\/#organization\",\"name\":\"RhimoPower\",\"url\":\"https:\\\/\\\/www.rhimopower.com\\\/\",\"logo\":{\"@type\":\"ImageObject\",\"inLanguage\":\"fr-FR\",\"@id\":\"https:\\\/\\\/www.rhimopower.com\\\/#\\\/schema\\\/logo\\\/image\\\/\",\"url\":\"https:\\\/\\\/www.rhimopower.com\\\/wp-content\\\/uploads\\\/2025\\\/04\\\/cropped-rhimo-logo.png\",\"contentUrl\":\"https:\\\/\\\/www.rhimopower.com\\\/wp-content\\\/uploads\\\/2025\\\/04\\\/cropped-rhimo-logo.png\",\"width\":1998,\"height\":667,\"caption\":\"RhimoPower\"},\"image\":{\"@id\":\"https:\\\/\\\/www.rhimopower.com\\\/#\\\/schema\\\/logo\\\/image\\\/\"}}]}<\/script>\n<!-- \/ Yoast SEO plugin. -->","yoast_head_json":{"title":"Carte de contact s\u00e8che - RhimoPower","robots":{"index":"index","follow":"follow","max-snippet":"max-snippet:-1","max-image-preview":"max-image-preview:large","max-video-preview":"max-video-preview:-1"},"canonical":"https:\/\/www.rhimopower.com\/fr\/produit\/dry-contact-card\/","og_locale":"fr_FR","og_type":"article","og_title":"Dry contact card - RhimoPower","og_description":"The AS-400 communication card provides contact signals, enabling remote monitoring of the UPS. To meet the requirements of different environments, this AS-400 card can set the signal status (open circuit or closed circuit) of the dry contacts through jumper pins. The applicable environments are as follows:   IBM servers, personal computers, and workstation devices.  Industrial equipment for automatic control and communication applications.","og_url":"https:\/\/www.rhimopower.com\/fr\/produit\/dry-contact-card\/","og_site_name":"RhimoPower","article_modified_time":"2025-05-16T03:58:36+00:00","og_image":[{"width":545,"height":552,"url":"https:\/\/www.rhimopower.com\/wp-content\/uploads\/2025\/05\/dry-contact-card-min.png","type":"image\/png"}],"twitter_card":"summary_large_image","twitter_misc":{"Dur\u00e9e de lecture estim\u00e9e":"1 minute"},"schema":{"@context":"https:\/\/schema.org","@graph":[{"@type":"WebPage","@id":"https:\/\/www.rhimopower.com\/product\/dry-contact-card\/","url":"https:\/\/www.rhimopower.com\/product\/dry-contact-card\/","name":"Carte de contact s\u00e8che - RhimoPower","isPartOf":{"@id":"https:\/\/www.rhimopower.com\/#website"},"primaryImageOfPage":{"@id":"https:\/\/www.rhimopower.com\/product\/dry-contact-card\/#primaryimage"},"image":{"@id":"https:\/\/www.rhimopower.com\/product\/dry-contact-card\/#primaryimage"},"thumbnailUrl":"https:\/\/www.rhimopower.com\/wp-content\/uploads\/2025\/05\/dry-contact-card-min.png","datePublished":"2025-05-16T03:56:48+00:00","dateModified":"2025-05-16T03:58:36+00:00","breadcrumb":{"@id":"https:\/\/www.rhimopower.com\/product\/dry-contact-card\/#breadcrumb"},"inLanguage":"fr-FR","potentialAction":[{"@type":"ReadAction","target":["https:\/\/www.rhimopower.com\/product\/dry-contact-card\/"]}]},{"@type":"ImageObject","inLanguage":"fr-FR","@id":"https:\/\/www.rhimopower.com\/product\/dry-contact-card\/#primaryimage","url":"https:\/\/www.rhimopower.com\/wp-content\/uploads\/2025\/05\/dry-contact-card-min.png","contentUrl":"https:\/\/www.rhimopower.com\/wp-content\/uploads\/2025\/05\/dry-contact-card-min.png","width":545,"height":552},{"@type":"BreadcrumbList","@id":"https:\/\/www.rhimopower.com\/product\/dry-contact-card\/#breadcrumb","itemListElement":[{"@type":"ListItem","position":1,"name":"Home","item":"https:\/\/www.rhimopower.com\/"},{"@type":"ListItem","position":2,"name":"Products","item":"https:\/\/www.rhimopower.com\/products\/"},{"@type":"ListItem","position":3,"name":"Dry contact card"}]},{"@type":"WebSite","@id":"https:\/\/www.rhimopower.com\/#website","url":"https:\/\/www.rhimopower.com\/","name":"RhimoPower","description":"","publisher":{"@id":"https:\/\/www.rhimopower.com\/#organization"},"potentialAction":[{"@type":"SearchAction","target":{"@type":"EntryPoint","urlTemplate":"https:\/\/www.rhimopower.com\/?s={search_term_string}"},"query-input":{"@type":"PropertyValueSpecification","valueRequired":true,"valueName":"search_term_string"}}],"inLanguage":"fr-FR"},{"@type":"Organization","@id":"https:\/\/www.rhimopower.com\/#organization","name":"RhimoPower","url":"https:\/\/www.rhimopower.com\/","logo":{"@type":"ImageObject","inLanguage":"fr-FR","@id":"https:\/\/www.rhimopower.com\/#\/schema\/logo\/image\/","url":"https:\/\/www.rhimopower.com\/wp-content\/uploads\/2025\/04\/cropped-rhimo-logo.png","contentUrl":"https:\/\/www.rhimopower.com\/wp-content\/uploads\/2025\/04\/cropped-rhimo-logo.png","width":1998,"height":667,"caption":"RhimoPower"},"image":{"@id":"https:\/\/www.rhimopower.com\/#\/schema\/logo\/image\/"}}]}},"uagb_featured_image_src":{"full":["https:\/\/www.rhimopower.com\/wp-content\/uploads\/2025\/05\/dry-contact-card-min.png",545,552,false],"thumbnail":["https:\/\/www.rhimopower.com\/wp-content\/uploads\/2025\/05\/dry-contact-card-min-150x150.png",150,150,true],"medium":["https:\/\/www.rhimopower.com\/wp-content\/uploads\/2025\/05\/dry-contact-card-min-296x300.png",296,300,true],"medium_large":["https:\/\/www.rhimopower.com\/wp-content\/uploads\/2025\/05\/dry-contact-card-min.png",545,552,false],"large":["https:\/\/www.rhimopower.com\/wp-content\/uploads\/2025\/05\/dry-contact-card-min.png",545,552,false],"1536x1536":["https:\/\/www.rhimopower.com\/wp-content\/uploads\/2025\/05\/dry-contact-card-min.png",545,552,false],"2048x2048":["https:\/\/www.rhimopower.com\/wp-content\/uploads\/2025\/05\/dry-contact-card-min.png",545,552,false],"trp-custom-language-flag":["https:\/\/www.rhimopower.com\/wp-content\/uploads\/2025\/05\/dry-contact-card-min.png",12,12,false],"woocommerce_thumbnail":["https:\/\/www.rhimopower.com\/wp-content\/uploads\/2025\/05\/dry-contact-card-min-300x300.png",300,300,true],"woocommerce_single":["https:\/\/www.rhimopower.com\/wp-content\/uploads\/2025\/05\/dry-contact-card-min.png",545,552,false],"woocommerce_gallery_thumbnail":["https:\/\/www.rhimopower.com\/wp-content\/uploads\/2025\/05\/dry-contact-card-min-100x100.png",100,100,true]},"uagb_author_info":{"display_name":"Rebecca Lee","author_link":"https:\/\/www.rhimopower.com\/fr\/author\/"},"uagb_comment_info":0,"uagb_excerpt":"The AS-400 communication card provides contact signals, enabling remote monitoring of the UPS. To meet the requirements of different environments, this AS-400 card can set the signal status (open circuit or closed circuit) of the dry contacts through jumper pins. The applicable environments are as follows: IBM servers, personal computers, and workstation devices. Industrial equipment\u2026","_links":{"self":[{"href":"https:\/\/www.rhimopower.com\/fr\/wp-json\/wp\/v2\/product\/1984","targetHints":{"allow":["GET"]}}],"collection":[{"href":"https:\/\/www.rhimopower.com\/fr\/wp-json\/wp\/v2\/product"}],"about":[{"href":"https:\/\/www.rhimopower.com\/fr\/wp-json\/wp\/v2\/types\/product"}],"wp:featuredmedia":[{"embeddable":true,"href":"https:\/\/www.rhimopower.com\/fr\/wp-json\/wp\/v2\/media\/1985"}],"wp:attachment":[{"href":"https:\/\/www.rhimopower.com\/fr\/wp-json\/wp\/v2\/media?parent=1984"}],"wp:term":[{"taxonomy":"product_brand","embeddable":true,"href":"https:\/\/www.rhimopower.com\/fr\/wp-json\/wp\/v2\/product_brand?post=1984"},{"taxonomy":"product_cat","embeddable":true,"href":"https:\/\/www.rhimopower.com\/fr\/wp-json\/wp\/v2\/product_cat?post=1984"},{"taxonomy":"product_tag","embeddable":true,"href":"https:\/\/www.rhimopower.com\/fr\/wp-json\/wp\/v2\/product_tag?post=1984"}],"curies":[{"name":"wp","href":"https:\/\/api.w.org\/{rel}","templated":true}]}}