{"id":2322,"date":"2025-08-05T09:31:30","date_gmt":"2025-08-05T09:31:30","guid":{"rendered":"https:\/\/www.rhimopower.com\/?post_type=product&#038;p=2322"},"modified":"2025-08-06T08:32:12","modified_gmt":"2025-08-06T08:32:12","slug":"off-grid-batteries-for-solar-51v-300ah-15kwh","status":"publish","type":"product","link":"https:\/\/www.rhimopower.com\/fr\/produit\/off-grid-batteries-for-solar-51v-300ah-15kwh\/","title":{"rendered":"Batteries hors r\u00e9seau pour \u00e9nergie solaire 51,2 V 300 Ah 15,3 kWh"},"content":{"rendered":"<p><img loading=\"lazy\" decoding=\"async\" class=\"alignnone size-full wp-image-2331\" src=\"https:\/\/www.rhimopower.com\/wp-content\/uploads\/2025\/08\/off-grid-batteries-for-solar-51v-300ah-15kwh-detail.jpg\" alt=\"Batterie hors r\u00e9seau avec batterie LiFePO4\" width=\"800\" height=\"800\" srcset=\"https:\/\/www.rhimopower.com\/wp-content\/uploads\/2025\/08\/off-grid-batteries-for-solar-51v-300ah-15kwh-detail.jpg 800w, https:\/\/www.rhimopower.com\/wp-content\/uploads\/2025\/08\/off-grid-batteries-for-solar-51v-300ah-15kwh-detail-300x300.jpg 300w, https:\/\/www.rhimopower.com\/wp-content\/uploads\/2025\/08\/off-grid-batteries-for-solar-51v-300ah-15kwh-detail-150x150.jpg 150w, https:\/\/www.rhimopower.com\/wp-content\/uploads\/2025\/08\/off-grid-batteries-for-solar-51v-300ah-15kwh-detail-768x768.jpg 768w, https:\/\/www.rhimopower.com\/wp-content\/uploads\/2025\/08\/off-grid-batteries-for-solar-51v-300ah-15kwh-detail-600x600.jpg 600w, https:\/\/www.rhimopower.com\/wp-content\/uploads\/2025\/08\/off-grid-batteries-for-solar-51v-300ah-15kwh-detail-100x100.jpg 100w\" sizes=\"auto, (max-width: 800px) 100vw, 800px\" \/><\/p>\n<p>Cette batterie hors r\u00e9seau est id\u00e9ale pour les maisons, les chalets, les camping-cars, les syst\u00e8mes de secours, les installations solaires et les sites isol\u00e9s. Elle offre des performances constantes et une grande capacit\u00e9 de d\u00e9charge profonde. Gr\u00e2ce \u00e0 son syst\u00e8me de gestion de batterie (BMS) int\u00e9gr\u00e9, elle prot\u00e8ge contre la surcharge, la d\u00e9charge excessive, la surintensit\u00e9 et les temp\u00e9ratures extr\u00eames.<\/p>\n<p>Nous pouvons <strong>personnaliser le parc de batteries du panneau solaire<\/strong> avec le logo de votre entreprise sur l&#039;\u00e9cran tactile pour vous aider \u00e0 construire votre marque.<\/p>\n<p><img loading=\"lazy\" decoding=\"async\" class=\"alignnone size-full wp-image-2332\" src=\"https:\/\/www.rhimopower.com\/wp-content\/uploads\/2025\/08\/solar-panel-battery-bank-oem-odm.jpg\" alt=\"OEM\/ODM de batteries pour panneaux solaires\" width=\"800\" height=\"800\" srcset=\"https:\/\/www.rhimopower.com\/wp-content\/uploads\/2025\/08\/solar-panel-battery-bank-oem-odm.jpg 800w, https:\/\/www.rhimopower.com\/wp-content\/uploads\/2025\/08\/solar-panel-battery-bank-oem-odm-300x300.jpg 300w, https:\/\/www.rhimopower.com\/wp-content\/uploads\/2025\/08\/solar-panel-battery-bank-oem-odm-150x150.jpg 150w, https:\/\/www.rhimopower.com\/wp-content\/uploads\/2025\/08\/solar-panel-battery-bank-oem-odm-768x768.jpg 768w, https:\/\/www.rhimopower.com\/wp-content\/uploads\/2025\/08\/solar-panel-battery-bank-oem-odm-600x600.jpg 600w, https:\/\/www.rhimopower.com\/wp-content\/uploads\/2025\/08\/solar-panel-battery-bank-oem-odm-100x100.jpg 100w\" sizes=\"auto, (max-width: 800px) 100vw, 800px\" \/><\/p>\n<p>&nbsp;<\/p>\n<p><img loading=\"lazy\" decoding=\"async\" class=\"alignnone size-full wp-image-2333\" src=\"https:\/\/www.rhimopower.com\/wp-content\/uploads\/2025\/08\/solar-storage-battery-in-warehouse.jpg\" alt=\"Batterie de stockage solaire dans un entrep\u00f4t\" width=\"1000\" height=\"1000\" srcset=\"https:\/\/www.rhimopower.com\/wp-content\/uploads\/2025\/08\/solar-storage-battery-in-warehouse.jpg 1000w, https:\/\/www.rhimopower.com\/wp-content\/uploads\/2025\/08\/solar-storage-battery-in-warehouse-300x300.jpg 300w, https:\/\/www.rhimopower.com\/wp-content\/uploads\/2025\/08\/solar-storage-battery-in-warehouse-150x150.jpg 150w, https:\/\/www.rhimopower.com\/wp-content\/uploads\/2025\/08\/solar-storage-battery-in-warehouse-768x768.jpg 768w, https:\/\/www.rhimopower.com\/wp-content\/uploads\/2025\/08\/solar-storage-battery-in-warehouse-600x600.jpg 600w, https:\/\/www.rhimopower.com\/wp-content\/uploads\/2025\/08\/solar-storage-battery-in-warehouse-100x100.jpg 100w\" sizes=\"auto, (max-width: 1000px) 100vw, 1000px\" \/><\/p>\n<p>&nbsp;<\/p>","protected":false},"excerpt":{"rendered":"<p>Alimentez votre vie hors r\u00e9seau gr\u00e2ce \u00e0 cette batterie au lithium haute capacit\u00e9 de 51,2 V et 300 Ah, offrant un stockage d&#039;\u00e9nergie fiable de 15,3 kWh pour les syst\u00e8mes solaires et renouvelables. Con\u00e7ue avec la technologie avanc\u00e9e LiFePO\u2084 (phosphate de fer lithi\u00e9), elle utilise <strong>cellule de cat\u00e9gorie A<\/strong>, elle garantit une longue dur\u00e9e de vie, une s\u00e9curit\u00e9 sup\u00e9rieure et une efficacit\u00e9 \u00e9lev\u00e9e.<\/p>\n<p><strong>Caract\u00e9ristiques principales :<\/strong><\/p>\n<p><strong>Tension<\/strong>: 51,2 V (nominal)<\/p>\n<p><strong>Capacit\u00e9<\/strong>: 300 Ah<\/p>\n<p><strong>\u00c9nergie totale<\/strong>: 15,3 kWh<\/p>\n<p><strong>Type de batterie<\/strong>: LiFePO\u2084 (phosphate de fer et de lithium), <strong>Cellule de cat\u00e9gorie A<\/strong><\/p>\n<p><strong>Cycle de vie<\/strong>Plus de 8000 cycles \u00e0 80% DOD<\/p>\n<p><strong>Syst\u00e8me de gestion technique du b\u00e2timent (GTB) int\u00e9gr\u00e9 pour une protection intelligente<\/strong><\/p>\n<p><strong>Compatible avec les onduleurs 48 V et les r\u00e9gulateurs de charge solaire<\/strong><\/p>\n<p><strong>Options de montage en rack ou mural disponibles<\/strong><\/p>\n<p>Modernisez votre syst\u00e8me hors r\u00e9seau avec une solution \u00e9nerg\u00e9tique s\u00fbre, durable et efficace, con\u00e7ue pour durer.<\/p>","protected":false},"featured_media":2325,"template":"","meta":{"_acf_changed":false,"_uag_custom_page_level_css":"","site-sidebar-layout":"default","site-content-layout":"","ast-site-content-layout":"default","site-content-style":"default","site-sidebar-style":"default","ast-global-header-display":"","ast-banner-title-visibility":"","ast-main-header-display":"","ast-hfb-above-header-display":"","ast-hfb-below-header-display":"","ast-hfb-mobile-header-display":"","site-post-title":"","ast-breadcrumbs-content":"","ast-featured-img":"","footer-sml-layout":"","theme-transparent-header-meta":"default","adv-header-id-meta":"","stick-header-meta":"","header-above-stick-meta":"","header-main-stick-meta":"","header-below-stick-meta":"","astra-migrate-meta-layouts":"set","ast-page-background-enabled":"default","ast-page-background-meta":{"desktop":{"background-color":"var(--ast-global-color-4)","background-image":"","background-repeat":"repeat","background-position":"center center","background-size":"auto","background-attachment":"scroll","background-type":"","background-media":"","overlay-type":"","overlay-color":"","overlay-opacity":"","overlay-gradient":""},"tablet":{"background-color":"","background-image":"","background-repeat":"repeat","background-position":"center center","background-size":"auto","background-attachment":"scroll","background-type":"","background-media":"","overlay-type":"","overlay-color":"","overlay-opacity":"","overlay-gradient":""},"mobile":{"background-color":"","background-image":"","background-repeat":"repeat","background-position":"center center","background-size":"auto","background-attachment":"scroll","background-type":"","background-media":"","overlay-type":"","overlay-color":"","overlay-opacity":"","overlay-gradient":""}},"ast-content-background-meta":{"desktop":{"background-color":"var(--ast-global-color-5)","background-image":"","background-repeat":"repeat","background-position":"center center","background-size":"auto","background-attachment":"scroll","background-type":"","background-media":"","overlay-type":"","overlay-color":"","overlay-opacity":"","overlay-gradient":""},"tablet":{"background-color":"var(--ast-global-color-5)","background-image":"","background-repeat":"repeat","background-position":"center center","background-size":"auto","background-attachment":"scroll","background-type":"","background-media":"","overlay-type":"","overlay-color":"","overlay-opacity":"","overlay-gradient":""},"mobile":{"background-color":"var(--ast-global-color-5)","background-image":"","background-repeat":"repeat","background-position":"center center","background-size":"auto","background-attachment":"scroll","background-type":"","background-media":"","overlay-type":"","overlay-color":"","overlay-opacity":"","overlay-gradient":""}}},"product_brand":[],"product_cat":[37],"product_tag":[],"class_list":{"0":"post-2322","1":"product","2":"type-product","3":"status-publish","4":"has-post-thumbnail","6":"product_cat-off-grid-battery-bank","7":"desktop-align-left","8":"tablet-align-left","9":"mobile-align-left","11":"first","12":"instock","13":"shipping-taxable","14":"product-type-simple"},"acf":{"product_specifications":""},"yoast_head":"<!-- This site is optimized with the Yoast SEO plugin v27.3 - https:\/\/yoast.com\/product\/yoast-seo-wordpress\/ -->\n<title>Off grid batteries for solar 51.2V 300ah 15.3kwh - RhimoPower<\/title>\n<meta name=\"robots\" content=\"index, follow, max-snippet:-1, max-image-preview:large, max-video-preview:-1\" \/>\n<link rel=\"canonical\" href=\"https:\/\/www.rhimopower.com\/fr\/produit\/off-grid-batteries-for-solar-51v-300ah-15kwh\/\" \/>\n<meta property=\"og:locale\" content=\"fr_FR\" \/>\n<meta property=\"og:type\" content=\"article\" \/>\n<meta property=\"og:title\" content=\"Off grid batteries for solar 51.2V 300ah 15.3kwh - RhimoPower\" \/>\n<meta property=\"og:description\" content=\"Power your off-grid lifestyle with this high-capacity 51.2V 300Ah lithium battery, delivering 15.3kWh of reliable energy storage for solar and renewable systems. Designed with advanced LiFePO\u2084 (Lithium Iron Phosphate) chemistry using grade A cell, it ensures long cycle life, superior safety, and high efficiency.  Key Features:  Voltage: 51.2V (nominal)  Capacity: 300Ah  Total Energy: 15.3 kWh  Battery Type: LiFePO\u2084 (Lithium Iron Phosphate), Grade A Cell  Cycle Life: 8000+ cycles @ 80% DOD  Integrated BMS for smart protection  Compatible with 48V inverters and solar charge controllers  Rack-mount or wall-mount options available  Upgrade your off-grid system with a safe, durable, and efficient energy solution that\u2019s built to last\" \/>\n<meta property=\"og:url\" content=\"https:\/\/www.rhimopower.com\/fr\/produit\/off-grid-batteries-for-solar-51v-300ah-15kwh\/\" \/>\n<meta property=\"og:site_name\" content=\"RhimoPower\" \/>\n<meta property=\"article:modified_time\" content=\"2025-08-06T08:32:12+00:00\" \/>\n<meta property=\"og:image\" content=\"https:\/\/www.rhimopower.com\/wp-content\/uploads\/2025\/08\/off-grid-batteries-for-solar-51v-300ah-15kwh-1.jpg\" \/>\n\t<meta property=\"og:image:width\" content=\"1000\" \/>\n\t<meta property=\"og:image:height\" content=\"1000\" \/>\n\t<meta property=\"og:image:type\" content=\"image\/jpeg\" \/>\n<meta name=\"twitter:card\" content=\"summary_large_image\" \/>\n<meta name=\"twitter:label1\" content=\"Dur\u00e9e de lecture estim\u00e9e\" \/>\n\t<meta name=\"twitter:data1\" content=\"2 minutes\" \/>\n<script type=\"application\/ld+json\" class=\"yoast-schema-graph\">{\"@context\":\"https:\\\/\\\/schema.org\",\"@graph\":[{\"@type\":\"WebPage\",\"@id\":\"https:\\\/\\\/www.rhimopower.com\\\/product\\\/off-grid-batteries-for-solar-51v-300ah-15kwh\\\/\",\"url\":\"https:\\\/\\\/www.rhimopower.com\\\/product\\\/off-grid-batteries-for-solar-51v-300ah-15kwh\\\/\",\"name\":\"Off grid batteries for solar 51.2V 300ah 15.3kwh - RhimoPower\",\"isPartOf\":{\"@id\":\"https:\\\/\\\/www.rhimopower.com\\\/#website\"},\"primaryImageOfPage\":{\"@id\":\"https:\\\/\\\/www.rhimopower.com\\\/product\\\/off-grid-batteries-for-solar-51v-300ah-15kwh\\\/#primaryimage\"},\"image\":{\"@id\":\"https:\\\/\\\/www.rhimopower.com\\\/product\\\/off-grid-batteries-for-solar-51v-300ah-15kwh\\\/#primaryimage\"},\"thumbnailUrl\":\"https:\\\/\\\/www.rhimopower.com\\\/wp-content\\\/uploads\\\/2025\\\/08\\\/off-grid-batteries-for-solar-51v-300ah-15kwh-1.jpg\",\"datePublished\":\"2025-08-05T09:31:30+00:00\",\"dateModified\":\"2025-08-06T08:32:12+00:00\",\"breadcrumb\":{\"@id\":\"https:\\\/\\\/www.rhimopower.com\\\/product\\\/off-grid-batteries-for-solar-51v-300ah-15kwh\\\/#breadcrumb\"},\"inLanguage\":\"fr-FR\",\"potentialAction\":[{\"@type\":\"ReadAction\",\"target\":[\"https:\\\/\\\/www.rhimopower.com\\\/product\\\/off-grid-batteries-for-solar-51v-300ah-15kwh\\\/\"]}]},{\"@type\":\"ImageObject\",\"inLanguage\":\"fr-FR\",\"@id\":\"https:\\\/\\\/www.rhimopower.com\\\/product\\\/off-grid-batteries-for-solar-51v-300ah-15kwh\\\/#primaryimage\",\"url\":\"https:\\\/\\\/www.rhimopower.com\\\/wp-content\\\/uploads\\\/2025\\\/08\\\/off-grid-batteries-for-solar-51v-300ah-15kwh-1.jpg\",\"contentUrl\":\"https:\\\/\\\/www.rhimopower.com\\\/wp-content\\\/uploads\\\/2025\\\/08\\\/off-grid-batteries-for-solar-51v-300ah-15kwh-1.jpg\",\"width\":1000,\"height\":1000,\"caption\":\"off grid batteries for solar 51.2V 300ah 15.3kwh\"},{\"@type\":\"BreadcrumbList\",\"@id\":\"https:\\\/\\\/www.rhimopower.com\\\/product\\\/off-grid-batteries-for-solar-51v-300ah-15kwh\\\/#breadcrumb\",\"itemListElement\":[{\"@type\":\"ListItem\",\"position\":1,\"name\":\"Home\",\"item\":\"https:\\\/\\\/www.rhimopower.com\\\/\"},{\"@type\":\"ListItem\",\"position\":2,\"name\":\"Products\",\"item\":\"https:\\\/\\\/www.rhimopower.com\\\/products\\\/\"},{\"@type\":\"ListItem\",\"position\":3,\"name\":\"Off grid batteries for solar 51.2V 300ah 15.3kwh\"}]},{\"@type\":\"WebSite\",\"@id\":\"https:\\\/\\\/www.rhimopower.com\\\/#website\",\"url\":\"https:\\\/\\\/www.rhimopower.com\\\/\",\"name\":\"RhimoPower\",\"description\":\"\",\"publisher\":{\"@id\":\"https:\\\/\\\/www.rhimopower.com\\\/#organization\"},\"potentialAction\":[{\"@type\":\"SearchAction\",\"target\":{\"@type\":\"EntryPoint\",\"urlTemplate\":\"https:\\\/\\\/www.rhimopower.com\\\/?s={search_term_string}\"},\"query-input\":{\"@type\":\"PropertyValueSpecification\",\"valueRequired\":true,\"valueName\":\"search_term_string\"}}],\"inLanguage\":\"fr-FR\"},{\"@type\":\"Organization\",\"@id\":\"https:\\\/\\\/www.rhimopower.com\\\/#organization\",\"name\":\"RhimoPower\",\"url\":\"https:\\\/\\\/www.rhimopower.com\\\/\",\"logo\":{\"@type\":\"ImageObject\",\"inLanguage\":\"fr-FR\",\"@id\":\"https:\\\/\\\/www.rhimopower.com\\\/#\\\/schema\\\/logo\\\/image\\\/\",\"url\":\"https:\\\/\\\/www.rhimopower.com\\\/wp-content\\\/uploads\\\/2025\\\/04\\\/cropped-rhimo-logo.png\",\"contentUrl\":\"https:\\\/\\\/www.rhimopower.com\\\/wp-content\\\/uploads\\\/2025\\\/04\\\/cropped-rhimo-logo.png\",\"width\":1998,\"height\":667,\"caption\":\"RhimoPower\"},\"image\":{\"@id\":\"https:\\\/\\\/www.rhimopower.com\\\/#\\\/schema\\\/logo\\\/image\\\/\"}}]}<\/script>\n<!-- \/ Yoast SEO plugin. -->","yoast_head_json":{"title":"Batteries hors r\u00e9seau pour panneaux solaires 51,2 V 300 Ah 15,3 kWh - RhimoPower","robots":{"index":"index","follow":"follow","max-snippet":"max-snippet:-1","max-image-preview":"max-image-preview:large","max-video-preview":"max-video-preview:-1"},"canonical":"https:\/\/www.rhimopower.com\/fr\/produit\/off-grid-batteries-for-solar-51v-300ah-15kwh\/","og_locale":"fr_FR","og_type":"article","og_title":"Off grid batteries for solar 51.2V 300ah 15.3kwh - RhimoPower","og_description":"Power your off-grid lifestyle with this high-capacity 51.2V 300Ah lithium battery, delivering 15.3kWh of reliable energy storage for solar and renewable systems. Designed with advanced LiFePO\u2084 (Lithium Iron Phosphate) chemistry using grade A cell, it ensures long cycle life, superior safety, and high efficiency.  Key Features:  Voltage: 51.2V (nominal)  Capacity: 300Ah  Total Energy: 15.3 kWh  Battery Type: LiFePO\u2084 (Lithium Iron Phosphate), Grade A Cell  Cycle Life: 8000+ cycles @ 80% DOD  Integrated BMS for smart protection  Compatible with 48V inverters and solar charge controllers  Rack-mount or wall-mount options available  Upgrade your off-grid system with a safe, durable, and efficient energy solution that\u2019s built to last","og_url":"https:\/\/www.rhimopower.com\/fr\/produit\/off-grid-batteries-for-solar-51v-300ah-15kwh\/","og_site_name":"RhimoPower","article_modified_time":"2025-08-06T08:32:12+00:00","og_image":[{"width":1000,"height":1000,"url":"https:\/\/www.rhimopower.com\/wp-content\/uploads\/2025\/08\/off-grid-batteries-for-solar-51v-300ah-15kwh-1.jpg","type":"image\/jpeg"}],"twitter_card":"summary_large_image","twitter_misc":{"Dur\u00e9e de lecture estim\u00e9e":"2 minutes"},"schema":{"@context":"https:\/\/schema.org","@graph":[{"@type":"WebPage","@id":"https:\/\/www.rhimopower.com\/product\/off-grid-batteries-for-solar-51v-300ah-15kwh\/","url":"https:\/\/www.rhimopower.com\/product\/off-grid-batteries-for-solar-51v-300ah-15kwh\/","name":"Batteries hors r\u00e9seau pour panneaux solaires 51,2 V 300 Ah 15,3 kWh - RhimoPower","isPartOf":{"@id":"https:\/\/www.rhimopower.com\/#website"},"primaryImageOfPage":{"@id":"https:\/\/www.rhimopower.com\/product\/off-grid-batteries-for-solar-51v-300ah-15kwh\/#primaryimage"},"image":{"@id":"https:\/\/www.rhimopower.com\/product\/off-grid-batteries-for-solar-51v-300ah-15kwh\/#primaryimage"},"thumbnailUrl":"https:\/\/www.rhimopower.com\/wp-content\/uploads\/2025\/08\/off-grid-batteries-for-solar-51v-300ah-15kwh-1.jpg","datePublished":"2025-08-05T09:31:30+00:00","dateModified":"2025-08-06T08:32:12+00:00","breadcrumb":{"@id":"https:\/\/www.rhimopower.com\/product\/off-grid-batteries-for-solar-51v-300ah-15kwh\/#breadcrumb"},"inLanguage":"fr-FR","potentialAction":[{"@type":"ReadAction","target":["https:\/\/www.rhimopower.com\/product\/off-grid-batteries-for-solar-51v-300ah-15kwh\/"]}]},{"@type":"ImageObject","inLanguage":"fr-FR","@id":"https:\/\/www.rhimopower.com\/product\/off-grid-batteries-for-solar-51v-300ah-15kwh\/#primaryimage","url":"https:\/\/www.rhimopower.com\/wp-content\/uploads\/2025\/08\/off-grid-batteries-for-solar-51v-300ah-15kwh-1.jpg","contentUrl":"https:\/\/www.rhimopower.com\/wp-content\/uploads\/2025\/08\/off-grid-batteries-for-solar-51v-300ah-15kwh-1.jpg","width":1000,"height":1000,"caption":"off grid batteries for solar 51.2V 300ah 15.3kwh"},{"@type":"BreadcrumbList","@id":"https:\/\/www.rhimopower.com\/product\/off-grid-batteries-for-solar-51v-300ah-15kwh\/#breadcrumb","itemListElement":[{"@type":"ListItem","position":1,"name":"Home","item":"https:\/\/www.rhimopower.com\/"},{"@type":"ListItem","position":2,"name":"Products","item":"https:\/\/www.rhimopower.com\/products\/"},{"@type":"ListItem","position":3,"name":"Off grid batteries for solar 51.2V 300ah 15.3kwh"}]},{"@type":"WebSite","@id":"https:\/\/www.rhimopower.com\/#website","url":"https:\/\/www.rhimopower.com\/","name":"RhimoPower","description":"","publisher":{"@id":"https:\/\/www.rhimopower.com\/#organization"},"potentialAction":[{"@type":"SearchAction","target":{"@type":"EntryPoint","urlTemplate":"https:\/\/www.rhimopower.com\/?s={search_term_string}"},"query-input":{"@type":"PropertyValueSpecification","valueRequired":true,"valueName":"search_term_string"}}],"inLanguage":"fr-FR"},{"@type":"Organization","@id":"https:\/\/www.rhimopower.com\/#organization","name":"RhimoPower","url":"https:\/\/www.rhimopower.com\/","logo":{"@type":"ImageObject","inLanguage":"fr-FR","@id":"https:\/\/www.rhimopower.com\/#\/schema\/logo\/image\/","url":"https:\/\/www.rhimopower.com\/wp-content\/uploads\/2025\/04\/cropped-rhimo-logo.png","contentUrl":"https:\/\/www.rhimopower.com\/wp-content\/uploads\/2025\/04\/cropped-rhimo-logo.png","width":1998,"height":667,"caption":"RhimoPower"},"image":{"@id":"https:\/\/www.rhimopower.com\/#\/schema\/logo\/image\/"}}]}},"uagb_featured_image_src":{"full":["https:\/\/www.rhimopower.com\/wp-content\/uploads\/2025\/08\/off-grid-batteries-for-solar-51v-300ah-15kwh-1.jpg",1000,1000,false],"thumbnail":["https:\/\/www.rhimopower.com\/wp-content\/uploads\/2025\/08\/off-grid-batteries-for-solar-51v-300ah-15kwh-1-150x150.jpg",150,150,true],"medium":["https:\/\/www.rhimopower.com\/wp-content\/uploads\/2025\/08\/off-grid-batteries-for-solar-51v-300ah-15kwh-1-300x300.jpg",300,300,true],"medium_large":["https:\/\/www.rhimopower.com\/wp-content\/uploads\/2025\/08\/off-grid-batteries-for-solar-51v-300ah-15kwh-1-768x768.jpg",768,768,true],"large":["https:\/\/www.rhimopower.com\/wp-content\/uploads\/2025\/08\/off-grid-batteries-for-solar-51v-300ah-15kwh-1.jpg",1000,1000,false],"1536x1536":["https:\/\/www.rhimopower.com\/wp-content\/uploads\/2025\/08\/off-grid-batteries-for-solar-51v-300ah-15kwh-1.jpg",1000,1000,false],"2048x2048":["https:\/\/www.rhimopower.com\/wp-content\/uploads\/2025\/08\/off-grid-batteries-for-solar-51v-300ah-15kwh-1.jpg",1000,1000,false],"trp-custom-language-flag":["https:\/\/www.rhimopower.com\/wp-content\/uploads\/2025\/08\/off-grid-batteries-for-solar-51v-300ah-15kwh-1.jpg",12,12,false],"woocommerce_thumbnail":["https:\/\/www.rhimopower.com\/wp-content\/uploads\/2025\/08\/off-grid-batteries-for-solar-51v-300ah-15kwh-1-300x300.jpg",300,300,true],"woocommerce_single":["https:\/\/www.rhimopower.com\/wp-content\/uploads\/2025\/08\/off-grid-batteries-for-solar-51v-300ah-15kwh-1-600x600.jpg",600,600,true],"woocommerce_gallery_thumbnail":["https:\/\/www.rhimopower.com\/wp-content\/uploads\/2025\/08\/off-grid-batteries-for-solar-51v-300ah-15kwh-1-100x100.jpg",100,100,true]},"uagb_author_info":{"display_name":"Rebecca Lee","author_link":"https:\/\/www.rhimopower.com\/fr\/author\/"},"uagb_comment_info":0,"uagb_excerpt":"Power your off-grid lifestyle with this high-capacity 51.2V 300Ah lithium battery, delivering 15.3kWh of reliable energy storage for solar and renewable systems. Designed with advanced LiFePO\u2084 (Lithium Iron Phosphate) chemistry using grade A cell, it ensures long cycle life, superior safety, and high efficiency. Key Features: Voltage: 51.2V (nominal) Capacity: 300Ah Total Energy: 15.3 kWh\u2026","_links":{"self":[{"href":"https:\/\/www.rhimopower.com\/fr\/wp-json\/wp\/v2\/product\/2322","targetHints":{"allow":["GET"]}}],"collection":[{"href":"https:\/\/www.rhimopower.com\/fr\/wp-json\/wp\/v2\/product"}],"about":[{"href":"https:\/\/www.rhimopower.com\/fr\/wp-json\/wp\/v2\/types\/product"}],"wp:featuredmedia":[{"embeddable":true,"href":"https:\/\/www.rhimopower.com\/fr\/wp-json\/wp\/v2\/media\/2325"}],"wp:attachment":[{"href":"https:\/\/www.rhimopower.com\/fr\/wp-json\/wp\/v2\/media?parent=2322"}],"wp:term":[{"taxonomy":"product_brand","embeddable":true,"href":"https:\/\/www.rhimopower.com\/fr\/wp-json\/wp\/v2\/product_brand?post=2322"},{"taxonomy":"product_cat","embeddable":true,"href":"https:\/\/www.rhimopower.com\/fr\/wp-json\/wp\/v2\/product_cat?post=2322"},{"taxonomy":"product_tag","embeddable":true,"href":"https:\/\/www.rhimopower.com\/fr\/wp-json\/wp\/v2\/product_tag?post=2322"}],"curies":[{"name":"wp","href":"https:\/\/api.w.org\/{rel}","templated":true}]}}