{"id":2387,"date":"2025-08-15T06:45:22","date_gmt":"2025-08-15T06:45:22","guid":{"rendered":"https:\/\/www.rhimopower.com\/?post_type=product&#038;p=2387"},"modified":"2025-08-15T06:47:02","modified_gmt":"2025-08-15T06:47:02","slug":"high-voltage-lithium-battery-pack-400v-industrial-lithium-ion-battery-solutions","status":"publish","type":"product","link":"https:\/\/www.rhimopower.com\/fr\/produit\/high-voltage-lithium-battery-pack-400v-industrial-lithium-ion-battery-solutions\/","title":{"rendered":"Pack de batteries lithium-ion haute tension 400 V \u2013 Solutions de batteries lithium-ion industrielles"},"content":{"rendered":"<p>Le pack batterie lithium-ion haute tension 400 V offre des performances, une efficacit\u00e9 et une fiabilit\u00e9 exceptionnelles pour les applications industrielles exigeantes. Con\u00e7u pour les entreprises n\u00e9cessitant une batterie haute tension, ce syst\u00e8me avanc\u00e9 de batterie lithium 400 V offre une longue dur\u00e9e de vie, une charge rapide et une alimentation stable. Que vous recherchiez une solution haute tension pour les syst\u00e8mes de stockage d&#039;\u00e9nergie, les v\u00e9hicules \u00e9lectriques, la robotique ou les \u00e9quipements lourds, nos packs r\u00e9pondent \u00e0 des normes de s\u00e9curit\u00e9 et de performance strictes pour garantir une disponibilit\u00e9 et un retour sur investissement optimaux.<\/p>\n<p><img loading=\"lazy\" decoding=\"async\" class=\"alignnone size-full wp-image-2396\" src=\"https:\/\/www.rhimopower.com\/wp-content\/uploads\/2025\/08\/high-voltage-lithium-battery-pack-400v-built-in-aerosol.jpg\" alt=\"batterie \u00e0 haute tension construite avec un a\u00e9rosol\" width=\"750\" height=\"366\" srcset=\"https:\/\/www.rhimopower.com\/wp-content\/uploads\/2025\/08\/high-voltage-lithium-battery-pack-400v-built-in-aerosol.jpg 750w, https:\/\/www.rhimopower.com\/wp-content\/uploads\/2025\/08\/high-voltage-lithium-battery-pack-400v-built-in-aerosol-300x146.jpg 300w, https:\/\/www.rhimopower.com\/wp-content\/uploads\/2025\/08\/high-voltage-lithium-battery-pack-400v-built-in-aerosol-600x293.jpg 600w\" sizes=\"auto, (max-width: 750px) 100vw, 750px\" \/><\/p>\n<p><img loading=\"lazy\" decoding=\"async\" class=\"alignnone size-full wp-image-2397\" src=\"https:\/\/www.rhimopower.com\/wp-content\/uploads\/2025\/08\/high-voltage-lithium-battery-pack-400v-app-wifi-control.jpg\" alt=\"batterie avec application wifi haute tension, contr\u00f4le en ligne\" width=\"750\" height=\"356\" srcset=\"https:\/\/www.rhimopower.com\/wp-content\/uploads\/2025\/08\/high-voltage-lithium-battery-pack-400v-app-wifi-control.jpg 750w, https:\/\/www.rhimopower.com\/wp-content\/uploads\/2025\/08\/high-voltage-lithium-battery-pack-400v-app-wifi-control-300x142.jpg 300w, https:\/\/www.rhimopower.com\/wp-content\/uploads\/2025\/08\/high-voltage-lithium-battery-pack-400v-app-wifi-control-600x285.jpg 600w\" sizes=\"auto, (max-width: 750px) 100vw, 750px\" \/><\/p>\n<p><img loading=\"lazy\" decoding=\"async\" class=\"alignnone size-full wp-image-2398\" src=\"https:\/\/www.rhimopower.com\/wp-content\/uploads\/2025\/08\/high-voltage-lithium-battery-pack-400v-feature.jpg\" alt=\"syst\u00e8me de batterie haute tension\" width=\"750\" height=\"316\" srcset=\"https:\/\/www.rhimopower.com\/wp-content\/uploads\/2025\/08\/high-voltage-lithium-battery-pack-400v-feature.jpg 750w, https:\/\/www.rhimopower.com\/wp-content\/uploads\/2025\/08\/high-voltage-lithium-battery-pack-400v-feature-300x126.jpg 300w, https:\/\/www.rhimopower.com\/wp-content\/uploads\/2025\/08\/high-voltage-lithium-battery-pack-400v-feature-600x253.jpg 600w\" sizes=\"auto, (max-width: 750px) 100vw, 750px\" \/><\/p>\n<p>&nbsp;<\/p>\n<p>&nbsp;<\/p>\n<p style=\"text-align: center;\"><strong>Application des batteries lithium-ion haute tension mont\u00e9es en rack<\/strong><\/p>\n<p><img loading=\"lazy\" decoding=\"async\" class=\"alignnone size-full wp-image-2395\" src=\"https:\/\/www.rhimopower.com\/wp-content\/uploads\/2025\/08\/high-voltage-lithium-battery-pack-400v-application.jpg\" alt=\"pack de batteries haute tension\" width=\"748\" height=\"296\" srcset=\"https:\/\/www.rhimopower.com\/wp-content\/uploads\/2025\/08\/high-voltage-lithium-battery-pack-400v-application.jpg 748w, https:\/\/www.rhimopower.com\/wp-content\/uploads\/2025\/08\/high-voltage-lithium-battery-pack-400v-application-300x119.jpg 300w, https:\/\/www.rhimopower.com\/wp-content\/uploads\/2025\/08\/high-voltage-lithium-battery-pack-400v-application-600x237.jpg 600w\" sizes=\"auto, (max-width: 748px) 100vw, 748px\" \/><\/p>\n<p><img loading=\"lazy\" decoding=\"async\" class=\"alignnone size-full wp-image-2394\" src=\"https:\/\/www.rhimopower.com\/wp-content\/uploads\/2025\/08\/high-voltage-lithium-battery-pack-400v-shipment.jpg\" alt=\"exp\u00e9dition de batteries lithium-ion haute tension\" width=\"750\" height=\"864\" srcset=\"https:\/\/www.rhimopower.com\/wp-content\/uploads\/2025\/08\/high-voltage-lithium-battery-pack-400v-shipment.jpg 750w, https:\/\/www.rhimopower.com\/wp-content\/uploads\/2025\/08\/high-voltage-lithium-battery-pack-400v-shipment-260x300.jpg 260w, https:\/\/www.rhimopower.com\/wp-content\/uploads\/2025\/08\/high-voltage-lithium-battery-pack-400v-shipment-600x691.jpg 600w\" sizes=\"auto, (max-width: 750px) 100vw, 750px\" \/><\/p>\n<p>Plus de produits:<\/p>\n<p><a href=\"https:\/\/www.rhimopower.com\/fr\/categorie-produit\/modular-ups\/\">Syst\u00e8me UPS modulaire<\/a>, <a href=\"https:\/\/www.rhimopower.com\/fr\/categorie-produit\/ups-battery\/\">Batteries de remplacement UPS<\/a><\/p>","protected":false},"excerpt":{"rendered":"<p>La gamme de batteries lithium haute tension (200 V\u2013240 V, 384 V, 512 V) est une solution d&#039;alimentation de secours lithium-ion tout-en-un con\u00e7ue pour un stockage d&#039;\u00e9nergie fiable. Disponible en capacit\u00e9s de 10 kW et 15 kW, cette solution avanc\u00e9e <strong>Batterie HT<\/strong> Ce syst\u00e8me offre un rendement \u00e9lev\u00e9, une longue dur\u00e9e de vie et des performances stables pour les applications r\u00e9sidentielles, commerciales et industrielles. Id\u00e9al pour l&#039;alimentation de secours et l&#039;int\u00e9gration des \u00e9nergies renouvelables, il allie une conception compacte \u00e0 des dispositifs de s\u00e9curit\u00e9 robustes pour garantir un fonctionnement fiable dans les environnements exigeants.<\/p>","protected":false},"featured_media":2389,"template":"","meta":{"_acf_changed":false,"_uag_custom_page_level_css":"","site-sidebar-layout":"default","site-content-layout":"","ast-site-content-layout":"default","site-content-style":"default","site-sidebar-style":"default","ast-global-header-display":"","ast-banner-title-visibility":"","ast-main-header-display":"","ast-hfb-above-header-display":"","ast-hfb-below-header-display":"","ast-hfb-mobile-header-display":"","site-post-title":"","ast-breadcrumbs-content":"","ast-featured-img":"","footer-sml-layout":"","theme-transparent-header-meta":"default","adv-header-id-meta":"","stick-header-meta":"","header-above-stick-meta":"","header-main-stick-meta":"","header-below-stick-meta":"","astra-migrate-meta-layouts":"set","ast-page-background-enabled":"default","ast-page-background-meta":{"desktop":{"background-color":"var(--ast-global-color-4)","background-image":"","background-repeat":"repeat","background-position":"center center","background-size":"auto","background-attachment":"scroll","background-type":"","background-media":"","overlay-type":"","overlay-color":"","overlay-opacity":"","overlay-gradient":""},"tablet":{"background-color":"","background-image":"","background-repeat":"repeat","background-position":"center center","background-size":"auto","background-attachment":"scroll","background-type":"","background-media":"","overlay-type":"","overlay-color":"","overlay-opacity":"","overlay-gradient":""},"mobile":{"background-color":"","background-image":"","background-repeat":"repeat","background-position":"center center","background-size":"auto","background-attachment":"scroll","background-type":"","background-media":"","overlay-type":"","overlay-color":"","overlay-opacity":"","overlay-gradient":""}},"ast-content-background-meta":{"desktop":{"background-color":"var(--ast-global-color-5)","background-image":"","background-repeat":"repeat","background-position":"center center","background-size":"auto","background-attachment":"scroll","background-type":"","background-media":"","overlay-type":"","overlay-color":"","overlay-opacity":"","overlay-gradient":""},"tablet":{"background-color":"var(--ast-global-color-5)","background-image":"","background-repeat":"repeat","background-position":"center center","background-size":"auto","background-attachment":"scroll","background-type":"","background-media":"","overlay-type":"","overlay-color":"","overlay-opacity":"","overlay-gradient":""},"mobile":{"background-color":"var(--ast-global-color-5)","background-image":"","background-repeat":"repeat","background-position":"center center","background-size":"auto","background-attachment":"scroll","background-type":"","background-media":"","overlay-type":"","overlay-color":"","overlay-opacity":"","overlay-gradient":""}}},"product_brand":[],"product_cat":[37],"product_tag":[],"class_list":{"0":"post-2387","1":"product","2":"type-product","3":"status-publish","4":"has-post-thumbnail","6":"product_cat-off-grid-battery-bank","7":"desktop-align-left","8":"tablet-align-left","9":"mobile-align-left","11":"first","12":"instock","13":"shipping-taxable","14":"product-type-simple"},"acf":{"product_specifications":""},"yoast_head":"<!-- This site is optimized with the Yoast SEO plugin v27.3 - https:\/\/yoast.com\/product\/yoast-seo-wordpress\/ -->\n<title>High Voltage Lithium Battery Pack 400V \u2013 Industrial Lithium-Ion Battery Solutions<\/title>\n<meta name=\"description\" content=\"Reliable 400V high voltage lithium-ion battery packs for industrial applications. Long cycle life, high efficiency, and custom B2B energy solutions.\" \/>\n<meta name=\"robots\" content=\"index, follow, max-snippet:-1, max-image-preview:large, max-video-preview:-1\" \/>\n<link rel=\"canonical\" href=\"https:\/\/www.rhimopower.com\/fr\/produit\/high-voltage-lithium-battery-pack-400v-industrial-lithium-ion-battery-solutions\/\" \/>\n<meta property=\"og:locale\" content=\"fr_FR\" \/>\n<meta property=\"og:type\" content=\"article\" \/>\n<meta property=\"og:title\" content=\"High Voltage Lithium Battery Pack 400V \u2013 Industrial Lithium-Ion Battery Solutions\" \/>\n<meta property=\"og:description\" content=\"Reliable 400V high voltage lithium-ion battery packs for industrial applications. Long cycle life, high efficiency, and custom B2B energy solutions.\" \/>\n<meta property=\"og:url\" content=\"https:\/\/www.rhimopower.com\/fr\/produit\/high-voltage-lithium-battery-pack-400v-industrial-lithium-ion-battery-solutions\/\" \/>\n<meta property=\"og:site_name\" content=\"RhimoPower\" \/>\n<meta property=\"article:modified_time\" content=\"2025-08-15T06:47:02+00:00\" \/>\n<meta property=\"og:image\" content=\"https:\/\/www.rhimopower.com\/wp-content\/uploads\/2025\/08\/high-voltage-lithium-battery-pack-400v-1.jpg\" \/>\n\t<meta property=\"og:image:width\" content=\"1000\" \/>\n\t<meta property=\"og:image:height\" content=\"1000\" \/>\n\t<meta property=\"og:image:type\" content=\"image\/jpeg\" \/>\n<meta name=\"twitter:card\" content=\"summary_large_image\" \/>\n<meta name=\"twitter:label1\" content=\"Dur\u00e9e de lecture estim\u00e9e\" \/>\n\t<meta name=\"twitter:data1\" content=\"2 minutes\" \/>\n<script type=\"application\/ld+json\" class=\"yoast-schema-graph\">{\"@context\":\"https:\\\/\\\/schema.org\",\"@graph\":[{\"@type\":\"WebPage\",\"@id\":\"https:\\\/\\\/www.rhimopower.com\\\/product\\\/high-voltage-lithium-battery-pack-400v-industrial-lithium-ion-battery-solutions\\\/\",\"url\":\"https:\\\/\\\/www.rhimopower.com\\\/product\\\/high-voltage-lithium-battery-pack-400v-industrial-lithium-ion-battery-solutions\\\/\",\"name\":\"High Voltage Lithium Battery Pack 400V \u2013 Industrial Lithium-Ion Battery Solutions\",\"isPartOf\":{\"@id\":\"https:\\\/\\\/www.rhimopower.com\\\/#website\"},\"primaryImageOfPage\":{\"@id\":\"https:\\\/\\\/www.rhimopower.com\\\/product\\\/high-voltage-lithium-battery-pack-400v-industrial-lithium-ion-battery-solutions\\\/#primaryimage\"},\"image\":{\"@id\":\"https:\\\/\\\/www.rhimopower.com\\\/product\\\/high-voltage-lithium-battery-pack-400v-industrial-lithium-ion-battery-solutions\\\/#primaryimage\"},\"thumbnailUrl\":\"https:\\\/\\\/www.rhimopower.com\\\/wp-content\\\/uploads\\\/2025\\\/08\\\/high-voltage-lithium-battery-pack-400v-1.jpg\",\"datePublished\":\"2025-08-15T06:45:22+00:00\",\"dateModified\":\"2025-08-15T06:47:02+00:00\",\"description\":\"Reliable 400V high voltage lithium-ion battery packs for industrial applications. Long cycle life, high efficiency, and custom B2B energy solutions.\",\"breadcrumb\":{\"@id\":\"https:\\\/\\\/www.rhimopower.com\\\/product\\\/high-voltage-lithium-battery-pack-400v-industrial-lithium-ion-battery-solutions\\\/#breadcrumb\"},\"inLanguage\":\"fr-FR\",\"potentialAction\":[{\"@type\":\"ReadAction\",\"target\":[\"https:\\\/\\\/www.rhimopower.com\\\/product\\\/high-voltage-lithium-battery-pack-400v-industrial-lithium-ion-battery-solutions\\\/\"]}]},{\"@type\":\"ImageObject\",\"inLanguage\":\"fr-FR\",\"@id\":\"https:\\\/\\\/www.rhimopower.com\\\/product\\\/high-voltage-lithium-battery-pack-400v-industrial-lithium-ion-battery-solutions\\\/#primaryimage\",\"url\":\"https:\\\/\\\/www.rhimopower.com\\\/wp-content\\\/uploads\\\/2025\\\/08\\\/high-voltage-lithium-battery-pack-400v-1.jpg\",\"contentUrl\":\"https:\\\/\\\/www.rhimopower.com\\\/wp-content\\\/uploads\\\/2025\\\/08\\\/high-voltage-lithium-battery-pack-400v-1.jpg\",\"width\":1000,\"height\":1000,\"caption\":\"high voltage battery pack 400v lithium battery\"},{\"@type\":\"BreadcrumbList\",\"@id\":\"https:\\\/\\\/www.rhimopower.com\\\/product\\\/high-voltage-lithium-battery-pack-400v-industrial-lithium-ion-battery-solutions\\\/#breadcrumb\",\"itemListElement\":[{\"@type\":\"ListItem\",\"position\":1,\"name\":\"Home\",\"item\":\"https:\\\/\\\/www.rhimopower.com\\\/\"},{\"@type\":\"ListItem\",\"position\":2,\"name\":\"Products\",\"item\":\"https:\\\/\\\/www.rhimopower.com\\\/products\\\/\"},{\"@type\":\"ListItem\",\"position\":3,\"name\":\"High Voltage Lithium Battery Pack 400V \u2013 Industrial Lithium-Ion Battery Solutions\"}]},{\"@type\":\"WebSite\",\"@id\":\"https:\\\/\\\/www.rhimopower.com\\\/#website\",\"url\":\"https:\\\/\\\/www.rhimopower.com\\\/\",\"name\":\"RhimoPower\",\"description\":\"\",\"publisher\":{\"@id\":\"https:\\\/\\\/www.rhimopower.com\\\/#organization\"},\"potentialAction\":[{\"@type\":\"SearchAction\",\"target\":{\"@type\":\"EntryPoint\",\"urlTemplate\":\"https:\\\/\\\/www.rhimopower.com\\\/?s={search_term_string}\"},\"query-input\":{\"@type\":\"PropertyValueSpecification\",\"valueRequired\":true,\"valueName\":\"search_term_string\"}}],\"inLanguage\":\"fr-FR\"},{\"@type\":\"Organization\",\"@id\":\"https:\\\/\\\/www.rhimopower.com\\\/#organization\",\"name\":\"RhimoPower\",\"url\":\"https:\\\/\\\/www.rhimopower.com\\\/\",\"logo\":{\"@type\":\"ImageObject\",\"inLanguage\":\"fr-FR\",\"@id\":\"https:\\\/\\\/www.rhimopower.com\\\/#\\\/schema\\\/logo\\\/image\\\/\",\"url\":\"https:\\\/\\\/www.rhimopower.com\\\/wp-content\\\/uploads\\\/2025\\\/04\\\/cropped-rhimo-logo.png\",\"contentUrl\":\"https:\\\/\\\/www.rhimopower.com\\\/wp-content\\\/uploads\\\/2025\\\/04\\\/cropped-rhimo-logo.png\",\"width\":1998,\"height\":667,\"caption\":\"RhimoPower\"},\"image\":{\"@id\":\"https:\\\/\\\/www.rhimopower.com\\\/#\\\/schema\\\/logo\\\/image\\\/\"}}]}<\/script>\n<!-- \/ Yoast SEO plugin. -->","yoast_head_json":{"title":"Pack de batteries lithium-ion haute tension 400 V \u2013 Solutions de batteries lithium-ion industrielles","description":"Packs de batteries lithium-ion haute tension 400 V fiables pour applications industrielles. Longue dur\u00e9e de vie, rendement \u00e9lev\u00e9 et solutions \u00e9nerg\u00e9tiques B2B personnalis\u00e9es.","robots":{"index":"index","follow":"follow","max-snippet":"max-snippet:-1","max-image-preview":"max-image-preview:large","max-video-preview":"max-video-preview:-1"},"canonical":"https:\/\/www.rhimopower.com\/fr\/produit\/high-voltage-lithium-battery-pack-400v-industrial-lithium-ion-battery-solutions\/","og_locale":"fr_FR","og_type":"article","og_title":"High Voltage Lithium Battery Pack 400V \u2013 Industrial Lithium-Ion Battery Solutions","og_description":"Reliable 400V high voltage lithium-ion battery packs for industrial applications. Long cycle life, high efficiency, and custom B2B energy solutions.","og_url":"https:\/\/www.rhimopower.com\/fr\/produit\/high-voltage-lithium-battery-pack-400v-industrial-lithium-ion-battery-solutions\/","og_site_name":"RhimoPower","article_modified_time":"2025-08-15T06:47:02+00:00","og_image":[{"width":1000,"height":1000,"url":"https:\/\/www.rhimopower.com\/wp-content\/uploads\/2025\/08\/high-voltage-lithium-battery-pack-400v-1.jpg","type":"image\/jpeg"}],"twitter_card":"summary_large_image","twitter_misc":{"Dur\u00e9e de lecture estim\u00e9e":"2 minutes"},"schema":{"@context":"https:\/\/schema.org","@graph":[{"@type":"WebPage","@id":"https:\/\/www.rhimopower.com\/product\/high-voltage-lithium-battery-pack-400v-industrial-lithium-ion-battery-solutions\/","url":"https:\/\/www.rhimopower.com\/product\/high-voltage-lithium-battery-pack-400v-industrial-lithium-ion-battery-solutions\/","name":"Pack de batteries lithium-ion haute tension 400 V \u2013 Solutions de batteries lithium-ion industrielles","isPartOf":{"@id":"https:\/\/www.rhimopower.com\/#website"},"primaryImageOfPage":{"@id":"https:\/\/www.rhimopower.com\/product\/high-voltage-lithium-battery-pack-400v-industrial-lithium-ion-battery-solutions\/#primaryimage"},"image":{"@id":"https:\/\/www.rhimopower.com\/product\/high-voltage-lithium-battery-pack-400v-industrial-lithium-ion-battery-solutions\/#primaryimage"},"thumbnailUrl":"https:\/\/www.rhimopower.com\/wp-content\/uploads\/2025\/08\/high-voltage-lithium-battery-pack-400v-1.jpg","datePublished":"2025-08-15T06:45:22+00:00","dateModified":"2025-08-15T06:47:02+00:00","description":"Packs de batteries lithium-ion haute tension 400 V fiables pour applications industrielles. Longue dur\u00e9e de vie, rendement \u00e9lev\u00e9 et solutions \u00e9nerg\u00e9tiques B2B personnalis\u00e9es.","breadcrumb":{"@id":"https:\/\/www.rhimopower.com\/product\/high-voltage-lithium-battery-pack-400v-industrial-lithium-ion-battery-solutions\/#breadcrumb"},"inLanguage":"fr-FR","potentialAction":[{"@type":"ReadAction","target":["https:\/\/www.rhimopower.com\/product\/high-voltage-lithium-battery-pack-400v-industrial-lithium-ion-battery-solutions\/"]}]},{"@type":"ImageObject","inLanguage":"fr-FR","@id":"https:\/\/www.rhimopower.com\/product\/high-voltage-lithium-battery-pack-400v-industrial-lithium-ion-battery-solutions\/#primaryimage","url":"https:\/\/www.rhimopower.com\/wp-content\/uploads\/2025\/08\/high-voltage-lithium-battery-pack-400v-1.jpg","contentUrl":"https:\/\/www.rhimopower.com\/wp-content\/uploads\/2025\/08\/high-voltage-lithium-battery-pack-400v-1.jpg","width":1000,"height":1000,"caption":"high voltage battery pack 400v lithium battery"},{"@type":"BreadcrumbList","@id":"https:\/\/www.rhimopower.com\/product\/high-voltage-lithium-battery-pack-400v-industrial-lithium-ion-battery-solutions\/#breadcrumb","itemListElement":[{"@type":"ListItem","position":1,"name":"Home","item":"https:\/\/www.rhimopower.com\/"},{"@type":"ListItem","position":2,"name":"Products","item":"https:\/\/www.rhimopower.com\/products\/"},{"@type":"ListItem","position":3,"name":"High Voltage Lithium Battery Pack 400V \u2013 Industrial Lithium-Ion Battery Solutions"}]},{"@type":"WebSite","@id":"https:\/\/www.rhimopower.com\/#website","url":"https:\/\/www.rhimopower.com\/","name":"RhimoPower","description":"","publisher":{"@id":"https:\/\/www.rhimopower.com\/#organization"},"potentialAction":[{"@type":"SearchAction","target":{"@type":"EntryPoint","urlTemplate":"https:\/\/www.rhimopower.com\/?s={search_term_string}"},"query-input":{"@type":"PropertyValueSpecification","valueRequired":true,"valueName":"search_term_string"}}],"inLanguage":"fr-FR"},{"@type":"Organization","@id":"https:\/\/www.rhimopower.com\/#organization","name":"RhimoPower","url":"https:\/\/www.rhimopower.com\/","logo":{"@type":"ImageObject","inLanguage":"fr-FR","@id":"https:\/\/www.rhimopower.com\/#\/schema\/logo\/image\/","url":"https:\/\/www.rhimopower.com\/wp-content\/uploads\/2025\/04\/cropped-rhimo-logo.png","contentUrl":"https:\/\/www.rhimopower.com\/wp-content\/uploads\/2025\/04\/cropped-rhimo-logo.png","width":1998,"height":667,"caption":"RhimoPower"},"image":{"@id":"https:\/\/www.rhimopower.com\/#\/schema\/logo\/image\/"}}]}},"uagb_featured_image_src":{"full":["https:\/\/www.rhimopower.com\/wp-content\/uploads\/2025\/08\/high-voltage-lithium-battery-pack-400v-1.jpg",1000,1000,false],"thumbnail":["https:\/\/www.rhimopower.com\/wp-content\/uploads\/2025\/08\/high-voltage-lithium-battery-pack-400v-1-150x150.jpg",150,150,true],"medium":["https:\/\/www.rhimopower.com\/wp-content\/uploads\/2025\/08\/high-voltage-lithium-battery-pack-400v-1-300x300.jpg",300,300,true],"medium_large":["https:\/\/www.rhimopower.com\/wp-content\/uploads\/2025\/08\/high-voltage-lithium-battery-pack-400v-1-768x768.jpg",768,768,true],"large":["https:\/\/www.rhimopower.com\/wp-content\/uploads\/2025\/08\/high-voltage-lithium-battery-pack-400v-1.jpg",1000,1000,false],"1536x1536":["https:\/\/www.rhimopower.com\/wp-content\/uploads\/2025\/08\/high-voltage-lithium-battery-pack-400v-1.jpg",1000,1000,false],"2048x2048":["https:\/\/www.rhimopower.com\/wp-content\/uploads\/2025\/08\/high-voltage-lithium-battery-pack-400v-1.jpg",1000,1000,false],"trp-custom-language-flag":["https:\/\/www.rhimopower.com\/wp-content\/uploads\/2025\/08\/high-voltage-lithium-battery-pack-400v-1.jpg",12,12,false],"woocommerce_thumbnail":["https:\/\/www.rhimopower.com\/wp-content\/uploads\/2025\/08\/high-voltage-lithium-battery-pack-400v-1-300x300.jpg",300,300,true],"woocommerce_single":["https:\/\/www.rhimopower.com\/wp-content\/uploads\/2025\/08\/high-voltage-lithium-battery-pack-400v-1-600x600.jpg",600,600,true],"woocommerce_gallery_thumbnail":["https:\/\/www.rhimopower.com\/wp-content\/uploads\/2025\/08\/high-voltage-lithium-battery-pack-400v-1-100x100.jpg",100,100,true]},"uagb_author_info":{"display_name":"Rebecca Lee","author_link":"https:\/\/www.rhimopower.com\/fr\/author\/"},"uagb_comment_info":0,"uagb_excerpt":"The High Voltage Lithium Battery Series (200V\u2013240V, 384V, 512V) is an all-in-one lithium-ion backup power solution designed for reliable energy storage. Available in 10kW and 15kW capacities, this advanced HV battery system delivers high efficiency, long cycle life, and stable performance for residential, commercial, and industrial applications. Ideal for backup power and renewable energy integration,\u2026","_links":{"self":[{"href":"https:\/\/www.rhimopower.com\/fr\/wp-json\/wp\/v2\/product\/2387","targetHints":{"allow":["GET"]}}],"collection":[{"href":"https:\/\/www.rhimopower.com\/fr\/wp-json\/wp\/v2\/product"}],"about":[{"href":"https:\/\/www.rhimopower.com\/fr\/wp-json\/wp\/v2\/types\/product"}],"wp:featuredmedia":[{"embeddable":true,"href":"https:\/\/www.rhimopower.com\/fr\/wp-json\/wp\/v2\/media\/2389"}],"wp:attachment":[{"href":"https:\/\/www.rhimopower.com\/fr\/wp-json\/wp\/v2\/media?parent=2387"}],"wp:term":[{"taxonomy":"product_brand","embeddable":true,"href":"https:\/\/www.rhimopower.com\/fr\/wp-json\/wp\/v2\/product_brand?post=2387"},{"taxonomy":"product_cat","embeddable":true,"href":"https:\/\/www.rhimopower.com\/fr\/wp-json\/wp\/v2\/product_cat?post=2387"},{"taxonomy":"product_tag","embeddable":true,"href":"https:\/\/www.rhimopower.com\/fr\/wp-json\/wp\/v2\/product_tag?post=2387"}],"curies":[{"name":"wp","href":"https:\/\/api.w.org\/{rel}","templated":true}]}}