{"id":1401,"date":"2025-04-03T03:45:53","date_gmt":"2025-04-03T03:45:53","guid":{"rendered":"https:\/\/www.rhimopower.com\/about-us\/"},"modified":"2026-04-01T08:11:44","modified_gmt":"2026-04-01T08:11:44","slug":"about-us","status":"publish","type":"page","link":"https:\/\/www.rhimopower.com\/pt\/about-us\/","title":{"rendered":"Sobre"},"content":{"rendered":"<div class=\"wp-block-uagb-container uagb-block-4c3875af alignfull uagb-is-root-container\"><div class=\"uagb-container-inner-blocks-wrap\">\n<div class=\"wp-block-uagb-advanced-heading uagb-block-36237826\"><h1 class=\"uagb-heading-text\">Sobre a Rhimo Power<\/h1><\/div>\n\n\n\n<p class=\"has-text-align-center has-ast-global-color-5-color has-text-color has-link-color wp-elements-870b95158928ffc523a0100daff132a2\">Fabricante l\u00edder de sistemas de energia ininterrupta e UPS na China, solu\u00e7\u00f5es de energia ininterrupta para todas as necessidades<\/p>\n<\/div><\/div>\n\n\n\n<div class=\"wp-block-uagb-container uagb-block-5cf03063 alignfull uagb-is-root-container\"><div class=\"uagb-container-inner-blocks-wrap\">\n<div class=\"wp-block-uagb-image alignleft uagb-block-6d75d68d wp-block-uagb-image--layout-default wp-block-uagb-image--effect-static wp-block-uagb-image--align-left\"><figure class=\"wp-block-uagb-image__figure\"><img decoding=\"async\" srcset=\"https:\/\/www.rhimopower.com\/wp-content\/uploads\/2025\/07\/company-door-min-1024x768.jpg ,https:\/\/www.rhimopower.com\/wp-content\/uploads\/2025\/07\/company-door-min.jpg 780w, https:\/\/www.rhimopower.com\/wp-content\/uploads\/2025\/07\/company-door-min.jpg 360w\" sizes=\"auto, (max-width: 480px) 150px\" src=\"https:\/\/www.rhimopower.com\/wp-content\/uploads\/2025\/07\/company-door-min-1024x768.jpg\" alt=\"Porta da frente da f\u00e1brica da UPS\" class=\"uag-image-2233\" width=\"575\" height=\"480\" title=\"empresa-porta-min\" loading=\"lazy\" role=\"img\"\/><\/figure><\/div>\n\n\n\n<div class=\"wp-block-uagb-container uagb-block-05150e62\">\n<div class=\"wp-block-uagb-advanced-heading uagb-block-b0bb1952\"><div class=\"uagb-heading-text\">Sobre n\u00f3s<\/div><\/div>\n\n\n\n<div class=\"wp-block-uagb-advanced-heading uagb-block-a2b3848d\"><h2 class=\"uagb-heading-text\">Quem Somos<\/h2><p class=\"uagb-desc-text\"><strong>Xangai Rhimo Power Technology Co., Ltd.<\/strong>, localizada em Kangqiao Caohejing, Novo Distrito de Pudong, Xangai, \u00e9 uma fabricante profissional de fontes de alimenta\u00e7\u00e3o especializada no desenvolvimento, produ\u00e7\u00e3o, opera\u00e7\u00e3o e manuten\u00e7\u00e3o de produtos de fornecimento de energia, como fontes de alimenta\u00e7\u00e3o ininterruptas (UPS) e fontes de alimenta\u00e7\u00e3o de emerg\u00eancia (EPS).<br><br>Fundada em resposta \u00e0 crescente necessidade de solu\u00e7\u00f5es est\u00e1veis de fornecimento de energia, nossa empresa evoluiu para atender e superar os padr\u00f5es da ind\u00fastria com nossa equipe dedicada e processos de fabrica\u00e7\u00e3o robustos.<\/p><\/div>\n<\/div>\n<\/div><\/div>\n\n\n\n<div class=\"wp-block-uagb-container uagb-block-f8e142c7 alignfull uagb-is-root-container\"><div class=\"uagb-container-inner-blocks-wrap\">\n<div class=\"wp-block-uagb-container uagb-block-3eb72bb1\">\n<div class=\"wp-block-uagb-container uagb-block-bda03e75\">\n<div class=\"wp-block-uagb-advanced-heading uagb-block-0081cd1e\"><h3 class=\"uagb-heading-text\"><strong>base de produ\u00e7\u00e3o e centro de P&amp;D<\/strong><\/h3><\/div>\n\n\n\n<p>A base de produ\u00e7\u00e3o da empresa est\u00e1 localizada na bela cidade de Nantong, prov\u00edncia de Jiangsu, e o centro de P&amp;D est\u00e1 localizado no distrito de Jiangning, em Nanquim. Seus produtos de backup UPS s\u00e3o amplamente utilizados em diversos setores, incluindo petroqu\u00edmico, transporte ferrovi\u00e1rio, gera\u00e7\u00e3o de energia, armazenamento de energia e data centers.<\/p>\n<\/div>\n<\/div>\n\n\n\n<div class=\"wp-block-uagb-container uagb-block-34123e88\">\n<div class=\"wp-block-uagb-slider uagb-block-e563fa0f uagb-slider-container\"><div class=\"uagb-slides uagb-swiper\"><div class=\"swiper-wrapper\">\n<div class=\"wp-block-uagb-slider-child uagb-slider-child-wrap swiper-slide uagb-block-f4c6b96e\"><div class=\"swiper-content\">\n<div class=\"wp-block-uagb-container uagb-block-cf96bb9d\"><\/div>\n<\/div><\/div>\n\n\n\n<div class=\"wp-block-uagb-slider-child uagb-slider-child-wrap swiper-slide uagb-block-7081a4e0 h-full\"><div class=\"swiper-content\">\n<div class=\"wp-block-uagb-container uagb-block-f780f420\"><\/div>\n<\/div><\/div>\n\n\n\n<div class=\"wp-block-uagb-slider-child uagb-slider-child-wrap swiper-slide uagb-block-1d6594cb\"><div class=\"swiper-content\">\n<div class=\"wp-block-uagb-container uagb-block-ed7a3503\"><\/div>\n<\/div><\/div>\n\n\n\n<div class=\"wp-block-uagb-slider-child uagb-slider-child-wrap swiper-slide uagb-block-cdefea7d\"><div class=\"swiper-content\">\n<div class=\"wp-block-uagb-container uagb-block-94720eba\"><\/div>\n<\/div><\/div>\n\n\n\n<div class=\"wp-block-uagb-slider-child uagb-slider-child-wrap swiper-slide uagb-block-bcae951f\"><div class=\"swiper-content\">\n<div class=\"wp-block-uagb-container uagb-block-c22af5dd\"><\/div>\n<\/div><\/div>\n\n\n\n<div class=\"wp-block-uagb-slider-child uagb-slider-child-wrap swiper-slide uagb-block-8c7d265d\"><div class=\"swiper-content\">\n<div class=\"wp-block-uagb-container uagb-block-723289f9\"><\/div>\n<\/div><\/div>\n\n\n\n<div class=\"wp-block-uagb-slider-child uagb-slider-child-wrap swiper-slide uagb-block-957b8338\"><div class=\"swiper-content\">\n<div class=\"wp-block-uagb-container uagb-block-5b0300ac\"><\/div>\n<\/div><\/div>\n\n\n\n<div class=\"wp-block-uagb-slider-child uagb-slider-child-wrap swiper-slide uagb-block-301eb37a\"><div class=\"swiper-content\">\n<div class=\"wp-block-uagb-container uagb-block-8b8754c7\"><\/div>\n<\/div><\/div>\n<\/div><\/div><div class=\"swiper-pagination\"><\/div><div class=\"swiper-button-prev\"><\/div><div class=\"swiper-button-next\"><\/div><\/div>\n<\/div>\n<\/div><\/div>\n\n\n\n<div class=\"wp-block-uagb-container uagb-block-15f1e8b2 alignfull uagb-is-root-container\"><div class=\"uagb-container-inner-blocks-wrap\"><\/div><\/div>\n\n\n\n<div class=\"wp-block-uagb-container uagb-block-edae5b83 alignfull uagb-is-root-container\"><div class=\"uagb-container-inner-blocks-wrap\">\n<h2 class=\"wp-block-heading has-text-align-center\"><strong>Valores Essenciais<\/strong><\/h2>\n\n\n\n<p>A empresa adere aos valores fundamentais de &nbsp;<strong>\u201cA estrat\u00e9gia lidera, a opera\u00e7\u00e3o tem sucesso, a gest\u00e3o \u00e9 sustentada\u201d<\/strong>&nbsp;, e fornece um ambiente de energia confi\u00e1vel, est\u00e1vel, de alta qualidade, seguro e ininterrupto, atendendo \u00e0s necessidades dos clientes e do p\u00fablico. Al\u00e9m disso, oferece aos usu\u00e1rios uma gama completa de produtos e solu\u00e7\u00f5es para salas de equipamentos de data center.<\/p>\n\n\n\n<div class=\"wp-block-uagb-image aligncenter uagb-block-37f6c2f8 wp-block-uagb-image--layout-default wp-block-uagb-image--effect-static wp-block-uagb-image--align-center\"><figure class=\"wp-block-uagb-image__figure\"><img decoding=\"async\" srcset=\"https:\/\/www.rhimopower.com\/wp-content\/uploads\/2025\/07\/team-min-1024x576.jpg ,https:\/\/www.rhimopower.com\/wp-content\/uploads\/2025\/07\/team-min.jpg 780w, https:\/\/www.rhimopower.com\/wp-content\/uploads\/2025\/07\/team-min.jpg 360w\" sizes=\"auto, (max-width: 480px) 150px\" src=\"https:\/\/www.rhimopower.com\/wp-content\/uploads\/2025\/07\/team-min-1024x576.jpg\" alt=\"trabalho em equipe\" class=\"uag-image-2235\" width=\"1200\" height=\"430\" title=\"equipe-min\" loading=\"lazy\" role=\"img\"\/><\/figure><\/div>\n\n\n\n<div class=\"wp-block-uagb-container uagb-block-0f0fe2b0\">\n<div class=\"wp-block-uagb-advanced-heading uagb-block-a7766e3a\"><h3 class=\"uagb-heading-text\">Prioridade estrat\u00e9gica<\/h3><p class=\"uagb-desc-text\">Priorizamos o planejamento estrat\u00e9gico para alinhar nossos objetivos \u00e0s necessidades dos clientes e aos avan\u00e7os do setor, garantindo sucesso e inova\u00e7\u00e3o a longo prazo.<\/p><\/div>\n\n\n\n<div class=\"wp-block-uagb-advanced-heading uagb-block-b78816fa\"><h3 class=\"uagb-heading-text\">Excel\u00eancia Operacional<\/h3><p class=\"uagb-desc-text\">Nossa dedica\u00e7\u00e3o \u00e0 excel\u00eancia operacional nos leva a otimizar processos, melhorar a qualidade dos produtos e melhorar a presta\u00e7\u00e3o de servi\u00e7os para a satisfa\u00e7\u00e3o do cliente.<\/p><\/div>\n\n\n\n<div class=\"wp-block-uagb-advanced-heading uagb-block-a5c64964\"><h3 class=\"uagb-heading-text\">Gest\u00e3o como Funda\u00e7\u00e3o<\/h3><p class=\"uagb-desc-text\">Acreditamos que pr\u00e1ticas de gest\u00e3o s\u00f3lidas criam um ambiente est\u00e1vel que promove crescimento, efici\u00eancia e responsabilidade em toda a nossa organiza\u00e7\u00e3o.<\/p><\/div>\n<\/div>\n<\/div><\/div>\n\n\n\n<div class=\"wp-block-uagb-container uagb-block-9caa1a47 alignfull uagb-is-root-container\"><div class=\"uagb-container-inner-blocks-wrap\">\n<div class=\"wp-block-uagb-advanced-heading uagb-block-1ed0e64e\"><div class=\"uagb-heading-text\">Entre em contato conosco hoje<\/div><\/div>\n\n\n\n<div class=\"wp-block-uagb-advanced-heading uagb-block-3a57683f\"><h2 class=\"uagb-heading-text\">Potencialize seu neg\u00f3cio sem interrup\u00e7\u00f5es<\/h2><\/div>\n\n\n\n<div class=\"wp-block-uagb-buttons uagb-buttons__outer-wrap uagb-btn__default-btn uagb-btn-tablet__default-btn uagb-btn-mobile__default-btn uagb-block-9979be0d\"><div class=\"uagb-buttons__wrap uagb-buttons-layout-wrap\">\n<div class=\"wp-block-uagb-buttons-child uagb-buttons__outer-wrap uagb-block-84fd34e5 wp-block-button\"><div class=\"uagb-button__wrapper\"><a class=\"uagb-buttons-repeater wp-block-button__link\" aria-label=\"\" href=\"\/pt\/contact\/\" rel=\"follow noopener\" target=\"_self\" role=\"button\"><div class=\"uagb-button__link\">Contate-nos<\/div><\/a><\/div><\/div>\n<\/div><\/div>\n\n\n\n<div class=\"wp-block-uagb-advanced-heading uagb-block-838a0a13\"><div class=\"uagb-separator\"><\/div><p class=\"uagb-heading-text\">Proteja seus sistemas cr\u00edticos com solu\u00e7\u00f5es UPS confi\u00e1veis, escal\u00e1veis e inteligentes. Seja para administrar um data center, hospital, unidade de sa\u00fade, f\u00e1brica ou escrit\u00f3rio, nossos sistemas UPS s\u00e3o projetados para manter suas opera\u00e7\u00f5es funcionando 24 horas por dia, 7 dias por semana.<\/p><\/div>\n<\/div><\/div>","protected":false},"excerpt":{"rendered":"<p>About Rhimo Power Leading china uninterruptible power supply, ups systems manufacturer, Uninterrupted Power Solutions for Every Need About Us Who [&hellip;]<\/p>\n","protected":false},"author":1,"featured_media":0,"parent":0,"menu_order":0,"comment_status":"closed","ping_status":"closed","template":"","meta":{"_acf_changed":false,"_uag_custom_page_level_css":"","site-sidebar-layout":"no-sidebar","site-content-layout":"plain-container","ast-site-content-layout":"full-width-container","site-content-style":"unboxed","site-sidebar-style":"unboxed","ast-global-header-display":"","ast-banner-title-visibility":"","ast-main-header-display":"","ast-hfb-above-header-display":"","ast-hfb-below-header-display":"","ast-hfb-mobile-header-display":"","site-post-title":"disabled","ast-breadcrumbs-content":"","ast-featured-img":"","footer-sml-layout":"","theme-transparent-header-meta":"","adv-header-id-meta":"","stick-header-meta":"","header-above-stick-meta":"","header-main-stick-meta":"","header-below-stick-meta":"","astra-migrate-meta-layouts":"set","ast-page-background-enabled":"default","ast-page-background-meta":{"desktop":{"background-color":"var(--ast-global-color-4)","background-image":"","background-repeat":"repeat","background-position":"center center","background-size":"auto","background-attachment":"scroll","background-type":"","background-media":"","overlay-type":"","overlay-color":"","overlay-opacity":"","overlay-gradient":""},"tablet":{"background-color":"","background-image":"","background-repeat":"repeat","background-position":"center center","background-size":"auto","background-attachment":"scroll","background-type":"","background-media":"","overlay-type":"","overlay-color":"","overlay-opacity":"","overlay-gradient":""},"mobile":{"background-color":"","background-image":"","background-repeat":"repeat","background-position":"center center","background-size":"auto","background-attachment":"scroll","background-type":"","background-media":"","overlay-type":"","overlay-color":"","overlay-opacity":"","overlay-gradient":""}},"ast-content-background-meta":{"desktop":{"background-color":"var(--ast-global-color-5)","background-image":"","background-repeat":"repeat","background-position":"center center","background-size":"auto","background-attachment":"scroll","background-type":"","background-media":"","overlay-type":"","overlay-color":"","overlay-opacity":"","overlay-gradient":""},"tablet":{"background-color":"var(--ast-global-color-5)","background-image":"","background-repeat":"repeat","background-position":"center center","background-size":"auto","background-attachment":"scroll","background-type":"","background-media":"","overlay-type":"","overlay-color":"","overlay-opacity":"","overlay-gradient":""},"mobile":{"background-color":"var(--ast-global-color-5)","background-image":"","background-repeat":"repeat","background-position":"center center","background-size":"auto","background-attachment":"scroll","background-type":"","background-media":"","overlay-type":"","overlay-color":"","overlay-opacity":"","overlay-gradient":""}},"footnotes":""},"class_list":["post-1401","page","type-page","status-publish","hentry"],"acf":[],"yoast_head":"<!-- This site is optimized with the Yoast SEO plugin v27.3 - https:\/\/yoast.com\/product\/yoast-seo-wordpress\/ -->\n<title>About Rhimo Power | UPS Systems Manufacturer in China<\/title>\n<meta name=\"description\" content=\"Rhimo Power is a trusted UPS systems manufacturer in China, delivering reliable online UPS, modular UPS, batteries, and power protection solutions for global industries.\" \/>\n<meta name=\"robots\" content=\"index, follow, max-snippet:-1, max-image-preview:large, max-video-preview:-1\" \/>\n<link rel=\"canonical\" href=\"https:\/\/www.rhimopower.com\/pt\/about-us\/\" \/>\n<meta property=\"og:locale\" content=\"pt_PT\" \/>\n<meta property=\"og:type\" content=\"article\" \/>\n<meta property=\"og:title\" content=\"About Rhimo Power | UPS Systems Manufacturer in China\" \/>\n<meta property=\"og:description\" content=\"Rhimo Power is a trusted UPS systems manufacturer in China, delivering reliable online UPS, modular UPS, batteries, and power protection solutions for global industries.\" \/>\n<meta property=\"og:url\" content=\"https:\/\/www.rhimopower.com\/pt\/about-us\/\" \/>\n<meta property=\"og:site_name\" content=\"RhimoPower\" \/>\n<meta property=\"article:modified_time\" content=\"2026-04-01T08:11:44+00:00\" \/>\n<meta property=\"og:image\" content=\"https:\/\/www.rhimopower.com\/wp-content\/uploads\/2025\/07\/company-door-min-1024x768.jpg\" \/>\n<meta name=\"twitter:card\" content=\"summary_large_image\" \/>\n<meta name=\"twitter:label1\" content=\"Tempo estimado de leitura\" \/>\n\t<meta name=\"twitter:data1\" content=\"4 minutos\" \/>\n<script type=\"application\/ld+json\" class=\"yoast-schema-graph\">{\"@context\":\"https:\\\/\\\/schema.org\",\"@graph\":[{\"@type\":\"WebPage\",\"@id\":\"https:\\\/\\\/www.rhimopower.com\\\/about-us\\\/\",\"url\":\"https:\\\/\\\/www.rhimopower.com\\\/about-us\\\/\",\"name\":\"About Rhimo Power | UPS Systems Manufacturer in China\",\"isPartOf\":{\"@id\":\"https:\\\/\\\/www.rhimopower.com\\\/#website\"},\"primaryImageOfPage\":{\"@id\":\"https:\\\/\\\/www.rhimopower.com\\\/about-us\\\/#primaryimage\"},\"image\":{\"@id\":\"https:\\\/\\\/www.rhimopower.com\\\/about-us\\\/#primaryimage\"},\"thumbnailUrl\":\"https:\\\/\\\/www.rhimopower.com\\\/wp-content\\\/uploads\\\/2025\\\/07\\\/company-door-min-1024x768.jpg\",\"datePublished\":\"2025-04-03T03:45:53+00:00\",\"dateModified\":\"2026-04-01T08:11:44+00:00\",\"description\":\"Rhimo Power is a trusted UPS systems manufacturer in China, delivering reliable online UPS, modular UPS, batteries, and power protection solutions for global industries.\",\"breadcrumb\":{\"@id\":\"https:\\\/\\\/www.rhimopower.com\\\/about-us\\\/#breadcrumb\"},\"inLanguage\":\"pt-PT\",\"potentialAction\":[{\"@type\":\"ReadAction\",\"target\":[\"https:\\\/\\\/www.rhimopower.com\\\/about-us\\\/\"]}]},{\"@type\":\"ImageObject\",\"inLanguage\":\"pt-PT\",\"@id\":\"https:\\\/\\\/www.rhimopower.com\\\/about-us\\\/#primaryimage\",\"url\":\"https:\\\/\\\/www.rhimopower.com\\\/wp-content\\\/uploads\\\/2025\\\/07\\\/company-door-min-1024x768.jpg\",\"contentUrl\":\"https:\\\/\\\/www.rhimopower.com\\\/wp-content\\\/uploads\\\/2025\\\/07\\\/company-door-min-1024x768.jpg\"},{\"@type\":\"BreadcrumbList\",\"@id\":\"https:\\\/\\\/www.rhimopower.com\\\/about-us\\\/#breadcrumb\",\"itemListElement\":[{\"@type\":\"ListItem\",\"position\":1,\"name\":\"Home\",\"item\":\"https:\\\/\\\/www.rhimopower.com\\\/\"},{\"@type\":\"ListItem\",\"position\":2,\"name\":\"About\"}]},{\"@type\":\"WebSite\",\"@id\":\"https:\\\/\\\/www.rhimopower.com\\\/#website\",\"url\":\"https:\\\/\\\/www.rhimopower.com\\\/\",\"name\":\"RhimoPower\",\"description\":\"\",\"publisher\":{\"@id\":\"https:\\\/\\\/www.rhimopower.com\\\/#organization\"},\"potentialAction\":[{\"@type\":\"SearchAction\",\"target\":{\"@type\":\"EntryPoint\",\"urlTemplate\":\"https:\\\/\\\/www.rhimopower.com\\\/?s={search_term_string}\"},\"query-input\":{\"@type\":\"PropertyValueSpecification\",\"valueRequired\":true,\"valueName\":\"search_term_string\"}}],\"inLanguage\":\"pt-PT\"},{\"@type\":\"Organization\",\"@id\":\"https:\\\/\\\/www.rhimopower.com\\\/#organization\",\"name\":\"RhimoPower\",\"url\":\"https:\\\/\\\/www.rhimopower.com\\\/\",\"logo\":{\"@type\":\"ImageObject\",\"inLanguage\":\"pt-PT\",\"@id\":\"https:\\\/\\\/www.rhimopower.com\\\/#\\\/schema\\\/logo\\\/image\\\/\",\"url\":\"https:\\\/\\\/www.rhimopower.com\\\/wp-content\\\/uploads\\\/2025\\\/04\\\/cropped-rhimo-logo.png\",\"contentUrl\":\"https:\\\/\\\/www.rhimopower.com\\\/wp-content\\\/uploads\\\/2025\\\/04\\\/cropped-rhimo-logo.png\",\"width\":1998,\"height\":667,\"caption\":\"RhimoPower\"},\"image\":{\"@id\":\"https:\\\/\\\/www.rhimopower.com\\\/#\\\/schema\\\/logo\\\/image\\\/\"}}]}<\/script>\n<!-- \/ Yoast SEO plugin. -->","yoast_head_json":{"title":"Sobre a Rhimo Power | Fabricante de Sistemas UPS na China","description":"A Rhimo Power \u00e9 uma fabricante de sistemas UPS confi\u00e1vel na China, que fornece solu\u00e7\u00f5es confi\u00e1veis de UPS online, UPS modulares, baterias e prote\u00e7\u00e3o de energia para ind\u00fastrias globais.","robots":{"index":"index","follow":"follow","max-snippet":"max-snippet:-1","max-image-preview":"max-image-preview:large","max-video-preview":"max-video-preview:-1"},"canonical":"https:\/\/www.rhimopower.com\/pt\/about-us\/","og_locale":"pt_PT","og_type":"article","og_title":"About Rhimo Power | UPS Systems Manufacturer in China","og_description":"Rhimo Power is a trusted UPS systems manufacturer in China, delivering reliable online UPS, modular UPS, batteries, and power protection solutions for global industries.","og_url":"https:\/\/www.rhimopower.com\/pt\/about-us\/","og_site_name":"RhimoPower","article_modified_time":"2026-04-01T08:11:44+00:00","og_image":[{"url":"https:\/\/www.rhimopower.com\/wp-content\/uploads\/2025\/07\/company-door-min-1024x768.jpg","type":"","width":"","height":""}],"twitter_card":"summary_large_image","twitter_misc":{"Tempo estimado de leitura":"4 minutos"},"schema":{"@context":"https:\/\/schema.org","@graph":[{"@type":"WebPage","@id":"https:\/\/www.rhimopower.com\/about-us\/","url":"https:\/\/www.rhimopower.com\/about-us\/","name":"Sobre a Rhimo Power | Fabricante de Sistemas UPS na China","isPartOf":{"@id":"https:\/\/www.rhimopower.com\/#website"},"primaryImageOfPage":{"@id":"https:\/\/www.rhimopower.com\/about-us\/#primaryimage"},"image":{"@id":"https:\/\/www.rhimopower.com\/about-us\/#primaryimage"},"thumbnailUrl":"https:\/\/www.rhimopower.com\/wp-content\/uploads\/2025\/07\/company-door-min-1024x768.jpg","datePublished":"2025-04-03T03:45:53+00:00","dateModified":"2026-04-01T08:11:44+00:00","description":"A Rhimo Power \u00e9 uma fabricante de sistemas UPS confi\u00e1vel na China, que fornece solu\u00e7\u00f5es confi\u00e1veis de UPS online, UPS modulares, baterias e prote\u00e7\u00e3o de energia para ind\u00fastrias globais.","breadcrumb":{"@id":"https:\/\/www.rhimopower.com\/about-us\/#breadcrumb"},"inLanguage":"pt-PT","potentialAction":[{"@type":"ReadAction","target":["https:\/\/www.rhimopower.com\/about-us\/"]}]},{"@type":"ImageObject","inLanguage":"pt-PT","@id":"https:\/\/www.rhimopower.com\/about-us\/#primaryimage","url":"https:\/\/www.rhimopower.com\/wp-content\/uploads\/2025\/07\/company-door-min-1024x768.jpg","contentUrl":"https:\/\/www.rhimopower.com\/wp-content\/uploads\/2025\/07\/company-door-min-1024x768.jpg"},{"@type":"BreadcrumbList","@id":"https:\/\/www.rhimopower.com\/about-us\/#breadcrumb","itemListElement":[{"@type":"ListItem","position":1,"name":"Home","item":"https:\/\/www.rhimopower.com\/"},{"@type":"ListItem","position":2,"name":"About"}]},{"@type":"WebSite","@id":"https:\/\/www.rhimopower.com\/#website","url":"https:\/\/www.rhimopower.com\/","name":"RhimoPower","description":"","publisher":{"@id":"https:\/\/www.rhimopower.com\/#organization"},"potentialAction":[{"@type":"SearchAction","target":{"@type":"EntryPoint","urlTemplate":"https:\/\/www.rhimopower.com\/?s={search_term_string}"},"query-input":{"@type":"PropertyValueSpecification","valueRequired":true,"valueName":"search_term_string"}}],"inLanguage":"pt-PT"},{"@type":"Organization","@id":"https:\/\/www.rhimopower.com\/#organization","name":"RhimoPower","url":"https:\/\/www.rhimopower.com\/","logo":{"@type":"ImageObject","inLanguage":"pt-PT","@id":"https:\/\/www.rhimopower.com\/#\/schema\/logo\/image\/","url":"https:\/\/www.rhimopower.com\/wp-content\/uploads\/2025\/04\/cropped-rhimo-logo.png","contentUrl":"https:\/\/www.rhimopower.com\/wp-content\/uploads\/2025\/04\/cropped-rhimo-logo.png","width":1998,"height":667,"caption":"RhimoPower"},"image":{"@id":"https:\/\/www.rhimopower.com\/#\/schema\/logo\/image\/"}}]}},"uagb_featured_image_src":{"full":false,"thumbnail":false,"medium":false,"medium_large":false,"large":false,"1536x1536":false,"2048x2048":false,"trp-custom-language-flag":false,"woocommerce_thumbnail":false,"woocommerce_single":false,"woocommerce_gallery_thumbnail":false},"uagb_author_info":{"display_name":"Rebecca Lee","author_link":"https:\/\/www.rhimopower.com\/pt\/author\/rebecca-lee\/"},"uagb_comment_info":0,"uagb_excerpt":"About Rhimo Power Leading china uninterruptible power supply, ups systems manufacturer, Uninterrupted Power Solutions for Every Need About Us Who [&hellip;]","_links":{"self":[{"href":"https:\/\/www.rhimopower.com\/pt\/wp-json\/wp\/v2\/pages\/1401","targetHints":{"allow":["GET"]}}],"collection":[{"href":"https:\/\/www.rhimopower.com\/pt\/wp-json\/wp\/v2\/pages"}],"about":[{"href":"https:\/\/www.rhimopower.com\/pt\/wp-json\/wp\/v2\/types\/page"}],"author":[{"embeddable":true,"href":"https:\/\/www.rhimopower.com\/pt\/wp-json\/wp\/v2\/users\/1"}],"replies":[{"embeddable":true,"href":"https:\/\/www.rhimopower.com\/pt\/wp-json\/wp\/v2\/comments?post=1401"}],"version-history":[{"count":18,"href":"https:\/\/www.rhimopower.com\/pt\/wp-json\/wp\/v2\/pages\/1401\/revisions"}],"predecessor-version":[{"id":2236,"href":"https:\/\/www.rhimopower.com\/pt\/wp-json\/wp\/v2\/pages\/1401\/revisions\/2236"}],"wp:attachment":[{"href":"https:\/\/www.rhimopower.com\/pt\/wp-json\/wp\/v2\/media?parent=1401"}],"curies":[{"name":"wp","href":"https:\/\/api.w.org\/{rel}","templated":true}]}}