{"id":1402,"date":"2025-04-03T03:45:53","date_gmt":"2025-04-03T03:45:53","guid":{"rendered":"https:\/\/www.rhimopower.com\/services\/"},"modified":"2026-04-01T07:41:02","modified_gmt":"2026-04-01T07:41:02","slug":"uninterruptible-power-supply-solutions","status":"publish","type":"page","link":"https:\/\/www.rhimopower.com\/pt\/uninterruptible-power-supply-solutions\/","title":{"rendered":"Solu\u00e7\u00f5es de fornecimento de energia ininterrupta"},"content":{"rendered":"<div class=\"wp-block-uagb-container uagb-block-4c3875af alignfull uagb-is-root-container\"><div class=\"uagb-container-inner-blocks-wrap\">\n<div class=\"wp-block-uagb-advanced-heading uagb-block-36237826\"><h1 class=\"uagb-heading-text\">Solu\u00e7\u00f5es de alimenta\u00e7\u00e3o ininterrupta para ind\u00fastrias cr\u00edticas<\/h1><\/div>\n\n\n\n<p class=\"has-ast-global-color-4-color has-text-color has-link-color wp-elements-2148d15d3466e275072e4d7d6ca8e8c7\">Proteja suas opera\u00e7\u00f5es cr\u00edticas com nossas solu\u00e7\u00f5es confi\u00e1veis de UPS. Fornecemos sistemas de alimenta\u00e7\u00e3o ininterrupta personalizados para \u00e1reas como sa\u00fade, data centers, telecomunica\u00e7\u00f5es, instala\u00e7\u00f5es industriais e muito mais. Seja para backup de equipamentos sens\u00edveis ou prote\u00e7\u00e3o completa de energia para toda a opera\u00e7\u00e3o, nossos sistemas UPS personalizados garantem desempenho ininterrupto, tempo de inatividade m\u00ednimo e total tranquilidade.<\/p>\n<\/div><\/div>\n\n\n\n<div class=\"wp-block-uagb-container uagb-block-003c6e56 alignfull uagb-is-root-container\"><div class=\"uagb-container-inner-blocks-wrap\">\n<p class=\"pt-5 px-5\">As solu\u00e7\u00f5es de alimenta\u00e7\u00e3o ininterrupta (UPS) fornecem energia de reserva confi\u00e1vel para proteger infraestruturas cr\u00edticas contra interrup\u00e7\u00f5es e flutua\u00e7\u00f5es de tens\u00e3o. Empresas como centros de dados, hospitais, f\u00e1bricas e redes de telecomunica\u00e7\u00f5es dependem de energia el\u00e9trica est\u00e1vel para manter suas opera\u00e7\u00f5es. Nossos sistemas de energia UPS personalizados oferecem prote\u00e7\u00e3o escal\u00e1vel e de alta efici\u00eancia, projetada para ambientes de miss\u00e3o cr\u00edtica, garantindo disponibilidade cont\u00ednua e seguran\u00e7a dos equipamentos.<\/p>\n<\/div><\/div>\n\n\n\n<div id=\"upsSolutionForDataCenter\" class=\"wp-block-uagb-container uagb-block-ku2linnr alignfull uagb-is-root-container\"><div class=\"uagb-container-inner-blocks-wrap\">\n<div class=\"wp-block-uagb-info-box uagb-block-wvuf7gao uagb-infobox__content-wrap  uagb-infobox-icon-above-title uagb-infobox-image-valign-top\"><div class=\"uagb-ifb-content\"><div class=\"uagb-ifb-title-wrap\"><p class=\"uagb-ifb-title-prefix\">Solu\u00e7\u00f5es UPS<\/p><h2 class=\"uagb-ifb-title\">Data Centers e Infraestrutura de TI<\/h2><\/div><\/div><\/div>\n\n\n\n<div class=\"wp-block-uagb-container uagb-block-gm8umjfx alignfull uagb-is-root-container\"><div class=\"uagb-container-inner-blocks-wrap\">\n<div class=\"wp-block-uagb-image alignleft uagb-block-jp9pfvgn wp-block-uagb-image--layout-default wp-block-uagb-image--effect-static wp-block-uagb-image--align-left\"><figure class=\"wp-block-uagb-image__figure\"><img decoding=\"async\" srcset=\"https:\/\/www.rhimopower.com\/wp-content\/uploads\/2025\/04\/ups-solutions-in-it-and-datacenter.jpg ,https:\/\/www.rhimopower.com\/wp-content\/uploads\/2025\/04\/ups-solutions-in-it-and-datacenter.jpg 780w, https:\/\/www.rhimopower.com\/wp-content\/uploads\/2025\/04\/ups-solutions-in-it-and-datacenter.jpg 360w\" sizes=\"auto, (max-width: 480px) 150px\" src=\"https:\/\/www.rhimopower.com\/wp-content\/uploads\/2025\/04\/ups-solutions-in-it-and-datacenter.jpg\" alt=\"solu\u00e7\u00f5es ups em TI e datacenter\" class=\"uag-image-1818\" width=\"564\" height=\"423\" title=\"solu\u00e7\u00f5es ups em ti e datacenter\" loading=\"lazy\" role=\"img\"\/><\/figure><\/div>\n\n\n\n<div class=\"wp-block-uagb-container uagb-block-74nm2ety\">\n<div class=\"wp-block-uagb-info-box uagb-block-rpaqi3ug uagb-infobox__content-wrap  uagb-infobox-icon-above-title uagb-infobox-image-valign-top\"><div class=\"uagb-ifb-content\"><div class=\"uagb-ifb-title-wrap\"><h3 class=\"uagb-ifb-title\">UPS de alta disponibilidade para data centers e salas de servidores<\/h3><\/div><p class=\"uagb-ifb-desc\">O tempo de inatividade pode custar milhares por minuto. Nossas solu\u00e7\u00f5es de UPS para data centers proporcionam uma transi\u00e7\u00e3o perfeita durante interrup\u00e7\u00f5es de energia, protegendo servidores, matrizes de armazenamento e equipamentos de rede. Os designs modulares permitem escalabilidade flex\u00edvel conforme sua infraestrutura cresce.<\/p><\/div><\/div>\n\n\n\n<div class=\"wp-block-uagb-container uag-hide-tab uag-hide-mob uagb-block-4b6ad18b\">\n<h4 class=\"wp-block-heading\"><strong>Recursos do caso de uso:<\/strong><\/h4>\n\n\n\n<ul class=\"wp-block-list mt-0\">\n<li>Sistemas UPS montados em rack para efici\u00eancia de espa\u00e7o<\/li>\n\n\n\n<li>Pacotes de baterias intercambi\u00e1veis a quente<\/li>\n\n\n\n<li>Monitoramento remoto e alertas de manuten\u00e7\u00e3o<\/li>\n<\/ul>\n<\/div>\n\n\n\n<p>Saiba mais em <a href=\"\/pt\/ups-for-data-center-data-center-ups-systems\/\">UPS para centro de dados<\/a><\/p>\n<\/div>\n<\/div><\/div>\n<\/div><\/div>\n\n\n\n<div id=\"upsSolutionForHealthcare\" class=\"wp-block-uagb-container !bg-neutral-100 uagb-block-e22370a1 alignfull uagb-is-root-container\"><div class=\"uagb-container-inner-blocks-wrap\">\n<div class=\"wp-block-uagb-info-box uagb-block-2f677af2 uagb-infobox__content-wrap  uagb-infobox-icon-above-title uagb-infobox-image-valign-top\"><div class=\"uagb-ifb-content\"><div class=\"uagb-ifb-title-wrap\"><p class=\"uagb-ifb-title-prefix\">Solu\u00e7\u00f5es UPS<\/p><h2 class=\"uagb-ifb-title\">Instala\u00e7\u00f5es m\u00e9dicas e de sa\u00fade<\/h2><\/div><\/div><\/div>\n\n\n\n<div class=\"wp-block-uagb-container uagb-block-5439c80c alignfull uagb-is-root-container\"><div class=\"uagb-container-inner-blocks-wrap\">\n<div class=\"wp-block-uagb-image alignleft uagb-block-e334d0a2 wp-block-uagb-image--layout-default wp-block-uagb-image--effect-static wp-block-uagb-image--align-left\"><figure class=\"wp-block-uagb-image__figure\"><img decoding=\"async\" srcset=\"https:\/\/www.rhimopower.com\/wp-content\/uploads\/2025\/04\/ups-for-healthcare-medical-facilities-1024x512.jpg ,https:\/\/www.rhimopower.com\/wp-content\/uploads\/2025\/04\/ups-for-healthcare-medical-facilities.jpg 780w, https:\/\/www.rhimopower.com\/wp-content\/uploads\/2025\/04\/ups-for-healthcare-medical-facilities.jpg 360w\" sizes=\"auto, (max-width: 480px) 150px\" src=\"https:\/\/www.rhimopower.com\/wp-content\/uploads\/2025\/04\/ups-for-healthcare-medical-facilities-1024x512.jpg\" alt=\"ups para instala\u00e7\u00f5es m\u00e9dicas e de sa\u00fade\" class=\"uag-image-1813\" width=\"564\" height=\"423\" title=\"ups-para-instala\u00e7\u00f5es-m\u00e9dicas-de-sa\u00fade\" loading=\"lazy\" role=\"img\"\/><\/figure><\/div>\n\n\n\n<div class=\"wp-block-uagb-container uagb-block-26e9c124\">\n<div class=\"wp-block-uagb-info-box uagb-block-11eea9f0 uagb-infobox__content-wrap  uagb-infobox-icon-above-title uagb-infobox-image-valign-top\"><div class=\"uagb-ifb-content\"><div class=\"uagb-ifb-title-wrap\"><h3 class=\"uagb-ifb-title\">Backup de energia cr\u00edtica para hospitais e cl\u00ednicas<\/h3><\/div><p class=\"uagb-ifb-desc\">Na \u00e1rea da sa\u00fade, energia cont\u00ednua \u00e9 inegoci\u00e1vel. Nossos sistemas UPS fornecem backup de emerg\u00eancia para equipamentos de suporte \u00e0 vida, m\u00e1quinas de diagn\u00f3stico e servidores de TI, garantindo que o atendimento ao paciente nunca seja comprometido \u2014 mesmo durante interrup\u00e7\u00f5es inesperadas.<\/p><\/div><\/div>\n\n\n\n<div class=\"wp-block-uagb-container uag-hide-tab uag-hide-mob uagb-block-2facacb9\">\n<h4 class=\"wp-block-heading\"><strong>Recursos do caso de uso:<\/strong><\/h4>\n\n\n\n<ul class=\"wp-block-list mt-0\">\n<li>Configura\u00e7\u00f5es redundantes de UPS para salas de cirurgia<\/li>\n\n\n\n<li>Condicionamento de energia para equipamentos de imagem sens\u00edveis (resson\u00e2ncia magn\u00e9tica, tomografia computadorizada)<\/li>\n\n\n\n<li>Sistemas de gerenciamento de bateria para maior tempo de execu\u00e7\u00e3o<\/li>\n<\/ul>\n<\/div>\n<\/div>\n<\/div><\/div>\n<\/div><\/div>\n\n\n\n<div id=\"upsSolutionForIndustrialPlants\" class=\"wp-block-uagb-container uagb-block-9d801844 alignfull uagb-is-root-container\"><div class=\"uagb-container-inner-blocks-wrap\">\n<div class=\"wp-block-uagb-info-box uagb-block-86b71717 uagb-infobox__content-wrap  uagb-infobox-icon-above-title uagb-infobox-image-valign-top\"><div class=\"uagb-ifb-content\"><div class=\"uagb-ifb-title-wrap\"><p class=\"uagb-ifb-title-prefix\">Solu\u00e7\u00f5es UPS<\/p><h2 class=\"uagb-ifb-title\">Plantas Industriais e de Manufatura<\/h2><\/div><\/div><\/div>\n\n\n\n<div class=\"wp-block-uagb-container uagb-block-422921ef alignfull uagb-is-root-container\"><div class=\"uagb-container-inner-blocks-wrap\">\n<div class=\"wp-block-uagb-image alignleft uagb-block-8b197da2 wp-block-uagb-image--layout-default wp-block-uagb-image--effect-static wp-block-uagb-image--align-left\"><figure class=\"wp-block-uagb-image__figure\"><img decoding=\"async\" srcset=\"https:\/\/www.rhimopower.com\/wp-content\/uploads\/2025\/04\/ups-solution-in-industry-manufacturing.jpg ,https:\/\/www.rhimopower.com\/wp-content\/uploads\/2025\/04\/ups-solution-in-industry-manufacturing.jpg 780w, https:\/\/www.rhimopower.com\/wp-content\/uploads\/2025\/04\/ups-solution-in-industry-manufacturing.jpg 360w\" sizes=\"auto, (max-width: 480px) 150px\" src=\"https:\/\/www.rhimopower.com\/wp-content\/uploads\/2025\/04\/ups-solution-in-industry-manufacturing.jpg\" alt=\"solu\u00e7\u00e3o UPS na ind\u00fastria de manufatura\" class=\"uag-image-1821\" width=\"564\" height=\"423\" title=\"ups-solution-na-ind\u00fastria-de-manufatura\" loading=\"lazy\" role=\"img\"\/><\/figure><\/div>\n\n\n\n<div class=\"wp-block-uagb-container uagb-block-f2c82e80\">\n<div class=\"wp-block-uagb-info-box uagb-block-5b46c49d uagb-infobox__content-wrap  uagb-infobox-icon-above-title uagb-infobox-image-valign-top\"><div class=\"uagb-ifb-content\"><div class=\"uagb-ifb-title-wrap\"><h3 class=\"uagb-ifb-title\">UPS de n\u00edvel industrial para opera\u00e7\u00f5es de f\u00e1brica<\/h3><\/div><p class=\"uagb-ifb-desc\">Os processos de fabrica\u00e7\u00e3o dependem de energia est\u00e1vel para manter a produtividade e evitar paradas dispendiosas de m\u00e1quinas. Nossas solu\u00e7\u00f5es UPS industriais robustas s\u00e3o projetadas para suportar ambientes adversos e fornecer energia de reserva para sistemas de automa\u00e7\u00e3o, transportadores e m\u00e1quinas CNC.<\/p><\/div><\/div>\n\n\n\n<div class=\"wp-block-uagb-container uag-hide-tab uag-hide-mob uagb-block-faf7292f\">\n<h4 class=\"wp-block-heading\"><strong>Recursos do caso de uso:<\/strong><\/h4>\n\n\n\n<ul class=\"wp-block-list mt-0\">\n<li>Designs \u00e0 prova de poeira e resistentes \u00e0 vibra\u00e7\u00e3o<\/li>\n\n\n\n<li>Op\u00e7\u00f5es de backup de longa dura\u00e7\u00e3o para linhas de produ\u00e7\u00e3o cr\u00edticas<\/li>\n\n\n\n<li>Integra\u00e7\u00e3o com redes de automa\u00e7\u00e3o industrial (PLC, SCADA)<\/li>\n<\/ul>\n<\/div>\n<\/div>\n<\/div><\/div>\n<\/div><\/div>\n\n\n\n<div class=\"wp-block-uagb-container uagb-block-9caa1a47 alignfull uagb-is-root-container\"><div class=\"uagb-container-inner-blocks-wrap\">\n<div class=\"wp-block-uagb-advanced-heading uagb-block-1ed0e64e\"><div class=\"uagb-heading-text\">Entre em contato conosco hoje<\/div><\/div>\n\n\n\n<div class=\"wp-block-uagb-advanced-heading uagb-block-3a57683f\"><h2 class=\"uagb-heading-text\">Potencialize seu neg\u00f3cio sem interrup\u00e7\u00f5es<\/h2><\/div>\n\n\n\n<div class=\"wp-block-uagb-buttons uagb-buttons__outer-wrap uagb-btn__default-btn uagb-btn-tablet__default-btn uagb-btn-mobile__default-btn uagb-block-9979be0d\"><div class=\"uagb-buttons__wrap uagb-buttons-layout-wrap\">\n<div class=\"wp-block-uagb-buttons-child uagb-buttons__outer-wrap uagb-block-84fd34e5 wp-block-button\"><div class=\"uagb-button__wrapper\"><a class=\"uagb-buttons-repeater wp-block-button__link\" aria-label=\"\" href=\"\/pt\/contact\/\" rel=\"follow noopener\" target=\"_self\" role=\"button\"><div class=\"uagb-button__link\">Contate-nos<\/div><\/a><\/div><\/div>\n<\/div><\/div>\n\n\n\n<div class=\"wp-block-uagb-advanced-heading uagb-block-838a0a13\"><div class=\"uagb-separator\"><\/div><p class=\"uagb-heading-text\">Proteja seus sistemas cr\u00edticos com solu\u00e7\u00f5es UPS confi\u00e1veis, escal\u00e1veis e inteligentes. Seja para administrar um data center, hospital, unidade de sa\u00fade, f\u00e1brica ou escrit\u00f3rio, nossos sistemas UPS s\u00e3o projetados para manter suas opera\u00e7\u00f5es funcionando 24 horas por dia, 7 dias por semana.<\/p><\/div>\n<\/div><\/div>","protected":false},"excerpt":{"rendered":"<p>Uninterruptible Power Supply Solutions for Critical Industries Protect your critical operations with our reliable UPS solutions. We provide custom uninterruptible [&hellip;]<\/p>\n","protected":false},"author":1,"featured_media":0,"parent":0,"menu_order":0,"comment_status":"closed","ping_status":"closed","template":"","meta":{"_acf_changed":false,"_uag_custom_page_level_css":"","site-sidebar-layout":"no-sidebar","site-content-layout":"plain-container","ast-site-content-layout":"full-width-container","site-content-style":"unboxed","site-sidebar-style":"unboxed","ast-global-header-display":"","ast-banner-title-visibility":"","ast-main-header-display":"","ast-hfb-above-header-display":"","ast-hfb-below-header-display":"","ast-hfb-mobile-header-display":"","site-post-title":"disabled","ast-breadcrumbs-content":"","ast-featured-img":"","footer-sml-layout":"","theme-transparent-header-meta":"","adv-header-id-meta":"","stick-header-meta":"","header-above-stick-meta":"","header-main-stick-meta":"","header-below-stick-meta":"","astra-migrate-meta-layouts":"set","ast-page-background-enabled":"default","ast-page-background-meta":{"desktop":{"background-color":"var(--ast-global-color-4)","background-image":"","background-repeat":"repeat","background-position":"center center","background-size":"auto","background-attachment":"scroll","background-type":"","background-media":"","overlay-type":"","overlay-color":"","overlay-opacity":"","overlay-gradient":""},"tablet":{"background-color":"","background-image":"","background-repeat":"repeat","background-position":"center center","background-size":"auto","background-attachment":"scroll","background-type":"","background-media":"","overlay-type":"","overlay-color":"","overlay-opacity":"","overlay-gradient":""},"mobile":{"background-color":"","background-image":"","background-repeat":"repeat","background-position":"center center","background-size":"auto","background-attachment":"scroll","background-type":"","background-media":"","overlay-type":"","overlay-color":"","overlay-opacity":"","overlay-gradient":""}},"ast-content-background-meta":{"desktop":{"background-color":"var(--ast-global-color-5)","background-image":"","background-repeat":"repeat","background-position":"center center","background-size":"auto","background-attachment":"scroll","background-type":"","background-media":"","overlay-type":"","overlay-color":"","overlay-opacity":"","overlay-gradient":""},"tablet":{"background-color":"var(--ast-global-color-5)","background-image":"","background-repeat":"repeat","background-position":"center center","background-size":"auto","background-attachment":"scroll","background-type":"","background-media":"","overlay-type":"","overlay-color":"","overlay-opacity":"","overlay-gradient":""},"mobile":{"background-color":"var(--ast-global-color-5)","background-image":"","background-repeat":"repeat","background-position":"center center","background-size":"auto","background-attachment":"scroll","background-type":"","background-media":"","overlay-type":"","overlay-color":"","overlay-opacity":"","overlay-gradient":""}},"footnotes":""},"class_list":["post-1402","page","type-page","status-publish","hentry"],"acf":[],"yoast_head":"<!-- This site is optimized with the Yoast SEO plugin v27.3 - https:\/\/yoast.com\/product\/yoast-seo-wordpress\/ -->\n<title>Uninterruptible power supply solutions | UPS for Data Centers, Healthcare &amp; Industry<\/title>\n<meta name=\"description\" content=\"Discover reliable uninterruptible power supply solutions for data centers, hospitals, and industrial facilities. Ensure continuous operation with scalable UPS backup systems.\" \/>\n<meta name=\"robots\" content=\"index, follow, max-snippet:-1, max-image-preview:large, max-video-preview:-1\" \/>\n<link rel=\"canonical\" href=\"https:\/\/www.rhimopower.com\/pt\/uninterruptible-power-supply-solutions\/\" \/>\n<meta property=\"og:locale\" content=\"pt_PT\" \/>\n<meta property=\"og:type\" content=\"article\" \/>\n<meta property=\"og:title\" content=\"Uninterruptible power supply solutions | UPS for Data Centers, Healthcare &amp; Industry\" \/>\n<meta property=\"og:description\" content=\"Discover reliable uninterruptible power supply solutions for data centers, hospitals, and industrial facilities. Ensure continuous operation with scalable UPS backup systems.\" \/>\n<meta property=\"og:url\" content=\"https:\/\/www.rhimopower.com\/pt\/uninterruptible-power-supply-solutions\/\" \/>\n<meta property=\"og:site_name\" content=\"RhimoPower\" \/>\n<meta property=\"article:modified_time\" content=\"2026-04-01T07:41:02+00:00\" \/>\n<meta property=\"og:image\" content=\"https:\/\/www.rhimopower.com\/wp-content\/uploads\/2025\/04\/ups-solutions-in-it-and-datacenter.jpg\" \/>\n<meta name=\"twitter:card\" content=\"summary_large_image\" \/>\n<meta name=\"twitter:label1\" content=\"Tempo estimado de leitura\" \/>\n\t<meta name=\"twitter:data1\" content=\"3 minutos\" \/>\n<script type=\"application\/ld+json\" class=\"yoast-schema-graph\">{\"@context\":\"https:\\\/\\\/schema.org\",\"@graph\":[{\"@type\":\"WebPage\",\"@id\":\"https:\\\/\\\/www.rhimopower.com\\\/uninterruptible-power-supply-solutions\\\/\",\"url\":\"https:\\\/\\\/www.rhimopower.com\\\/uninterruptible-power-supply-solutions\\\/\",\"name\":\"Uninterruptible power supply solutions | UPS for Data Centers, Healthcare & Industry\",\"isPartOf\":{\"@id\":\"https:\\\/\\\/www.rhimopower.com\\\/#website\"},\"primaryImageOfPage\":{\"@id\":\"https:\\\/\\\/www.rhimopower.com\\\/uninterruptible-power-supply-solutions\\\/#primaryimage\"},\"image\":{\"@id\":\"https:\\\/\\\/www.rhimopower.com\\\/uninterruptible-power-supply-solutions\\\/#primaryimage\"},\"thumbnailUrl\":\"https:\\\/\\\/www.rhimopower.com\\\/wp-content\\\/uploads\\\/2025\\\/04\\\/ups-solutions-in-it-and-datacenter.jpg\",\"datePublished\":\"2025-04-03T03:45:53+00:00\",\"dateModified\":\"2026-04-01T07:41:02+00:00\",\"description\":\"Discover reliable uninterruptible power supply solutions for data centers, hospitals, and industrial facilities. Ensure continuous operation with scalable UPS backup systems.\",\"breadcrumb\":{\"@id\":\"https:\\\/\\\/www.rhimopower.com\\\/uninterruptible-power-supply-solutions\\\/#breadcrumb\"},\"inLanguage\":\"pt-PT\",\"potentialAction\":[{\"@type\":\"ReadAction\",\"target\":[\"https:\\\/\\\/www.rhimopower.com\\\/uninterruptible-power-supply-solutions\\\/\"]}]},{\"@type\":\"ImageObject\",\"inLanguage\":\"pt-PT\",\"@id\":\"https:\\\/\\\/www.rhimopower.com\\\/uninterruptible-power-supply-solutions\\\/#primaryimage\",\"url\":\"https:\\\/\\\/www.rhimopower.com\\\/wp-content\\\/uploads\\\/2025\\\/04\\\/ups-solutions-in-it-and-datacenter.jpg\",\"contentUrl\":\"https:\\\/\\\/www.rhimopower.com\\\/wp-content\\\/uploads\\\/2025\\\/04\\\/ups-solutions-in-it-and-datacenter.jpg\"},{\"@type\":\"BreadcrumbList\",\"@id\":\"https:\\\/\\\/www.rhimopower.com\\\/uninterruptible-power-supply-solutions\\\/#breadcrumb\",\"itemListElement\":[{\"@type\":\"ListItem\",\"position\":1,\"name\":\"Home\",\"item\":\"https:\\\/\\\/www.rhimopower.com\\\/\"},{\"@type\":\"ListItem\",\"position\":2,\"name\":\"Uninterruptible power supply solutions\"}]},{\"@type\":\"WebSite\",\"@id\":\"https:\\\/\\\/www.rhimopower.com\\\/#website\",\"url\":\"https:\\\/\\\/www.rhimopower.com\\\/\",\"name\":\"RhimoPower\",\"description\":\"\",\"publisher\":{\"@id\":\"https:\\\/\\\/www.rhimopower.com\\\/#organization\"},\"potentialAction\":[{\"@type\":\"SearchAction\",\"target\":{\"@type\":\"EntryPoint\",\"urlTemplate\":\"https:\\\/\\\/www.rhimopower.com\\\/?s={search_term_string}\"},\"query-input\":{\"@type\":\"PropertyValueSpecification\",\"valueRequired\":true,\"valueName\":\"search_term_string\"}}],\"inLanguage\":\"pt-PT\"},{\"@type\":\"Organization\",\"@id\":\"https:\\\/\\\/www.rhimopower.com\\\/#organization\",\"name\":\"RhimoPower\",\"url\":\"https:\\\/\\\/www.rhimopower.com\\\/\",\"logo\":{\"@type\":\"ImageObject\",\"inLanguage\":\"pt-PT\",\"@id\":\"https:\\\/\\\/www.rhimopower.com\\\/#\\\/schema\\\/logo\\\/image\\\/\",\"url\":\"https:\\\/\\\/www.rhimopower.com\\\/wp-content\\\/uploads\\\/2025\\\/04\\\/cropped-rhimo-logo.png\",\"contentUrl\":\"https:\\\/\\\/www.rhimopower.com\\\/wp-content\\\/uploads\\\/2025\\\/04\\\/cropped-rhimo-logo.png\",\"width\":1998,\"height\":667,\"caption\":\"RhimoPower\"},\"image\":{\"@id\":\"https:\\\/\\\/www.rhimopower.com\\\/#\\\/schema\\\/logo\\\/image\\\/\"}}]}<\/script>\n<!-- \/ Yoast SEO plugin. -->","yoast_head_json":{"title":"Solu\u00e7\u00f5es de alimenta\u00e7\u00e3o ininterrupta (UPS) | UPS para Data Centers, Sa\u00fade e Ind\u00fastria","description":"Descubra solu\u00e7\u00f5es confi\u00e1veis de alimenta\u00e7\u00e3o ininterrupta (UPS) para data centers, hospitais e instala\u00e7\u00f5es industriais. Garanta a opera\u00e7\u00e3o cont\u00ednua com sistemas de backup UPS escal\u00e1veis.","robots":{"index":"index","follow":"follow","max-snippet":"max-snippet:-1","max-image-preview":"max-image-preview:large","max-video-preview":"max-video-preview:-1"},"canonical":"https:\/\/www.rhimopower.com\/pt\/uninterruptible-power-supply-solutions\/","og_locale":"pt_PT","og_type":"article","og_title":"Uninterruptible power supply solutions | UPS for Data Centers, Healthcare & Industry","og_description":"Discover reliable uninterruptible power supply solutions for data centers, hospitals, and industrial facilities. Ensure continuous operation with scalable UPS backup systems.","og_url":"https:\/\/www.rhimopower.com\/pt\/uninterruptible-power-supply-solutions\/","og_site_name":"RhimoPower","article_modified_time":"2026-04-01T07:41:02+00:00","og_image":[{"url":"https:\/\/www.rhimopower.com\/wp-content\/uploads\/2025\/04\/ups-solutions-in-it-and-datacenter.jpg","type":"","width":"","height":""}],"twitter_card":"summary_large_image","twitter_misc":{"Tempo estimado de leitura":"3 minutos"},"schema":{"@context":"https:\/\/schema.org","@graph":[{"@type":"WebPage","@id":"https:\/\/www.rhimopower.com\/uninterruptible-power-supply-solutions\/","url":"https:\/\/www.rhimopower.com\/uninterruptible-power-supply-solutions\/","name":"Solu\u00e7\u00f5es de alimenta\u00e7\u00e3o ininterrupta (UPS) | UPS para Data Centers, Sa\u00fade e Ind\u00fastria","isPartOf":{"@id":"https:\/\/www.rhimopower.com\/#website"},"primaryImageOfPage":{"@id":"https:\/\/www.rhimopower.com\/uninterruptible-power-supply-solutions\/#primaryimage"},"image":{"@id":"https:\/\/www.rhimopower.com\/uninterruptible-power-supply-solutions\/#primaryimage"},"thumbnailUrl":"https:\/\/www.rhimopower.com\/wp-content\/uploads\/2025\/04\/ups-solutions-in-it-and-datacenter.jpg","datePublished":"2025-04-03T03:45:53+00:00","dateModified":"2026-04-01T07:41:02+00:00","description":"Descubra solu\u00e7\u00f5es confi\u00e1veis de alimenta\u00e7\u00e3o ininterrupta (UPS) para data centers, hospitais e instala\u00e7\u00f5es industriais. Garanta a opera\u00e7\u00e3o cont\u00ednua com sistemas de backup UPS escal\u00e1veis.","breadcrumb":{"@id":"https:\/\/www.rhimopower.com\/uninterruptible-power-supply-solutions\/#breadcrumb"},"inLanguage":"pt-PT","potentialAction":[{"@type":"ReadAction","target":["https:\/\/www.rhimopower.com\/uninterruptible-power-supply-solutions\/"]}]},{"@type":"ImageObject","inLanguage":"pt-PT","@id":"https:\/\/www.rhimopower.com\/uninterruptible-power-supply-solutions\/#primaryimage","url":"https:\/\/www.rhimopower.com\/wp-content\/uploads\/2025\/04\/ups-solutions-in-it-and-datacenter.jpg","contentUrl":"https:\/\/www.rhimopower.com\/wp-content\/uploads\/2025\/04\/ups-solutions-in-it-and-datacenter.jpg"},{"@type":"BreadcrumbList","@id":"https:\/\/www.rhimopower.com\/uninterruptible-power-supply-solutions\/#breadcrumb","itemListElement":[{"@type":"ListItem","position":1,"name":"Home","item":"https:\/\/www.rhimopower.com\/"},{"@type":"ListItem","position":2,"name":"Uninterruptible power supply solutions"}]},{"@type":"WebSite","@id":"https:\/\/www.rhimopower.com\/#website","url":"https:\/\/www.rhimopower.com\/","name":"RhimoPower","description":"","publisher":{"@id":"https:\/\/www.rhimopower.com\/#organization"},"potentialAction":[{"@type":"SearchAction","target":{"@type":"EntryPoint","urlTemplate":"https:\/\/www.rhimopower.com\/?s={search_term_string}"},"query-input":{"@type":"PropertyValueSpecification","valueRequired":true,"valueName":"search_term_string"}}],"inLanguage":"pt-PT"},{"@type":"Organization","@id":"https:\/\/www.rhimopower.com\/#organization","name":"RhimoPower","url":"https:\/\/www.rhimopower.com\/","logo":{"@type":"ImageObject","inLanguage":"pt-PT","@id":"https:\/\/www.rhimopower.com\/#\/schema\/logo\/image\/","url":"https:\/\/www.rhimopower.com\/wp-content\/uploads\/2025\/04\/cropped-rhimo-logo.png","contentUrl":"https:\/\/www.rhimopower.com\/wp-content\/uploads\/2025\/04\/cropped-rhimo-logo.png","width":1998,"height":667,"caption":"RhimoPower"},"image":{"@id":"https:\/\/www.rhimopower.com\/#\/schema\/logo\/image\/"}}]}},"uagb_featured_image_src":{"full":false,"thumbnail":false,"medium":false,"medium_large":false,"large":false,"1536x1536":false,"2048x2048":false,"trp-custom-language-flag":false,"woocommerce_thumbnail":false,"woocommerce_single":false,"woocommerce_gallery_thumbnail":false},"uagb_author_info":{"display_name":"Rebecca Lee","author_link":"https:\/\/www.rhimopower.com\/pt\/author\/rebecca-lee\/"},"uagb_comment_info":0,"uagb_excerpt":"Uninterruptible Power Supply Solutions for Critical Industries Protect your critical operations with our reliable UPS solutions. We provide custom uninterruptible [&hellip;]","_links":{"self":[{"href":"https:\/\/www.rhimopower.com\/pt\/wp-json\/wp\/v2\/pages\/1402","targetHints":{"allow":["GET"]}}],"collection":[{"href":"https:\/\/www.rhimopower.com\/pt\/wp-json\/wp\/v2\/pages"}],"about":[{"href":"https:\/\/www.rhimopower.com\/pt\/wp-json\/wp\/v2\/types\/page"}],"author":[{"embeddable":true,"href":"https:\/\/www.rhimopower.com\/pt\/wp-json\/wp\/v2\/users\/1"}],"replies":[{"embeddable":true,"href":"https:\/\/www.rhimopower.com\/pt\/wp-json\/wp\/v2\/comments?post=1402"}],"version-history":[{"count":26,"href":"https:\/\/www.rhimopower.com\/pt\/wp-json\/wp\/v2\/pages\/1402\/revisions"}],"predecessor-version":[{"id":3353,"href":"https:\/\/www.rhimopower.com\/pt\/wp-json\/wp\/v2\/pages\/1402\/revisions\/3353"}],"wp:attachment":[{"href":"https:\/\/www.rhimopower.com\/pt\/wp-json\/wp\/v2\/media?parent=1402"}],"curies":[{"name":"wp","href":"https:\/\/api.w.org\/{rel}","templated":true}]}}