{"id":2337,"date":"2025-08-07T01:48:38","date_gmt":"2025-08-07T01:48:38","guid":{"rendered":"https:\/\/www.rhimopower.com\/?post_type=product&#038;p=2337"},"modified":"2025-08-08T03:44:07","modified_gmt":"2025-08-08T03:44:07","slug":"off-grid-battery-bank-51v-230ah-12kwh","status":"publish","type":"product","link":"https:\/\/www.rhimopower.com\/pt\/produto\/off-grid-battery-bank-51v-230ah-12kwh\/","title":{"rendered":"Banco de baterias off-grid 51,2 V 230 Ah 11,7 kWh"},"content":{"rendered":"<p><img loading=\"lazy\" decoding=\"async\" class=\"alignnone size-full wp-image-2331\" src=\"https:\/\/www.rhimopower.com\/wp-content\/uploads\/2025\/08\/off-grid-batteries-for-solar-51v-300ah-15kwh-detail.jpg\" alt=\"banco de baterias off-grid com bateria lifepo4\" width=\"800\" height=\"800\" srcset=\"https:\/\/www.rhimopower.com\/wp-content\/uploads\/2025\/08\/off-grid-batteries-for-solar-51v-300ah-15kwh-detail.jpg 800w, https:\/\/www.rhimopower.com\/wp-content\/uploads\/2025\/08\/off-grid-batteries-for-solar-51v-300ah-15kwh-detail-300x300.jpg 300w, https:\/\/www.rhimopower.com\/wp-content\/uploads\/2025\/08\/off-grid-batteries-for-solar-51v-300ah-15kwh-detail-150x150.jpg 150w, https:\/\/www.rhimopower.com\/wp-content\/uploads\/2025\/08\/off-grid-batteries-for-solar-51v-300ah-15kwh-detail-768x768.jpg 768w, https:\/\/www.rhimopower.com\/wp-content\/uploads\/2025\/08\/off-grid-batteries-for-solar-51v-300ah-15kwh-detail-600x600.jpg 600w, https:\/\/www.rhimopower.com\/wp-content\/uploads\/2025\/08\/off-grid-batteries-for-solar-51v-300ah-15kwh-detail-100x100.jpg 100w\" sizes=\"auto, (max-width: 800px) 100vw, 800px\" \/><\/p>\n<p>Este banco de baterias off-grid \u00e9 ideal para resid\u00eancias, cabines, trailers, sistemas de backup, sistemas solares e locais remotos, oferecendo desempenho consistente e recursos de ciclo profundo. Com um Sistema de Gerenciamento de Bateria (BMS) integrado, ele oferece prote\u00e7\u00e3o contra sobrecarga, descarga excessiva, sobrecorrente e temperaturas extremas.<\/p>\n<p>Pudermos <strong>personalizar o banco de baterias do painel solar<\/strong> com o logotipo da sua empresa na tela sens\u00edvel ao toque para ajudar a construir sua marca.<\/p>\n<p><img loading=\"lazy\" decoding=\"async\" class=\"alignnone size-full wp-image-2332\" src=\"https:\/\/www.rhimopower.com\/wp-content\/uploads\/2025\/08\/solar-panel-battery-bank-oem-odm.jpg\" alt=\"banco de baterias de painel solar OEM ODM\" width=\"800\" height=\"800\" srcset=\"https:\/\/www.rhimopower.com\/wp-content\/uploads\/2025\/08\/solar-panel-battery-bank-oem-odm.jpg 800w, https:\/\/www.rhimopower.com\/wp-content\/uploads\/2025\/08\/solar-panel-battery-bank-oem-odm-300x300.jpg 300w, https:\/\/www.rhimopower.com\/wp-content\/uploads\/2025\/08\/solar-panel-battery-bank-oem-odm-150x150.jpg 150w, https:\/\/www.rhimopower.com\/wp-content\/uploads\/2025\/08\/solar-panel-battery-bank-oem-odm-768x768.jpg 768w, https:\/\/www.rhimopower.com\/wp-content\/uploads\/2025\/08\/solar-panel-battery-bank-oem-odm-600x600.jpg 600w, https:\/\/www.rhimopower.com\/wp-content\/uploads\/2025\/08\/solar-panel-battery-bank-oem-odm-100x100.jpg 100w\" sizes=\"auto, (max-width: 800px) 100vw, 800px\" \/><\/p>\n<p>&nbsp;<\/p>\n<p><img loading=\"lazy\" decoding=\"async\" class=\"alignnone size-full wp-image-2333\" src=\"https:\/\/www.rhimopower.com\/wp-content\/uploads\/2025\/08\/solar-storage-battery-in-warehouse.jpg\" alt=\"Bateria de armazenamento solar em armaz\u00e9m\" width=\"1000\" height=\"1000\" srcset=\"https:\/\/www.rhimopower.com\/wp-content\/uploads\/2025\/08\/solar-storage-battery-in-warehouse.jpg 1000w, https:\/\/www.rhimopower.com\/wp-content\/uploads\/2025\/08\/solar-storage-battery-in-warehouse-300x300.jpg 300w, https:\/\/www.rhimopower.com\/wp-content\/uploads\/2025\/08\/solar-storage-battery-in-warehouse-150x150.jpg 150w, https:\/\/www.rhimopower.com\/wp-content\/uploads\/2025\/08\/solar-storage-battery-in-warehouse-768x768.jpg 768w, https:\/\/www.rhimopower.com\/wp-content\/uploads\/2025\/08\/solar-storage-battery-in-warehouse-600x600.jpg 600w, https:\/\/www.rhimopower.com\/wp-content\/uploads\/2025\/08\/solar-storage-battery-in-warehouse-100x100.jpg 100w\" sizes=\"auto, (max-width: 1000px) 100vw, 1000px\" \/><\/p>\n<p>&nbsp;<\/p>","protected":false},"excerpt":{"rendered":"<p>Fortale\u00e7a seu estilo de vida off-grid com este avan\u00e7ado Banco de Baterias Off-Grid, bateria de l\u00edtio de 51,2 V e 230 Ah, que fornece 11,7 kWh de armazenamento confi\u00e1vel de energia para sistemas solares e renov\u00e1veis. Projetado com qu\u00edmica avan\u00e7ada de LiFePO\u2084 (Fosfato de Ferro e L\u00edtio) usando <strong>c\u00e9lula grau A<\/strong>, garante longa vida \u00fatil, seguran\u00e7a superior e alta efici\u00eancia. O banco de baterias off-grid foi projetado para fornecer armazenamento de energia consistente e de alta capacidade em locais remotos ou instala\u00e7\u00f5es solares independentes. Projetado para confiabilidade e efici\u00eancia, este banco de baterias suporta sistemas de energia renov\u00e1vel, garantindo fornecimento ininterrupto de energia para resid\u00eancias, chal\u00e9s, trailers, telecomunica\u00e7\u00f5es ou \u00e1reas agr\u00edcolas.<\/p>\n<p><strong>Principais caracter\u00edsticas:<\/strong><\/p>\n<p><strong>Tens\u00e3o<\/strong>: 51,2 V (nominal)<\/p>\n<p><strong>Capacidade<\/strong>: 230 Ah<\/p>\n<p><strong>Energia Total<\/strong>: 11,7 kWh<\/p>\n<p><strong>Tipo de Bateria<\/strong>: LiFePO\u2084 (Fosfato de Ferro e L\u00edtio), <strong>C\u00e9lula de grau A<\/strong><\/p>\n<p><strong>Ciclo de vida<\/strong>: : 8000+ ciclos @ 80% DOD<\/p>\n<p><strong>BMS integrado para prote\u00e7\u00e3o inteligente<\/strong><\/p>\n<p><strong>Compat\u00edvel com inversores de 48 V e controladores de carga solar<\/strong><\/p>\n<p><strong>Op\u00e7\u00f5es de montagem em rack ou parede dispon\u00edveis<\/strong><\/p>\n<p>Atualize seu sistema off-grid com uma solu\u00e7\u00e3o de energia segura, dur\u00e1vel e eficiente, feita para durar<\/p>","protected":false},"featured_media":2342,"template":"","meta":{"_acf_changed":false,"_uag_custom_page_level_css":"","site-sidebar-layout":"default","site-content-layout":"","ast-site-content-layout":"default","site-content-style":"default","site-sidebar-style":"default","ast-global-header-display":"","ast-banner-title-visibility":"","ast-main-header-display":"","ast-hfb-above-header-display":"","ast-hfb-below-header-display":"","ast-hfb-mobile-header-display":"","site-post-title":"","ast-breadcrumbs-content":"","ast-featured-img":"","footer-sml-layout":"","theme-transparent-header-meta":"default","adv-header-id-meta":"","stick-header-meta":"","header-above-stick-meta":"","header-main-stick-meta":"","header-below-stick-meta":"","astra-migrate-meta-layouts":"set","ast-page-background-enabled":"default","ast-page-background-meta":{"desktop":{"background-color":"var(--ast-global-color-4)","background-image":"","background-repeat":"repeat","background-position":"center center","background-size":"auto","background-attachment":"scroll","background-type":"","background-media":"","overlay-type":"","overlay-color":"","overlay-opacity":"","overlay-gradient":""},"tablet":{"background-color":"","background-image":"","background-repeat":"repeat","background-position":"center center","background-size":"auto","background-attachment":"scroll","background-type":"","background-media":"","overlay-type":"","overlay-color":"","overlay-opacity":"","overlay-gradient":""},"mobile":{"background-color":"","background-image":"","background-repeat":"repeat","background-position":"center center","background-size":"auto","background-attachment":"scroll","background-type":"","background-media":"","overlay-type":"","overlay-color":"","overlay-opacity":"","overlay-gradient":""}},"ast-content-background-meta":{"desktop":{"background-color":"var(--ast-global-color-5)","background-image":"","background-repeat":"repeat","background-position":"center center","background-size":"auto","background-attachment":"scroll","background-type":"","background-media":"","overlay-type":"","overlay-color":"","overlay-opacity":"","overlay-gradient":""},"tablet":{"background-color":"var(--ast-global-color-5)","background-image":"","background-repeat":"repeat","background-position":"center center","background-size":"auto","background-attachment":"scroll","background-type":"","background-media":"","overlay-type":"","overlay-color":"","overlay-opacity":"","overlay-gradient":""},"mobile":{"background-color":"var(--ast-global-color-5)","background-image":"","background-repeat":"repeat","background-position":"center center","background-size":"auto","background-attachment":"scroll","background-type":"","background-media":"","overlay-type":"","overlay-color":"","overlay-opacity":"","overlay-gradient":""}}},"product_brand":[],"product_cat":[37],"product_tag":[],"class_list":{"0":"post-2337","1":"product","2":"type-product","3":"status-publish","4":"has-post-thumbnail","6":"product_cat-off-grid-battery-bank","7":"desktop-align-left","8":"tablet-align-left","9":"mobile-align-left","11":"first","12":"instock","13":"shipping-taxable","14":"product-type-simple"},"acf":{"product_specifications":""},"yoast_head":"<!-- This site is optimized with the Yoast SEO plugin v27.3 - https:\/\/yoast.com\/product\/yoast-seo-wordpress\/ -->\n<title>Off grid battery bank 51.2V 230ah 11.7kwh - RhimoPower<\/title>\n<meta name=\"description\" content=\"Buy high-quality off-grid battery banks in bulk for commercial, industrial, or solar projects. Reliable, scalable, and ready for global B2B distribution.\" \/>\n<meta name=\"robots\" content=\"index, follow, max-snippet:-1, max-image-preview:large, max-video-preview:-1\" \/>\n<link rel=\"canonical\" href=\"https:\/\/www.rhimopower.com\/pt\/produto\/off-grid-battery-bank-51v-230ah-12kwh\/\" \/>\n<meta property=\"og:locale\" content=\"pt_PT\" \/>\n<meta property=\"og:type\" content=\"article\" \/>\n<meta property=\"og:title\" content=\"Off grid battery bank 51.2V 230ah 11.7kwh - RhimoPower\" \/>\n<meta property=\"og:description\" content=\"Buy high-quality off-grid battery banks in bulk for commercial, industrial, or solar projects. Reliable, scalable, and ready for global B2B distribution.\" \/>\n<meta property=\"og:url\" content=\"https:\/\/www.rhimopower.com\/pt\/produto\/off-grid-battery-bank-51v-230ah-12kwh\/\" \/>\n<meta property=\"og:site_name\" content=\"RhimoPower\" \/>\n<meta property=\"article:modified_time\" content=\"2025-08-08T03:44:07+00:00\" \/>\n<meta property=\"og:image\" content=\"https:\/\/www.rhimopower.com\/wp-content\/uploads\/2025\/08\/off-grid-battery-bank-51v-230ah-12kwh-1.jpg\" \/>\n\t<meta property=\"og:image:width\" content=\"1200\" \/>\n\t<meta property=\"og:image:height\" content=\"1200\" \/>\n\t<meta property=\"og:image:type\" content=\"image\/jpeg\" \/>\n<meta name=\"twitter:card\" content=\"summary_large_image\" \/>\n<meta name=\"twitter:label1\" content=\"Tempo estimado de leitura\" \/>\n\t<meta name=\"twitter:data1\" content=\"2 minutos\" \/>\n<script type=\"application\/ld+json\" class=\"yoast-schema-graph\">{\"@context\":\"https:\\\/\\\/schema.org\",\"@graph\":[{\"@type\":\"WebPage\",\"@id\":\"https:\\\/\\\/www.rhimopower.com\\\/product\\\/off-grid-battery-bank-51v-230ah-12kwh\\\/\",\"url\":\"https:\\\/\\\/www.rhimopower.com\\\/product\\\/off-grid-battery-bank-51v-230ah-12kwh\\\/\",\"name\":\"Off grid battery bank 51.2V 230ah 11.7kwh - RhimoPower\",\"isPartOf\":{\"@id\":\"https:\\\/\\\/www.rhimopower.com\\\/#website\"},\"primaryImageOfPage\":{\"@id\":\"https:\\\/\\\/www.rhimopower.com\\\/product\\\/off-grid-battery-bank-51v-230ah-12kwh\\\/#primaryimage\"},\"image\":{\"@id\":\"https:\\\/\\\/www.rhimopower.com\\\/product\\\/off-grid-battery-bank-51v-230ah-12kwh\\\/#primaryimage\"},\"thumbnailUrl\":\"https:\\\/\\\/www.rhimopower.com\\\/wp-content\\\/uploads\\\/2025\\\/08\\\/off-grid-battery-bank-51v-230ah-12kwh-1.jpg\",\"datePublished\":\"2025-08-07T01:48:38+00:00\",\"dateModified\":\"2025-08-08T03:44:07+00:00\",\"description\":\"Buy high-quality off-grid battery banks in bulk for commercial, industrial, or solar projects. Reliable, scalable, and ready for global B2B distribution.\",\"breadcrumb\":{\"@id\":\"https:\\\/\\\/www.rhimopower.com\\\/product\\\/off-grid-battery-bank-51v-230ah-12kwh\\\/#breadcrumb\"},\"inLanguage\":\"pt-PT\",\"potentialAction\":[{\"@type\":\"ReadAction\",\"target\":[\"https:\\\/\\\/www.rhimopower.com\\\/product\\\/off-grid-battery-bank-51v-230ah-12kwh\\\/\"]}]},{\"@type\":\"ImageObject\",\"inLanguage\":\"pt-PT\",\"@id\":\"https:\\\/\\\/www.rhimopower.com\\\/product\\\/off-grid-battery-bank-51v-230ah-12kwh\\\/#primaryimage\",\"url\":\"https:\\\/\\\/www.rhimopower.com\\\/wp-content\\\/uploads\\\/2025\\\/08\\\/off-grid-battery-bank-51v-230ah-12kwh-1.jpg\",\"contentUrl\":\"https:\\\/\\\/www.rhimopower.com\\\/wp-content\\\/uploads\\\/2025\\\/08\\\/off-grid-battery-bank-51v-230ah-12kwh-1.jpg\",\"width\":1200,\"height\":1200,\"caption\":\"Off grid battery bank 51.2V 230ah 11.7kwh\"},{\"@type\":\"BreadcrumbList\",\"@id\":\"https:\\\/\\\/www.rhimopower.com\\\/product\\\/off-grid-battery-bank-51v-230ah-12kwh\\\/#breadcrumb\",\"itemListElement\":[{\"@type\":\"ListItem\",\"position\":1,\"name\":\"Home\",\"item\":\"https:\\\/\\\/www.rhimopower.com\\\/\"},{\"@type\":\"ListItem\",\"position\":2,\"name\":\"Products\",\"item\":\"https:\\\/\\\/www.rhimopower.com\\\/products\\\/\"},{\"@type\":\"ListItem\",\"position\":3,\"name\":\"Off grid battery bank 51.2V 230ah 11.7kwh\"}]},{\"@type\":\"WebSite\",\"@id\":\"https:\\\/\\\/www.rhimopower.com\\\/#website\",\"url\":\"https:\\\/\\\/www.rhimopower.com\\\/\",\"name\":\"RhimoPower\",\"description\":\"\",\"publisher\":{\"@id\":\"https:\\\/\\\/www.rhimopower.com\\\/#organization\"},\"potentialAction\":[{\"@type\":\"SearchAction\",\"target\":{\"@type\":\"EntryPoint\",\"urlTemplate\":\"https:\\\/\\\/www.rhimopower.com\\\/?s={search_term_string}\"},\"query-input\":{\"@type\":\"PropertyValueSpecification\",\"valueRequired\":true,\"valueName\":\"search_term_string\"}}],\"inLanguage\":\"pt-PT\"},{\"@type\":\"Organization\",\"@id\":\"https:\\\/\\\/www.rhimopower.com\\\/#organization\",\"name\":\"RhimoPower\",\"url\":\"https:\\\/\\\/www.rhimopower.com\\\/\",\"logo\":{\"@type\":\"ImageObject\",\"inLanguage\":\"pt-PT\",\"@id\":\"https:\\\/\\\/www.rhimopower.com\\\/#\\\/schema\\\/logo\\\/image\\\/\",\"url\":\"https:\\\/\\\/www.rhimopower.com\\\/wp-content\\\/uploads\\\/2025\\\/04\\\/cropped-rhimo-logo.png\",\"contentUrl\":\"https:\\\/\\\/www.rhimopower.com\\\/wp-content\\\/uploads\\\/2025\\\/04\\\/cropped-rhimo-logo.png\",\"width\":1998,\"height\":667,\"caption\":\"RhimoPower\"},\"image\":{\"@id\":\"https:\\\/\\\/www.rhimopower.com\\\/#\\\/schema\\\/logo\\\/image\\\/\"}}]}<\/script>\n<!-- \/ Yoast SEO plugin. -->","yoast_head_json":{"title":"Banco de baterias off-grid 51,2 V 230 Ah 11,7 kWh - RhimoPower","description":"Compre bancos de baterias off-grid de alta qualidade a granel para projetos comerciais, industriais ou solares. Confi\u00e1veis, escal\u00e1veis e prontos para distribui\u00e7\u00e3o B2B global.","robots":{"index":"index","follow":"follow","max-snippet":"max-snippet:-1","max-image-preview":"max-image-preview:large","max-video-preview":"max-video-preview:-1"},"canonical":"https:\/\/www.rhimopower.com\/pt\/produto\/off-grid-battery-bank-51v-230ah-12kwh\/","og_locale":"pt_PT","og_type":"article","og_title":"Off grid battery bank 51.2V 230ah 11.7kwh - RhimoPower","og_description":"Buy high-quality off-grid battery banks in bulk for commercial, industrial, or solar projects. Reliable, scalable, and ready for global B2B distribution.","og_url":"https:\/\/www.rhimopower.com\/pt\/produto\/off-grid-battery-bank-51v-230ah-12kwh\/","og_site_name":"RhimoPower","article_modified_time":"2025-08-08T03:44:07+00:00","og_image":[{"width":1200,"height":1200,"url":"https:\/\/www.rhimopower.com\/wp-content\/uploads\/2025\/08\/off-grid-battery-bank-51v-230ah-12kwh-1.jpg","type":"image\/jpeg"}],"twitter_card":"summary_large_image","twitter_misc":{"Tempo estimado de leitura":"2 minutos"},"schema":{"@context":"https:\/\/schema.org","@graph":[{"@type":"WebPage","@id":"https:\/\/www.rhimopower.com\/product\/off-grid-battery-bank-51v-230ah-12kwh\/","url":"https:\/\/www.rhimopower.com\/product\/off-grid-battery-bank-51v-230ah-12kwh\/","name":"Banco de baterias off-grid 51,2 V 230 Ah 11,7 kWh - RhimoPower","isPartOf":{"@id":"https:\/\/www.rhimopower.com\/#website"},"primaryImageOfPage":{"@id":"https:\/\/www.rhimopower.com\/product\/off-grid-battery-bank-51v-230ah-12kwh\/#primaryimage"},"image":{"@id":"https:\/\/www.rhimopower.com\/product\/off-grid-battery-bank-51v-230ah-12kwh\/#primaryimage"},"thumbnailUrl":"https:\/\/www.rhimopower.com\/wp-content\/uploads\/2025\/08\/off-grid-battery-bank-51v-230ah-12kwh-1.jpg","datePublished":"2025-08-07T01:48:38+00:00","dateModified":"2025-08-08T03:44:07+00:00","description":"Compre bancos de baterias off-grid de alta qualidade a granel para projetos comerciais, industriais ou solares. Confi\u00e1veis, escal\u00e1veis e prontos para distribui\u00e7\u00e3o B2B global.","breadcrumb":{"@id":"https:\/\/www.rhimopower.com\/product\/off-grid-battery-bank-51v-230ah-12kwh\/#breadcrumb"},"inLanguage":"pt-PT","potentialAction":[{"@type":"ReadAction","target":["https:\/\/www.rhimopower.com\/product\/off-grid-battery-bank-51v-230ah-12kwh\/"]}]},{"@type":"ImageObject","inLanguage":"pt-PT","@id":"https:\/\/www.rhimopower.com\/product\/off-grid-battery-bank-51v-230ah-12kwh\/#primaryimage","url":"https:\/\/www.rhimopower.com\/wp-content\/uploads\/2025\/08\/off-grid-battery-bank-51v-230ah-12kwh-1.jpg","contentUrl":"https:\/\/www.rhimopower.com\/wp-content\/uploads\/2025\/08\/off-grid-battery-bank-51v-230ah-12kwh-1.jpg","width":1200,"height":1200,"caption":"Off grid battery bank 51.2V 230ah 11.7kwh"},{"@type":"BreadcrumbList","@id":"https:\/\/www.rhimopower.com\/product\/off-grid-battery-bank-51v-230ah-12kwh\/#breadcrumb","itemListElement":[{"@type":"ListItem","position":1,"name":"Home","item":"https:\/\/www.rhimopower.com\/"},{"@type":"ListItem","position":2,"name":"Products","item":"https:\/\/www.rhimopower.com\/products\/"},{"@type":"ListItem","position":3,"name":"Off grid battery bank 51.2V 230ah 11.7kwh"}]},{"@type":"WebSite","@id":"https:\/\/www.rhimopower.com\/#website","url":"https:\/\/www.rhimopower.com\/","name":"RhimoPower","description":"","publisher":{"@id":"https:\/\/www.rhimopower.com\/#organization"},"potentialAction":[{"@type":"SearchAction","target":{"@type":"EntryPoint","urlTemplate":"https:\/\/www.rhimopower.com\/?s={search_term_string}"},"query-input":{"@type":"PropertyValueSpecification","valueRequired":true,"valueName":"search_term_string"}}],"inLanguage":"pt-PT"},{"@type":"Organization","@id":"https:\/\/www.rhimopower.com\/#organization","name":"RhimoPower","url":"https:\/\/www.rhimopower.com\/","logo":{"@type":"ImageObject","inLanguage":"pt-PT","@id":"https:\/\/www.rhimopower.com\/#\/schema\/logo\/image\/","url":"https:\/\/www.rhimopower.com\/wp-content\/uploads\/2025\/04\/cropped-rhimo-logo.png","contentUrl":"https:\/\/www.rhimopower.com\/wp-content\/uploads\/2025\/04\/cropped-rhimo-logo.png","width":1998,"height":667,"caption":"RhimoPower"},"image":{"@id":"https:\/\/www.rhimopower.com\/#\/schema\/logo\/image\/"}}]}},"uagb_featured_image_src":{"full":["https:\/\/www.rhimopower.com\/wp-content\/uploads\/2025\/08\/off-grid-battery-bank-51v-230ah-12kwh-1.jpg",1200,1200,false],"thumbnail":["https:\/\/www.rhimopower.com\/wp-content\/uploads\/2025\/08\/off-grid-battery-bank-51v-230ah-12kwh-1-150x150.jpg",150,150,true],"medium":["https:\/\/www.rhimopower.com\/wp-content\/uploads\/2025\/08\/off-grid-battery-bank-51v-230ah-12kwh-1-300x300.jpg",300,300,true],"medium_large":["https:\/\/www.rhimopower.com\/wp-content\/uploads\/2025\/08\/off-grid-battery-bank-51v-230ah-12kwh-1-768x768.jpg",768,768,true],"large":["https:\/\/www.rhimopower.com\/wp-content\/uploads\/2025\/08\/off-grid-battery-bank-51v-230ah-12kwh-1-1024x1024.jpg",1024,1024,true],"1536x1536":["https:\/\/www.rhimopower.com\/wp-content\/uploads\/2025\/08\/off-grid-battery-bank-51v-230ah-12kwh-1.jpg",1200,1200,false],"2048x2048":["https:\/\/www.rhimopower.com\/wp-content\/uploads\/2025\/08\/off-grid-battery-bank-51v-230ah-12kwh-1.jpg",1200,1200,false],"trp-custom-language-flag":["https:\/\/www.rhimopower.com\/wp-content\/uploads\/2025\/08\/off-grid-battery-bank-51v-230ah-12kwh-1.jpg",12,12,false],"woocommerce_thumbnail":["https:\/\/www.rhimopower.com\/wp-content\/uploads\/2025\/08\/off-grid-battery-bank-51v-230ah-12kwh-1-300x300.jpg",300,300,true],"woocommerce_single":["https:\/\/www.rhimopower.com\/wp-content\/uploads\/2025\/08\/off-grid-battery-bank-51v-230ah-12kwh-1-600x600.jpg",600,600,true],"woocommerce_gallery_thumbnail":["https:\/\/www.rhimopower.com\/wp-content\/uploads\/2025\/08\/off-grid-battery-bank-51v-230ah-12kwh-1-100x100.jpg",100,100,true]},"uagb_author_info":{"display_name":"Rebecca Lee","author_link":"https:\/\/www.rhimopower.com\/pt\/author\/"},"uagb_comment_info":0,"uagb_excerpt":"Power your off-grid lifestyle with this advanced Off-Grid Battery Bank, 51.2V 230Ah lithium battery, delivering 11.7kWh of reliable energy storage for solar and renewable systems. Designed with advanced LiFePO\u2084 (Lithium Iron Phosphate) chemistry using grade A cell, it ensures long cycle life, superior safety, and high efficiency. The Off grid battery bank is designed to&hellip;","_links":{"self":[{"href":"https:\/\/www.rhimopower.com\/pt\/wp-json\/wp\/v2\/product\/2337","targetHints":{"allow":["GET"]}}],"collection":[{"href":"https:\/\/www.rhimopower.com\/pt\/wp-json\/wp\/v2\/product"}],"about":[{"href":"https:\/\/www.rhimopower.com\/pt\/wp-json\/wp\/v2\/types\/product"}],"wp:featuredmedia":[{"embeddable":true,"href":"https:\/\/www.rhimopower.com\/pt\/wp-json\/wp\/v2\/media\/2342"}],"wp:attachment":[{"href":"https:\/\/www.rhimopower.com\/pt\/wp-json\/wp\/v2\/media?parent=2337"}],"wp:term":[{"taxonomy":"product_brand","embeddable":true,"href":"https:\/\/www.rhimopower.com\/pt\/wp-json\/wp\/v2\/product_brand?post=2337"},{"taxonomy":"product_cat","embeddable":true,"href":"https:\/\/www.rhimopower.com\/pt\/wp-json\/wp\/v2\/product_cat?post=2337"},{"taxonomy":"product_tag","embeddable":true,"href":"https:\/\/www.rhimopower.com\/pt\/wp-json\/wp\/v2\/product_tag?post=2337"}],"curies":[{"name":"wp","href":"https:\/\/api.w.org\/{rel}","templated":true}]}}