{"id":2387,"date":"2025-08-15T06:45:22","date_gmt":"2025-08-15T06:45:22","guid":{"rendered":"https:\/\/www.rhimopower.com\/?post_type=product&#038;p=2387"},"modified":"2025-08-15T06:47:02","modified_gmt":"2025-08-15T06:47:02","slug":"high-voltage-lithium-battery-pack-400v-industrial-lithium-ion-battery-solutions","status":"publish","type":"product","link":"https:\/\/www.rhimopower.com\/pt\/produto\/high-voltage-lithium-battery-pack-400v-industrial-lithium-ion-battery-solutions\/","title":{"rendered":"Pacote de bateria de l\u00edtio de alta tens\u00e3o 400 V \u2013 Solu\u00e7\u00f5es industriais de bateria de \u00edons de l\u00edtio"},"content":{"rendered":"<p>O conjunto de baterias de \u00edons de l\u00edtio de alta tens\u00e3o de 400 V oferece desempenho, efici\u00eancia e confiabilidade excepcionais para aplica\u00e7\u00f5es industriais exigentes. Projetado para empresas que precisam de uma bateria com sa\u00edda de alta tens\u00e3o, este avan\u00e7ado sistema de bateria de l\u00edtio de 400 V oferece longa vida \u00fatil, capacidade de carregamento r\u00e1pido e fornecimento de energia est\u00e1vel. Se voc\u00ea precisa de uma solu\u00e7\u00e3o de bateria de \u00edons de l\u00edtio de alta tens\u00e3o para sistemas de armazenamento de energia, ve\u00edculos el\u00e9tricos, rob\u00f3tica ou equipamentos pesados, nossos conjuntos de baterias projetados atendem a rigorosos padr\u00f5es de seguran\u00e7a e desempenho para garantir o m\u00e1ximo tempo de atividade e retorno sobre o investimento.<\/p>\n<p><img loading=\"lazy\" decoding=\"async\" class=\"alignnone size-full wp-image-2396\" src=\"https:\/\/www.rhimopower.com\/wp-content\/uploads\/2025\/08\/high-voltage-lithium-battery-pack-400v-built-in-aerosol.jpg\" alt=\"bateria de alta voltagem constru\u00edda com aerossol\" width=\"750\" height=\"366\" srcset=\"https:\/\/www.rhimopower.com\/wp-content\/uploads\/2025\/08\/high-voltage-lithium-battery-pack-400v-built-in-aerosol.jpg 750w, https:\/\/www.rhimopower.com\/wp-content\/uploads\/2025\/08\/high-voltage-lithium-battery-pack-400v-built-in-aerosol-300x146.jpg 300w, https:\/\/www.rhimopower.com\/wp-content\/uploads\/2025\/08\/high-voltage-lithium-battery-pack-400v-built-in-aerosol-600x293.jpg 600w\" sizes=\"auto, (max-width: 750px) 100vw, 750px\" \/><\/p>\n<p><img loading=\"lazy\" decoding=\"async\" class=\"alignnone size-full wp-image-2397\" src=\"https:\/\/www.rhimopower.com\/wp-content\/uploads\/2025\/08\/high-voltage-lithium-battery-pack-400v-app-wifi-control.jpg\" alt=\"bateria com aplicativo wifi de alta tens\u00e3o controle online\" width=\"750\" height=\"356\" srcset=\"https:\/\/www.rhimopower.com\/wp-content\/uploads\/2025\/08\/high-voltage-lithium-battery-pack-400v-app-wifi-control.jpg 750w, https:\/\/www.rhimopower.com\/wp-content\/uploads\/2025\/08\/high-voltage-lithium-battery-pack-400v-app-wifi-control-300x142.jpg 300w, https:\/\/www.rhimopower.com\/wp-content\/uploads\/2025\/08\/high-voltage-lithium-battery-pack-400v-app-wifi-control-600x285.jpg 600w\" sizes=\"auto, (max-width: 750px) 100vw, 750px\" \/><\/p>\n<p><img loading=\"lazy\" decoding=\"async\" class=\"alignnone size-full wp-image-2398\" src=\"https:\/\/www.rhimopower.com\/wp-content\/uploads\/2025\/08\/high-voltage-lithium-battery-pack-400v-feature.jpg\" alt=\"sistema de bateria de alta tens\u00e3o\" width=\"750\" height=\"316\" srcset=\"https:\/\/www.rhimopower.com\/wp-content\/uploads\/2025\/08\/high-voltage-lithium-battery-pack-400v-feature.jpg 750w, https:\/\/www.rhimopower.com\/wp-content\/uploads\/2025\/08\/high-voltage-lithium-battery-pack-400v-feature-300x126.jpg 300w, https:\/\/www.rhimopower.com\/wp-content\/uploads\/2025\/08\/high-voltage-lithium-battery-pack-400v-feature-600x253.jpg 600w\" sizes=\"auto, (max-width: 750px) 100vw, 750px\" \/><\/p>\n<p>&nbsp;<\/p>\n<p>&nbsp;<\/p>\n<p style=\"text-align: center;\"><strong>Aplica\u00e7\u00e3o de baterias de \u00edons de l\u00edtio de alta tens\u00e3o montadas em rack<\/strong><\/p>\n<p><img loading=\"lazy\" decoding=\"async\" class=\"alignnone size-full wp-image-2395\" src=\"https:\/\/www.rhimopower.com\/wp-content\/uploads\/2025\/08\/high-voltage-lithium-battery-pack-400v-application.jpg\" alt=\"bateria de alta tens\u00e3o\" width=\"748\" height=\"296\" srcset=\"https:\/\/www.rhimopower.com\/wp-content\/uploads\/2025\/08\/high-voltage-lithium-battery-pack-400v-application.jpg 748w, https:\/\/www.rhimopower.com\/wp-content\/uploads\/2025\/08\/high-voltage-lithium-battery-pack-400v-application-300x119.jpg 300w, https:\/\/www.rhimopower.com\/wp-content\/uploads\/2025\/08\/high-voltage-lithium-battery-pack-400v-application-600x237.jpg 600w\" sizes=\"auto, (max-width: 748px) 100vw, 748px\" \/><\/p>\n<p><img loading=\"lazy\" decoding=\"async\" class=\"alignnone size-full wp-image-2394\" src=\"https:\/\/www.rhimopower.com\/wp-content\/uploads\/2025\/08\/high-voltage-lithium-battery-pack-400v-shipment.jpg\" alt=\"remessa de bateria de \u00edon de l\u00edtio de alta tens\u00e3o\" width=\"750\" height=\"864\" srcset=\"https:\/\/www.rhimopower.com\/wp-content\/uploads\/2025\/08\/high-voltage-lithium-battery-pack-400v-shipment.jpg 750w, https:\/\/www.rhimopower.com\/wp-content\/uploads\/2025\/08\/high-voltage-lithium-battery-pack-400v-shipment-260x300.jpg 260w, https:\/\/www.rhimopower.com\/wp-content\/uploads\/2025\/08\/high-voltage-lithium-battery-pack-400v-shipment-600x691.jpg 600w\" sizes=\"auto, (max-width: 750px) 100vw, 750px\" \/><\/p>\n<p>Mais produtos:<\/p>\n<p><a href=\"https:\/\/www.rhimopower.com\/pt\/categoria-produto\/modular-ups\/\">Sistema UPS modular<\/a>, <a href=\"https:\/\/www.rhimopower.com\/pt\/categoria-produto\/ups-battery\/\">Baterias de substitui\u00e7\u00e3o para UPS<\/a><\/p>","protected":false},"excerpt":{"rendered":"<p>A S\u00e9rie de Baterias de L\u00edtio de Alta Tens\u00e3o (200 V\u2013240 V, 384 V, 512 V) \u00e9 uma solu\u00e7\u00e3o completa de energia de reserva de \u00edons de l\u00edtio, projetada para armazenamento confi\u00e1vel de energia. Dispon\u00edvel em capacidades de 10 kW e 15 kW, esta avan\u00e7ada <strong>Bateria de alta tens\u00e3o<\/strong> O sistema oferece alta efici\u00eancia, longa vida \u00fatil e desempenho est\u00e1vel para aplica\u00e7\u00f5es residenciais, comerciais e industriais. Ideal para energia de reserva e integra\u00e7\u00e3o de energia renov\u00e1vel, combina design compacto com recursos de seguran\u00e7a robustos para garantir uma opera\u00e7\u00e3o confi\u00e1vel em ambientes exigentes.<\/p>","protected":false},"featured_media":2389,"template":"","meta":{"_acf_changed":false,"_uag_custom_page_level_css":"","site-sidebar-layout":"default","site-content-layout":"","ast-site-content-layout":"default","site-content-style":"default","site-sidebar-style":"default","ast-global-header-display":"","ast-banner-title-visibility":"","ast-main-header-display":"","ast-hfb-above-header-display":"","ast-hfb-below-header-display":"","ast-hfb-mobile-header-display":"","site-post-title":"","ast-breadcrumbs-content":"","ast-featured-img":"","footer-sml-layout":"","theme-transparent-header-meta":"default","adv-header-id-meta":"","stick-header-meta":"","header-above-stick-meta":"","header-main-stick-meta":"","header-below-stick-meta":"","astra-migrate-meta-layouts":"set","ast-page-background-enabled":"default","ast-page-background-meta":{"desktop":{"background-color":"var(--ast-global-color-4)","background-image":"","background-repeat":"repeat","background-position":"center center","background-size":"auto","background-attachment":"scroll","background-type":"","background-media":"","overlay-type":"","overlay-color":"","overlay-opacity":"","overlay-gradient":""},"tablet":{"background-color":"","background-image":"","background-repeat":"repeat","background-position":"center center","background-size":"auto","background-attachment":"scroll","background-type":"","background-media":"","overlay-type":"","overlay-color":"","overlay-opacity":"","overlay-gradient":""},"mobile":{"background-color":"","background-image":"","background-repeat":"repeat","background-position":"center center","background-size":"auto","background-attachment":"scroll","background-type":"","background-media":"","overlay-type":"","overlay-color":"","overlay-opacity":"","overlay-gradient":""}},"ast-content-background-meta":{"desktop":{"background-color":"var(--ast-global-color-5)","background-image":"","background-repeat":"repeat","background-position":"center center","background-size":"auto","background-attachment":"scroll","background-type":"","background-media":"","overlay-type":"","overlay-color":"","overlay-opacity":"","overlay-gradient":""},"tablet":{"background-color":"var(--ast-global-color-5)","background-image":"","background-repeat":"repeat","background-position":"center center","background-size":"auto","background-attachment":"scroll","background-type":"","background-media":"","overlay-type":"","overlay-color":"","overlay-opacity":"","overlay-gradient":""},"mobile":{"background-color":"var(--ast-global-color-5)","background-image":"","background-repeat":"repeat","background-position":"center center","background-size":"auto","background-attachment":"scroll","background-type":"","background-media":"","overlay-type":"","overlay-color":"","overlay-opacity":"","overlay-gradient":""}}},"product_brand":[],"product_cat":[37],"product_tag":[],"class_list":{"0":"post-2387","1":"product","2":"type-product","3":"status-publish","4":"has-post-thumbnail","6":"product_cat-off-grid-battery-bank","7":"desktop-align-left","8":"tablet-align-left","9":"mobile-align-left","11":"first","12":"instock","13":"shipping-taxable","14":"product-type-simple"},"acf":{"product_specifications":""},"yoast_head":"<!-- This site is optimized with the Yoast SEO plugin v27.3 - https:\/\/yoast.com\/product\/yoast-seo-wordpress\/ -->\n<title>High Voltage Lithium Battery Pack 400V \u2013 Industrial Lithium-Ion Battery Solutions<\/title>\n<meta name=\"description\" content=\"Reliable 400V high voltage lithium-ion battery packs for industrial applications. Long cycle life, high efficiency, and custom B2B energy solutions.\" \/>\n<meta name=\"robots\" content=\"index, follow, max-snippet:-1, max-image-preview:large, max-video-preview:-1\" \/>\n<link rel=\"canonical\" href=\"https:\/\/www.rhimopower.com\/pt\/produto\/high-voltage-lithium-battery-pack-400v-industrial-lithium-ion-battery-solutions\/\" \/>\n<meta property=\"og:locale\" content=\"pt_PT\" \/>\n<meta property=\"og:type\" content=\"article\" \/>\n<meta property=\"og:title\" content=\"High Voltage Lithium Battery Pack 400V \u2013 Industrial Lithium-Ion Battery Solutions\" \/>\n<meta property=\"og:description\" content=\"Reliable 400V high voltage lithium-ion battery packs for industrial applications. Long cycle life, high efficiency, and custom B2B energy solutions.\" \/>\n<meta property=\"og:url\" content=\"https:\/\/www.rhimopower.com\/pt\/produto\/high-voltage-lithium-battery-pack-400v-industrial-lithium-ion-battery-solutions\/\" \/>\n<meta property=\"og:site_name\" content=\"RhimoPower\" \/>\n<meta property=\"article:modified_time\" content=\"2025-08-15T06:47:02+00:00\" \/>\n<meta property=\"og:image\" content=\"https:\/\/www.rhimopower.com\/wp-content\/uploads\/2025\/08\/high-voltage-lithium-battery-pack-400v-1.jpg\" \/>\n\t<meta property=\"og:image:width\" content=\"1000\" \/>\n\t<meta property=\"og:image:height\" content=\"1000\" \/>\n\t<meta property=\"og:image:type\" content=\"image\/jpeg\" \/>\n<meta name=\"twitter:card\" content=\"summary_large_image\" \/>\n<meta name=\"twitter:label1\" content=\"Tempo estimado de leitura\" \/>\n\t<meta name=\"twitter:data1\" content=\"2 minutos\" \/>\n<script type=\"application\/ld+json\" class=\"yoast-schema-graph\">{\"@context\":\"https:\\\/\\\/schema.org\",\"@graph\":[{\"@type\":\"WebPage\",\"@id\":\"https:\\\/\\\/www.rhimopower.com\\\/product\\\/high-voltage-lithium-battery-pack-400v-industrial-lithium-ion-battery-solutions\\\/\",\"url\":\"https:\\\/\\\/www.rhimopower.com\\\/product\\\/high-voltage-lithium-battery-pack-400v-industrial-lithium-ion-battery-solutions\\\/\",\"name\":\"High Voltage Lithium Battery Pack 400V \u2013 Industrial Lithium-Ion Battery Solutions\",\"isPartOf\":{\"@id\":\"https:\\\/\\\/www.rhimopower.com\\\/#website\"},\"primaryImageOfPage\":{\"@id\":\"https:\\\/\\\/www.rhimopower.com\\\/product\\\/high-voltage-lithium-battery-pack-400v-industrial-lithium-ion-battery-solutions\\\/#primaryimage\"},\"image\":{\"@id\":\"https:\\\/\\\/www.rhimopower.com\\\/product\\\/high-voltage-lithium-battery-pack-400v-industrial-lithium-ion-battery-solutions\\\/#primaryimage\"},\"thumbnailUrl\":\"https:\\\/\\\/www.rhimopower.com\\\/wp-content\\\/uploads\\\/2025\\\/08\\\/high-voltage-lithium-battery-pack-400v-1.jpg\",\"datePublished\":\"2025-08-15T06:45:22+00:00\",\"dateModified\":\"2025-08-15T06:47:02+00:00\",\"description\":\"Reliable 400V high voltage lithium-ion battery packs for industrial applications. Long cycle life, high efficiency, and custom B2B energy solutions.\",\"breadcrumb\":{\"@id\":\"https:\\\/\\\/www.rhimopower.com\\\/product\\\/high-voltage-lithium-battery-pack-400v-industrial-lithium-ion-battery-solutions\\\/#breadcrumb\"},\"inLanguage\":\"pt-PT\",\"potentialAction\":[{\"@type\":\"ReadAction\",\"target\":[\"https:\\\/\\\/www.rhimopower.com\\\/product\\\/high-voltage-lithium-battery-pack-400v-industrial-lithium-ion-battery-solutions\\\/\"]}]},{\"@type\":\"ImageObject\",\"inLanguage\":\"pt-PT\",\"@id\":\"https:\\\/\\\/www.rhimopower.com\\\/product\\\/high-voltage-lithium-battery-pack-400v-industrial-lithium-ion-battery-solutions\\\/#primaryimage\",\"url\":\"https:\\\/\\\/www.rhimopower.com\\\/wp-content\\\/uploads\\\/2025\\\/08\\\/high-voltage-lithium-battery-pack-400v-1.jpg\",\"contentUrl\":\"https:\\\/\\\/www.rhimopower.com\\\/wp-content\\\/uploads\\\/2025\\\/08\\\/high-voltage-lithium-battery-pack-400v-1.jpg\",\"width\":1000,\"height\":1000,\"caption\":\"high voltage battery pack 400v lithium battery\"},{\"@type\":\"BreadcrumbList\",\"@id\":\"https:\\\/\\\/www.rhimopower.com\\\/product\\\/high-voltage-lithium-battery-pack-400v-industrial-lithium-ion-battery-solutions\\\/#breadcrumb\",\"itemListElement\":[{\"@type\":\"ListItem\",\"position\":1,\"name\":\"Home\",\"item\":\"https:\\\/\\\/www.rhimopower.com\\\/\"},{\"@type\":\"ListItem\",\"position\":2,\"name\":\"Products\",\"item\":\"https:\\\/\\\/www.rhimopower.com\\\/products\\\/\"},{\"@type\":\"ListItem\",\"position\":3,\"name\":\"High Voltage Lithium Battery Pack 400V \u2013 Industrial Lithium-Ion Battery Solutions\"}]},{\"@type\":\"WebSite\",\"@id\":\"https:\\\/\\\/www.rhimopower.com\\\/#website\",\"url\":\"https:\\\/\\\/www.rhimopower.com\\\/\",\"name\":\"RhimoPower\",\"description\":\"\",\"publisher\":{\"@id\":\"https:\\\/\\\/www.rhimopower.com\\\/#organization\"},\"potentialAction\":[{\"@type\":\"SearchAction\",\"target\":{\"@type\":\"EntryPoint\",\"urlTemplate\":\"https:\\\/\\\/www.rhimopower.com\\\/?s={search_term_string}\"},\"query-input\":{\"@type\":\"PropertyValueSpecification\",\"valueRequired\":true,\"valueName\":\"search_term_string\"}}],\"inLanguage\":\"pt-PT\"},{\"@type\":\"Organization\",\"@id\":\"https:\\\/\\\/www.rhimopower.com\\\/#organization\",\"name\":\"RhimoPower\",\"url\":\"https:\\\/\\\/www.rhimopower.com\\\/\",\"logo\":{\"@type\":\"ImageObject\",\"inLanguage\":\"pt-PT\",\"@id\":\"https:\\\/\\\/www.rhimopower.com\\\/#\\\/schema\\\/logo\\\/image\\\/\",\"url\":\"https:\\\/\\\/www.rhimopower.com\\\/wp-content\\\/uploads\\\/2025\\\/04\\\/cropped-rhimo-logo.png\",\"contentUrl\":\"https:\\\/\\\/www.rhimopower.com\\\/wp-content\\\/uploads\\\/2025\\\/04\\\/cropped-rhimo-logo.png\",\"width\":1998,\"height\":667,\"caption\":\"RhimoPower\"},\"image\":{\"@id\":\"https:\\\/\\\/www.rhimopower.com\\\/#\\\/schema\\\/logo\\\/image\\\/\"}}]}<\/script>\n<!-- \/ Yoast SEO plugin. -->","yoast_head_json":{"title":"Pacote de bateria de l\u00edtio de alta tens\u00e3o 400 V \u2013 Solu\u00e7\u00f5es industriais de bateria de \u00edons de l\u00edtio","description":"Baterias de \u00edons de l\u00edtio de alta tens\u00e3o de 400 V confi\u00e1veis para aplica\u00e7\u00f5es industriais. Longa vida \u00fatil, alta efici\u00eancia e solu\u00e7\u00f5es de energia B2B personalizadas.","robots":{"index":"index","follow":"follow","max-snippet":"max-snippet:-1","max-image-preview":"max-image-preview:large","max-video-preview":"max-video-preview:-1"},"canonical":"https:\/\/www.rhimopower.com\/pt\/produto\/high-voltage-lithium-battery-pack-400v-industrial-lithium-ion-battery-solutions\/","og_locale":"pt_PT","og_type":"article","og_title":"High Voltage Lithium Battery Pack 400V \u2013 Industrial Lithium-Ion Battery Solutions","og_description":"Reliable 400V high voltage lithium-ion battery packs for industrial applications. Long cycle life, high efficiency, and custom B2B energy solutions.","og_url":"https:\/\/www.rhimopower.com\/pt\/produto\/high-voltage-lithium-battery-pack-400v-industrial-lithium-ion-battery-solutions\/","og_site_name":"RhimoPower","article_modified_time":"2025-08-15T06:47:02+00:00","og_image":[{"width":1000,"height":1000,"url":"https:\/\/www.rhimopower.com\/wp-content\/uploads\/2025\/08\/high-voltage-lithium-battery-pack-400v-1.jpg","type":"image\/jpeg"}],"twitter_card":"summary_large_image","twitter_misc":{"Tempo estimado de leitura":"2 minutos"},"schema":{"@context":"https:\/\/schema.org","@graph":[{"@type":"WebPage","@id":"https:\/\/www.rhimopower.com\/product\/high-voltage-lithium-battery-pack-400v-industrial-lithium-ion-battery-solutions\/","url":"https:\/\/www.rhimopower.com\/product\/high-voltage-lithium-battery-pack-400v-industrial-lithium-ion-battery-solutions\/","name":"Pacote de bateria de l\u00edtio de alta tens\u00e3o 400 V \u2013 Solu\u00e7\u00f5es industriais de bateria de \u00edons de l\u00edtio","isPartOf":{"@id":"https:\/\/www.rhimopower.com\/#website"},"primaryImageOfPage":{"@id":"https:\/\/www.rhimopower.com\/product\/high-voltage-lithium-battery-pack-400v-industrial-lithium-ion-battery-solutions\/#primaryimage"},"image":{"@id":"https:\/\/www.rhimopower.com\/product\/high-voltage-lithium-battery-pack-400v-industrial-lithium-ion-battery-solutions\/#primaryimage"},"thumbnailUrl":"https:\/\/www.rhimopower.com\/wp-content\/uploads\/2025\/08\/high-voltage-lithium-battery-pack-400v-1.jpg","datePublished":"2025-08-15T06:45:22+00:00","dateModified":"2025-08-15T06:47:02+00:00","description":"Baterias de \u00edons de l\u00edtio de alta tens\u00e3o de 400 V confi\u00e1veis para aplica\u00e7\u00f5es industriais. Longa vida \u00fatil, alta efici\u00eancia e solu\u00e7\u00f5es de energia B2B personalizadas.","breadcrumb":{"@id":"https:\/\/www.rhimopower.com\/product\/high-voltage-lithium-battery-pack-400v-industrial-lithium-ion-battery-solutions\/#breadcrumb"},"inLanguage":"pt-PT","potentialAction":[{"@type":"ReadAction","target":["https:\/\/www.rhimopower.com\/product\/high-voltage-lithium-battery-pack-400v-industrial-lithium-ion-battery-solutions\/"]}]},{"@type":"ImageObject","inLanguage":"pt-PT","@id":"https:\/\/www.rhimopower.com\/product\/high-voltage-lithium-battery-pack-400v-industrial-lithium-ion-battery-solutions\/#primaryimage","url":"https:\/\/www.rhimopower.com\/wp-content\/uploads\/2025\/08\/high-voltage-lithium-battery-pack-400v-1.jpg","contentUrl":"https:\/\/www.rhimopower.com\/wp-content\/uploads\/2025\/08\/high-voltage-lithium-battery-pack-400v-1.jpg","width":1000,"height":1000,"caption":"high voltage battery pack 400v lithium battery"},{"@type":"BreadcrumbList","@id":"https:\/\/www.rhimopower.com\/product\/high-voltage-lithium-battery-pack-400v-industrial-lithium-ion-battery-solutions\/#breadcrumb","itemListElement":[{"@type":"ListItem","position":1,"name":"Home","item":"https:\/\/www.rhimopower.com\/"},{"@type":"ListItem","position":2,"name":"Products","item":"https:\/\/www.rhimopower.com\/products\/"},{"@type":"ListItem","position":3,"name":"High Voltage Lithium Battery Pack 400V \u2013 Industrial Lithium-Ion Battery Solutions"}]},{"@type":"WebSite","@id":"https:\/\/www.rhimopower.com\/#website","url":"https:\/\/www.rhimopower.com\/","name":"RhimoPower","description":"","publisher":{"@id":"https:\/\/www.rhimopower.com\/#organization"},"potentialAction":[{"@type":"SearchAction","target":{"@type":"EntryPoint","urlTemplate":"https:\/\/www.rhimopower.com\/?s={search_term_string}"},"query-input":{"@type":"PropertyValueSpecification","valueRequired":true,"valueName":"search_term_string"}}],"inLanguage":"pt-PT"},{"@type":"Organization","@id":"https:\/\/www.rhimopower.com\/#organization","name":"RhimoPower","url":"https:\/\/www.rhimopower.com\/","logo":{"@type":"ImageObject","inLanguage":"pt-PT","@id":"https:\/\/www.rhimopower.com\/#\/schema\/logo\/image\/","url":"https:\/\/www.rhimopower.com\/wp-content\/uploads\/2025\/04\/cropped-rhimo-logo.png","contentUrl":"https:\/\/www.rhimopower.com\/wp-content\/uploads\/2025\/04\/cropped-rhimo-logo.png","width":1998,"height":667,"caption":"RhimoPower"},"image":{"@id":"https:\/\/www.rhimopower.com\/#\/schema\/logo\/image\/"}}]}},"uagb_featured_image_src":{"full":["https:\/\/www.rhimopower.com\/wp-content\/uploads\/2025\/08\/high-voltage-lithium-battery-pack-400v-1.jpg",1000,1000,false],"thumbnail":["https:\/\/www.rhimopower.com\/wp-content\/uploads\/2025\/08\/high-voltage-lithium-battery-pack-400v-1-150x150.jpg",150,150,true],"medium":["https:\/\/www.rhimopower.com\/wp-content\/uploads\/2025\/08\/high-voltage-lithium-battery-pack-400v-1-300x300.jpg",300,300,true],"medium_large":["https:\/\/www.rhimopower.com\/wp-content\/uploads\/2025\/08\/high-voltage-lithium-battery-pack-400v-1-768x768.jpg",768,768,true],"large":["https:\/\/www.rhimopower.com\/wp-content\/uploads\/2025\/08\/high-voltage-lithium-battery-pack-400v-1.jpg",1000,1000,false],"1536x1536":["https:\/\/www.rhimopower.com\/wp-content\/uploads\/2025\/08\/high-voltage-lithium-battery-pack-400v-1.jpg",1000,1000,false],"2048x2048":["https:\/\/www.rhimopower.com\/wp-content\/uploads\/2025\/08\/high-voltage-lithium-battery-pack-400v-1.jpg",1000,1000,false],"trp-custom-language-flag":["https:\/\/www.rhimopower.com\/wp-content\/uploads\/2025\/08\/high-voltage-lithium-battery-pack-400v-1.jpg",12,12,false],"woocommerce_thumbnail":["https:\/\/www.rhimopower.com\/wp-content\/uploads\/2025\/08\/high-voltage-lithium-battery-pack-400v-1-300x300.jpg",300,300,true],"woocommerce_single":["https:\/\/www.rhimopower.com\/wp-content\/uploads\/2025\/08\/high-voltage-lithium-battery-pack-400v-1-600x600.jpg",600,600,true],"woocommerce_gallery_thumbnail":["https:\/\/www.rhimopower.com\/wp-content\/uploads\/2025\/08\/high-voltage-lithium-battery-pack-400v-1-100x100.jpg",100,100,true]},"uagb_author_info":{"display_name":"Rebecca Lee","author_link":"https:\/\/www.rhimopower.com\/pt\/author\/"},"uagb_comment_info":0,"uagb_excerpt":"The High Voltage Lithium Battery Series (200V\u2013240V, 384V, 512V) is an all-in-one lithium-ion backup power solution designed for reliable energy storage. Available in 10kW and 15kW capacities, this advanced HV battery system delivers high efficiency, long cycle life, and stable performance for residential, commercial, and industrial applications. Ideal for backup power and renewable energy integration,&hellip;","_links":{"self":[{"href":"https:\/\/www.rhimopower.com\/pt\/wp-json\/wp\/v2\/product\/2387","targetHints":{"allow":["GET"]}}],"collection":[{"href":"https:\/\/www.rhimopower.com\/pt\/wp-json\/wp\/v2\/product"}],"about":[{"href":"https:\/\/www.rhimopower.com\/pt\/wp-json\/wp\/v2\/types\/product"}],"wp:featuredmedia":[{"embeddable":true,"href":"https:\/\/www.rhimopower.com\/pt\/wp-json\/wp\/v2\/media\/2389"}],"wp:attachment":[{"href":"https:\/\/www.rhimopower.com\/pt\/wp-json\/wp\/v2\/media?parent=2387"}],"wp:term":[{"taxonomy":"product_brand","embeddable":true,"href":"https:\/\/www.rhimopower.com\/pt\/wp-json\/wp\/v2\/product_brand?post=2387"},{"taxonomy":"product_cat","embeddable":true,"href":"https:\/\/www.rhimopower.com\/pt\/wp-json\/wp\/v2\/product_cat?post=2387"},{"taxonomy":"product_tag","embeddable":true,"href":"https:\/\/www.rhimopower.com\/pt\/wp-json\/wp\/v2\/product_tag?post=2387"}],"curies":[{"name":"wp","href":"https:\/\/api.w.org\/{rel}","templated":true}]}}